{"id":15009,"date":"2024-09-07T23:22:51","date_gmt":"2024-09-07T15:22:51","guid":{"rendered":"https:\/\/www.luleey.com\/?post_type=product&#038;p=15009"},"modified":"2025-06-14T13:57:30","modified_gmt":"2025-06-14T05:57:30","slug":"mpo-fiber-cable-8-core-female-to-female-om4-mm","status":"publish","type":"product","link":"https:\/\/www.luleey.com\/pt\/produto\/mpo-fiber-cable-8-core-female-to-female-om4-mm\/","title":{"rendered":"Cabo de fibra MPO, 8 n\u00facleos, f\u00eamea para f\u00eamea, OM4 MM"},"content":{"rendered":"<h4 data-spm-anchor-id=\"a2g0o.detail.1000023.i0.525da32aC35IUk\">Recursos<\/h4>\n<ol>\n<li class=\"a-spacing-mini\"><span class=\"a-list-item\">\u3010Transmiss\u00e3o de alta velocidade\u3011Padr\u00e3o de fibra multimodo OM4: O OM4 mpo suporta taxas de 10 Gbps at\u00e9 e al\u00e9m de 100 Gbps, ideal para aplica\u00e7\u00f5es como 40GBASE-SR4 e 100GBASE-SR4. Ele oferece maior largura de banda (uma largura de banda modal efetiva m\u00ednima de 4700 MHz-km) em rela\u00e7\u00e3o ao OM3, estendendo as dist\u00e2ncias de transmiss\u00e3o e ampliando seu escopo de aplica\u00e7\u00e3o.<\/span><\/li>\n<li class=\"a-spacing-mini\"><span class=\"a-list-item\">\u3010Conectividade de alta densidade\u3011Os cabos MPO (Multi-fiber Push On) apresentam uma interface de conector push-on multifibra, permitindo a conex\u00e3o simult\u00e2nea de v\u00e1rias fibras em um \u00fanico conector, adaptado para cen\u00e1rios de cabeamento de alta densidade predominantes em data centers e infraestruturas de rede substanciais, aumentando a efici\u00eancia e a escalabilidade do espa\u00e7o.<\/span><\/li>\n<li class=\"a-spacing-mini\"><span class=\"a-list-item\">\u3010Acabamento UPC (Ultra Physical Contact)\u3011Com menor reflet\u00e2ncia (normalmente melhor que 50 dB), as extremidades UPC garantem a integridade do sinal e a estabilidade da rede, adequando-se \u00e0 maioria dos cen\u00e1rios de transmiss\u00e3o multimodo.<\/span><\/li>\n<li class=\"a-spacing-mini\"><span class=\"a-list-item\">\u3010Configura\u00e7\u00e3o de 8 fibras\u3011Alinhada com as interfaces de dispositivos de rede de alta velocidade predominantes para aplicativos Ethernet 40G\/100G, a configura\u00e7\u00e3o de 8 fibras permite uma transmiss\u00e3o eficiente em requisitos de alta largura de banda.<\/span><\/li>\n<li class=\"a-spacing-mini\"><span class=\"a-list-item\">\u3010Conveni\u00eancia plug-and-play\u3011 A natureza plug-and-play da interface MPO simplifica a instala\u00e7\u00e3o, reduz o tempo de implementa\u00e7\u00e3o e facilita a manuten\u00e7\u00e3o e os upgrades, aumentando assim a flexibilidade do data center e das infraestruturas de rede.<\/span><\/li>\n<\/ol>\n<div class=\"a-column a-span6\">\n<h3>Especifica\u00e7\u00e3o<\/h3>\n<table style=\"width: 100%; height: 637px;\" width=\"598\">\n<tbody>\n<tr style=\"height: 53px;\">\n<td style=\"height: 53px;\" width=\"211\">Nome da marca<\/td>\n<td style=\"height: 53px;\" width=\"387\">LuLeey<\/td>\n<\/tr>\n<tr style=\"height: 53px;\">\n<td style=\"height: 53px;\" width=\"211\">Origem<\/td>\n<td style=\"height: 53px;\" width=\"387\">China continental<\/td>\n<\/tr>\n<tr style=\"height: 53px;\">\n<td style=\"height: 53px;\">Nome do produto<\/td>\n<td style=\"height: 53px;\" width=\"387\">Cabo de fibra MPO, 8 n\u00facleos, f\u00eamea para f\u00eamea, OM4 MM<\/td>\n<\/tr>\n<tr style=\"height: 53px;\">\n<td style=\"height: 53px;\">tipo de conector MPO<\/td>\n<td style=\"height: 53px;\">\u00a0MPO Feminino<\/td>\n<\/tr>\n<tr style=\"height: 53px;\">\n<td style=\"height: 53px;\">Tipo de fibra<\/td>\n<td style=\"height: 53px;\"><span class=\"a-list-item\">Multi<\/span> Modo<\/td>\n<\/tr>\n<tr style=\"height: 53px;\">\n<td style=\"height: 53px;\">Perda de inser\u00e7\u00e3o MPO<\/td>\n<td style=\"height: 53px;\">\u00a0\u2264 0,35dB<\/td>\n<\/tr>\n<tr style=\"height: 53px;\">\n<td style=\"height: 53px;\">Perda de retorno<\/td>\n<td style=\"height: 53px;\">\u2265 30dB<\/td>\n<\/tr>\n<tr style=\"height: 53px;\">\n<td style=\"height: 53px;\">Comprimento de onda de trabalho<\/td>\n<td style=\"height: 53px;\">850nm\/1300nm<\/td>\n<\/tr>\n<tr style=\"height: 53px;\">\n<td style=\"height: 53px;\">Pequeno raio de curvatura do cabo \u00f3ptico (est\u00e1tico) mm<\/td>\n<td style=\"height: 53px;\">10 vezes o di\u00e2metro externo do cabo \u00f3ptico<\/td>\n<\/tr>\n<tr style=\"height: 53px;\">\n<td style=\"height: 54px;\">Pequeno raio de curvatura do cabo \u00f3ptico (din\u00e2mico) mm<\/td>\n<td style=\"height: 54px;\">20 vezes o di\u00e2metro externo do cabo \u00f3ptico<\/td>\n<\/tr>\n<tr style=\"height: 53px;\">\n<td style=\"height: 53px;\">Resist\u00eancia \u00e0 tra\u00e7\u00e3o<\/td>\n<td style=\"height: 53px;\">\u00a0\u2265500N<\/td>\n<\/tr>\n<tr style=\"height: 53px;\">\n<td style=\"height: 53px;\">Temperatura de armazenamento<\/td>\n<td style=\"height: 53px;\">\u00a0-40~+85\u00b0C<\/td>\n<\/tr>\n<\/tbody>\n<\/table>\n<\/div>","protected":false},"excerpt":{"rendered":"<p>Tipo de conector Mpo para Mpo<br \/>\nTipo de cabo Fibra \u00f3ptica<br \/>\nDispositivos compat\u00edveis Equipamento de rede de fibra \u00f3ptica<br \/>\nRecurso especial Fibra OM4\\8\\40G ou 100G\\Tipo B<\/p>","protected":false},"featured_media":15010,"comment_status":"open","ping_status":"closed","template":"","meta":[],"product_brand":[],"product_cat":[475],"product_tag":[486,487],"class_list":{"0":"post-15009","1":"product","2":"type-product","3":"status-publish","4":"has-post-thumbnail","6":"product_cat-mtp-mpo-fiber-cables","7":"product_tag-mpo-fiber-cable","8":"product_tag-om4","10":"first","11":"instock","12":"shipping-taxable","13":"purchasable","14":"product-type-variable"},"_links":{"self":[{"href":"https:\/\/www.luleey.com\/pt\/wp-json\/wp\/v2\/product\/15009","targetHints":{"allow":["GET"]}}],"collection":[{"href":"https:\/\/www.luleey.com\/pt\/wp-json\/wp\/v2\/product"}],"about":[{"href":"https:\/\/www.luleey.com\/pt\/wp-json\/wp\/v2\/types\/product"}],"replies":[{"embeddable":true,"href":"https:\/\/www.luleey.com\/pt\/wp-json\/wp\/v2\/comments?post=15009"}],"wp:featuredmedia":[{"embeddable":true,"href":"https:\/\/www.luleey.com\/pt\/wp-json\/wp\/v2\/media\/15010"}],"wp:attachment":[{"href":"https:\/\/www.luleey.com\/pt\/wp-json\/wp\/v2\/media?parent=15009"}],"wp:term":[{"taxonomy":"product_brand","embeddable":true,"href":"https:\/\/www.luleey.com\/pt\/wp-json\/wp\/v2\/product_brand?post=15009"},{"taxonomy":"product_cat","embeddable":true,"href":"https:\/\/www.luleey.com\/pt\/wp-json\/wp\/v2\/product_cat?post=15009"},{"taxonomy":"product_tag","embeddable":true,"href":"https:\/\/www.luleey.com\/pt\/wp-json\/wp\/v2\/product_tag?post=15009"}],"curies":[{"name":"wp","href":"https:\/\/api.w.org\/{rel}","templated":true}]}}