{"id":15039,"date":"2024-09-08T01:20:38","date_gmt":"2024-09-07T17:20:38","guid":{"rendered":"https:\/\/www.luleey.com\/?post_type=product&#038;p=15039"},"modified":"2025-09-18T16:50:48","modified_gmt":"2025-09-18T08:50:48","slug":"mpo-fiber-cable-12-core-female-to-female-om3-mm","status":"publish","type":"product","link":"https:\/\/www.luleey.com\/pt\/produto\/mpo-fiber-cable-12-core-female-to-female-om3-mm\/","title":{"rendered":"Cabo de fibra MPO\/MTP, 12 n\u00facleos, f\u00eamea para f\u00eamea, OM3 MM"},"content":{"rendered":"<h4 data-spm-anchor-id=\"a2g0o.detail.1000023.i0.525da32aC35IUk\">Recursos<\/h4>\n<ol>\n<li class=\"a-spacing-mini\">Alto desempenho: O cabo de fibra MPO\/MTP apresenta fibra multimodo OM3 de qualidade premium, garantindo transmiss\u00e3o est\u00e1vel e baixa perda de inser\u00e7\u00e3o (\u22640,35 dB) para transfer\u00eancia de dados em alta velocidade em ambientes de curta dist\u00e2ncia e alta densidade. Compat\u00edvel com transceptores QSFP+ e QSFP28, esse cabo oferece flexibilidade e escalabilidade para seu sistema de rede.<\/li>\n<li class=\"a-spacing-mini\">Aplica\u00e7\u00f5es vers\u00e1teis: Nosso cabo de fibra \u00f3ptica MPO-MPO \u00e9 adequado para v\u00e1rios ambientes de rede, incluindo data centers, redes corporativas, infraestrutura de computa\u00e7\u00e3o em nuvem, redes de transporte \u00f3ptico e aplica\u00e7\u00f5es GPON\/EPON. Seja para conectar servidores, switches ou outros dispositivos de rede, a Cables oferece solu\u00e7\u00f5es de alto desempenho.<\/li>\n<li class=\"a-spacing-mini\">Especifica\u00e7\u00f5es do produto: Comprimentos dispon\u00edveis: 1m, 3m, 5m, 10m e 15m. Tipo: Fibra multimodo OM3 de 12 n\u00facleos, polaridade tipo B. Conector: MPO (compat\u00edvel com MTP). Perda de inser\u00e7\u00e3o: \u22640,35dB, perda de retorno: \u226520dB. Comprimento de onda: 850\/1300 nm. Modo de fibra: OM3 50\/125 \u03bcm. Material da capa: LSZH, cor: Aqua.<\/li>\n<li class=\"a-spacing-mini\">Seguran\u00e7a e durabilidade: O revestimento de baixa emiss\u00e3o de fuma\u00e7a e sem halog\u00eanio (LSZH) garante resist\u00eancia ao fogo e aumenta a seguran\u00e7a durante a opera\u00e7\u00e3o. Com um design robusto e padr\u00f5es de fabrica\u00e7\u00e3o rigorosos, nosso cabo de fibra MPO-MPO foi constru\u00eddo para suportar as demandas do uso di\u00e1rio e manter o desempenho ideal.<\/li>\n<li class=\"a-spacing-mini\">Servi\u00e7o e valor excepcionais: A RCables se dedica a fornecer solu\u00e7\u00f5es de conectividade de fibra de alta qualidade. N\u00f3s nos esfor\u00e7amos para oferecer um atendimento excepcional ao cliente durante as etapas de compra, uso e p\u00f3s-venda, garantindo uma experi\u00eancia satisfat\u00f3ria. Caso encontre algum problema, nossa equipe de profissionais est\u00e1 pronta para fornecer suporte e assist\u00eancia. Escolha a Cables para obter uma conex\u00e3o de rede est\u00e1vel e eficiente!<\/li>\n<\/ol>\n<div class=\"a-column a-span6\">\n<h3>Especifica\u00e7\u00e3o<\/h3>\n<table style=\"width: 100%; height: 637px;\" width=\"598\">\n<tbody>\n<tr style=\"height: 53px;\">\n<td style=\"height: 53px;\" width=\"211\">Nome da marca<\/td>\n<td style=\"height: 53px;\" width=\"387\">LuLeey<\/td>\n<\/tr>\n<tr style=\"height: 53px;\">\n<td style=\"height: 53px;\" width=\"211\">Origem<\/td>\n<td style=\"height: 53px;\" width=\"387\">China continental<\/td>\n<\/tr>\n<tr style=\"height: 53px;\">\n<td style=\"height: 53px;\">Nome do produto<\/td>\n<td style=\"height: 53px;\" width=\"387\">Cabo de fibra MPO\/MTP, 12 n\u00facleos, f\u00eamea para f\u00eamea, OM3 MM<\/td>\n<\/tr>\n<tr style=\"height: 53px;\">\n<td style=\"height: 53px;\">tipo de conector MPO<\/td>\n<td style=\"height: 53px;\">MPO\/MTP Feminino<\/td>\n<\/tr>\n<tr style=\"height: 53px;\">\n<td style=\"height: 53px;\">Tipo de fibra<\/td>\n<td style=\"height: 53px;\"><span class=\"a-list-item\">Multi<\/span> Modo<\/td>\n<\/tr>\n<tr style=\"height: 53px;\">\n<td style=\"height: 53px;\">Perda de inser\u00e7\u00e3o MPO<\/td>\n<td style=\"height: 53px;\">\u00a0\u2264 0,35dB<\/td>\n<\/tr>\n<tr style=\"height: 53px;\">\n<td style=\"height: 53px;\">Perda de retorno<\/td>\n<td style=\"height: 53px;\">\u2265 30dB<\/td>\n<\/tr>\n<tr style=\"height: 53px;\">\n<td style=\"height: 53px;\">Comprimento de onda de trabalho<\/td>\n<td style=\"height: 53px;\">850nm\/1300nm<\/td>\n<\/tr>\n<tr style=\"height: 53px;\">\n<td style=\"height: 53px;\">Pequeno raio de curvatura do cabo \u00f3ptico (est\u00e1tico) mm<\/td>\n<td style=\"height: 53px;\">10 vezes o di\u00e2metro externo do cabo \u00f3ptico<\/td>\n<\/tr>\n<tr style=\"height: 53px;\">\n<td style=\"height: 54px;\">Pequeno raio de curvatura do cabo \u00f3ptico (din\u00e2mico) mm<\/td>\n<td style=\"height: 54px;\">20 vezes o di\u00e2metro externo do cabo \u00f3ptico<\/td>\n<\/tr>\n<tr style=\"height: 53px;\">\n<td style=\"height: 53px;\">Resist\u00eancia \u00e0 tra\u00e7\u00e3o<\/td>\n<td style=\"height: 53px;\">\u00a0\u2265500N<\/td>\n<\/tr>\n<tr style=\"height: 53px;\">\n<td style=\"height: 53px;\">Temperatura de armazenamento<\/td>\n<td style=\"height: 53px;\">\u00a0-40~+85\u00b0C<\/td>\n<\/tr>\n<\/tbody>\n<\/table>\n<\/div>","protected":false},"excerpt":{"rendered":"<p>O cabo de fibra MPO\/MTP apresenta fibra multimodo OM3 de qualidade premium, garantindo transmiss\u00e3o est\u00e1vel e baixa perda de inser\u00e7\u00e3o (\u22640,35 dB) para transfer\u00eancia de dados em alta velocidade em ambientes de curta dist\u00e2ncia e alta densidade. Compat\u00edvel com transceptores QSFP+ e QSFP28, esse cabo oferece flexibilidade e escalabilidade para seu sistema de rede.<\/p>","protected":false},"featured_media":15036,"comment_status":"open","ping_status":"closed","template":"","meta":[],"product_brand":[],"product_cat":[475],"product_tag":[486,1105,488],"class_list":{"0":"post-15039","1":"product","2":"type-product","3":"status-publish","4":"has-post-thumbnail","6":"product_cat-mtp-mpo-fiber-cables","7":"product_tag-mpo-fiber-cable","8":"product_tag-mpo-mtp","9":"product_tag-om3","11":"first","12":"instock","13":"featured","14":"shipping-taxable","15":"purchasable","16":"product-type-variable","17":"has-default-attributes"},"_links":{"self":[{"href":"https:\/\/www.luleey.com\/pt\/wp-json\/wp\/v2\/product\/15039","targetHints":{"allow":["GET"]}}],"collection":[{"href":"https:\/\/www.luleey.com\/pt\/wp-json\/wp\/v2\/product"}],"about":[{"href":"https:\/\/www.luleey.com\/pt\/wp-json\/wp\/v2\/types\/product"}],"replies":[{"embeddable":true,"href":"https:\/\/www.luleey.com\/pt\/wp-json\/wp\/v2\/comments?post=15039"}],"wp:featuredmedia":[{"embeddable":true,"href":"https:\/\/www.luleey.com\/pt\/wp-json\/wp\/v2\/media\/15036"}],"wp:attachment":[{"href":"https:\/\/www.luleey.com\/pt\/wp-json\/wp\/v2\/media?parent=15039"}],"wp:term":[{"taxonomy":"product_brand","embeddable":true,"href":"https:\/\/www.luleey.com\/pt\/wp-json\/wp\/v2\/product_brand?post=15039"},{"taxonomy":"product_cat","embeddable":true,"href":"https:\/\/www.luleey.com\/pt\/wp-json\/wp\/v2\/product_cat?post=15039"},{"taxonomy":"product_tag","embeddable":true,"href":"https:\/\/www.luleey.com\/pt\/wp-json\/wp\/v2\/product_tag?post=15039"}],"curies":[{"name":"wp","href":"https:\/\/api.w.org\/{rel}","templated":true}]}}