{"id":15063,"date":"2024-09-08T11:51:02","date_gmt":"2024-09-08T03:51:02","guid":{"rendered":"https:\/\/www.luleey.com\/?post_type=product&#038;p=15063"},"modified":"2025-06-14T13:57:17","modified_gmt":"2025-06-14T05:57:17","slug":"mpo-to-12-x-lc-6-duplex-om3-mm","status":"publish","type":"product","link":"https:\/\/www.luleey.com\/pt\/produto\/mpo-to-12-x-lc-6-duplex-om3-mm\/","title":{"rendered":"MPO para 12 x LC (6 Duplex), OM3 MM"},"content":{"rendered":"<p data-spm-anchor-id=\"a2g0o.detail.1000023.i0.525da32aC35IUk\"><span style=\"font-size: 12pt;\">Os patch cords de fibra \u00f3ptica MPO s\u00e3o usados em sistemas de cabeamento de tronco entre pr\u00e9dios, sistemas de comunica\u00e7\u00e3o por fibra \u00f3ptica, cabeamento de rede local e equipamentos ativos \u00f3pticos. Sistemas de telecomunica\u00e7\u00f5es, interconex\u00e3o de links \u00f3pticos em equipamentos ativos \u00f3pticos de cabeamento de \u00e1rea local, sistemas de comunica\u00e7\u00e3o Cabeamento de fibra \u00f3ptica em esta\u00e7\u00f5es de base de telecomunica\u00e7\u00f5es, salas de parque, salas de pr\u00e9dios comerciais, salas de pr\u00e9dios comerciais, redes de TV a cabo, redes de telecomunica\u00e7\u00f5es, redes locais (ILANs), redes de \u00e1rea ampla (WANs) e sinais \u00f3pticos de fibra at\u00e9 o desktop (FTTX).<\/span><\/p>\n<h4 data-spm-anchor-id=\"a2g0o.detail.1000023.i0.525da32aC35IUk\">Recursos<\/h4>\n<ol>\n<li>O MPO para 12 x LC \u00e9 altamente compat\u00edvel e pode ser usado em todos os tipos de redes locais de fibra \u00f3ptica, sistemas de comunica\u00e7\u00e3o por fibra \u00f3ptica, instrumentos e medidores, rede CATV.<\/li>\n<li>A baixa perda de inser\u00e7\u00e3o garante uma transmiss\u00e3o est\u00e1vel e de alta velocidade.<\/li>\n<li>N\u00facleo de fibra de alta qualidade, transmiss\u00e3o est\u00e1vel, alta velocidade e transmiss\u00e3o est\u00e1vel de at\u00e9 40G \/100G.<\/li>\n<li>LSZH, retardante de chamas com baixa emiss\u00e3o de fuma\u00e7a e sem halog\u00eanio, com forte resist\u00eancia \u00e0 tra\u00e7\u00e3o e durabilidade.<\/li>\n<\/ol>\n<div class=\"a-column a-span6\">\n<h3>Especifica\u00e7\u00e3o<\/h3>\n<table style=\"width: 100%; height: 690px;\">\n<tbody>\n<tr style=\"height: 53px;\">\n<td style=\"height: 53px;\" width=\"211\">Nome da marca<\/td>\n<td style=\"height: 53px;\" width=\"387\">LuLeey<\/td>\n<\/tr>\n<tr style=\"height: 53px;\">\n<td style=\"height: 53px;\" width=\"211\">Origem<\/td>\n<td style=\"height: 53px;\" width=\"387\">China continental<\/td>\n<\/tr>\n<tr style=\"height: 53px;\">\n<td style=\"height: 53px;\">Nome do produto<\/td>\n<td style=\"height: 53px;\" width=\"387\">MPO para 12 x LC (6 Duplex), OM3 MM<\/td>\n<\/tr>\n<tr style=\"height: 53px;\">\n<td style=\"height: 53px;\">Tipo de conector MPO<\/td>\n<td style=\"height: 53px;\">\u00a0MPO Feminino<\/td>\n<\/tr>\n<tr style=\"height: 53px;\">\n<td style=\"height: 53px;\">Taxa de transmiss\u00e3o<\/td>\n<td style=\"height: 53px;\"><span class=\"a-list-item\">40G \/ 100G<\/span><\/td>\n<\/tr>\n<tr style=\"height: 53px;\">\n<td style=\"height: 53px;\">Tipo de fibra<\/td>\n<td style=\"height: 53px;\"><span class=\"a-list-item\">Multi<\/span> Modo<\/td>\n<\/tr>\n<tr style=\"height: 53px;\">\n<td style=\"height: 53px;\">Perda de inser\u00e7\u00e3o MPO<\/td>\n<td style=\"height: 53px;\">\u00a0\u2264 0,3dB<\/td>\n<\/tr>\n<tr style=\"height: 53px;\">\n<td style=\"height: 53px;\">Perda de retorno<\/td>\n<td style=\"height: 53px;\">\u2265 50dB<\/td>\n<\/tr>\n<tr style=\"height: 53px;\">\n<td style=\"height: 53px;\">Comprimento de onda de trabalho<\/td>\n<td style=\"height: 53px;\">850nm\/1300nm<\/td>\n<\/tr>\n<tr style=\"height: 53px;\">\n<td style=\"height: 53px;\">Pequeno raio de curvatura do cabo \u00f3ptico (est\u00e1tico) mm<\/td>\n<td style=\"height: 53px;\">10 vezes o di\u00e2metro externo do cabo \u00f3ptico<\/td>\n<\/tr>\n<tr style=\"height: 53px;\">\n<td style=\"height: 54px;\">Pequeno raio de curvatura do cabo \u00f3ptico (din\u00e2mico) mm<\/td>\n<td style=\"height: 54px;\">20 vezes o di\u00e2metro externo do cabo \u00f3ptico<\/td>\n<\/tr>\n<tr style=\"height: 53px;\">\n<td style=\"height: 53px;\">Resist\u00eancia \u00e0 tra\u00e7\u00e3o<\/td>\n<td style=\"height: 53px;\">\u00a0\u2265120N<\/td>\n<\/tr>\n<tr style=\"height: 53px;\">\n<td style=\"height: 53px;\">Temperatura de armazenamento<\/td>\n<td style=\"height: 53px;\">\u00a0-40~+85\u00b0C<\/td>\n<\/tr>\n<\/tbody>\n<\/table>\n<\/div>","protected":false},"excerpt":{"rendered":"<ul>\n<li class=\"a-spacing-mini\"><span class=\"a-list-item\">Cabo MPO para 12 x LC<\/span><\/li>\n<li class=\"a-spacing-mini\"><span class=\"a-list-item\">Fibra MMF (50\/125um), OM3, LSZH com 12 n\u00facleos, (conector MPO f\u00eamea sem PIN).<\/span><\/li>\n<li class=\"a-spacing-mini\"><span class=\"a-list-item\">Para QSFP+Tansceiver, fibra multimodo OM3 de 50\/125um,<\/span><\/li>\n<li class=\"a-spacing-mini\"><span class=\"a-list-item\">Perda de inser\u00e7\u00e3o: MPO &lt;0,7 dB; LC 35dB; LC&gt;30dB<\/span><\/li>\n<li class=\"a-spacing-mini\"><span class=\"a-list-item\">Cada cabo 100% foi testado quanto \u00e0 baixa perda de inser\u00e7\u00e3o e reflex\u00e3o traseira<\/span><\/li>\n<\/ul>","protected":false},"featured_media":15070,"comment_status":"open","ping_status":"closed","template":"","meta":[],"product_brand":[],"product_cat":[475],"product_tag":[490,263,264,478],"class_list":{"0":"post-15063","1":"product","2":"type-product","3":"status-publish","4":"has-post-thumbnail","6":"product_cat-mtp-mpo-fiber-cables","7":"product_tag-12-lc","8":"product_tag-mm","9":"product_tag-mpo","10":"product_tag-mpo-to-lc","12":"first","13":"instock","14":"shipping-taxable","15":"purchasable","16":"product-type-variable"},"_links":{"self":[{"href":"https:\/\/www.luleey.com\/pt\/wp-json\/wp\/v2\/product\/15063","targetHints":{"allow":["GET"]}}],"collection":[{"href":"https:\/\/www.luleey.com\/pt\/wp-json\/wp\/v2\/product"}],"about":[{"href":"https:\/\/www.luleey.com\/pt\/wp-json\/wp\/v2\/types\/product"}],"replies":[{"embeddable":true,"href":"https:\/\/www.luleey.com\/pt\/wp-json\/wp\/v2\/comments?post=15063"}],"wp:featuredmedia":[{"embeddable":true,"href":"https:\/\/www.luleey.com\/pt\/wp-json\/wp\/v2\/media\/15070"}],"wp:attachment":[{"href":"https:\/\/www.luleey.com\/pt\/wp-json\/wp\/v2\/media?parent=15063"}],"wp:term":[{"taxonomy":"product_brand","embeddable":true,"href":"https:\/\/www.luleey.com\/pt\/wp-json\/wp\/v2\/product_brand?post=15063"},{"taxonomy":"product_cat","embeddable":true,"href":"https:\/\/www.luleey.com\/pt\/wp-json\/wp\/v2\/product_cat?post=15063"},{"taxonomy":"product_tag","embeddable":true,"href":"https:\/\/www.luleey.com\/pt\/wp-json\/wp\/v2\/product_tag?post=15063"}],"curies":[{"name":"wp","href":"https:\/\/api.w.org\/{rel}","templated":true}]}}