{"id":15104,"date":"2024-09-08T15:19:29","date_gmt":"2024-09-08T07:19:29","guid":{"rendered":"https:\/\/www.luleey.com\/?post_type=product&#038;p=15104"},"modified":"2025-09-18T16:51:38","modified_gmt":"2025-09-18T08:51:38","slug":"mpo-to-8-x-st-om4-mm","status":"publish","type":"product","link":"https:\/\/www.luleey.com\/pt\/produto\/mpo-to-8-x-st-om4-mm\/","title":{"rendered":"MPO\/MTP para 8 x ST , OM4 MM"},"content":{"rendered":"<p data-spm-anchor-id=\"a2g0o.detail.1000023.i0.525da32aC35IUk\"><span style=\"font-size: 12pt;\">Os patch cords de fibra \u00f3ptica MPO\/MTP s\u00e3o usados em sistemas de cabeamento de tronco entre pr\u00e9dios, sistemas de comunica\u00e7\u00e3o por fibra \u00f3ptica, cabeamento de rede local e equipamentos ativos \u00f3pticos. Sistemas de telecomunica\u00e7\u00f5es, interconex\u00e3o de links \u00f3pticos em equipamentos ativos \u00f3pticos de cabeamento de \u00e1rea local, sistemas de comunica\u00e7\u00e3o Cabeamento de fibra \u00f3ptica em esta\u00e7\u00f5es de base de telecomunica\u00e7\u00f5es, salas de parque, salas de pr\u00e9dios comerciais, salas de pr\u00e9dios comerciais, redes de TV a cabo, redes de telecomunica\u00e7\u00f5es, redes locais (ILANs), redes de \u00e1rea ampla (WANs) e sinais \u00f3pticos de fibra at\u00e9 o desktop (FTTX).<\/span><\/p>\n<h4 data-spm-anchor-id=\"a2g0o.detail.1000023.i0.525da32aC35IUk\">Recursos<\/h4>\n<ol>\n<li>O n\u00facleo MPO\/MTP para FC UPC 12 \u00e9 altamente compat\u00edvel e pode ser usado em todos os tipos de redes locais de fibra \u00f3ptica, sistemas de comunica\u00e7\u00e3o por fibra \u00f3ptica, instrumentos e medidores, rede CATV.<\/li>\n<li>A baixa perda de inser\u00e7\u00e3o garante uma transmiss\u00e3o est\u00e1vel e de alta velocidade.<\/li>\n<li>N\u00facleo de fibra de alta qualidade, transmiss\u00e3o est\u00e1vel, alta velocidade e transmiss\u00e3o est\u00e1vel de at\u00e9 40G \/ 100G.<\/li>\n<li>LSZH, retardante de chamas com baixa emiss\u00e3o de fuma\u00e7a e sem halog\u00eanio, com forte resist\u00eancia \u00e0 tra\u00e7\u00e3o e durabilidade.<\/li>\n<\/ol>\n<div class=\"a-column a-span6\">\n<h3>Especifica\u00e7\u00e3o<\/h3>\n<table style=\"width: 100%; height: 848px;\" width=\"598\">\n<tbody>\n<tr style=\"height: 53px;\">\n<td style=\"height: 53px; width: 35.2364%;\" width=\"211\">Nome da marca<\/td>\n<td style=\"height: 53px; width: 64.6744%;\" width=\"387\">LuLeey<\/td>\n<\/tr>\n<tr style=\"height: 53px;\">\n<td style=\"height: 53px; width: 35.2364%;\" width=\"211\">Origem<\/td>\n<td style=\"height: 53px; width: 64.6744%;\" width=\"387\">China continental<\/td>\n<\/tr>\n<tr style=\"height: 53px;\">\n<td style=\"height: 53px; width: 35.2364%;\">Nome do produto<\/td>\n<td style=\"height: 53px; width: 64.6744%;\" width=\"387\">MPO\/MTP para 8 x ST , OM4 MM<\/td>\n<\/tr>\n<tr style=\"height: 53px;\">\n<td style=\"height: 53px; width: 35.2364%;\">tipo de conector MPO<\/td>\n<td style=\"height: 53px; width: 64.6744%;\">\u00a0MPO ou MTP<\/td>\n<\/tr>\n<tr style=\"height: 53px;\">\n<td style=\"height: 53px; width: 35.2364%;\">Conector<\/td>\n<td style=\"height: 53px; width: 64.6744%;\">\u00a0FC, LC, SC, ST (opcional)<\/td>\n<\/tr>\n<tr style=\"height: 53px;\">\n<td style=\"height: 53px; width: 35.2364%;\">Tipo de fibra<\/td>\n<td style=\"height: 53px; width: 64.6744%;\">Modo m\u00faltiplo<\/td>\n<\/tr>\n<tr style=\"height: 53px;\">\n<td style=\"height: 53px; width: 35.2364%;\">Comprimento de onda de teste<\/td>\n<td style=\"height: 53px; width: 64.6744%;\">850nm 1300nm<\/td>\n<\/tr>\n<tr style=\"height: 53px;\">\n<td style=\"height: 53px; width: 35.2364%;\">Perda de inser\u00e7\u00e3o MPO<\/td>\n<td style=\"height: 53px; width: 64.6744%;\">\u00a0T\u00edpico \u2264 0,20dB, m\u00e1ximo \u2264 0,70dB<\/td>\n<\/tr>\n<tr style=\"height: 53px;\">\n<td style=\"height: 53px; width: 35.2364%;\">Conector<\/td>\n<td style=\"height: 53px; width: 64.6744%;\">\u00a0T\u00edpico \u2264 0,20dB, m\u00e1ximo \u2264 0,30dB<\/td>\n<\/tr>\n<tr style=\"height: 53px;\">\n<td style=\"height: 53px; width: 35.2364%;\">Perda de retorno<\/td>\n<td style=\"height: 53px; width: 64.6744%;\">\u00a0APC \u2265 60dB, UPC \u2265 50dB<\/td>\n<\/tr>\n<tr style=\"height: 53px;\">\n<td style=\"height: 53px; width: 35.2364%;\">Teste os tempos de inser\u00e7\u00e3o e remo\u00e7\u00e3o do MPO<\/td>\n<td style=\"height: 53px; width: 64.6744%;\">\u00a0\u2265500 vezes<\/td>\n<\/tr>\n<tr style=\"height: 53px;\">\n<td style=\"height: 53px; width: 35.2364%;\">Teste os tempos de conex\u00e3o e desconex\u00e3o do conector<\/td>\n<td style=\"height: 53px; width: 64.6744%;\">\u00a0\u22651000 vezes<\/td>\n<\/tr>\n<tr style=\"height: 53px;\">\n<td style=\"height: 53px; width: 35.2364%;\">Resist\u00eancia \u00e0 tra\u00e7\u00e3o<\/td>\n<td style=\"height: 53px; width: 64.6744%;\">\u00a0\u2265120N (excluindo o cabo de fibra \u00f3ptica de 0,9 mm)<\/td>\n<\/tr>\n<tr style=\"height: 53px;\">\n<td style=\"height: 53px; width: 35.2364%;\">Temperatura operacional<\/td>\n<td style=\"height: 53px; width: 64.6744%;\">\u00a0-20~+70\u00b0C<\/td>\n<\/tr>\n<tr style=\"height: 53px;\">\n<td style=\"height: 53px; width: 35.2364%;\">Temperatura de armazenamento<\/td>\n<td style=\"height: 53px; width: 64.6744%;\">\u00a0-35~+75\u00b0C<\/td>\n<\/tr>\n<\/tbody>\n<\/table>\n<\/div>","protected":false},"excerpt":{"rendered":"<ul>\n<li class=\"a-spacing-mini\"><span class=\"a-list-item\">Cabo de fibra de grau A de alta qualidade com raio de curvatura m\u00ednimo de 10 mm. raio de curvatura<\/span><\/li>\n<li class=\"a-spacing-mini\"><span class=\"a-list-item\">Revestimento externo com classifica\u00e7\u00e3o LSZH OFNR, resist\u00eancia ao fogo e baixa emiss\u00e3o de fuma\u00e7a para minimizar os danos<\/span><\/li>\n<li class=\"a-spacing-mini\"><span class=\"a-list-item\">Ideal para conex\u00f5es internas de 40G\/100G<\/span><\/li>\n<li class=\"a-spacing-mini\"><span class=\"a-list-item\">MPO\/MTP Cabeamento de alta densidade para v\u00e1rios ambientes<\/span><\/li>\n<\/ul>","protected":false},"featured_media":15118,"comment_status":"open","ping_status":"closed","template":"","meta":[],"product_brand":[],"product_cat":[475],"product_tag":[494,263,264,495,1105,487],"class_list":{"0":"post-15104","1":"product","2":"type-product","3":"status-publish","4":"has-post-thumbnail","6":"product_cat-mtp-mpo-fiber-cables","7":"product_tag-8-st","8":"product_tag-mm","9":"product_tag-mpo","10":"product_tag-mpo-to-st","11":"product_tag-mpo-mtp","12":"product_tag-om4","14":"first","15":"instock","16":"shipping-taxable","17":"purchasable","18":"product-type-variable","19":"has-default-attributes"},"_links":{"self":[{"href":"https:\/\/www.luleey.com\/pt\/wp-json\/wp\/v2\/product\/15104","targetHints":{"allow":["GET"]}}],"collection":[{"href":"https:\/\/www.luleey.com\/pt\/wp-json\/wp\/v2\/product"}],"about":[{"href":"https:\/\/www.luleey.com\/pt\/wp-json\/wp\/v2\/types\/product"}],"replies":[{"embeddable":true,"href":"https:\/\/www.luleey.com\/pt\/wp-json\/wp\/v2\/comments?post=15104"}],"wp:featuredmedia":[{"embeddable":true,"href":"https:\/\/www.luleey.com\/pt\/wp-json\/wp\/v2\/media\/15118"}],"wp:attachment":[{"href":"https:\/\/www.luleey.com\/pt\/wp-json\/wp\/v2\/media?parent=15104"}],"wp:term":[{"taxonomy":"product_brand","embeddable":true,"href":"https:\/\/www.luleey.com\/pt\/wp-json\/wp\/v2\/product_brand?post=15104"},{"taxonomy":"product_cat","embeddable":true,"href":"https:\/\/www.luleey.com\/pt\/wp-json\/wp\/v2\/product_cat?post=15104"},{"taxonomy":"product_tag","embeddable":true,"href":"https:\/\/www.luleey.com\/pt\/wp-json\/wp\/v2\/product_tag?post=15104"}],"curies":[{"name":"wp","href":"https:\/\/api.w.org\/{rel}","templated":true}]}}