{"id":15137,"date":"2024-09-08T20:26:39","date_gmt":"2024-09-08T12:26:39","guid":{"rendered":"https:\/\/www.luleey.com\/?post_type=product&#038;p=15137"},"modified":"2024-10-23T14:48:38","modified_gmt":"2024-10-23T06:48:38","slug":"mtp-mpo-fiber-optic-loopback-om3-mm","status":"publish","type":"product","link":"https:\/\/www.luleey.com\/pt\/produto\/mtp-mpo-fiber-optic-loopback-om3-mm\/","title":{"rendered":"Loopback de fibra \u00f3ptica MTP\/MPO, OM3 MM"},"content":{"rendered":"<h4 data-spm-anchor-id=\"a2g0o.detail.1000023.i0.525da32aC35IUk\">Recursos<\/h4>\n<ol>\n<li>O Loopback de fibra \u00f3ptica MTP\/MPO \u00e9 altamente compat\u00edvel e pode ser usado em todos os tipos de redes locais de fibra \u00f3ptica, sistemas de comunica\u00e7\u00e3o por fibra \u00f3ptica, instrumentos e medidores, rede CATV.<\/li>\n<li>A baixa perda de inser\u00e7\u00e3o garante uma transmiss\u00e3o est\u00e1vel e de alta velocidade.<\/li>\n<li>N\u00facleo de fibra de alta qualidade, transmiss\u00e3o est\u00e1vel, alta velocidade e transmiss\u00e3o est\u00e1vel de at\u00e9 40G \/100G.<\/li>\n<li>LSZH, retardante de chamas com baixa emiss\u00e3o de fuma\u00e7a e sem halog\u00eanio, com forte resist\u00eancia \u00e0 tra\u00e7\u00e3o e durabilidade.<\/li>\n<\/ol>\n<div class=\"a-column a-span6\">\n<h3>Especifica\u00e7\u00e3o<\/h3>\n<table style=\"width: 100%; height: 690px;\">\n<tbody>\n<tr style=\"height: 53px;\">\n<td style=\"height: 53px;\" width=\"211\">Nome da marca<\/td>\n<td style=\"height: 53px;\" width=\"387\">LuLeey<\/td>\n<\/tr>\n<tr style=\"height: 53px;\">\n<td style=\"height: 53px;\" width=\"211\">Origem<\/td>\n<td style=\"height: 53px;\" width=\"387\">China continental<\/td>\n<\/tr>\n<tr style=\"height: 53px;\">\n<td style=\"height: 53px;\">Nome do produto<\/td>\n<td style=\"height: 53px;\" width=\"387\">Loopback de fibra \u00f3ptica MTP\/MPO, OM3 MM<\/td>\n<\/tr>\n<tr style=\"height: 53px;\">\n<td style=\"height: 53px;\">Tipo de conector MPO<\/td>\n<td style=\"height: 53px;\">\u00a0MPO Feminino<\/td>\n<\/tr>\n<tr style=\"height: 53px;\">\n<td style=\"height: 53px;\">Taxa de transmiss\u00e3o<\/td>\n<td style=\"height: 53px;\"><span class=\"a-list-item\">40G \/ 100G<\/span><\/td>\n<\/tr>\n<tr style=\"height: 53px;\">\n<td style=\"height: 53px;\">Tipo de fibra<\/td>\n<td style=\"height: 53px;\"><span class=\"a-list-item\">Multi<\/span> Modo<\/td>\n<\/tr>\n<tr style=\"height: 53px;\">\n<td style=\"height: 53px;\">Perda de inser\u00e7\u00e3o MPO<\/td>\n<td style=\"height: 53px;\">\u00a0\u2264 0,35dB<\/td>\n<\/tr>\n<tr style=\"height: 53px;\">\n<td style=\"height: 53px;\">Perda de retorno<\/td>\n<td style=\"height: 53px;\">\u2265 50dB<\/td>\n<\/tr>\n<tr style=\"height: 53px;\">\n<td style=\"height: 53px;\">Comprimento de onda de trabalho<\/td>\n<td style=\"height: 53px;\">850nm\/1300nm<\/td>\n<\/tr>\n<tr style=\"height: 53px;\">\n<td style=\"height: 53px;\">Pequeno raio de curvatura do cabo \u00f3ptico (est\u00e1tico) mm<\/td>\n<td style=\"height: 53px;\">10 vezes o di\u00e2metro externo do cabo \u00f3ptico<\/td>\n<\/tr>\n<tr style=\"height: 53px;\">\n<td style=\"height: 54px;\">Pequeno raio de curvatura do cabo \u00f3ptico (din\u00e2mico) mm<\/td>\n<td style=\"height: 54px;\">20 vezes o di\u00e2metro externo do cabo \u00f3ptico<\/td>\n<\/tr>\n<tr style=\"height: 53px;\">\n<td style=\"height: 53px;\">Resist\u00eancia \u00e0 tra\u00e7\u00e3o<\/td>\n<td style=\"height: 53px;\">\u00a0\u2265500N<\/td>\n<\/tr>\n<tr style=\"height: 53px;\">\n<td style=\"height: 53px;\">Temperatura de armazenamento<\/td>\n<td style=\"height: 53px;\">\u00a0-40~+85\u00b0C<\/td>\n<\/tr>\n<\/tbody>\n<\/table>\n<\/div>","protected":false},"excerpt":{"rendered":"<ul class=\"a-unordered-list a-vertical a-spacing-mini\">\n<li class=\"a-spacing-mini\"><span class=\"a-list-item\">Testador de loopback de fibra \u00f3ptica MPO (multimodo 50\/125um OM3 12 fibras) Tipo B, compat\u00edvel com 8\/12\/24 fibras<\/span><\/li>\n<li class=\"a-spacing-mini\"><span class=\"a-list-item\">Esse conector MPO push\/pull \u00e9 o padr\u00e3o encontrado em todos os m\u00f3dulos QSFP e QSFP+. Plug-and-play, n\u00e3o requer configura\u00e7\u00e3o adicional.<\/span><\/li>\n<li class=\"a-spacing-mini\"><span class=\"a-list-item\">Cada conector MPO apresenta um polimento de contato f\u00edsico (PC) para reduzir a perda de inser\u00e7\u00e3o durante o teste<\/span><\/li>\n<li class=\"a-spacing-mini\"><span class=\"a-list-item\">Totalmente compat\u00edvel com as especifica\u00e7\u00f5es MPO Suporta transceptores QSFP<\/span><\/li>\n<li class=\"a-spacing-mini\"><span class=\"a-list-item\">Ideal para v\u00e1rias aplica\u00e7\u00f5es que exigem looping de sinal em um formato MPO, teste rapidamente os transceptores de fibra multimodo QSFP e QSFP+ a taxas de 10 Gb, 40 GB e 100 GB.<\/span><\/li>\n<\/ul>","protected":false},"featured_media":15138,"comment_status":"open","ping_status":"closed","template":"","meta":[],"product_brand":[],"product_cat":[496],"product_tag":[263,500,488],"class_list":{"0":"post-15137","1":"product","2":"type-product","3":"status-publish","4":"has-post-thumbnail","6":"product_cat-fiber-optic-loopback","7":"product_tag-mm","8":"product_tag-mpo-fiber-optic-loopback","9":"product_tag-om3","11":"first","12":"instock","13":"shipping-taxable","14":"purchasable","15":"product-type-variable"},"_links":{"self":[{"href":"https:\/\/www.luleey.com\/pt\/wp-json\/wp\/v2\/product\/15137","targetHints":{"allow":["GET"]}}],"collection":[{"href":"https:\/\/www.luleey.com\/pt\/wp-json\/wp\/v2\/product"}],"about":[{"href":"https:\/\/www.luleey.com\/pt\/wp-json\/wp\/v2\/types\/product"}],"replies":[{"embeddable":true,"href":"https:\/\/www.luleey.com\/pt\/wp-json\/wp\/v2\/comments?post=15137"}],"wp:featuredmedia":[{"embeddable":true,"href":"https:\/\/www.luleey.com\/pt\/wp-json\/wp\/v2\/media\/15138"}],"wp:attachment":[{"href":"https:\/\/www.luleey.com\/pt\/wp-json\/wp\/v2\/media?parent=15137"}],"wp:term":[{"taxonomy":"product_brand","embeddable":true,"href":"https:\/\/www.luleey.com\/pt\/wp-json\/wp\/v2\/product_brand?post=15137"},{"taxonomy":"product_cat","embeddable":true,"href":"https:\/\/www.luleey.com\/pt\/wp-json\/wp\/v2\/product_cat?post=15137"},{"taxonomy":"product_tag","embeddable":true,"href":"https:\/\/www.luleey.com\/pt\/wp-json\/wp\/v2\/product_tag?post=15137"}],"curies":[{"name":"wp","href":"https:\/\/api.w.org\/{rel}","templated":true}]}}