{"id":15164,"date":"2024-09-08T21:54:29","date_gmt":"2024-09-08T13:54:29","guid":{"rendered":"https:\/\/www.luleey.com\/?post_type=product&#038;p=15164"},"modified":"2024-09-09T09:29:04","modified_gmt":"2024-09-09T01:29:04","slug":"fiber-optic-loopback-lc-upc-om4-mm","status":"publish","type":"product","link":"https:\/\/www.luleey.com\/pt\/produto\/fiber-optic-loopback-lc-upc-om4-mm\/","title":{"rendered":"Loopback de fibra \u00f3ptica, LC UPC, OM4 MM"},"content":{"rendered":"<h4 data-spm-anchor-id=\"a2g0o.detail.1000023.i0.525da32aC35IUk\">Recursos<\/h4>\n<ol>\n<li class=\"a-spacing-mini\"><span class=\"a-list-item\">Desempenho de alta qualidade: Adaptador de loopback de fibra \u00f3ptica multimodo 50\/125\u03bcm LC\/UPC. Ele foi projetado para testar transceptores de fibra SFP e SFP+ multimodo a taxas de 1Gb, 10GB e 100GB, utilizando esse loopback de fibra LC compacto.<\/span><\/li>\n<li class=\"a-spacing-mini\"><span class=\"a-list-item\">Diagn\u00f3stico eficiente: Com o Adaptador de Loopback para Conector LC Duplex, o adaptador simplifica o processo de diagn\u00f3stico e gerenciamento de equipamentos de rede, oferecendo uma solu\u00e7\u00e3o direta para manuten\u00e7\u00e3o e solu\u00e7\u00e3o de problemas.<\/span><\/li>\n<li class=\"a-spacing-mini\"><span class=\"a-list-item\">F\u00e1cil de usar: o testador de loopback de fibra \u00f3ptica LC foi projetado para ser simples, permitindo testes r\u00e1pidos e eficientes sem a necessidade de configura\u00e7\u00f5es complexas, o que o torna uma ferramenta essencial para t\u00e9cnicos de rede de todos os n\u00edveis.<\/span><\/li>\n<li class=\"a-spacing-mini\"><span class=\"a-list-item\">Design robusto: Constru\u00eddo para durar, o design robusto do adaptador de fibra LC suporta os rigores do uso regular em ambientes de rede movimentados, garantindo longevidade e qualidade sustentada.<\/span><\/li>\n<li class=\"a-spacing-mini\"><span class=\"a-list-item\">Compatibilidade universal: Perfeitamente compat\u00edvel com ambas as fibras multimodo OM4, o testador de loopback de fibra \u00f3ptica LC garante um desempenho confi\u00e1vel em uma variedade de infraestruturas de rede.<\/span><\/li>\n<\/ol>\n<div class=\"a-column a-span6\">\n<h3>Especifica\u00e7\u00e3o<\/h3>\n<table style=\"width: 100%; height: 584px;\">\n<tbody>\n<tr style=\"height: 53px;\">\n<td style=\"height: 53px;\" width=\"211\">Nome da marca<\/td>\n<td style=\"height: 53px;\" width=\"387\">LuLeey<\/td>\n<\/tr>\n<tr style=\"height: 53px;\">\n<td style=\"height: 53px;\" width=\"211\">Origem<\/td>\n<td style=\"height: 53px;\" width=\"387\">China continental<\/td>\n<\/tr>\n<tr style=\"height: 53px;\">\n<td style=\"height: 53px;\">Nome do produto<\/td>\n<td style=\"height: 53px;\" width=\"387\">Loopback de fibra \u00f3ptica, LC UPC, OM4 MM<\/td>\n<\/tr>\n<tr style=\"height: 53px;\">\n<td style=\"height: 53px;\">Tipo de conex\u00e3o<\/td>\n<td style=\"height: 53px;\">LC\/UPC<\/td>\n<\/tr>\n<tr style=\"height: 53px;\">\n<td style=\"height: 53px;\">Comprimento de onda de teste<\/td>\n<td style=\"height: 53px;\">1300 nm\/850 nm<\/td>\n<\/tr>\n<tr style=\"height: 53px;\">\n<td style=\"height: 53px;\">Perda de inser\u00e7\u00e3o<\/td>\n<td style=\"height: 53px;\">\u2264 0,2dB<\/td>\n<\/tr>\n<tr style=\"height: 53px;\">\n<td style=\"height: 53px;\">Perda de retorno<\/td>\n<td style=\"height: 53px;\">\u226560dB<\/td>\n<\/tr>\n<tr style=\"height: 53px;\">\n<td style=\"height: 53px;\">N\u00facleo<\/td>\n<td style=\"height: 53px;\">Cer\u00e2mica de zirc\u00f4nia<\/td>\n<\/tr>\n<tr style=\"height: 53px;\">\n<td style=\"height: 53px;\">Conecte o desempenho<\/td>\n<td style=\"height: 53px;\">Conecte 1000 vezes<\/td>\n<\/tr>\n<tr style=\"height: 53px;\">\n<td style=\"height: 54px;\">Temperatura de armazenamento<\/td>\n<td style=\"height: 54px;\">\u00a0-55~+85\u00b0C<\/td>\n<\/tr>\n<tr style=\"height: 53px;\">\n<td style=\"height: 53px;\">Temperatura de armazenamento<\/td>\n<td style=\"height: 53px;\">\u00a0-40~+80\u00b0C<\/td>\n<\/tr>\n<\/tbody>\n<\/table>\n<\/div>","protected":false},"excerpt":{"rendered":"<ul class=\"a-unordered-list a-vertical a-spacing-mini\">\n<li class=\"a-spacing-mini\"><span class=\"a-list-item\">O Loopback de fibra \u00f3ptica fornece uma m\u00eddia de caminho de retorno para um sinal, seja ele para fins de teste ou devido \u00e0 restaura\u00e7\u00e3o da rede.<\/span><\/li>\n<li class=\"a-spacing-mini\"><span class=\"a-list-item\">No caso de testes, o sinal de loopback \u00e9 usado para diagnosticar um problema<\/span><\/li>\n<li class=\"a-spacing-mini\"><span class=\"a-list-item\">O envio de um teste de loopback para um equipamento de rede, um de cada vez, \u00e9 uma t\u00e9cnica para isolar um problema.<\/span><\/li>\n<li class=\"a-spacing-mini\"><span class=\"a-list-item\">Baixa perda de inser\u00e7\u00e3o\uff0cAlta perda de retorno<\/span><\/li>\n<li class=\"a-spacing-mini\"><span class=\"a-list-item\">A interface LC\/UPC est\u00e1 dispon\u00edvel OM4<\/span><\/li>\n<\/ul>","protected":false},"featured_media":15166,"comment_status":"open","ping_status":"closed","template":"","meta":[],"product_brand":[],"product_cat":[496],"product_tag":[501,246,263,487],"class_list":{"0":"post-15164","1":"product","2":"type-product","3":"status-publish","4":"has-post-thumbnail","6":"product_cat-fiber-optic-loopback","7":"product_tag-fiber-optic-loopback","8":"product_tag-lc-upc","9":"product_tag-mm","10":"product_tag-om4","12":"first","13":"instock","14":"shipping-taxable","15":"purchasable","16":"product-type-simple"},"_links":{"self":[{"href":"https:\/\/www.luleey.com\/pt\/wp-json\/wp\/v2\/product\/15164","targetHints":{"allow":["GET"]}}],"collection":[{"href":"https:\/\/www.luleey.com\/pt\/wp-json\/wp\/v2\/product"}],"about":[{"href":"https:\/\/www.luleey.com\/pt\/wp-json\/wp\/v2\/types\/product"}],"replies":[{"embeddable":true,"href":"https:\/\/www.luleey.com\/pt\/wp-json\/wp\/v2\/comments?post=15164"}],"wp:featuredmedia":[{"embeddable":true,"href":"https:\/\/www.luleey.com\/pt\/wp-json\/wp\/v2\/media\/15166"}],"wp:attachment":[{"href":"https:\/\/www.luleey.com\/pt\/wp-json\/wp\/v2\/media?parent=15164"}],"wp:term":[{"taxonomy":"product_brand","embeddable":true,"href":"https:\/\/www.luleey.com\/pt\/wp-json\/wp\/v2\/product_brand?post=15164"},{"taxonomy":"product_cat","embeddable":true,"href":"https:\/\/www.luleey.com\/pt\/wp-json\/wp\/v2\/product_cat?post=15164"},{"taxonomy":"product_tag","embeddable":true,"href":"https:\/\/www.luleey.com\/pt\/wp-json\/wp\/v2\/product_tag?post=15164"}],"curies":[{"name":"wp","href":"https:\/\/api.w.org\/{rel}","templated":true}]}}