{"id":15198,"date":"2024-09-09T22:07:19","date_gmt":"2024-09-09T14:07:19","guid":{"rendered":"https:\/\/www.luleey.com\/?post_type=product&#038;p=15198"},"modified":"2024-09-22T17:14:34","modified_gmt":"2024-09-22T09:14:34","slug":"pressure-alcohol-bottle-200ml","status":"publish","type":"product","link":"https:\/\/www.luleey.com\/pt\/produto\/pressure-alcohol-bottle-200ml\/","title":{"rendered":"Frasco de \u00e1lcool sob press\u00e3o, 200 ml"},"content":{"rendered":"<h4 data-spm-anchor-id=\"a2g0o.detail.1000023.i0.525da32aC35IUk\">Recursos<\/h4>\n<ol>\n<li class=\"a-spacing-mini\">Volume de 200 ml\/6,8 on\u00e7as, 4,7*2,3 polegadas, leve e f\u00e1cil de transportar<\/li>\n<li class=\"a-spacing-mini\">Material premium: nossos frascos dispensadores de bomba vazios s\u00e3o feitos de pl\u00e1stico de alta qualidade, leves e dur\u00e1veis. Mola de press\u00e3o embutida, usada muitas vezes sem deforma\u00e7\u00e3o, que pode lhe servir por um longo tempo.<\/li>\n<li class=\"a-spacing-mini\">Pr\u00e1tico e com trava, o cabe\u00e7ote de design com trava evita que seja pressionado por engano. Basta colocar um chuma\u00e7o de algod\u00e3o na parte superior e pressionar o centro do frasco; o l\u00edquido subir\u00e1 \u00e0 superf\u00edcie, encher\u00e1 e encharcar\u00e1 os chuma\u00e7os de algod\u00e3o, evitando derramamento.<\/li>\n<li class=\"a-spacing-mini\">Ampla aplica\u00e7\u00e3o, esses frascos dispensadores de bomba recarreg\u00e1veis podem ser amplamente utilizados para conter \u00e1lcool, limpador, fibra de limpeza, removedor de esmalte, removedor de maquiagem, etc. Perfe<\/li>\n<\/ol>\n<div class=\"a-column a-span6\">\n<h3>Especifica\u00e7\u00e3o<\/h3>\n<table style=\"border-collapse: collapse; width: 100%; height: 281px;\">\n<tbody>\n<tr style=\"height: 69px;\">\n<td style=\"width: 50%; height: 69px;\">Marca<\/td>\n<td style=\"width: 50%; height: 69px;\">LuLeey<\/td>\n<\/tr>\n<tr style=\"height: 53px;\">\n<td style=\"width: 50%; height: 53px;\">Nome do produto<\/td>\n<td style=\"width: 50%; height: 53px;\">Frasco de \u00e1lcool sob press\u00e3o, 200 ml<\/td>\n<\/tr>\n<tr style=\"height: 53px;\">\n<td style=\"width: 50%; height: 53px;\">Material<\/td>\n<td style=\"width: 50%; height: 53px;\">Pl\u00e1stico<\/td>\n<\/tr>\n<tr style=\"height: 53px;\">\n<td style=\"width: 50%; height: 53px;\">Forma<\/td>\n<td style=\"width: 50%; height: 53px;\">Redondo<\/td>\n<\/tr>\n<tr style=\"height: 53px;\">\n<td style=\"width: 50%; height: 53px;\">Volume<\/td>\n<td style=\"width: 50%; height: 53px;\">200 ml<\/td>\n<\/tr>\n<\/tbody>\n<\/table>\n<\/div>","protected":false},"excerpt":{"rendered":"<ul class=\"a-unordered-list a-vertical a-spacing-mini\">\n<li class=\"a-spacing-mini\"><span class=\"a-list-item\">Garrafa de \u00e1lcool de press\u00e3o, limpeza de fibra, volume de 200 ml\/6,8 on\u00e7as, 4,7*2,3 polegadas, leve e f\u00e1cil de transportar<\/span><\/li>\n<li class=\"a-spacing-mini\"><span class=\"a-list-item\">Feito de material pl\u00e1stico especial com boa resist\u00eancia \u00e0 corros\u00e3o, \u00e9 perfeitamente usado para \u00e1lcool, acetona, removedor de esmalte, removedor de maquiagem e detergente l\u00edquido, etc.<\/span><\/li>\n<li class=\"a-spacing-mini\"><span class=\"a-list-item\">O recipiente n\u00e3o desperdi\u00e7a o l\u00edquido porque \u00e9 \u00e0 prova de vazamentos e voc\u00ea pode controlar a quantidade de l\u00edquido desejada pelo n\u00famero de empurr\u00f5es que fizer<\/span><\/li>\n<li class=\"a-spacing-mini\"><span class=\"a-list-item\">A tampa superior tem um recurso de travamento para evitar que um empurr\u00e3o acidental ative o \u00eambolo<\/span><\/li>\n<li class=\"a-spacing-mini\"><span class=\"a-list-item\">Garrafa transparente com mola de alta press\u00e3o, sem vazamento, f\u00e1cil de pressionar e usar, que tamb\u00e9m tem maior tempo de servi\u00e7o<\/span><\/li>\n<\/ul>","protected":false},"featured_media":15199,"comment_status":"open","ping_status":"closed","template":"","meta":[],"product_brand":[],"product_cat":[354],"product_tag":[503,222,504],"class_list":{"0":"post-15198","1":"product","2":"type-product","3":"status-publish","4":"has-post-thumbnail","6":"product_cat-fiber-optic-cleaners","7":"product_tag-200ml","8":"product_tag-fiber-cleaning","9":"product_tag-pressure-alcohol-bottle","11":"first","12":"instock","13":"shipping-taxable","14":"purchasable","15":"product-type-simple"},"_links":{"self":[{"href":"https:\/\/www.luleey.com\/pt\/wp-json\/wp\/v2\/product\/15198","targetHints":{"allow":["GET"]}}],"collection":[{"href":"https:\/\/www.luleey.com\/pt\/wp-json\/wp\/v2\/product"}],"about":[{"href":"https:\/\/www.luleey.com\/pt\/wp-json\/wp\/v2\/types\/product"}],"replies":[{"embeddable":true,"href":"https:\/\/www.luleey.com\/pt\/wp-json\/wp\/v2\/comments?post=15198"}],"wp:featuredmedia":[{"embeddable":true,"href":"https:\/\/www.luleey.com\/pt\/wp-json\/wp\/v2\/media\/15199"}],"wp:attachment":[{"href":"https:\/\/www.luleey.com\/pt\/wp-json\/wp\/v2\/media?parent=15198"}],"wp:term":[{"taxonomy":"product_brand","embeddable":true,"href":"https:\/\/www.luleey.com\/pt\/wp-json\/wp\/v2\/product_brand?post=15198"},{"taxonomy":"product_cat","embeddable":true,"href":"https:\/\/www.luleey.com\/pt\/wp-json\/wp\/v2\/product_cat?post=15198"},{"taxonomy":"product_tag","embeddable":true,"href":"https:\/\/www.luleey.com\/pt\/wp-json\/wp\/v2\/product_tag?post=15198"}],"curies":[{"name":"wp","href":"https:\/\/api.w.org\/{rel}","templated":true}]}}