{"id":15564,"date":"2024-10-13T23:35:41","date_gmt":"2024-10-13T15:35:41","guid":{"rendered":"https:\/\/www.luleey.com\/?post_type=product&#038;p=15564"},"modified":"2025-01-21T10:49:43","modified_gmt":"2025-01-21T02:49:43","slug":"4ge-gigabit-epon-olt","status":"publish","type":"product","link":"https:\/\/www.luleey.com\/pt\/produto\/4ge-gigabit-epon-olt\/","title":{"rendered":"OLT EPON Gigabit 4GE"},"content":{"rendered":"<h3>Recursos<\/h3>\n<ul>\n<li>Tabela de endere\u00e7os MAC de 8K<\/li>\n<li>Suporte a EPON\/XPON ONU<\/li>\n<li>Suporte \u00e0 descoberta e ao registro autom\u00e1ticos da ONU (plug and play)<\/li>\n<li>Suporte a no m\u00e1ximo 256 OUN<\/li>\n<li data-spm-anchor-id=\"a2g0o.detail.1000023.i0.64ddCCNCCCNCkl\">Gerenciamento de rede Gerenciamento de porta serial local baseado em CLI e gerenciamento remoto por GUI<\/li>\n<li>Taxa m\u00e1xima de divis\u00e3o 1\uff1a64<\/li>\n<li>Suporte ao m\u00f3dulo PX20+, PX20++, PX20+++<\/li>\n<\/ul>\n<h3>Especifica\u00e7\u00e3o<\/h3>\n<table style=\"border-collapse: collapse; width: 100%; height: 530px;\">\n<tbody>\n<tr style=\"height: 53px;\">\n<td style=\"width: 50%; height: 53px;\">Marca<\/td>\n<td style=\"width: 50%; height: 53px;\">LuLeey<\/td>\n<\/tr>\n<tr style=\"height: 53px;\">\n<td style=\"width: 50%; height: 53px;\">Nome do produto<\/td>\n<td style=\"width: 50%; height: 53px;\">OLT EPON Gigabit 4GE<\/td>\n<\/tr>\n<tr style=\"height: 53px;\">\n<td style=\"width: 50%; height: 53px;\">Capacidade do usu\u00e1rio<\/td>\n<td style=\"width: 50%; height: 53px;\">4 PON, 256 ONU<\/td>\n<\/tr>\n<tr style=\"height: 53px;\">\n<td style=\"width: 50%; height: 53px;\">Uplink<\/td>\n<td style=\"width: 50%; height: 53px;\">4GE<\/td>\n<\/tr>\n<tr style=\"height: 53px;\">\n<td style=\"width: 50%; height: 53px;\">Comprimento de onda de trabalho<\/td>\n<td style=\"width: 50%; height: 53px;\">1310RX\/1490TX<\/td>\n<\/tr>\n<tr style=\"height: 53px;\">\n<td style=\"width: 50%; height: 53px;\">Sensibilidade de recep\u00e7\u00e3o<\/td>\n<td style=\"width: 50%; height: 53px;\">-27dBm<\/td>\n<\/tr>\n<tr style=\"height: 53px;\">\n<td style=\"width: 50%; height: 53px;\">Dist\u00e2ncia m\u00e1xima de transmiss\u00e3o<\/td>\n<td style=\"width: 50%; height: 53px;\">20 km<\/td>\n<\/tr>\n<tr style=\"height: 53px;\">\n<td style=\"width: 50%; height: 53px;\">Tamanho<\/td>\n<td style=\"width: 50%; height: 53px;\">27,6x16x4,4cm<\/td>\n<\/tr>\n<tr style=\"height: 53px;\">\n<td style=\"width: 50%; height: 53px;\">Fonte de alimenta\u00e7\u00e3o integrada<\/td>\n<td style=\"width: 50%; height: 53px;\">AC 100~240V<\/td>\n<\/tr>\n<tr style=\"height: 53px;\">\n<td style=\"width: 50%; height: 53px;\">Largura de banda de uplink e downlink<\/td>\n<td style=\"width: 50%; height: 53px;\">1,25 Gbps<\/td>\n<\/tr>\n<tr>\n<td style=\"width: 50%;\">Temperatura de trabalho<\/td>\n<td style=\"width: 50%;\">-10~55 graus Celsius<\/td>\n<\/tr>\n<tr>\n<td style=\"width: 50%;\">Temperatura de armazenamento<\/td>\n<td style=\"width: 50%;\">-40~80 graus Celsius<\/td>\n<\/tr>\n<tr>\n<td style=\"width: 50%;\">Suporte a VLAN<\/td>\n<td style=\"width: 50%;\">Sim<\/td>\n<\/tr>\n<\/tbody>\n<\/table>","protected":false},"excerpt":{"rendered":"<ul>\n<li>Log\u00edstica eficiente: desfrute de um servi\u00e7o de entrega est\u00e1vel e confi\u00e1vel com garantia de qualidade.<\/li>\n<li>Pot\u00eancia \u00f3ptica: a pot\u00eancia \u00f3ptica de 7-8 dB garante uma transmiss\u00e3o confi\u00e1vel de at\u00e9 20 km.<\/li>\n<li>Alta capacidade de usu\u00e1rio: suporta 4 PONs e 256 ONUs, atendendo \u00e0 implanta\u00e7\u00e3o em larga escala.<\/li>\n<li>Plug and Play: sem necessidade de configura\u00e7\u00e3o; instala\u00e7\u00e3o perfeita para redes FTTH\/FTTB\/FTTZ.<\/li>\n<li>Alta compatibilidade: compat\u00edvel com uma ampla variedade de marcas, incluindo Huawei, ZTE e Cisco.<\/li>\n<\/ul>","protected":false},"featured_media":15565,"comment_status":"open","ping_status":"closed","template":"","meta":[],"product_brand":[],"product_cat":[361],"product_tag":[569,206],"class_list":{"0":"post-15564","1":"product","2":"type-product","3":"status-publish","4":"has-post-thumbnail","6":"product_cat-epon-olt","7":"product_tag-4ge-epon-olt","8":"product_tag-epon-olt","10":"first","11":"instock","12":"shipping-taxable","13":"purchasable","14":"product-type-variable","15":"has-default-attributes"},"_links":{"self":[{"href":"https:\/\/www.luleey.com\/pt\/wp-json\/wp\/v2\/product\/15564","targetHints":{"allow":["GET"]}}],"collection":[{"href":"https:\/\/www.luleey.com\/pt\/wp-json\/wp\/v2\/product"}],"about":[{"href":"https:\/\/www.luleey.com\/pt\/wp-json\/wp\/v2\/types\/product"}],"replies":[{"embeddable":true,"href":"https:\/\/www.luleey.com\/pt\/wp-json\/wp\/v2\/comments?post=15564"}],"wp:featuredmedia":[{"embeddable":true,"href":"https:\/\/www.luleey.com\/pt\/wp-json\/wp\/v2\/media\/15565"}],"wp:attachment":[{"href":"https:\/\/www.luleey.com\/pt\/wp-json\/wp\/v2\/media?parent=15564"}],"wp:term":[{"taxonomy":"product_brand","embeddable":true,"href":"https:\/\/www.luleey.com\/pt\/wp-json\/wp\/v2\/product_brand?post=15564"},{"taxonomy":"product_cat","embeddable":true,"href":"https:\/\/www.luleey.com\/pt\/wp-json\/wp\/v2\/product_cat?post=15564"},{"taxonomy":"product_tag","embeddable":true,"href":"https:\/\/www.luleey.com\/pt\/wp-json\/wp\/v2\/product_tag?post=15564"}],"curies":[{"name":"wp","href":"https:\/\/api.w.org\/{rel}","templated":true}]}}