{"id":15573,"date":"2024-10-14T20:53:57","date_gmt":"2024-10-14T12:53:57","guid":{"rendered":"https:\/\/www.luleey.com\/?post_type=product&#038;p=15573"},"modified":"2025-01-08T10:11:54","modified_gmt":"2025-01-08T02:11:54","slug":"mtp-mpo-fiber-cleaner-pen","status":"publish","type":"product","link":"https:\/\/www.luleey.com\/pt\/produto\/mtp-mpo-fiber-cleaner-pen\/","title":{"rendered":"Caneta de limpeza de fibra MTP\/MPO"},"content":{"rendered":"<h4 data-spm-anchor-id=\"a2g0o.detail.1000023.i0.525da32aC35IUk\">Recursos<\/h4>\n<ul>\n<li>Janela transparente para verifica\u00e7\u00e3o do estoque.<\/li>\n<li>Reciclagem autom\u00e1tica para evitar polui\u00e7\u00e3o secund\u00e1ria.<\/li>\n<li>Basta um simples toque para limpar.<\/li>\n<li>Design de capa protetora para uso prolongado. Um clique, uso simples.<\/li>\n<\/ul>\n<h3>Especifica\u00e7\u00e3o<\/h3>\n<table style=\"border-collapse: collapse; width: 100%;\">\n<tbody>\n<tr>\n<td style=\"width: 50%;\">Marca<\/td>\n<td style=\"width: 50%;\">LuLeey<\/td>\n<\/tr>\n<tr>\n<td style=\"width: 50%;\">Nome do produto<\/td>\n<td style=\"width: 50%;\">Limpador de fibra MTP\/MPO<\/td>\n<\/tr>\n<tr>\n<td style=\"width: 50%;\">Para conector<\/td>\n<td style=\"width: 50%;\">MPO\/MTP<\/td>\n<\/tr>\n<tr>\n<td style=\"width: 50%;\">Masculino ou feminino<\/td>\n<td style=\"width: 50%;\">ambos<\/td>\n<\/tr>\n<tr>\n<td style=\"width: 50%;\">Tempos de limpeza<\/td>\n<td style=\"width: 50%;\">mais de 600<\/td>\n<\/tr>\n<tr>\n<td style=\"width: 50%;\">Capa protetora<\/td>\n<td style=\"width: 50%;\">suporte<\/td>\n<\/tr>\n<tr>\n<td style=\"width: 50%;\">Temperatura de armazenamento<\/td>\n<td style=\"width: 50%;\">-30~+70\u2103<\/td>\n<\/tr>\n<tr>\n<td style=\"width: 50%;\">tamanho<\/td>\n<td style=\"width: 50%;\">210 x 50 x 15 mm<\/td>\n<\/tr>\n<\/tbody>\n<\/table>\n<p>&nbsp;<\/p>","protected":false},"excerpt":{"rendered":"<ul>\n<li><span class=\"a-list-item\">Para limpar as extremidades do ferrolho dos conectores MPO\/MTP<\/span><\/li>\n<li><span class=\"a-list-item\">Aplic\u00e1vel ao conector do cabo MPO\/MTP e aos transceptores QSFP<\/span><\/li>\n<li><span class=\"a-list-item\">Capaz de limpar virolas com ou sem pinos-guia<\/span><\/li>\n<li><span class=\"a-list-item\">O movimento f\u00e1cil de empurrar engata o conector e inicia o limpador<\/span><\/li>\n<li><span class=\"a-list-item\">At\u00e9 600 limpezas<\/span><\/li>\n<\/ul>","protected":false},"featured_media":15574,"comment_status":"open","ping_status":"closed","template":"","meta":[],"product_brand":[],"product_cat":[354],"product_tag":[570],"class_list":{"0":"post-15573","1":"product","2":"type-product","3":"status-publish","4":"has-post-thumbnail","6":"product_cat-fiber-optic-cleaners","7":"product_tag-mpo-fiber-cleaner","9":"first","10":"instock","11":"shipping-taxable","12":"purchasable","13":"product-type-variable","14":"has-default-attributes"},"_links":{"self":[{"href":"https:\/\/www.luleey.com\/pt\/wp-json\/wp\/v2\/product\/15573","targetHints":{"allow":["GET"]}}],"collection":[{"href":"https:\/\/www.luleey.com\/pt\/wp-json\/wp\/v2\/product"}],"about":[{"href":"https:\/\/www.luleey.com\/pt\/wp-json\/wp\/v2\/types\/product"}],"replies":[{"embeddable":true,"href":"https:\/\/www.luleey.com\/pt\/wp-json\/wp\/v2\/comments?post=15573"}],"wp:featuredmedia":[{"embeddable":true,"href":"https:\/\/www.luleey.com\/pt\/wp-json\/wp\/v2\/media\/15574"}],"wp:attachment":[{"href":"https:\/\/www.luleey.com\/pt\/wp-json\/wp\/v2\/media?parent=15573"}],"wp:term":[{"taxonomy":"product_brand","embeddable":true,"href":"https:\/\/www.luleey.com\/pt\/wp-json\/wp\/v2\/product_brand?post=15573"},{"taxonomy":"product_cat","embeddable":true,"href":"https:\/\/www.luleey.com\/pt\/wp-json\/wp\/v2\/product_cat?post=15573"},{"taxonomy":"product_tag","embeddable":true,"href":"https:\/\/www.luleey.com\/pt\/wp-json\/wp\/v2\/product_tag?post=15573"}],"curies":[{"name":"wp","href":"https:\/\/api.w.org\/{rel}","templated":true}]}}