{"id":15665,"date":"2024-10-20T13:34:09","date_gmt":"2024-10-20T05:34:09","guid":{"rendered":"https:\/\/www.luleey.com\/?post_type=product&#038;p=15665"},"modified":"2025-01-14T11:26:34","modified_gmt":"2025-01-14T03:26:34","slug":"1-pair-1sc-1rj45-bidi-1000m-fiber-optic-media-converter-ethernet-switch-pcba-board","status":"publish","type":"product","link":"https:\/\/www.luleey.com\/pt\/produto\/1-pair-1sc-1rj45-bidi-1000m-fiber-optic-media-converter-ethernet-switch-pcba-board\/","title":{"rendered":"1 par 1SC 1RJ45 BIDI 1000M Conversor de m\u00eddia de fibra \u00f3ptica Chave Ethernet PCBA Placa de grau industrial"},"content":{"rendered":"<div class=\"title--wrap--Ms9Zv4A\">\n<h3>Recursos<\/h3>\n<ul>\n<li>Transmiss\u00e3o de dados com lat\u00eancia ultrabaixa: Experimente taxas de transfer\u00eancia de dados extremamente r\u00e1pidas com atraso m\u00ednimo, garantindo uma comunica\u00e7\u00e3o perfeita para aplicativos essenciais.<\/li>\n<li>Conveni\u00eancia Plug-and-Play: Nossos transceptores s\u00e3o projetados para facilitar a instala\u00e7\u00e3o, sem necessidade de configura\u00e7\u00e3o. Basta conectar e come\u00e7ar a usar imediatamente.<\/li>\n<li>Estrutura simples e f\u00e1cil manuten\u00e7\u00e3o: O design simples do nosso transceptor permite uma manuten\u00e7\u00e3o sem complica\u00e7\u00f5es, garantindo confiabilidade e longevidade em v\u00e1rios ambientes.<\/li>\n<li>\u00a0Alta confiabilidade e forte anti-interfer\u00eancia: Constru\u00eddo para resistir a condi\u00e7\u00f5es desafiadoras, nosso transceptor oferece confiabilidade excepcional e resist\u00eancia robusta a interfer\u00eancias, o que o torna ideal para aplica\u00e7\u00f5es exigentes.<\/li>\n<li>\u00a0Ampla gama de aplica\u00e7\u00f5es: Nossos transceptores de fibra \u00f3ptica s\u00e3o amplamente utilizados em vigil\u00e2ncia por v\u00eddeo, redes de computadores, controle industrial e sistemas de edif\u00edcios inteligentes, fornecendo solu\u00e7\u00f5es vers\u00e1teis para v\u00e1rios setores.<\/li>\n<\/ul>\n<\/div>\n<h3>Especifica\u00e7\u00e3o<\/h3>\n<table style=\"border-collapse: collapse; width: 100%;\">\n<tbody>\n<tr>\n<td style=\"width: 50%;\">Marca<\/td>\n<td style=\"width: 50%;\">LuLeey<\/td>\n<\/tr>\n<tr>\n<td style=\"width: 50%;\">Nome do produto<\/td>\n<td style=\"width: 50%;\">1 par 1SC 1RJ45 1000M Conversor de m\u00eddia de fibra \u00f3ptica Placa PCBA de switch Ethernet<\/td>\n<\/tr>\n<tr>\n<td style=\"width: 50%;\">N\u00famero de portas de fibra \u00f3ptica<\/td>\n<td style=\"width: 50%;\">1<\/td>\n<\/tr>\n<tr>\n<td style=\"width: 50%;\">Taxa SFP<\/td>\n<td style=\"width: 50%;\">1000M<\/td>\n<\/tr>\n<tr>\n<td style=\"width: 50%;\">N\u00famero de RJ45<\/td>\n<td style=\"width: 50%;\">1<\/td>\n<\/tr>\n<tr>\n<td style=\"width: 50%;\">Taxa RJ45<\/td>\n<td style=\"width: 50%;\">10M\/100M\/1000M<\/td>\n<\/tr>\n<tr>\n<td style=\"width: 50%;\">entrada de energia<\/td>\n<td style=\"width: 50%;\">5-12V CC<\/td>\n<\/tr>\n<tr>\n<td style=\"width: 50%;\">Tipo de interface<\/td>\n<td style=\"width: 50%;\">SC BIDI<\/td>\n<\/tr>\n<tr>\n<td style=\"width: 50%;\">Dist\u00e2ncia de transmiss\u00e3o<\/td>\n<td style=\"width: 50%;\">20 km<\/td>\n<\/tr>\n<tr>\n<td style=\"width: 50%;\">Comprimento de onda de trabalho<\/td>\n<td style=\"width: 50%;\">1310\/1550 (nm)<\/td>\n<\/tr>\n<tr style=\"height: 53px;\">\n<td style=\"width: 50%; height: 53px;\">Meio ambiente<\/td>\n<td style=\"width: 50%;\">Temperatura de armazenamento: -40\uff5e85\u2103<br \/>\nTemperatura operacional: -40\uff5e85\u2103<\/p>\n<p data-spm-anchor-id=\"a2g0o.detail.1000023.i3.692dYr9OYr9O5Q\">Umidade relativa: 5-90% (sem condensa\u00e7\u00e3o)<\/p>\n<\/td>\n<\/tr>\n<tr>\n<td style=\"width: 50%;\">Tipo de fibra<\/td>\n<td style=\"width: 50%;\">Fibra \u00fanica Modo \u00fanico<\/td>\n<\/tr>\n<\/tbody>\n<\/table>\n<p>&nbsp;<\/p>","protected":false},"excerpt":{"rendered":"<div class=\"title--wrap--Ms9Zv4A\">\n<ul>\n<li data-pl=\"product-title\" data-spm-anchor-id=\"a2g0o.detail.0.i7.7accWMLZWMLZie\">Placa PCBA do switch conversor de m\u00eddia 1 \u00f3ptico 1 rj54<\/li>\n<li data-pl=\"product-title\" data-spm-anchor-id=\"a2g0o.detail.0.i7.7accWMLZWMLZie\">10\/100\/1000M adaptativo<\/li>\n<li data-pl=\"product-title\" data-spm-anchor-id=\"a2g0o.detail.0.i7.7accWMLZWMLZie\">1,25 Gbps SC<\/li>\n<li data-pl=\"product-title\" data-spm-anchor-id=\"a2g0o.detail.0.i7.7accWMLZWMLZie\">modo \u00fanico 1SC 1RJ45<\/li>\n<li data-pl=\"product-title\" data-spm-anchor-id=\"a2g0o.detail.0.i7.7accWMLZWMLZie\">m\u00e1x. 20 km<\/li>\n<li data-pl=\"product-title\" data-spm-anchor-id=\"a2g0o.detail.0.i7.7accWMLZWMLZie\">Entrada de 5-12 V CC<\/li>\n<\/ul>\n<\/div>","protected":false},"featured_media":15668,"comment_status":"open","ping_status":"closed","template":"","meta":[],"product_brand":[],"product_cat":[286],"product_tag":[605,285,301,330],"class_list":{"0":"post-15665","1":"product","2":"type-product","3":"status-publish","4":"has-post-thumbnail","6":"product_cat-fiber-media-converter-pcba-board","7":"product_tag-1sc-1rj45","8":"product_tag-pcba","9":"product_tag-rj45","10":"product_tag-switch-board","12":"first","13":"instock","14":"shipping-taxable","15":"purchasable","16":"product-type-variable","17":"has-default-attributes"},"_links":{"self":[{"href":"https:\/\/www.luleey.com\/pt\/wp-json\/wp\/v2\/product\/15665","targetHints":{"allow":["GET"]}}],"collection":[{"href":"https:\/\/www.luleey.com\/pt\/wp-json\/wp\/v2\/product"}],"about":[{"href":"https:\/\/www.luleey.com\/pt\/wp-json\/wp\/v2\/types\/product"}],"replies":[{"embeddable":true,"href":"https:\/\/www.luleey.com\/pt\/wp-json\/wp\/v2\/comments?post=15665"}],"wp:featuredmedia":[{"embeddable":true,"href":"https:\/\/www.luleey.com\/pt\/wp-json\/wp\/v2\/media\/15668"}],"wp:attachment":[{"href":"https:\/\/www.luleey.com\/pt\/wp-json\/wp\/v2\/media?parent=15665"}],"wp:term":[{"taxonomy":"product_brand","embeddable":true,"href":"https:\/\/www.luleey.com\/pt\/wp-json\/wp\/v2\/product_brand?post=15665"},{"taxonomy":"product_cat","embeddable":true,"href":"https:\/\/www.luleey.com\/pt\/wp-json\/wp\/v2\/product_cat?post=15665"},{"taxonomy":"product_tag","embeddable":true,"href":"https:\/\/www.luleey.com\/pt\/wp-json\/wp\/v2\/product_tag?post=15665"}],"curies":[{"name":"wp","href":"https:\/\/api.w.org\/{rel}","templated":true}]}}