{"id":15673,"date":"2024-10-20T13:54:42","date_gmt":"2024-10-20T05:54:42","guid":{"rendered":"https:\/\/www.luleey.com\/?post_type=product&#038;p=15673"},"modified":"2025-01-17T14:06:59","modified_gmt":"2025-01-17T06:06:59","slug":"reverse-poe-switch-100m-8rj45-ethernet-switch-pcba-board","status":"publish","type":"product","link":"https:\/\/www.luleey.com\/pt\/produto\/reverse-poe-switch-100m-8rj45-ethernet-switch-pcba-board\/","title":{"rendered":"Interruptor POE reverso 100M 8RJ45 Ethernet Switch Placa PCBA Grau industrial"},"content":{"rendered":"<div class=\"title--wrap--Ms9Zv4A\">\n<h3>Recursos<\/h3>\n<ul>\n<li>Transmiss\u00e3o de dados com lat\u00eancia ultrabaixa: Experimente taxas de transfer\u00eancia de dados extremamente r\u00e1pidas com atraso m\u00ednimo, garantindo uma comunica\u00e7\u00e3o perfeita para aplicativos essenciais.<\/li>\n<li>Conveni\u00eancia Plug-and-Play: Nossos transceptores s\u00e3o projetados para facilitar a instala\u00e7\u00e3o, sem necessidade de configura\u00e7\u00e3o. Basta conectar e come\u00e7ar a usar imediatamente.<\/li>\n<li>Estrutura simples e f\u00e1cil manuten\u00e7\u00e3o: O design simples do nosso transceptor permite uma manuten\u00e7\u00e3o sem complica\u00e7\u00f5es, garantindo confiabilidade e longevidade em v\u00e1rios ambientes.<\/li>\n<li>\u00a0Alta confiabilidade e forte anti-interfer\u00eancia: Constru\u00eddo para resistir a condi\u00e7\u00f5es desafiadoras, nosso transceptor oferece confiabilidade excepcional e resist\u00eancia robusta a interfer\u00eancias, o que o torna ideal para aplica\u00e7\u00f5es exigentes.<\/li>\n<li>\u00a0Ampla gama de aplica\u00e7\u00f5es: Nossos transceptores de fibra \u00f3ptica s\u00e3o amplamente utilizados em vigil\u00e2ncia por v\u00eddeo, redes de computadores, controle industrial e sistemas de edif\u00edcios inteligentes, fornecendo solu\u00e7\u00f5es vers\u00e1teis para v\u00e1rios setores.<\/li>\n<\/ul>\n<\/div>\n<h3>Especifica\u00e7\u00e3o<\/h3>\n<table style=\"border-collapse: collapse; width: 100%; height: 347px;\">\n<tbody>\n<tr style=\"height: 53px;\">\n<td style=\"width: 50%; height: 53px;\">Marca<\/td>\n<td style=\"width: 50%; height: 53px;\">LuLeey<\/td>\n<\/tr>\n<tr style=\"height: 82px;\">\n<td style=\"width: 50%; height: 82px;\">Nome do produto<\/td>\n<td style=\"width: 50%; height: 82px;\">Interruptor POE reverso 100M 8RJ45 Ethernet Switch PCBA Board<\/td>\n<\/tr>\n<tr style=\"height: 53px;\">\n<td style=\"width: 50%; height: 53px;\">8 RJ45<\/td>\n<td style=\"width: 50%; height: 53px;\">100M<\/td>\n<\/tr>\n<tr style=\"height: 53px;\">\n<td style=\"width: 50%; height: 53px;\">entrada de energia<\/td>\n<td style=\"width: 50%; height: 53px;\">5-12V CC<\/td>\n<\/tr>\n<tr>\n<td style=\"width: 50%;\">Suporte a PoE<\/td>\n<td style=\"width: 50%;\">5V CC<\/td>\n<\/tr>\n<tr style=\"height: 53px;\">\n<td style=\"width: 50%; height: 53px;\">Meio ambiente<\/td>\n<td style=\"width: 50%;\">Temperatura de armazenamento: -40\uff5e85\u2103<br \/>\nTemperatura operacional: -40\uff5e85\u2103Umidade relativa: 5-90% (sem condensa\u00e7\u00e3o)<\/td>\n<\/tr>\n<\/tbody>\n<\/table>\n<p>&nbsp;<\/p>","protected":false},"excerpt":{"rendered":"<div class=\"title--wrap--Ms9Zv4A\">\n<ul>\n<li data-pl=\"product-title\" data-spm-anchor-id=\"a2g0o.detail.0.i7.7accWMLZWMLZie\">Suporte \u00e0 fun\u00e7\u00e3o RPOE<\/li>\n<li data-pl=\"product-title\" data-spm-anchor-id=\"a2g0o.detail.0.i7.7accWMLZWMLZie\">Placa PCBA de 8 interruptores<\/li>\n<li data-pl=\"product-title\" data-spm-anchor-id=\"a2g0o.detail.0.i7.7accWMLZWMLZie\">100M 8RJ45<\/li>\n<li data-pl=\"product-title\" data-spm-anchor-id=\"a2g0o.detail.0.i7.7accWMLZWMLZie\">Entrada de 5-12 V CC<\/li>\n<\/ul>\n<\/div>","protected":false},"featured_media":15676,"comment_status":"open","ping_status":"closed","template":"","meta":[],"product_brand":[],"product_cat":[286],"product_tag":[285,595,301,597,330],"class_list":{"0":"post-15673","1":"product","2":"type-product","3":"status-publish","4":"has-post-thumbnail","6":"product_cat-fiber-media-converter-pcba-board","7":"product_tag-pcba","8":"product_tag-reverse-poe-switch","9":"product_tag-rj45","10":"product_tag-rpoe","11":"product_tag-switch-board","13":"first","14":"instock","15":"shipping-taxable","16":"purchasable","17":"product-type-variable","18":"has-default-attributes"},"_links":{"self":[{"href":"https:\/\/www.luleey.com\/pt\/wp-json\/wp\/v2\/product\/15673","targetHints":{"allow":["GET"]}}],"collection":[{"href":"https:\/\/www.luleey.com\/pt\/wp-json\/wp\/v2\/product"}],"about":[{"href":"https:\/\/www.luleey.com\/pt\/wp-json\/wp\/v2\/types\/product"}],"replies":[{"embeddable":true,"href":"https:\/\/www.luleey.com\/pt\/wp-json\/wp\/v2\/comments?post=15673"}],"wp:featuredmedia":[{"embeddable":true,"href":"https:\/\/www.luleey.com\/pt\/wp-json\/wp\/v2\/media\/15676"}],"wp:attachment":[{"href":"https:\/\/www.luleey.com\/pt\/wp-json\/wp\/v2\/media?parent=15673"}],"wp:term":[{"taxonomy":"product_brand","embeddable":true,"href":"https:\/\/www.luleey.com\/pt\/wp-json\/wp\/v2\/product_brand?post=15673"},{"taxonomy":"product_cat","embeddable":true,"href":"https:\/\/www.luleey.com\/pt\/wp-json\/wp\/v2\/product_cat?post=15673"},{"taxonomy":"product_tag","embeddable":true,"href":"https:\/\/www.luleey.com\/pt\/wp-json\/wp\/v2\/product_tag?post=15673"}],"curies":[{"name":"wp","href":"https:\/\/api.w.org\/{rel}","templated":true}]}}