{"id":15769,"date":"2024-10-29T22:34:27","date_gmt":"2024-10-29T14:34:27","guid":{"rendered":"https:\/\/www.luleey.com\/?post_type=product&#038;p=15769"},"modified":"2026-02-11T20:14:04","modified_gmt":"2026-02-11T12:14:04","slug":"10g-xgpon-optical-power-meter","status":"publish","type":"product","link":"https:\/\/www.luleey.com\/pt\/produto\/10g-xgpon-optical-power-meter\/","title":{"rendered":"Medidor de pot\u00eancia \u00f3ptica 10G XGPON"},"content":{"rendered":"<h3>Recursos<\/h3>\n<ol>\n<li>Bateria de l\u00edtio integrada: estabiliza o gerenciamento da bateria. Carregamento r\u00e1pido por 3 horas, uso cont\u00ednuo no modo de medidor de energia \u00f3ptica por 60 horas, desligamento total da energia por 90 dias de longo tempo de espera<\/li>\n<li>Aplica-se \u00e0 instala\u00e7\u00e3o, teste e manuten\u00e7\u00e3o de redes Gigabit e 10 Gigabit<\/li>\n<li>Fornece 10 grupos de limites, analisa e exibe a sele\u00e7\u00e3o de valores relativos de status de aprova\u00e7\u00e3o e reprova\u00e7\u00e3o<\/li>\n<li>O registro do teste pode ser armazenado 1.000 vezes<\/li>\n<li>O medidor de pot\u00eancia \u00f3ptica XGPON suporta at\u00e9 6 comprimentos de onda 1310nm\/1490nm\/1270nm\/1577nm\/1610nm\/1550nm<\/li>\n<li>Suporte SC UPC\/APC<\/li>\n<li>Entrada de alimenta\u00e7\u00e3o tipo C<\/li>\n<li>suporte a VFL<\/li>\n<\/ol>\n<p><strong>Observa\u00e7\u00e3o: para a vers\u00e3o 1490\/1577, h\u00e1 apenas um conector SC APC.<\/strong><\/p>\n<h3>Especifica\u00e7\u00e3o<\/h3>\n<p>&nbsp;<\/p>\n<table width=\"843\">\n<tbody>\n<tr>\n<td>Marca<\/td>\n<td colspan=\"6\">LuLeey<\/td>\n<\/tr>\n<tr>\n<td>Modelo<\/td>\n<td colspan=\"6\">XPOM002<\/td>\n<\/tr>\n<tr>\n<td>Local de fabrica\u00e7\u00e3o<\/td>\n<td colspan=\"6\">Fabricado na China<\/td>\n<\/tr>\n<tr>\n<td width=\"176\">Comprimento de onda (nm)<\/td>\n<td width=\"257\">1310(acima)<\/td>\n<td width=\"76\">1490(para baixo)<\/td>\n<td width=\"122\">1550(para baixo)<\/td>\n<td width=\"68\">1270(acima)<\/td>\n<td width=\"76\">1577(para baixo)<\/td>\n<td width=\"68\">1610(acima)<\/td>\n<\/tr>\n<tr>\n<td>Banda passante espectral (nm)<\/td>\n<td>1290~1330<\/td>\n<td>1470~1505<\/td>\n<td>1535~1570<\/td>\n<td>1260~1280<\/td>\n<td>1577+3nm<\/td>\n<td>1595~1650<\/td>\n<\/tr>\n<tr>\n<td>Faixa (DBM)<\/td>\n<td>-40~+10<\/td>\n<td>.45~+10<\/td>\n<td>-45~+10<\/td>\n<td>-40~+10<\/td>\n<td>-45~+10<\/td>\n<td>.40~+10<\/td>\n<\/tr>\n<tr>\n<td>Isolamento@ 1310nm (dB)<\/td>\n<td><\/td>\n<td>&gt;40<\/td>\n<td>&gt;40<\/td>\n<td>&gt;40<\/td>\n<td>&gt;40<\/td>\n<td>&gt;40<\/td>\n<\/tr>\n<tr>\n<td>Isolamento@1490nm(dB)<\/td>\n<td>&gt;40<\/td>\n<td><\/td>\n<td>&gt;40<\/td>\n<td>&gt;40<\/td>\n<td>&gt;40<\/td>\n<td>&gt;40<\/td>\n<\/tr>\n<tr>\n<td>Isolamento@1550nm(dB)<\/td>\n<td>&gt;40<\/td>\n<td>&gt;40<\/td>\n<td><\/td>\n<td>&gt;40<\/td>\n<td>&gt;40<\/td>\n<td>&gt;35<\/td>\n<\/tr>\n<tr>\n<td>Isolamento@1270(dB)<\/td>\n<td>&gt;40<\/td>\n<td>&gt;40<\/td>\n<td>&gt;40<\/td>\n<td><\/td>\n<td>&gt;40<\/td>\n<td>&gt;40<\/td>\n<\/tr>\n<tr>\n<td>Isolamento@1577(dB)<\/td>\n<td>&gt;40<\/td>\n<td>&gt;40<\/td>\n<td>&gt;40<\/td>\n<td>&gt;40<\/td>\n<td><\/td>\n<td>&gt;40<\/td>\n<\/tr>\n<tr>\n<td>Isolamento@1610(dB)<\/td>\n<td>&gt;40<\/td>\n<td>&gt;40<\/td>\n<td>&gt;40<\/td>\n<td>&gt;40<\/td>\n<td>&gt;40<\/td>\n<td><\/td>\n<\/tr>\n<tr>\n<td>Precis\u00e3o<\/td>\n<td colspan=\"6\"><\/td>\n<\/tr>\n<tr>\n<td>Incerteza<\/td>\n<td colspan=\"6\">\u00b10,5dB<\/td>\n<\/tr>\n<tr>\n<td>Perda de polariza\u00e7\u00e3o<\/td>\n<td colspan=\"6\">&lt;\u00b10,25dB<\/td>\n<\/tr>\n<tr>\n<td>Linear<\/td>\n<td colspan=\"6\">\u00b10,1dB<\/td>\n<\/tr>\n<tr>\n<td>Perda de inser\u00e7\u00e3o<\/td>\n<td colspan=\"6\">&lt;1,5 dB<\/td>\n<\/tr>\n<tr>\n<td>Resolu\u00e7\u00e3o da tela<\/td>\n<td colspan=\"6\">0,01dB<\/td>\n<\/tr>\n<tr>\n<td>Unidade<\/td>\n<td colspan=\"6\">dBm\/xW<\/td>\n<\/tr>\n<tr>\n<td>LCD<\/td>\n<td colspan=\"6\">320*240\uff0cTela LCD de 3,2 polegadas com cores reais<\/td>\n<\/tr>\n<tr>\n<td>Bateria<\/td>\n<td colspan=\"6\">Bateria recarreg\u00e1vel de 4,2V 2400mAh<\/td>\n<\/tr>\n<tr>\n<td>Tempo de funcionamento da bateria<\/td>\n<td colspan=\"6\">20 horas por volta<\/td>\n<\/tr>\n<tr>\n<td>Temperatura operacional<\/td>\n<td colspan=\"6\">0~60\u2103<\/td>\n<\/tr>\n<tr>\n<td>Temperatura de armazenamento<\/td>\n<td colspan=\"6\">25~70\u2103<\/td>\n<\/tr>\n<tr>\n<td>Tamanho (mm)<\/td>\n<td colspan=\"6\">155x85x40<\/td>\n<\/tr>\n<\/tbody>\n<\/table>","protected":false},"excerpt":{"rendered":"<ol>\n<li>\u00a0uso cont\u00ednuo no modo de medidor de pot\u00eancia \u00f3ptica por 60 horas, desligamento total da energia por 90 dias de longo tempo de espera<\/li>\n<li>Aplica-se \u00e0 instala\u00e7\u00e3o, teste e manuten\u00e7\u00e3o de redes Gigabit e 10 Gigabit<\/li>\n<li>Fornece 10 grupos de limites, analisa e exibe a sele\u00e7\u00e3o de valores relativos de status de aprova\u00e7\u00e3o e reprova\u00e7\u00e3o<\/li>\n<li>O registro do teste pode ser armazenado 1.000 vezes<\/li>\n<li>O medidor de pot\u00eancia \u00f3ptica XGPON suporta at\u00e9 6 comprimentos de onda 1310nm\/1490nm\/1270nm\/1577nm\/1610nm\/1550nm<\/li>\n<li>Suporte SC UPC\/APC<\/li>\n<\/ol>","protected":false},"featured_media":15767,"comment_status":"open","ping_status":"closed","template":"","meta":[],"product_brand":[],"product_cat":[363],"product_tag":[564,615],"class_list":{"0":"post-15769","1":"product","2":"type-product","3":"status-publish","4":"has-post-thumbnail","6":"product_cat-optical-power-meter-and-visual-fault-locator","7":"product_tag-xgpon","8":"product_tag-xgpon-optical-power-meter","10":"first","11":"instock","12":"shipping-taxable","13":"purchasable","14":"product-type-variable","15":"has-default-attributes"},"_links":{"self":[{"href":"https:\/\/www.luleey.com\/pt\/wp-json\/wp\/v2\/product\/15769","targetHints":{"allow":["GET"]}}],"collection":[{"href":"https:\/\/www.luleey.com\/pt\/wp-json\/wp\/v2\/product"}],"about":[{"href":"https:\/\/www.luleey.com\/pt\/wp-json\/wp\/v2\/types\/product"}],"replies":[{"embeddable":true,"href":"https:\/\/www.luleey.com\/pt\/wp-json\/wp\/v2\/comments?post=15769"}],"wp:featuredmedia":[{"embeddable":true,"href":"https:\/\/www.luleey.com\/pt\/wp-json\/wp\/v2\/media\/15767"}],"wp:attachment":[{"href":"https:\/\/www.luleey.com\/pt\/wp-json\/wp\/v2\/media?parent=15769"}],"wp:term":[{"taxonomy":"product_brand","embeddable":true,"href":"https:\/\/www.luleey.com\/pt\/wp-json\/wp\/v2\/product_brand?post=15769"},{"taxonomy":"product_cat","embeddable":true,"href":"https:\/\/www.luleey.com\/pt\/wp-json\/wp\/v2\/product_cat?post=15769"},{"taxonomy":"product_tag","embeddable":true,"href":"https:\/\/www.luleey.com\/pt\/wp-json\/wp\/v2\/product_tag?post=15769"}],"curies":[{"name":"wp","href":"https:\/\/api.w.org\/{rel}","templated":true}]}}