{"id":15836,"date":"2024-11-09T16:59:47","date_gmt":"2024-11-09T08:59:47","guid":{"rendered":"https:\/\/www.luleey.com\/?post_type=product&#038;p=15836"},"modified":"2026-03-07T23:08:03","modified_gmt":"2026-03-07T15:08:03","slug":"single-mode-fiber-optic-otdr-launch-cable-box-bare-core-g652d-bare-fiber-optic-1-50km","status":"publish","type":"product","link":"https:\/\/www.luleey.com\/pt\/produto\/single-mode-fiber-optic-otdr-launch-cable-box-bare-core-g652d-bare-fiber-optic-1-50km\/","title":{"rendered":"G652D Fibra \u00f3ptica nua de 1-50KM, caixa de cabos de lan\u00e7amento OTDR de fibra \u00f3ptica monomodo de n\u00facleo nu"},"content":{"rendered":"<p>Conector personaliz\u00e1vel do cabo de lan\u00e7amento do OTDR: FC\/APC ST\/UPC FC\/UPC SC\/UPC SC\/APC LC\/UPC LC\/APC<\/p>\n<p>Fibra \u00f3ptica G652D de alta qualidade<br \/>\n<strong>\u00cdndice de atenua\u00e7\u00e3o da fibra:<\/strong><br \/>\n1310nm \u22640,36 db\/km<br \/>\n1550nm \u22640,22 db\/km<br \/>\n<strong>Geometria da fibra:<\/strong><br \/>\nDi\u00e2metro do campo do modo central: 8,6\u03bcm ~ 9,5\u03bcm<br \/>\nDi\u00e2metro do revestimento: 125\u00b11 \u03bcm<br \/>\nDi\u00e2metro da camada de revestimento: 245\u00b110 \u03bcm<\/p>","protected":false},"excerpt":{"rendered":"<ul>\n<li>Cabo de lan\u00e7amento OTDR G652D Conector personaliz\u00e1vel: FC\/APC ST\/UPC FC\/UPC SC\/UPC SC\/APC LC\/UPC LC\/APC<\/li>\n<\/ul>","protected":false},"featured_media":15837,"comment_status":"open","ping_status":"closed","template":"","meta":[],"product_brand":[],"product_cat":[367,364],"product_tag":[1097,656],"class_list":{"0":"post-15836","1":"product","2":"type-product","3":"status-publish","4":"has-post-thumbnail","6":"product_cat-otdr","7":"product_cat-optic-cables-and-fiber-pigtails","8":"product_tag-g652d","9":"product_tag-otdr-launch-cable","11":"first","12":"instock","13":"featured","14":"shipping-taxable","15":"purchasable","16":"product-type-variable","17":"has-default-attributes"},"_links":{"self":[{"href":"https:\/\/www.luleey.com\/pt\/wp-json\/wp\/v2\/product\/15836","targetHints":{"allow":["GET"]}}],"collection":[{"href":"https:\/\/www.luleey.com\/pt\/wp-json\/wp\/v2\/product"}],"about":[{"href":"https:\/\/www.luleey.com\/pt\/wp-json\/wp\/v2\/types\/product"}],"replies":[{"embeddable":true,"href":"https:\/\/www.luleey.com\/pt\/wp-json\/wp\/v2\/comments?post=15836"}],"wp:featuredmedia":[{"embeddable":true,"href":"https:\/\/www.luleey.com\/pt\/wp-json\/wp\/v2\/media\/15837"}],"wp:attachment":[{"href":"https:\/\/www.luleey.com\/pt\/wp-json\/wp\/v2\/media?parent=15836"}],"wp:term":[{"taxonomy":"product_brand","embeddable":true,"href":"https:\/\/www.luleey.com\/pt\/wp-json\/wp\/v2\/product_brand?post=15836"},{"taxonomy":"product_cat","embeddable":true,"href":"https:\/\/www.luleey.com\/pt\/wp-json\/wp\/v2\/product_cat?post=15836"},{"taxonomy":"product_tag","embeddable":true,"href":"https:\/\/www.luleey.com\/pt\/wp-json\/wp\/v2\/product_tag?post=15836"}],"curies":[{"name":"wp","href":"https:\/\/api.w.org\/{rel}","templated":true}]}}