{"id":15863,"date":"2024-11-09T21:59:32","date_gmt":"2024-11-09T13:59:32","guid":{"rendered":"https:\/\/www.luleey.com\/?post_type=product&#038;p=15863"},"modified":"2025-06-22T15:20:47","modified_gmt":"2025-06-22T07:20:47","slug":"40g-qsfp-mmf-850nm-150m-qsfp-40g-sr4-mpo-12-upc-mmf-optical-transceiver-module","status":"publish","type":"product","link":"https:\/\/www.luleey.com\/pt\/produto\/40g-qsfp-mmf-850nm-150m-qsfp-40g-sr4-mpo-12-upc-mmf-optical-transceiver-module\/","title":{"rendered":"M\u00f3dulo transceptor \u00f3ptico 40G QSFP+ MMF 850nm 150m QSFP-40G-SR4, MPO-12\/UPC MMF"},"content":{"rendered":"<h3>Recursos<\/h3>\n<ol>\n<li>Amplamente utilizado em switches \u00f3pticos QSFP+ 40G, placas de rede de fibra \u00f3ptica, servidores, paredes de prote\u00e7\u00e3o, roteadores, controladores industriais, placas de desenvolvimento FPGA e outros equipamentos<\/li>\n<li>Plug and Play<\/li>\n<li>Com diagn\u00f3sticos de dados DDM, baixo consumo de energia, para garantir a estabilidade do sinal e a transmiss\u00e3o em alta velocidade<\/li>\n<li>Marcas compat\u00edveis: totalmente compat\u00edvel<\/li>\n<\/ol>\n<h3>Especifica\u00e7\u00e3o<\/h3>\n<table width=\"323\">\n<tbody>\n<tr>\n<td width=\"101\">Marca<\/td>\n<td width=\"222\">\u00a0LuLeey<\/td>\n<\/tr>\n<tr>\n<td>Local de origem<\/td>\n<td>\u00a0China continental<\/td>\n<\/tr>\n<tr>\n<td>Modelo<\/td>\n<td>\u00a0QSFP-40G-SR4<\/td>\n<\/tr>\n<tr>\n<td>Velocidade<\/td>\n<td>\u00a040G<\/td>\n<\/tr>\n<tr>\n<td>Porto<\/td>\n<td>\u00a0MPO<\/td>\n<\/tr>\n<tr>\n<td>Dist\u00e2ncia<\/td>\n<td>\u00a0150m<\/td>\n<\/tr>\n<tr>\n<td>Comprimento de onda<\/td>\n<td>\u00a0850nm<\/td>\n<\/tr>\n<tr>\n<td>Temperatura operacional<\/td>\n<td>\u00a0-20~70\u00b0C<\/td>\n<\/tr>\n<tr>\n<td>Tens\u00e3o operacional<\/td>\n<td>\u00a03.3V<\/td>\n<\/tr>\n<tr>\n<td>Modo<\/td>\n<td>\u00a0Multimodo<\/td>\n<\/tr>\n<tr>\n<td>Suporte a DDM<\/td>\n<td>\u00a0Sim<\/td>\n<\/tr>\n<tr>\n<td>Pode ser trocado a quente<\/td>\n<td>\u00a0Sim<\/td>\n<\/tr>\n<tr>\n<td>Marcas compat\u00edveis<\/td>\n<td>\u00a0Totalmente compat\u00edvel, como HUAWEI\/H3C\/CISCO\/RUIJIE\/TP-LINK\/D-LINK\/HIKVISION\/ZTE\/JUNIPER\/DELL\/MIKROTIK\/INTEL\/MELANOX\/IBM...<\/td>\n<\/tr>\n<\/tbody>\n<\/table>\n<p>&nbsp;<\/p>","protected":false},"excerpt":{"rendered":"<ul class=\"a-unordered-list a-vertical a-spacing-mini\">\n<li class=\"a-spacing-mini\"><span class=\"a-list-item\">Compatibilidade total: Compat\u00edvel com o QSFP-40G-SR4 da Arista Networks. Ethernet 40G, Infiniband QDR, SATA\/SAS3, padr\u00e3o IEEE 802.3ba, compat\u00edvel com MSA.<\/span><\/li>\n<li class=\"a-spacing-mini\"><span class=\"a-list-item\">Transceptores multimodo 40G QSFP+ QSFP-40G-SR4: Taxa de dados de 40Gb\/s, conector MPO\/MTP, comprimento de onda de 850nm, dist\u00e2ncia de transmiss\u00e3o de at\u00e9 150m, temperatura de trabalho: 0\u2103 ~ +70\u2103, pot\u00eancia Tx (dBm): -7 ~ +1, Sens. Rx (dBm): \uff1c -9.5.<\/span><\/li>\n<li class=\"a-spacing-mini\"><span class=\"a-list-item\">F\u00e1cil de usar: Plug and play, hot-pluggable. Suporte a DDM: O DDM permite monitorar as informa\u00e7\u00f5es cr\u00edticas para descobrir alguns problemas potenciais. Amplamente utilizado em switches de fibra, roteadores, NICs, servidores ou outros equipamentos de fibra \u00f3ptica com portas QSFP+ de 40 Gb.<\/span><\/li>\n<\/ul>","protected":false},"featured_media":15865,"comment_status":"open","ping_status":"closed","template":"","meta":[],"product_brand":[],"product_cat":[297],"product_tag":[659,658,263,264,278],"class_list":{"0":"post-15863","1":"product","2":"type-product","3":"status-publish","4":"has-post-thumbnail","6":"product_cat-qsfp28-qsfp-sfp28-100g-40g-25g","7":"product_tag-150m","8":"product_tag-40g-qsfp","9":"product_tag-mm","10":"product_tag-mpo","11":"product_tag-optical-module","13":"first","14":"instock","15":"shipping-taxable","16":"purchasable","17":"product-type-variable","18":"has-default-attributes"},"_links":{"self":[{"href":"https:\/\/www.luleey.com\/pt\/wp-json\/wp\/v2\/product\/15863","targetHints":{"allow":["GET"]}}],"collection":[{"href":"https:\/\/www.luleey.com\/pt\/wp-json\/wp\/v2\/product"}],"about":[{"href":"https:\/\/www.luleey.com\/pt\/wp-json\/wp\/v2\/types\/product"}],"replies":[{"embeddable":true,"href":"https:\/\/www.luleey.com\/pt\/wp-json\/wp\/v2\/comments?post=15863"}],"wp:featuredmedia":[{"embeddable":true,"href":"https:\/\/www.luleey.com\/pt\/wp-json\/wp\/v2\/media\/15865"}],"wp:attachment":[{"href":"https:\/\/www.luleey.com\/pt\/wp-json\/wp\/v2\/media?parent=15863"}],"wp:term":[{"taxonomy":"product_brand","embeddable":true,"href":"https:\/\/www.luleey.com\/pt\/wp-json\/wp\/v2\/product_brand?post=15863"},{"taxonomy":"product_cat","embeddable":true,"href":"https:\/\/www.luleey.com\/pt\/wp-json\/wp\/v2\/product_cat?post=15863"},{"taxonomy":"product_tag","embeddable":true,"href":"https:\/\/www.luleey.com\/pt\/wp-json\/wp\/v2\/product_tag?post=15863"}],"curies":[{"name":"wp","href":"https:\/\/api.w.org\/{rel}","templated":true}]}}