{"id":15867,"date":"2024-11-09T22:28:44","date_gmt":"2024-11-09T14:28:44","guid":{"rendered":"https:\/\/www.luleey.com\/?post_type=product&#038;p=15867"},"modified":"2025-06-22T15:20:17","modified_gmt":"2025-06-22T07:20:17","slug":"40g-qsfp-smf-qsfp-40g-lr4-10km","status":"publish","type":"product","link":"https:\/\/www.luleey.com\/pt\/produto\/40g-qsfp-smf-qsfp-40g-lr4-10km\/","title":{"rendered":"40G QSFP+ SMF QSFP-40G-LR4 10KM 40GBASE-LR4"},"content":{"rendered":"<h3>Recursos<\/h3>\n<ol>\n<li>Amplamente utilizado em switches \u00f3pticos QSFP+ 40G, placas de rede de fibra \u00f3ptica, servidores, paredes de prote\u00e7\u00e3o, roteadores, controladores industriais, placas de desenvolvimento FPGA e outros equipamentos<\/li>\n<li>40GBASE-LR4, Plug and Play<\/li>\n<li>Com diagn\u00f3sticos de dados DDM, baixo consumo de energia, para garantir a estabilidade do sinal e a transmiss\u00e3o em alta velocidade<\/li>\n<li>Marcas compat\u00edveis: totalmente compat\u00edvel<\/li>\n<\/ol>\n<h3>Especifica\u00e7\u00e3o<\/h3>\n<table width=\"323\">\n<tbody>\n<tr>\n<td width=\"101\">Marca<\/td>\n<td width=\"222\">\u00a0LuLeey<\/td>\n<\/tr>\n<tr>\n<td>Local de origem<\/td>\n<td>\u00a0China continental<\/td>\n<\/tr>\n<tr>\n<td>Modelo<\/td>\n<td>\u00a0QSFP-40G-SR4<\/td>\n<\/tr>\n<tr>\n<td>Velocidade<\/td>\n<td>\u00a040G<\/td>\n<\/tr>\n<tr>\n<td>Porto<\/td>\n<td>LC duplo<\/td>\n<\/tr>\n<tr>\n<td>Dist\u00e2ncia<\/td>\n<td>\u00a010 km<\/td>\n<\/tr>\n<tr>\n<td>Comprimento de onda<\/td>\n<td>4 pistas CWDM: 1270nm, 1290nm, 1310nnm, 1330nm<\/td>\n<\/tr>\n<tr>\n<td>Temperatura operacional<\/td>\n<td>\u00a0-20~70\u00b0C<\/td>\n<\/tr>\n<tr>\n<td>Tens\u00e3o operacional<\/td>\n<td>\u00a03.3V<\/td>\n<\/tr>\n<tr>\n<td>Modo<\/td>\n<td>Modo \u00fanico<\/td>\n<\/tr>\n<tr>\n<td>Suporte a DDM<\/td>\n<td>\u00a0Sim<\/td>\n<\/tr>\n<tr>\n<td>Pode ser trocado a quente<\/td>\n<td>\u00a0Sim<\/td>\n<\/tr>\n<tr>\n<td>Marcas compat\u00edveis<\/td>\n<td>\u00a0Totalmente compat\u00edvel, como HUAWEI\/H3C\/CISCO\/RUIJIE\/TP-LINK\/D-LINK\/HIKVISION\/ZTE\/JUNIPER\/DELL\/MIKROTIK\/INTEL\/MELANOX\/IBM...<\/td>\n<\/tr>\n<\/tbody>\n<\/table>\n<p>&nbsp;<\/p>","protected":false},"excerpt":{"rendered":"<ul class=\"a-unordered-list a-vertical a-spacing-mini\">\n<li class=\"a-spacing-mini\"><span class=\"a-list-item\">Compat\u00edvel com 40GBASE-LR4 para equipamentos de marca completa, QSFP-40G-LR4. Ethernet 40G, 4 pistas CWDM: 1270nm, 1290nm, 1310nm, 1330nm. Conector LC duplex, compat\u00edvel com DDM, at\u00e9 10 km.<\/span><\/li>\n<li class=\"a-spacing-mini\"><span class=\"a-list-item\">Transceptores monomodo 40G QSFP+: Em conformidade com o padr\u00e3o IEEE 802.3ba, SFF 8436 e QSFP Multisource Agreement (MSA). Temperatura de trabalho: 0\u2103 ~ +70\u2103, pot\u00eancia Tx (dBm): -7 ~ +2,3, Sens. Rx (dBm): \uff1c -13.7.<\/span><\/li>\n<li class=\"a-spacing-mini\"><span class=\"a-list-item\">F\u00e1cil de usar: Plug and play, hot-pluggable. Suporte a DDM: O DDM permite monitorar as informa\u00e7\u00f5es cr\u00edticas para descobrir alguns problemas potenciais. Amplamente utilizado em switches de fibra, roteadores, NICs, servidores ou outros equipamentos de fibra \u00f3ptica com portas QSFP+ de 40 Gb.<\/span><\/li>\n<\/ul>","protected":false},"featured_media":15869,"comment_status":"open","ping_status":"closed","template":"","meta":[],"product_brand":[],"product_cat":[297],"product_tag":[660,658,662,278,661],"class_list":{"0":"post-15867","1":"product","2":"type-product","3":"status-publish","4":"has-post-thumbnail","6":"product_cat-qsfp28-qsfp-sfp28-100g-40g-25g","7":"product_tag-10km","8":"product_tag-40g-qsfp","9":"product_tag-40gbase-lr4","10":"product_tag-optical-module","11":"product_tag-qsfp-40g-lr4","13":"first","14":"instock","15":"shipping-taxable","16":"purchasable","17":"product-type-variable","18":"has-default-attributes"},"_links":{"self":[{"href":"https:\/\/www.luleey.com\/pt\/wp-json\/wp\/v2\/product\/15867","targetHints":{"allow":["GET"]}}],"collection":[{"href":"https:\/\/www.luleey.com\/pt\/wp-json\/wp\/v2\/product"}],"about":[{"href":"https:\/\/www.luleey.com\/pt\/wp-json\/wp\/v2\/types\/product"}],"replies":[{"embeddable":true,"href":"https:\/\/www.luleey.com\/pt\/wp-json\/wp\/v2\/comments?post=15867"}],"wp:featuredmedia":[{"embeddable":true,"href":"https:\/\/www.luleey.com\/pt\/wp-json\/wp\/v2\/media\/15869"}],"wp:attachment":[{"href":"https:\/\/www.luleey.com\/pt\/wp-json\/wp\/v2\/media?parent=15867"}],"wp:term":[{"taxonomy":"product_brand","embeddable":true,"href":"https:\/\/www.luleey.com\/pt\/wp-json\/wp\/v2\/product_brand?post=15867"},{"taxonomy":"product_cat","embeddable":true,"href":"https:\/\/www.luleey.com\/pt\/wp-json\/wp\/v2\/product_cat?post=15867"},{"taxonomy":"product_tag","embeddable":true,"href":"https:\/\/www.luleey.com\/pt\/wp-json\/wp\/v2\/product_tag?post=15867"}],"curies":[{"name":"wp","href":"https:\/\/api.w.org\/{rel}","templated":true}]}}