{"id":15870,"date":"2024-11-09T23:04:59","date_gmt":"2024-11-09T15:04:59","guid":{"rendered":"https:\/\/www.luleey.com\/?post_type=product&#038;p=15870"},"modified":"2025-06-22T15:19:37","modified_gmt":"2025-06-22T07:19:37","slug":"40g-qsfp-smf-qsfp40g-sr4-40km-40gbase-er4-qsfp-module-1310nm","status":"publish","type":"product","link":"https:\/\/www.luleey.com\/pt\/produto\/40g-qsfp-smf-qsfp40g-sr4-40km-40gbase-er4-qsfp-module-1310nm\/","title":{"rendered":"40G QSFP+ SMF QSFP+40G-SR4 40KM 40GBASE-ER4 QSFP+ Module 1310nm"},"content":{"rendered":"<h3>Recursos<\/h3>\n<ol>\n<li>Amplamente utilizado em switches \u00f3pticos QSFP+ 40G, placas de rede de fibra \u00f3ptica, servidores, paredes de prote\u00e7\u00e3o, roteadores, controladores industriais, placas de desenvolvimento FPGA e outros equipamentos<\/li>\n<li>Plug and Play<\/li>\n<li>Com diagn\u00f3sticos de dados DDM, baixo consumo de energia, para garantir a estabilidade do sinal e a transmiss\u00e3o em alta velocidade<\/li>\n<li>Marcas compat\u00edveis: totalmente compat\u00edvel<\/li>\n<\/ol>\n<h3>Especifica\u00e7\u00e3o<\/h3>\n<table style=\"width: 100%; height: 718px;\" width=\"323\">\n<tbody>\n<tr style=\"height: 53px;\">\n<td style=\"height: 53px;\" width=\"101\">Marca<\/td>\n<td style=\"height: 53px;\" width=\"222\">\u00a0LuLeey<\/td>\n<\/tr>\n<tr style=\"height: 53px;\">\n<td style=\"height: 53px;\">Local de origem<\/td>\n<td style=\"height: 53px;\">\u00a0China continental<\/td>\n<\/tr>\n<tr style=\"height: 53px;\">\n<td style=\"height: 53px;\">Modelo<\/td>\n<td style=\"height: 53px;\">\u00a0QSFP-40G-SR4<\/td>\n<\/tr>\n<tr style=\"height: 53px;\">\n<td style=\"height: 53px;\">Velocidade<\/td>\n<td style=\"height: 53px;\">\u00a040G<\/td>\n<\/tr>\n<tr style=\"height: 53px;\">\n<td style=\"height: 53px;\">Porto<\/td>\n<td style=\"height: 53px;\">LC duplo<\/td>\n<\/tr>\n<tr style=\"height: 53px;\">\n<td style=\"height: 53px;\">Dist\u00e2ncia<\/td>\n<td style=\"height: 53px;\">\u00a040 km<\/td>\n<\/tr>\n<tr style=\"height: 53px;\">\n<td style=\"height: 53px;\">Temperatura operacional<\/td>\n<td style=\"height: 53px;\">\u00a0-20~70\u00b0C<\/td>\n<\/tr>\n<tr style=\"height: 53px;\">\n<td style=\"height: 53px;\">Tens\u00e3o operacional<\/td>\n<td style=\"height: 53px;\">\u00a03.3V<\/td>\n<\/tr>\n<tr style=\"height: 53px;\">\n<td style=\"height: 53px;\">Modo<\/td>\n<td style=\"height: 53px;\">Modo \u00fanico<\/td>\n<\/tr>\n<tr style=\"height: 53px;\">\n<td style=\"height: 53px;\">Suporte a DDM<\/td>\n<td style=\"height: 53px;\">\u00a0Sim<\/td>\n<\/tr>\n<tr style=\"height: 53px;\">\n<td style=\"height: 53px;\">Pode ser trocado a quente<\/td>\n<td style=\"height: 53px;\">\u00a0Sim<\/td>\n<\/tr>\n<tr style=\"height: 82px;\">\n<td style=\"height: 82px;\">Marcas compat\u00edveis<\/td>\n<td style=\"height: 82px;\">\u00a0Totalmente compat\u00edvel, como HUAWEI\/H3C\/CISCO\/RUIJIE\/TP-LINK\/D-LINK\/HIKVISION\/ZTE\/JUNIPER\/DELL\/MIKROTIK\/INTEL\/MELANOX\/IBM...<\/td>\n<\/tr>\n<\/tbody>\n<\/table>\n<p>&nbsp;<\/p>","protected":false},"excerpt":{"rendered":"<ul class=\"a-unordered-list a-vertical a-spacing-mini\">\n<li class=\"a-spacing-mini\"><span class=\"a-list-item\">Totalmente compat\u00edvel: Compat\u00edvel com o QSFP-40G-ER4 da Arista Networks. OTN OTU3, Ethernet 40G, Infini-band, canal de fibra, SATA\/SAS3, compat\u00edvel com MSA.<\/span><\/li>\n<li class=\"a-spacing-mini\"><span class=\"a-list-item\">Transceptores de modo \u00fanico 40G QSFP+: Taxa de dados de 40 Gb\/s, conector LC duplex, comprimento de onda de 1310 nm. Comprimento m\u00e1ximo do link de 40 km em fibra de modo \u00fanico (SMF). Transmissor CWDM 4x10Gb\/s n\u00e3o resfriado, temperatura de trabalho: 0\u2103 ~ +70\u2103, pot\u00eancia Tx (DBM)\uff1a -2,7~4,5Tx Sens (DBM)\uff1a -19<\/span><\/li>\n<li class=\"a-spacing-mini\"><span class=\"a-list-item\">F\u00e1cil de usar: Plug and play, hot-pluggable. Suporte a DDM: O DDM permite monitorar as informa\u00e7\u00f5es cr\u00edticas para descobrir alguns problemas potenciais. Amplamente utilizado em switches de fibra, roteadores, NICs, servidores ou outros equipamentos de fibra \u00f3ptica com portas QSFP+ de 40 Gb.<\/span><\/li>\n<\/ul>","protected":false},"featured_media":15873,"comment_status":"open","ping_status":"closed","template":"","meta":[],"product_brand":[],"product_cat":[297],"product_tag":[660,658,278,663],"class_list":{"0":"post-15870","1":"product","2":"type-product","3":"status-publish","4":"has-post-thumbnail","6":"product_cat-qsfp28-qsfp-sfp28-100g-40g-25g","7":"product_tag-10km","8":"product_tag-40g-qsfp","9":"product_tag-optical-module","10":"product_tag-qsfp-40g-er4","12":"first","13":"instock","14":"shipping-taxable","15":"purchasable","16":"product-type-variable","17":"has-default-attributes"},"_links":{"self":[{"href":"https:\/\/www.luleey.com\/pt\/wp-json\/wp\/v2\/product\/15870","targetHints":{"allow":["GET"]}}],"collection":[{"href":"https:\/\/www.luleey.com\/pt\/wp-json\/wp\/v2\/product"}],"about":[{"href":"https:\/\/www.luleey.com\/pt\/wp-json\/wp\/v2\/types\/product"}],"replies":[{"embeddable":true,"href":"https:\/\/www.luleey.com\/pt\/wp-json\/wp\/v2\/comments?post=15870"}],"wp:featuredmedia":[{"embeddable":true,"href":"https:\/\/www.luleey.com\/pt\/wp-json\/wp\/v2\/media\/15873"}],"wp:attachment":[{"href":"https:\/\/www.luleey.com\/pt\/wp-json\/wp\/v2\/media?parent=15870"}],"wp:term":[{"taxonomy":"product_brand","embeddable":true,"href":"https:\/\/www.luleey.com\/pt\/wp-json\/wp\/v2\/product_brand?post=15870"},{"taxonomy":"product_cat","embeddable":true,"href":"https:\/\/www.luleey.com\/pt\/wp-json\/wp\/v2\/product_cat?post=15870"},{"taxonomy":"product_tag","embeddable":true,"href":"https:\/\/www.luleey.com\/pt\/wp-json\/wp\/v2\/product_tag?post=15870"}],"curies":[{"name":"wp","href":"https:\/\/api.w.org\/{rel}","templated":true}]}}