{"id":15876,"date":"2024-11-10T20:36:10","date_gmt":"2024-11-10T12:36:10","guid":{"rendered":"https:\/\/www.luleey.com\/?post_type=product&#038;p=15876"},"modified":"2025-02-10T22:31:42","modified_gmt":"2025-02-10T14:31:42","slug":"qsa-adapter-100g-qsfp28-to-25g-sfp28-converter-module","status":"publish","type":"product","link":"https:\/\/www.luleey.com\/pt\/produto\/qsa-adapter-100g-qsfp28-to-25g-sfp28-converter-module\/","title":{"rendered":"Adaptador QSA M\u00f3dulo conversor de 100G QSFP28 para 25G SFP28"},"content":{"rendered":"<h3>Recursos<\/h3>\r\n<ol>\r\n<li>Compatibilidade vers\u00e1til: Este produto oferece ampla compatibilidade com equipamentos compat\u00edveis com QSFP28 MSA de marcas renomadas, como Dell, Juniper, Arista, Extreme e muitas outras.<\/li>\r\n<li>Suporte abrangente a SFP28: O adaptador QSA foi projetado para se ajustar a todos os alcances de cabos e \u00f3pticas SFP28, incluindo SFP28-SR, SFP28-LR, cabo de cobre passivo SFP28 e cabo \u00f3ptico ativo SFP28.<\/li>\r\n<li>Convers\u00e3o econ\u00f4mica: O m\u00f3dulo adaptador de 100G para 25G permite uma migra\u00e7\u00e3o perfeita e econ\u00f4mica para 40 Gigabit Ethernet. Ele oferece uma op\u00e7\u00e3o para utilizar velocidades mais baixas e \u00e9 plug-and-play, sem necessidade de configura\u00e7\u00e3o.<\/li>\r\n<li>Desempenho est\u00e1vel: Com baixa perda de inser\u00e7\u00e3o, baixa diafonia e baixa emiss\u00e3o de EMI, esse produto apresenta um design de gabinete todo em metal e um mecanismo de travamento seguro. Ele opera em uma faixa de temperatura de -20 a 85\u00b0C, garantindo um desempenho est\u00e1vel.<\/li>\r\n<\/ol>\r\n<h3>Especifica\u00e7\u00e3o<\/h3>\r\n<table style=\"width: 100%; height: 665px;\" width=\"323\">\r\n<tbody>\r\n<tr style=\"height: 53px;\">\r\n<td style=\"height: 53px;\" width=\"101\">Marca<\/td>\r\n<td style=\"height: 53px;\" width=\"222\">\u00a0LuLeey<\/td>\r\n<\/tr>\r\n<tr style=\"height: 53px;\">\r\n<td style=\"height: 53px;\">Local de origem<\/td>\r\n<td style=\"height: 53px;\">\u00a0China continental<\/td>\r\n<\/tr>\r\n<tr style=\"height: 53px;\">\r\n<td style=\"height: 53px;\">Nome do produto<\/td>\r\n<td style=\"height: 53px;\">Adaptador QSA M\u00f3dulo conversor de 100G QSFP28 para 25G SFP28<\/td>\r\n<\/tr>\r\n<tr style=\"height: 53px;\">\r\n<td style=\"height: 53px;\">Velocidade<\/td>\r\n<td style=\"height: 53px;\">\u00a0100G a 25G<\/td>\r\n<\/tr>\r\n<tr style=\"height: 53px;\">\r\n<td style=\"height: 53px;\">Porto<\/td>\r\n<td style=\"height: 53px;\">QSFP para SFP28<\/td>\r\n<\/tr>\r\n<tr style=\"height: 82px;\">\r\n<td style=\"height: 82px;\">Marcas compat\u00edveis<\/td>\r\n<td style=\"height: 82px;\">\u00a0Totalmente compat\u00edvel, como HUAWEI\/H3C\/CISCO\/RUIJIE\/TP-LINK\/D-LINK\/HIKVISION\/ZTE\/JUNIPER\/DELL\/MIKROTIK\/INTEL\/MELANOX\/IBM...<\/td>\r\n<\/tr>\r\n<\/tbody>\r\n<\/table>\r\n<p>\u00a0<\/p>\r\n\r\n\r\n<a id=\"wd-6e07eaa6\" class=\"wp-block-wd-button btn btn-style-default btn-color-primary btn-size-default btn-shape-rectangle\" href=\"https:\/\/www.luleey.com\/\/wp-content\/uploads\/resource\/documents\/LuLeey%20QSFP28%20to%20SFP28%20Adapter%20(QSA)%20Module%20Datasheet%20V1.0.pdf\"><span>Folha de dados do m\u00f3dulo de adaptador QSFP28 para SFP28 (QSA) da LuLeey<\/span><\/a>\r\n\r\n\r\n\r\n<p><\/p>","protected":false},"excerpt":{"rendered":"<ul class=\"a-unordered-list a-vertical a-spacing-mini\">\n<li class=\"a-spacing-mini\">Adaptador QSA de 100G para 40G<\/li>\n<li class=\"a-spacing-mini\">M\u00f3dulo conversor de QSFP28 para 25G SFP28 QSFP para SFP28<\/li>\n<\/ul>","protected":false},"featured_media":15879,"comment_status":"open","ping_status":"closed","template":"","meta":[],"product_brand":[],"product_cat":[297],"product_tag":[664,666,665],"class_list":{"0":"post-15876","1":"product","2":"type-product","3":"status-publish","4":"has-post-thumbnail","6":"product_cat-qsfp28-qsfp-sfp28-100g-40g-25g","7":"product_tag-100g-qsfp28-to-25g-sfp28","8":"product_tag-100g-to-40g","9":"product_tag-qsa-adapter","11":"first","12":"instock","13":"shipping-taxable","14":"purchasable","15":"product-type-variable"},"_links":{"self":[{"href":"https:\/\/www.luleey.com\/pt\/wp-json\/wp\/v2\/product\/15876","targetHints":{"allow":["GET"]}}],"collection":[{"href":"https:\/\/www.luleey.com\/pt\/wp-json\/wp\/v2\/product"}],"about":[{"href":"https:\/\/www.luleey.com\/pt\/wp-json\/wp\/v2\/types\/product"}],"replies":[{"embeddable":true,"href":"https:\/\/www.luleey.com\/pt\/wp-json\/wp\/v2\/comments?post=15876"}],"wp:featuredmedia":[{"embeddable":true,"href":"https:\/\/www.luleey.com\/pt\/wp-json\/wp\/v2\/media\/15879"}],"wp:attachment":[{"href":"https:\/\/www.luleey.com\/pt\/wp-json\/wp\/v2\/media?parent=15876"}],"wp:term":[{"taxonomy":"product_brand","embeddable":true,"href":"https:\/\/www.luleey.com\/pt\/wp-json\/wp\/v2\/product_brand?post=15876"},{"taxonomy":"product_cat","embeddable":true,"href":"https:\/\/www.luleey.com\/pt\/wp-json\/wp\/v2\/product_cat?post=15876"},{"taxonomy":"product_tag","embeddable":true,"href":"https:\/\/www.luleey.com\/pt\/wp-json\/wp\/v2\/product_tag?post=15876"}],"curies":[{"name":"wp","href":"https:\/\/api.w.org\/{rel}","templated":true}]}}