{"id":15880,"date":"2024-11-10T21:16:03","date_gmt":"2024-11-10T13:16:03","guid":{"rendered":"https:\/\/www.luleey.com\/?post_type=product&#038;p=15880"},"modified":"2025-02-08T14:25:48","modified_gmt":"2025-02-08T06:25:48","slug":"qsa-adapter-40g-qsfp-to-10g-sfp-converter-module","status":"publish","type":"product","link":"https:\/\/www.luleey.com\/pt\/produto\/qsa-adapter-40g-qsfp-to-10g-sfp-converter-module\/","title":{"rendered":"Adaptador QSA M\u00f3dulo conversor de 40G QSFP+ para 10G SFP+"},"content":{"rendered":"<h3>Recursos<\/h3>\n<ol>\n<li>Compatibilidade vers\u00e1til: Aproveite a ampla compatibilidade, pois esse produto \u00e9 amplamente compat\u00edvel com equipamentos compat\u00edveis com SFF 8436 e QSFP MSA das principais marcas, como Mellanox, Dell, Juniper, Arista, Extreme, NOKIA, H3C e muitas outras.<br \/>\nSuporte abrangente a SFP+: O adaptador QSA \u00e9 perfeitamente adequado para todos os alcances de cabos e \u00f3pticas SFP+, incluindo SFP-10G-SR, SFP-10G-LR, SFP-10G-ER, SFP-10G-ZR, cabo de cobre 10G SFP+ e cabo \u00f3ptico ativo 10G SFP+.<br \/>\nConvers\u00e3o econ\u00f4mica: O m\u00f3dulo adaptador de 40G para 10G oferece uma migra\u00e7\u00e3o perfeita e econ\u00f4mica para 40 Gigabit Ethernet, fornecendo a op\u00e7\u00e3o de usar velocidades mais baixas. \u00c9 plug-and-play, sem necessidade de configura\u00e7\u00e3o.<br \/>\nDesempenho est\u00e1vel: Com baixa perda de inser\u00e7\u00e3o, baixa diafonia e baixa emiss\u00e3o de EMI, esse produto apresenta um design de gabinete todo em metal e um mecanismo de travamento seguro. Ele opera em uma faixa de temperatura de -20 a 85\u00b0C, garantindo um desempenho est\u00e1vel e confi\u00e1vel.<\/li>\n<\/ol>\n<h3>Especifica\u00e7\u00e3o<\/h3>\n<table style=\"width: 100%; height: 665px;\" width=\"323\">\n<tbody>\n<tr style=\"height: 53px;\">\n<td style=\"height: 53px;\" width=\"101\">Marca<\/td>\n<td style=\"height: 53px;\" width=\"222\">\u00a0LuLeey<\/td>\n<\/tr>\n<tr style=\"height: 53px;\">\n<td style=\"height: 53px;\">Local de origem<\/td>\n<td style=\"height: 53px;\">\u00a0China continental<\/td>\n<\/tr>\n<tr style=\"height: 53px;\">\n<td style=\"height: 53px;\">Nome do produto<\/td>\n<td style=\"height: 53px;\">Adaptador QSA M\u00f3dulo conversor de 40G QSFP+ para 10G SFP+<\/td>\n<\/tr>\n<tr style=\"height: 53px;\">\n<td style=\"height: 53px;\">Velocidade<\/td>\n<td style=\"height: 53px;\">\u00a040G a 10G<\/td>\n<\/tr>\n<tr style=\"height: 53px;\">\n<td style=\"height: 53px;\">Porto<\/td>\n<td style=\"height: 53px;\">QSFP+ para SFP+<\/td>\n<\/tr>\n<tr style=\"height: 82px;\">\n<td style=\"height: 82px;\">Marcas compat\u00edveis<\/td>\n<td style=\"height: 82px;\">\u00a0Totalmente compat\u00edvel, como HUAWEI\/H3C\/CISCO\/RUIJIE\/TP-LINK\/D-LINK\/HIKVISION\/ZTE\/JUNIPER\/DELL\/MIKROTIK\/INTEL\/MELANOX\/IBM...<\/td>\n<\/tr>\n<\/tbody>\n<\/table>\n<p>&nbsp;<\/p>","protected":false},"excerpt":{"rendered":"<ul class=\"a-unordered-list a-vertical a-spacing-mini\">\n<li class=\"a-spacing-mini\">Adaptador QSA de 40G para 10G<\/li>\n<li class=\"a-spacing-mini\">M\u00f3dulo conversor de 40G QSFP+ para 10G SFP+ QSFP+ para SFP+<\/li>\n<\/ul>","protected":false},"featured_media":15878,"comment_status":"open","ping_status":"closed","template":"","meta":[],"product_brand":[],"product_cat":[297],"product_tag":[667,668,665],"class_list":{"0":"post-15880","1":"product","2":"type-product","3":"status-publish","4":"has-post-thumbnail","6":"product_cat-qsfp28-qsfp-sfp28-100g-40g-25g","7":"product_tag-40g-qsfp-to-10g-sfp","8":"product_tag-40g-to-10g","9":"product_tag-qsa-adapter","11":"first","12":"instock","13":"shipping-taxable","14":"purchasable","15":"product-type-variable","16":"has-default-attributes"},"_links":{"self":[{"href":"https:\/\/www.luleey.com\/pt\/wp-json\/wp\/v2\/product\/15880","targetHints":{"allow":["GET"]}}],"collection":[{"href":"https:\/\/www.luleey.com\/pt\/wp-json\/wp\/v2\/product"}],"about":[{"href":"https:\/\/www.luleey.com\/pt\/wp-json\/wp\/v2\/types\/product"}],"replies":[{"embeddable":true,"href":"https:\/\/www.luleey.com\/pt\/wp-json\/wp\/v2\/comments?post=15880"}],"wp:featuredmedia":[{"embeddable":true,"href":"https:\/\/www.luleey.com\/pt\/wp-json\/wp\/v2\/media\/15878"}],"wp:attachment":[{"href":"https:\/\/www.luleey.com\/pt\/wp-json\/wp\/v2\/media?parent=15880"}],"wp:term":[{"taxonomy":"product_brand","embeddable":true,"href":"https:\/\/www.luleey.com\/pt\/wp-json\/wp\/v2\/product_brand?post=15880"},{"taxonomy":"product_cat","embeddable":true,"href":"https:\/\/www.luleey.com\/pt\/wp-json\/wp\/v2\/product_cat?post=15880"},{"taxonomy":"product_tag","embeddable":true,"href":"https:\/\/www.luleey.com\/pt\/wp-json\/wp\/v2\/product_tag?post=15880"}],"curies":[{"name":"wp","href":"https:\/\/api.w.org\/{rel}","templated":true}]}}