{"id":16612,"date":"2024-12-15T14:42:33","date_gmt":"2024-12-15T06:42:33","guid":{"rendered":"https:\/\/www.luleey.com\/?post_type=product&#038;p=16612"},"modified":"2024-12-17T10:53:11","modified_gmt":"2024-12-17T02:53:11","slug":"8xsfp-l2-web-managed-switch","status":"publish","type":"product","link":"https:\/\/www.luleey.com\/pt\/produto\/8xsfp-l2-web-managed-switch\/","title":{"rendered":"Switch gerenciado pela Web 8xSFP+ L2+"},"content":{"rendered":"<div class=\"title--wrap--Ms9Zv4A\">\n<h3>Recursos<\/h3>\n<ul>\n<li>8 portas 10G SFP+, suportam taxa de 1,25G\/2,5G\/10G, podem ser configuradas na WEB.<\/li>\n<li>Suporte ao gerenciamento da WEB, realiza\u00e7\u00e3o da configura\u00e7\u00e3o, monitoramento e solu\u00e7\u00e3o de problemas do dispositivo.<\/li>\n<li>Carca\u00e7a met\u00e1lica para dissipa\u00e7\u00e3o eficiente de calor.<\/li>\n<li>Chip de rede de alta velocidade.<\/li>\n<li>Suporta agrega\u00e7\u00e3o de links LACP e VLAN 802.1Q.<\/li>\n<li>Design resistente a altas e baixas temperaturas.<\/li>\n<li>Adota o mecanismo de armazenamento e encaminhamento e integra um cache de alta capacidade para garantir que todas as portas possam realizar o encaminhamento de 10 Gigabit.<\/li>\n<li>Capacidade de comuta\u00e7\u00e3o de 160 Gbps, design de IC de alta qualidade, chip IC com forte capacidade de banda larga.<\/li>\n<\/ul>\n<\/div>\n<h3>Especifica\u00e7\u00e3o<\/h3>\n<table style=\"width: 77.1409%;\" width=\"323\">\n<tbody>\n<tr>\n<td style=\"width: 28.6673%;\" width=\"101\">Marca<\/td>\n<td style=\"width: 70.5657%;\" width=\"222\">\u00a0LuLeey<\/td>\n<\/tr>\n<tr>\n<td style=\"width: 28.6673%;\">Local de origem<\/td>\n<td style=\"width: 70.5657%;\">\u00a0China continental<\/td>\n<\/tr>\n<tr>\n<td style=\"width: 28.6673%;\">Modelo<\/td>\n<td style=\"width: 70.5657%;\">LL-L2+MES-8SFP+<\/td>\n<\/tr>\n<tr>\n<td style=\"width: 28.6673%;\">Nome do produto<\/td>\n<td style=\"width: 70.5657%;\">Switch gerenciado pela Web 8xSFP+ L2+<\/td>\n<\/tr>\n<tr>\n<td style=\"width: 28.6673%;\">Defini\u00e7\u00e3o de porta<\/td>\n<td style=\"width: 70.5657%;\">\u00a08x10G SFP+ (suporta 1,25G\/2,5G\/10G)<\/td>\n<\/tr>\n<tr>\n<td style=\"width: 28.6673%;\">Capacidade de comuta\u00e7\u00e3o<\/td>\n<td style=\"width: 70.5657%;\">\u00a0160Gbps<\/td>\n<\/tr>\n<tr>\n<td style=\"width: 28.6673%;\">Taxa de encaminhamento de pacotes<\/td>\n<td style=\"width: 70.5657%;\">\u00a0119,04Mpps<\/td>\n<\/tr>\n<tr>\n<td style=\"width: 28.6673%;\">Cache de pacotes<\/td>\n<td style=\"width: 70.5657%;\">\u00a012Mbit<\/td>\n<\/tr>\n<tr>\n<td style=\"width: 28.6673%;\">Tabela de endere\u00e7os MAC<\/td>\n<td style=\"width: 70.5657%;\">\u00a016K<\/td>\n<\/tr>\n<tr>\n<td style=\"width: 28.6673%;\">VLAN<\/td>\n<td style=\"width: 70.5657%;\">\u00a0intervalo de 1-4094, VLAN ativa m\u00e1xima 4K<\/td>\n<\/tr>\n<tr>\n<td style=\"width: 28.6673%;\">Programa de chip<\/td>\n<td style=\"width: 70.5657%;\">\u00a0RTL9303<\/td>\n<\/tr>\n<tr>\n<td style=\"width: 28.6673%;\">Fonte de alimenta\u00e7\u00e3o<\/td>\n<td style=\"width: 70.5657%;\">\u00a0DC 12V2A<\/td>\n<\/tr>\n<tr>\n<td style=\"width: 28.6673%;\">Protocolo de rede<\/td>\n<td style=\"width: 70.5657%;\">\u00a0IEEE802.3,IEEE802.3i,IEEE802.3u,IEEE802.3ab,IEEE802.3z,IEEE802.3z,IEEE802.3x,IEEE802.3az,IEEE802.3ae,IEEE802.3bz<\/td>\n<\/tr>\n<tr>\n<td style=\"width: 28.6673%;\">Temperatura operacional<\/td>\n<td style=\"width: 70.5657%;\">\u00a00~40\u2103<\/td>\n<\/tr>\n<tr>\n<td style=\"width: 28.6673%;\">Temperatura de armazenamento<\/td>\n<td style=\"width: 70.5657%;\">\u00a0-40~70\u2103<\/td>\n<\/tr>\n<tr>\n<td style=\"width: 28.6673%;\">Umidade operacional<\/td>\n<td style=\"width: 70.5657%;\">\u00a010%~90%, non-condensing<\/td>\n<\/tr>\n<tr>\n<td style=\"width: 28.6673%;\">Umidade de armazenamento<\/td>\n<td style=\"width: 70.5657%;\">\u00a05%~95%, sem condensa\u00e7\u00e3o<\/td>\n<\/tr>\n<tr>\n<td style=\"width: 28.6673%;\">Tamanho do produto<\/td>\n<td style=\"width: 70.5657%;\">\u00a0220*125*28mm<\/td>\n<\/tr>\n<\/tbody>\n<\/table>","protected":false},"excerpt":{"rendered":"<p>1. Conectividade ultrarr\u00e1pida de 10 Gbps: O switch gerenciado de 8 portas 10Gb apresenta 8 portas SFP+ de 10x10Gb, proporcionando escalabilidade e flexibilidade excepcionais para redes 10G de alta densidade.<br \/>\n*Observa\u00e7\u00e3o: a taxa padr\u00e3o da porta do switch \u00e9 10G\/2,5G adapt\u00e1vel; s\u00e3o necess\u00e1rias configura\u00e7\u00f5es manuais para 10G\/1000M na p\u00e1gina de gerenciamento.<\/p>\n<p>2. Gerenciamento Web f\u00e1cil de 10G: Gerencie seu switch web de 10Gb sem esfor\u00e7o por meio de uma interface web intuitiva, permitindo o acesso ao status e \u00e0s configura\u00e7\u00f5es do dispositivo, incluindo Link Aggregation, LACP, Storm Control, Port Mirroring, Gerenciamento de VLAN, Endere\u00e7o MAC, Spanning Tree Protocol, Multicast, QoS, DHCP Snooping, SNMP e RSTP.<br \/>\n*Observa\u00e7\u00e3o: defina o endere\u00e7o IP via IPv4 antes de fazer o login.<\/p>\n<p>3. Impressionante largura de banda de 160 G: esse switch oferece uma robusta **largura de banda de backplane de 160 G**, gerenciando com efici\u00eancia cargas de tr\u00e1fego pesado e garantindo opera\u00e7\u00f5es tranquilas durante o pico de uso.<\/p>\n<p>4. Switch SFP+ montado na parede: Projetado para oferecer versatilidade, esse switch multigigabit suporta montagem na parede, apresenta um design de resfriamento bilateral sem ventilador e \u00e9 constru\u00eddo com um inv\u00f3lucro de metal de alta qualidade para aumentar a durabilidade e a experi\u00eancia do usu\u00e1rio.<\/p>\n<p>5. Desempenho pronto para o futuro: Desbloqueie o potencial de sua rede com nosso abrangente manual da Web e eleve sua experi\u00eancia em jogos com velocidade e simplicidade.<\/p>","protected":false},"featured_media":16613,"comment_status":"open","ping_status":"closed","template":"","meta":[],"product_brand":[],"product_cat":[258],"product_tag":[791,322],"class_list":{"0":"post-16612","1":"product","2":"type-product","3":"status-publish","4":"has-post-thumbnail","6":"product_cat-managed-switches","7":"product_tag-managed-switch","8":"product_tag-sfp","10":"first","11":"instock","12":"shipping-taxable","13":"purchasable","14":"product-type-variable"},"_links":{"self":[{"href":"https:\/\/www.luleey.com\/pt\/wp-json\/wp\/v2\/product\/16612","targetHints":{"allow":["GET"]}}],"collection":[{"href":"https:\/\/www.luleey.com\/pt\/wp-json\/wp\/v2\/product"}],"about":[{"href":"https:\/\/www.luleey.com\/pt\/wp-json\/wp\/v2\/types\/product"}],"replies":[{"embeddable":true,"href":"https:\/\/www.luleey.com\/pt\/wp-json\/wp\/v2\/comments?post=16612"}],"wp:featuredmedia":[{"embeddable":true,"href":"https:\/\/www.luleey.com\/pt\/wp-json\/wp\/v2\/media\/16613"}],"wp:attachment":[{"href":"https:\/\/www.luleey.com\/pt\/wp-json\/wp\/v2\/media?parent=16612"}],"wp:term":[{"taxonomy":"product_brand","embeddable":true,"href":"https:\/\/www.luleey.com\/pt\/wp-json\/wp\/v2\/product_brand?post=16612"},{"taxonomy":"product_cat","embeddable":true,"href":"https:\/\/www.luleey.com\/pt\/wp-json\/wp\/v2\/product_cat?post=16612"},{"taxonomy":"product_tag","embeddable":true,"href":"https:\/\/www.luleey.com\/pt\/wp-json\/wp\/v2\/product_tag?post=16612"}],"curies":[{"name":"wp","href":"https:\/\/api.w.org\/{rel}","templated":true}]}}