{"id":16797,"date":"2024-12-30T21:20:17","date_gmt":"2024-12-30T13:20:17","guid":{"rendered":"https:\/\/www.luleey.com\/?post_type=product&#038;p=16797"},"modified":"2025-01-21T10:39:56","modified_gmt":"2025-01-21T02:39:56","slug":"8ge-gigabit-epon-olt","status":"publish","type":"product","link":"https:\/\/www.luleey.com\/pt\/produto\/8ge-gigabit-epon-olt\/","title":{"rendered":"OLT EPON Gigabit 8GE"},"content":{"rendered":"<h3>Recursos<\/h3>\n<p data-key=\"23\" data-slate-type=\"p\" data-style=\"{}\"><span class=\"slate-node-text\" data-key=\"24\"><span data-offset-key=\"24:0\">O equipamento OLT de 8 portas pode cooperar com a ONU e a rede de distribui\u00e7\u00e3o \u00f3ptica passiva (ODN) para formar uma rede \u00f3ptica passiva e realizar o gerenciamento de desempenho, o gerenciamento de falhas e o gerenciamento de configura\u00e7\u00e3o do equipamento. Ele adota o design de montagem em rack 1U, suporta 8 sistemas SFP EPON, suporta 4 portas \u00f3pticas Gigabit e 4 portas Gigabit Combo (ou seja, porta \u00f3ptica SFP de 1000M e interc\u00e2mbio de porta el\u00e9trica RJ45 adapt\u00e1vel de 1000M) uplink, em 1: 8 portas PON sob 64 divis\u00f5es podem suportar at\u00e9 512 acessos de dispositivos ONU. No caso de alta largura de banda, uma dist\u00e2ncia de transmiss\u00e3o de 20 km \u00e9 garantida, pode fornecer recursos de encaminhamento de camada L2 de velocidade total e suporta gerenciamento de interface gr\u00e1fica SNMP.<\/span><\/span><\/p>\n<p data-key=\"25\" data-slate-type=\"p\" data-style=\"{}\" data-spm-anchor-id=\"5261.product_publish.0.i27.42324edf4rB1gC\" data-slate-fragment=\"JTdCJTIyb2JqZWN0JTIyJTNBJTIyZG9jdW1lbnQlMjIlMkMlMjJkYXRhJTIyJTNBJTdCJTdEJTJDJTIybm9kZXMlMjIlM0ElNUIlN0IlMjJvYmplY3QlMjIlM0ElMjJibG9jayUyMiUyQyUyMnR5cGUlMjIlM0ElMjJkaXYlMjIlMkMlMjJpc1ZvaWQlMjIlM0FmYWxzZSUyQyUyMmRhdGElMjIlM0ElN0IlMjJjbGFzc05hbWUlMjIlM0ElMjJkZXRhaWxtb2R1bGVfaHRtbCUyMiU3RCUyQyUyMm5vZGVzJTIyJTNBJTVCJTdCJTIyb2JqZWN0JTIyJTNBJTIyYmxvY2slMjIlMkMlMjJ0eXBlJTIyJTNBJTIyZGl2JTIyJTJDJTIyaXNWb2lkJTIyJTNBZmFsc2UlMkMlMjJkYXRhJTIyJTNBJTdCJTIyY2xhc3NOYW1lJTIyJTNBJTIyZGV0YWlsLWRlc2MtZGVjb3JhdGUtcmljaHRleHQlMjIlN0QlMkMlMjJub2RlcyUyMiUzQSU1QiU3QiUyMm9iamVjdCUyMiUzQSUyMmJsb2NrJTIyJTJDJTIydHlwZSUyMiUzQSUyMmRpdiUyMiUyQyUyMmlzVm9pZCUyMiUzQWZhbHNlJTJDJTIyZGF0YSUyMiUzQSU3QiU3RCUyQyUyMm5vZGVzJTIyJTNBJTVCJTdCJTIyb2JqZWN0JTIyJTNBJTIyYmxvY2slMjIlMkMlMjJ0eXBlJTIyJTNBJTIyZGl2JTIyJTJDJTIyaXNWb2lkJTIyJTNBZmFsc2UlMkMlMjJkYXRhJTIyJTNBJTdCJTIyaWQlMjIlM0ElMjJvZmZlci10ZW1wbGF0ZS0wJTIyJTdEJTJDJTIybm9kZXMlMjIlM0ElNUIlN0IlMjJvYmplY3QlMjIlM0ElMjJibG9jayUyMiUyQyUyMnR5cGUlMjIlM0ElMjJkaXYlMjIlMkMlMjJpc1ZvaWQlMjIlM0FmYWxzZSUyQyUyMmRhdGElMjIlM0ElN0IlMjJhbGlnbiUyMiUzQSUyMnN0YXJ0JTIyJTJDJTIyc3R5bGUlMjIlM0ElN0IlMjJmb250RmFtaWx5JTIyJTNBJTIyJTVDJTIyT3BlbiUyMFNhbnMlNUMlMjIlMkMlMjBBcmlhbCUyQyUyMEhlbHZldGljYSUyQyUyMHNhbnMtc2VyaWYlMkMlMjBIZWl0aSUyMiUyQyUyMmZvbnRTaXplJTIyJTNBJTIyMTRweCUyMiUyQyUyMmZvbnRXZWlnaHQlMjIlM0ElMjI0MDAlMjIlMkMlMjJsZXR0ZXJTcGFjaW5nJTIyJTNBJTIybm9ybWFsJTIyJTJDJTIydGV4dEFsaWduJTIyJTNBJTIyc3RhcnQlMjIlMkMlMjJ3aGl0ZVNwYWNlJTIyJTNBJTIybm9ybWFsJTIyJTJDJTIyY29sb3IlMjIlM0ElMjJyZ2IoMCUyQyUyMDAlMkMlMjAwKSUyMiUyQyUyMmJhY2tncm91bmRDb2xvciUyMiUzQSUyMnJnYigyNTUlMkMlMjAyNTUlMkMlMjAyNTUpJTIyJTJDJTIybWFyZ2luJTIyJTNBJTIyMHB4JTIyJTJDJTIybWFyZ2luQm90dG9tJTIyJTNBJTIyMHB4JTIyJTJDJTIybWFyZ2luVG9wJTIyJTNBJTIyMHB4JTIyJTJDJTIybWFyZ2luTGVmdCUyMiUzQSUyMjBweCUyMiUyQyUyMm1hcmdpblJpZ2h0JTIyJTNBJTIyMHB4JTIyJTJDJTIycGFkZGluZyUyMiUzQSUyMjBweCUyMDBweCUyMDBweCUyMDBlbSUyMiUyQyUyMnBhZGRpbmdCb3R0b20lMjIlM0ElMjIwcHglMjIlMkMlMjJwYWRkaW5nVG9wJTIyJTNBJTIyMHB4JTIyJTJDJTIycGFkZGluZ1JpZ2h0JTIyJTNBJTIyMHB4JTIyJTdEJTdEJTJDJTIybm9kZXMlMjIlM0ElNUIlN0IlMjJvYmplY3QlMjIlM0ElMjJibG9jayUyMiUyQyUyMnR5cGUlMjIlM0ElMjJkaXYlMjIlMkMlMjJpc1ZvaWQlMjIlM0FmYWxzZSUyQyUyMmRhdGElMjIlM0ElN0IlMjJsaW5lSGVpZ2h0JTIyJTNBJTIyaW5oZXJpdCUyMiUyQyUyMnN0eWxlJTIyJTNBJTdCJTIyZm9udEZhbWlseSUyMiUzQSUyMiU1QyUyMk9wZW4lMjBTYW5zJTVDJTIyJTJDJTIwQXJpYWwlMkMlMjBIZWx2ZXRpY2ElMkMlMjBzYW5zLXNlcmlmJTJDJTIwSGVpdGklMjIlMkMlMjJmb250U2l6ZSUyMiUzQSUyMjE0cHglMjIlMkMlMjJmb250V2VpZ2h0JTIyJTNBJTIyNDAwJTIyJTJDJTIybGV0dGVyU3BhY2luZyUyMiUzQSUyMm5vcm1hbCUyMiUyQyUyMmxpbmVIZWlnaHQlMjIlM0ElMjJpbmhlcml0JTIyJTJDJTIyd2hpdGVTcGFjZSUyMiUzQSUyMm5vcm1hbCUyMiUyQyUyMmNvbG9yJTIyJTNBJTIycmdiKDAlMkMlMjAwJTJDJTIwMCklMjIlMkMlMjJiYWNrZ3JvdW5kQ29sb3IlMjIlM0ElMjJyZ2IoMjU1JTJDJTIwMjU1JTJDJTIwMjU1KSUyMiUyQyUyMm1hcmdpbiUyMiUzQSUyMjBweCUyMiUyQyUyMm1hcmdpbkJvdHRvbSUyMiUzQSUyMjBweCUyMiUyQyUyMm1hcmdpblRvcCUyMiUzQSUyMjBweCUyMiUyQyUyMm1hcmdpbkxlZnQlMjIlM0ElMjIwcHglMjIlMkMlMjJtYXJnaW5SaWdodCUyMiUzQSUyMjBweCUyMiUyQyUyMnBhZGRpbmclMjIlM0ElMjIwcHglMjIlMkMlMjJwYWRkaW5nQm90dG9tJTIyJTNBJTIyMHB4JTIyJTJDJTIycGFkZGluZ1RvcCUyMiUzQSUyMjBweCUyMiUyQyUyMnBhZGRpbmdMZWZ0JTIyJTNBJTIyMHB4JTIyJTJDJTIycGFkZGluZ1JpZ2h0JTIyJTNBJTIyMHB4JTIyJTJDJTIyYm94U2l6aW5nJTIyJTNBJTIyYm9yZGVyLWJveCUyMiU3RCU3RCUyQyUyMm5vZGVzJTIyJTNBJTVCJTdCJTIyb2JqZWN0JTIyJTNBJTIyYmxvY2slMjIlMkMlMjJ0eXBlJTIyJTNBJTIycGFyYWdyYXBoJTIyJTJDJTIyaXNWb2lkJTIyJTNBZmFsc2UlMkMlMjJkYXRhJTIyJTNBJTdCJTdEJTJDJTIybm9kZXMlMjIlM0ElNUIlN0IlMjJvYmplY3QlMjIlM0ElMjJ0ZXh0JTIyJTJDJTIybGVhdmVzJTIyJTNBJTVCJTdCJTIyb2JqZWN0JTIyJTNBJTIybGVhZiUyMiUyQyUyMnRleHQlMjIlM0ElMjI4LXBvcnQlMjBPTFQlMjBlcXVpcG1lbnQlMjBjYW4lMjBjb29wZXJhdGUlMjB3aXRoJTIwT05VJTIwYW5kJTIwcGFzc2l2ZSUyMG9wdGljYWwlMjBkaXN0cmlidXRpb24lMjBuZXR3b3JrJTIwKE9ETiklMjB0byUyMGZvcm0lMjBhJTIwcGFzc2l2ZSUyMG9wdGljYWwlMjBuZXR3b3JrJTIwdG8lMjByZWFsaXplJTIwdGhlJTIwcGVyZm9ybWFuY2UlMjBtYW5hZ2VtZW50JTJDJTIwZmF1bHQlMjBtYW5hZ2VtZW50JTIwYW5kJTIwY29uZmlndXJhdGlvbiUyMG1hbmFnZW1lbnQlMjBvZiUyMHRoZSUyMGVxdWlwbWVudC4lMjBJdCUyMGFkb3B0cyUyMDFVJTIwcmFjay1tb3VudCUyMGRlc2lnbiUyQyUyMHN1cHBvcnRzJTIwOCUyMFNGUCUyMEVQT04lMjBzeXN0ZW1zJTJDJTIwc3VwcG9ydHMlMjA0JTIwR2lnYWJpdCUyMG9wdGljYWwlMjBwb3J0cyUyMGFuZCUyMDQlMjBHaWdhYml0JTIwQ29tYm8lMjBwb3J0cyUyMChpZSUyMDEwMDBNJTIwU0ZQJTIwb3B0aWNhbCUyMHBvcnQlMjBhbmQlMjAxMDAwTSUyMGFkYXB0aXZlJTIwUko0NSUyMGVsZWN0cmljYWwlMjBwb3J0JTIwaW50ZXJjaGFuZ2UpJTIwdXBsaW5rJTJDJTIwYXQlMjAxJTNBJTIwOCUyMFBPTiUyMHBvcnRzJTIwdW5kZXIlMjA2NCUyMHNwbGl0dGluZyUyMGNhbiUyMHN1cHBvcnQlMjB1cCUyMHRvJTIwNTEyJTIwT05VJTIwZGV2aWNlJTIwYWNjZXNzLiUyMEluJTIwdGhlJTIwY2FzZSUyMG9mJTIwaGlnaCUyMGJhbmR3aWR0aCUyQyUyMGElMjB0cmFuc21pc3Npb24lMjBkaXN0YW5jZSUyMG9mJTIwMjBrbSUyMGlzJTIwZ3VhcmFudGVlZCUyQyUyMGNhbiUyMHByb3ZpZGUlMjBmdWxsLWxpbmUtc3BlZWQlMjBMMiUyMGxheWVyJTIwZm9yd2FyZGluZyUyMGNhcGFiaWxpdGllcyUyQyUyMGFuZCUyMHN1cHBvcnRzJTIwU05NUCUyMGdyYXBoaWNhbCUyMGludGVyZmFjZSUyMG1hbmFnZW1lbnQuJTIyJTJDJTIybWFya3MlMjIlM0ElNUIlN0IlMjJvYmplY3QlMjIlM0ElMjJtYXJrJTIyJTJDJTIydHlwZSUyMiUzQSUyMkNPTU1PTlNUWUxFJTIyJTJDJTIyZGF0YSUyMiUzQSU3QiUyMmZvbnRGYW1pbHklMjIlM0ElMjJnZW9yZ2lhJTJDJTIwc2VyaWYlMjIlN0QlN0QlNUQlN0QlNUQlN0QlNUQlN0QlMkMlN0IlMjJvYmplY3QlMjIlM0ElMjJibG9jayUyMiUyQyUyMnR5cGUlMjIlM0ElMjJwYXJhZ3JhcGglMjIlMkMlMjJpc1ZvaWQlMjIlM0FmYWxzZSUyQyUyMmRhdGElMjIlM0ElN0IlN0QlMkMlMjJub2RlcyUyMiUzQSU1QiU3QiUyMm9iamVjdCUyMiUzQSUyMnRleHQlMjIlMkMlMjJsZWF2ZXMlMjIlM0ElNUIlN0IlMjJvYmplY3QlMjIlM0ElMjJsZWFmJTIyJTJDJTIydGV4dCUyMiUzQSUyMkl0JTIwaXMlMjBtYWlubHklMjBzdWl0YWJsZSUyMGZvciUyMGElMjBzbWFsbCUyMG51bWJlciUyMG9mJTIwdXNlcnMlMjBzdWNoJTIwYXMlMjB0b3duJTIwYW5kJTIwdmlsbGFnZS1sZXZlbCUyMG9wdGljYWwlMjBmaWJlciUyMG5ldHdvcmslMjBhY2Nlc3MuJTIwSXQlMjBwcm92aWRlcyUyMGhpZ2glMjBiYW5kd2lkdGglMjBhbmQlMjBoaWdoJTIwaW50ZWdyYXRpb24lMjBndWFyYW50ZWUlMjBmb3IlMjBiYW5kd2lkdGglMjBhY2Nlc3MlMjB3aGlsZSUyMHJlZHVjaW5nJTIwbmV0d29yayUyMGNvbnN0cnVjdGlvbiUyMGNvc3RzLiUyMEl0JTIwY2FuJTIwYWxzbyUyMGJlJTIwYXBwbGllZCUyMHRvJTIwRlRUeCUyMHByb2plY3RzJTIwdG8lMjBhY2hpZXZlJTIwZmliZXIlMjB0byUyMHRoZSUyMGhvbWUlMjBhbmQlMjBjb21wbGV0ZSUyMElQJTIwQWNjZXNzJTIwdG8lMjBzZXJ2aWNlcyUyMHN1Y2glMjBhcyUyMHRlbGVwaG9uZSUyQyUyMGJyb2FkYmFuZCUyMGRhdGElMkMlMjBhbmQlMjBJUFRWLiUyMiUyQyUyMm1hcmtzJTIyJTNBJTVCJTdCJTIyb2JqZWN0JTIyJTNBJTIybWFyayUyMiUyQyUyMnR5cGUlMjIlM0ElMjJDT01NT05TVFlMRSUyMiUyQyUyMmRhdGElMjIlM0ElN0IlMjJmb250RmFtaWx5JTIyJTNBJTIyZ2VvcmdpYSUyQyUyMHNlcmlmJTIyJTdEJTdEJTVEJTdEJTVEJTdEJTVEJTdEJTVEJTdEJTVEJTdEJTVEJTdEJTVEJTdEJTVEJTdEJTVEJTdEJTVEJTdE\"><span class=\"slate-node-text\" data-key=\"26\"><span data-offset-key=\"26:0\">Ele \u00e9 adequado principalmente para um pequeno n\u00famero de usu\u00e1rios, como acesso \u00e0 rede de fibra \u00f3ptica em n\u00edvel de cidade e vilarejo. Ele oferece alta largura de banda e garantia de alta integra\u00e7\u00e3o para acesso \u00e0 largura de banda, al\u00e9m de reduzir os custos de constru\u00e7\u00e3o da rede. Tamb\u00e9m pode ser aplicado a projetos FTTx para obter fibra at\u00e9 a resid\u00eancia e acesso IP completo a servi\u00e7os como telefone, dados de banda larga e IPTV.<\/span><\/span><\/p>\n<h3>Especifica\u00e7\u00e3o<\/h3>\n<table width=\"731\">\n<tbody>\n<tr>\n<td width=\"168\">Marca<\/td>\n<td width=\"563\">LuLeey<\/td>\n<\/tr>\n<tr>\n<td width=\"168\">Nome do produto<\/td>\n<td width=\"563\">OLT EPON Gigabit 8GE<\/td>\n<\/tr>\n<tr>\n<td width=\"168\">Comprimento de onda de trabalho<\/td>\n<td>\u00a01310 (RX)\/1490 (TX)<\/td>\n<\/tr>\n<tr>\n<td width=\"168\">Pot\u00eancia \u00f3ptica<\/td>\n<td>\u00a0+3~ +10dBm<\/td>\n<\/tr>\n<tr>\n<td width=\"168\">Sensibilidade de recep\u00e7\u00e3o<\/td>\n<td>\u00a0-27dBm<\/td>\n<\/tr>\n<tr>\n<td width=\"168\">Dist\u00e2ncia m\u00e1xima de transmiss\u00e3o<\/td>\n<td>\u00a020 km<\/td>\n<\/tr>\n<tr>\n<td width=\"168\">Taxa m\u00e1xima de divis\u00e3o<\/td>\n<td>1:64<\/td>\n<\/tr>\n<tr>\n<td width=\"168\">Capacidade da m\u00e1quina<\/td>\n<td>\u00a0suporte a at\u00e9 512 modems \u00f3pticos ONU<\/td>\n<\/tr>\n<tr>\n<td width=\"168\">Largura de banda do backplane<\/td>\n<td>\u00a0128G<\/td>\n<\/tr>\n<tr>\n<td width=\"168\">Tabela de endere\u00e7os MAC<\/td>\n<td>\u00a032K<\/td>\n<\/tr>\n<tr>\n<td width=\"168\">Interface de uplink<\/td>\n<td>\u00a0Uplink de portas \u00f3pticas SFP de 4 gigabits + uplink de portas Combo de multiplexa\u00e7\u00e3o fotoel\u00e9trica de 4 gigabits<\/td>\n<\/tr>\n<tr>\n<td width=\"168\">Interface PON<\/td>\n<td>\u00a08 interfaces SC PON<\/td>\n<\/tr>\n<tr>\n<td width=\"168\">Interface de gerenciamento<\/td>\n<td>\u00a0SNMP, TELNET, gerenciamento dentro da banda, gerenciamento fora da banda<\/td>\n<\/tr>\n<tr>\n<td width=\"168\">MTBF<\/td>\n<td>\u00a0100.000 horas<\/td>\n<\/tr>\n<tr>\n<td width=\"168\">Recursos do EPON<\/td>\n<td width=\"563\">IEEE802.3ah<br \/>\nSuporte ao monitoramento da largura de banda do link e \u00e0 detec\u00e7\u00e3o de loop<br \/>\nSuporta largura de banda sim\u00e9trica de 1,25 Gbps upstream e downstream<br \/>\nSuporte \u00e0 criptografia AES-128 para cada link l\u00f3gico<br \/>\nPoderosa fun\u00e7\u00e3o OAM, permite o gerenciamento remoto, a prote\u00e7\u00e3o e a atualiza\u00e7\u00e3o da ONU, suporta a reinicializa\u00e7\u00e3o remota da ONU, restaura as configura\u00e7\u00f5es de f\u00e1brica etc.<br \/>\nSuporte \u00e0 descoberta e ao registro autom\u00e1ticos da ONU (plug and play)<br \/>\nSuporta pot\u00eancia luminosa de porta PON, aceita detec\u00e7\u00e3o de pot\u00eancia \u00f3ptica<\/td>\n<\/tr>\n<tr>\n<td width=\"168\">acordo de apoio<\/td>\n<td>Suporte a IEEE802.3, IEEE802.3u, IEEE802.3ab, suporte a IEEE802.1Q VLAN<\/td>\n<\/tr>\n<tr>\n<td>gerenciamento de rede<\/td>\n<td width=\"563\">Interface gr\u00e1fica em ingl\u00eas da WEB, simples e clara, gerenciamento de rede pr\u00e1tico e f\u00e1cil de operar<br \/>\nCom fun\u00e7\u00e3o de gerenciamento de rede de switch<\/td>\n<\/tr>\n<tr>\n<td width=\"168\">Suporte \u00e0 fun\u00e7\u00e3o de agrega\u00e7\u00e3o de links<\/td>\n<td width=\"563\">Suporte a 4KVLAN<br \/>\nSuporte a VLAN baseada em porta<br \/>\nSuporte ao QINQ<br \/>\nSuporte \u00e0 detec\u00e7\u00e3o de loop<br \/>\nSuporte \u00e0 interface de linha de comando (CLI), porta CONSOLE, configura\u00e7\u00e3o TELNET<br \/>\nPode verificar intuitivamente se o gato \u00f3ptico da ONU est\u00e1 on-line<\/td>\n<\/tr>\n<tr>\n<td width=\"168\">outras fun\u00e7\u00f5es<\/td>\n<td width=\"563\">Suporte ao protocolo IGMPv1\/v2<br \/>\nSuporte a IGMP Snooping<br \/>\nSuporte \u00e0 configura\u00e7\u00e3o em lote da ONU<br \/>\nFonte de alimenta\u00e7\u00e3o: Fonte de alimenta\u00e7\u00e3o integrada AC110-240V (fonte de alimenta\u00e7\u00e3o simples e dupla opcional)<br \/>\nConsumo de energia: 38W<br \/>\nTemperatura de trabalho: -10~55\u2103<br \/>\nTemperatura de armazenamento: -40~70\u2103<br \/>\nTamanho: 44*26*4,4 cm (comprimento*largura*altura)<\/td>\n<\/tr>\n<\/tbody>\n<\/table>\n<p>&nbsp;<\/p>","protected":false},"excerpt":{"rendered":"<ul>\n<li>Log\u00edstica eficiente: desfrute de um servi\u00e7o de entrega est\u00e1vel e confi\u00e1vel com garantia de qualidade.<\/li>\n<li>Pot\u00eancia \u00f3ptica: a pot\u00eancia \u00f3ptica de 7-9 dB garante uma transmiss\u00e3o confi\u00e1vel de at\u00e9 20 km.<\/li>\n<li>Alta capacidade de usu\u00e1rio: suporta 8 PONs e 512ONUs, atendendo \u00e0 implanta\u00e7\u00e3o em larga escala.<\/li>\n<li>Plug and Play: sem necessidade de configura\u00e7\u00e3o; instala\u00e7\u00e3o perfeita para redes FTTH\/FTTB\/FTTZ.<\/li>\n<li>Alta compatibilidade: compat\u00edvel com uma ampla variedade de marcas, incluindo Huawei, ZTE, VSOL...<\/li>\n<\/ul>","protected":false},"featured_media":16799,"comment_status":"open","ping_status":"closed","template":"","meta":[],"product_brand":[],"product_cat":[361],"product_tag":[569,206],"class_list":{"0":"post-16797","1":"product","2":"type-product","3":"status-publish","4":"has-post-thumbnail","6":"product_cat-epon-olt","7":"product_tag-4ge-epon-olt","8":"product_tag-epon-olt","10":"first","11":"instock","12":"shipping-taxable","13":"purchasable","14":"product-type-variable","15":"has-default-attributes"},"_links":{"self":[{"href":"https:\/\/www.luleey.com\/pt\/wp-json\/wp\/v2\/product\/16797","targetHints":{"allow":["GET"]}}],"collection":[{"href":"https:\/\/www.luleey.com\/pt\/wp-json\/wp\/v2\/product"}],"about":[{"href":"https:\/\/www.luleey.com\/pt\/wp-json\/wp\/v2\/types\/product"}],"replies":[{"embeddable":true,"href":"https:\/\/www.luleey.com\/pt\/wp-json\/wp\/v2\/comments?post=16797"}],"wp:featuredmedia":[{"embeddable":true,"href":"https:\/\/www.luleey.com\/pt\/wp-json\/wp\/v2\/media\/16799"}],"wp:attachment":[{"href":"https:\/\/www.luleey.com\/pt\/wp-json\/wp\/v2\/media?parent=16797"}],"wp:term":[{"taxonomy":"product_brand","embeddable":true,"href":"https:\/\/www.luleey.com\/pt\/wp-json\/wp\/v2\/product_brand?post=16797"},{"taxonomy":"product_cat","embeddable":true,"href":"https:\/\/www.luleey.com\/pt\/wp-json\/wp\/v2\/product_cat?post=16797"},{"taxonomy":"product_tag","embeddable":true,"href":"https:\/\/www.luleey.com\/pt\/wp-json\/wp\/v2\/product_tag?post=16797"}],"curies":[{"name":"wp","href":"https:\/\/api.w.org\/{rel}","templated":true}]}}