{"id":17089,"date":"2025-01-12T12:50:09","date_gmt":"2025-01-12T04:50:09","guid":{"rendered":"https:\/\/www.luleey.com\/?post_type=product&#038;p=17089"},"modified":"2025-03-20T14:16:38","modified_gmt":"2025-03-20T06:16:38","slug":"ins2um1gf8gt9-port-industrial-ethernet-switch-with-1-gigabit-fiber-port-and-8-gigabit-copper-ports","status":"publish","type":"product","link":"https:\/\/www.luleey.com\/pt\/produto\/ins2um1gf8gt9-port-industrial-ethernet-switch-with-1-gigabit-fiber-port-and-8-gigabit-copper-ports\/","title":{"rendered":"INS2UM1GF8GT, switch Ethernet industrial de 9 portas, com 1 porta de fibra Gigabit e 8 portas de cobre Gigabit"},"content":{"rendered":"<h3>Especifica\u00e7\u00e3o<\/h3>\n<table style=\"width: 1169px;\" width=\"144\">\n<tbody>\n<tr>\n<td style=\"width: 480px;\" width=\"72\">N\u00famero do modelo<\/td>\n<td style=\"width: 689px;\" width=\"72\">INS2UM1GF8GT<\/td>\n<\/tr>\n<tr>\n<td style=\"width: 480px;\">Marca<\/td>\n<td style=\"width: 689px;\">LuLeey<\/td>\n<\/tr>\n<tr>\n<td style=\"width: 480px;\" width=\"72\">Nome do produto<\/td>\n<td style=\"width: 689px;\" width=\"72\">INS2UM1GF8GT, switch Ethernet industrial de 9 portas, com 1 porta de fibra Gigabit e 8 portas de cobre Gigabit<\/td>\n<\/tr>\n<tr>\n<td style=\"width: 480px;\" width=\"72\">Tamanho<\/td>\n<td style=\"width: 689px;\">116 mm*142 mm*48 mm<\/td>\n<\/tr>\n<tr>\n<td style=\"width: 480px;\" width=\"72\">Largura de banda do plano traseiro<\/td>\n<td style=\"width: 689px;\">18 Gbps<\/td>\n<\/tr>\n<tr>\n<td style=\"width: 480px;\" width=\"72\">M\u00e9todo de instala\u00e7\u00e3o<\/td>\n<td style=\"width: 689px;\">Montagem em trilho DIN<\/td>\n<\/tr>\n<tr>\n<td style=\"width: 480px;\" width=\"72\">POE<\/td>\n<td style=\"width: 689px;\">N\u00e3o \u00e9 compat\u00edvel<\/td>\n<\/tr>\n<tr>\n<td style=\"width: 480px;\" width=\"72\">gerenciamento da web<\/td>\n<td style=\"width: 689px;\">n\u00e3o<\/td>\n<\/tr>\n<tr>\n<td style=\"width: 480px;\" width=\"72\">Portas RJ45<\/td>\n<td style=\"width: 689px;\">10\/100\/1000M<\/td>\n<\/tr>\n<tr>\n<td style=\"width: 480px;\" width=\"72\">Portas SFP<\/td>\n<td style=\"width: 689px;\">SFP 1000M<\/td>\n<\/tr>\n<tr>\n<td style=\"width: 480px;\" width=\"72\">Classifica\u00e7\u00e3o IP<\/td>\n<td style=\"width: 689px;\">IP40<\/td>\n<\/tr>\n<tr>\n<td style=\"width: 480px;\" width=\"72\">Entrada de energia<\/td>\n<td style=\"width: 689px;\">Fonte de alimenta\u00e7\u00e3o dupla<\/td>\n<\/tr>\n<tr>\n<td style=\"width: 480px;\" width=\"72\">Pot\u00eancia<\/td>\n<td style=\"width: 689px;\">DC9-48V<\/td>\n<\/tr>\n<tr>\n<td style=\"width: 480px;\" width=\"72\">Or\u00e7amento PoE\/Porta \u00fanica<\/td>\n<td style=\"width: 689px;\">\n<p>N\u00e3o \u00e9 PoE<\/p>\n<\/td>\n<\/tr>\n<tr>\n<td style=\"width: 480px;\" width=\"72\">Material da concha<\/td>\n<td style=\"width: 689px;\">Carca\u00e7a de alum\u00ednio<\/td>\n<\/tr>\n<tr>\n<td style=\"width: 480px;\" width=\"72\">Temperatura de trabalho<\/td>\n<td style=\"width: 689px;\">\u00a0-40~85\u02daC<\/td>\n<\/tr>\n<tr>\n<td style=\"width: 480px;\" width=\"72\">Temperatura de armazenamento<\/td>\n<td style=\"width: 689px;\">\u00a0-40~85\u02daC<\/td>\n<\/tr>\n<\/tbody>\n<\/table>\n\n\n<a id=\"wd-5199fe5c\" class=\"wp-block-wd-button btn btn-style-default btn-color-primary btn-size-default btn-shape-semi-round\" href=\"https:\/\/www.luleey.com\/wp-content\/uploads\/resource\/documents\/LuLeey%20INS2UM1GF8GT%20Datasheet%20V1.0.pdf\"><span>FOLHA DE DADOS DO LULEEY INS2UM1GF8GT<\/span><\/a>\n\n\n\n<p class=\"has-medium-font-size\"><strong>Recursos<\/strong><\/p>\n\n\n\t\t\t<style id=\"wd-style-blocks-17016-css\" data-type=\"wd-style-blocks-17016\">\n\t\t\t\t#wd-3c39d8b6{font-weight: 400;font-size: 30px;}#wd-3c39d8b6 .wd-highlight{color: var(--wd-primary-color);}#wd-42ce116e{margin-bottom: 20px;--wd-width: 586px;}#wd-d72e7b07{--wd-icon-w: 40px;}#wd-1d5d889a{font-size: 16px;}#wd-b1431808{--wd-icon-w: 40px;}#wd-f99ef44b{font-size: 16px;}#wd-b1431808{--wd-icon-w: 40px;}#wd-f99ef44b{font-size: 16px;}#wd-704493b2{--wd-row-gap: 30px;}#wd-51e1b479{--wd-icon-w: 40px;}#wd-eb52637c{font-size: 16px;}#wd-8e73237a{--wd-icon-w: 40px;}#wd-8dd90a29{font-size: 16px;}#wd-8e73237a{--wd-icon-w: 40px;}#wd-8dd90a29{font-size: 16px;}#wd-a227f409{--wd-row-gap: 30px;}#wd-f287de14{padding-bottom: 20px;}#wd-636dcc8e{--wd-row-gap: 10px;justify-content: center;}#wd-6977dbe2{position: relative;z-index: 1;}@media (max-width: 1024px) {#wd-3c39d8b6{font-size: 40px;}#wd-6977dbe2{align-items: center;align-content: center;}#wd-3009ab66{--wd-col-gap: 40px;}}@media (min-width: 769px) and (max-width: 1024px) {#wd-636dcc8e{flex: 0 1 calc(100% - var(--wd-col-gap) * 0 \/ 1 );}#wd-6977dbe2{flex: 0 1 calc(100% - var(--wd-col-gap) * 0 \/ 1 );}}@media (max-width: 768.98px) {#wd-3c39d8b6{font-size: 25px;}}\t\t\t<\/style>\n\t\t\t\t\t\t<style id=\"wd-style-blocks-17016-css\" data-type=\"wd-style-blocks-17016\">\n\t\t\t\t#wd-3c39d8b6{font-weight: 400;font-size: 30px;}#wd-3c39d8b6 .wd-highlight{color: var(--wd-primary-color);}#wd-42ce116e{margin-bottom: 20px;--wd-width: 586px;}#wd-d72e7b07{--wd-icon-w: 40px;}#wd-1d5d889a{font-size: 16px;}#wd-b1431808{--wd-icon-w: 40px;}#wd-f99ef44b{font-size: 16px;}#wd-b1431808{--wd-icon-w: 40px;}#wd-f99ef44b{font-size: 16px;}#wd-704493b2{--wd-row-gap: 30px;}#wd-51e1b479{--wd-icon-w: 40px;}#wd-eb52637c{font-size: 16px;}#wd-8e73237a{--wd-icon-w: 40px;}#wd-8dd90a29{font-size: 16px;}#wd-8e73237a{--wd-icon-w: 40px;}#wd-8dd90a29{font-size: 16px;}#wd-a227f409{--wd-row-gap: 30px;}#wd-f287de14{padding-bottom: 20px;}#wd-636dcc8e{--wd-row-gap: 10px;justify-content: center;}#wd-6977dbe2{position: relative;z-index: 1;}@media (max-width: 1024px) {#wd-3c39d8b6{font-size: 40px;}#wd-6977dbe2{align-items: center;align-content: center;}#wd-3009ab66{--wd-col-gap: 40px;}}@media (min-width: 769px) and (max-width: 1024px) {#wd-636dcc8e{flex: 0 1 calc(100% - var(--wd-col-gap) * 0 \/ 1 );}#wd-6977dbe2{flex: 0 1 calc(100% - var(--wd-col-gap) * 0 \/ 1 );}}@media (max-width: 768.98px) {#wd-3c39d8b6{font-size: 25px;}}\t\t\t<\/style>\n\t\t\t\n<div id=\"wd-3009ab66\" class=\"wp-block-wd-row\">\n<div id=\"wd-636dcc8e\" class=\"wp-block-wd-column\">\n<h2 id=\"wd-3c39d8b6\" class=\"wp-block-wd-title title\">Interruptores industriais projetados para extremos | LuLeey<\/h2>\n\n\n\n<p id=\"wd-42ce116e\" class=\"wp-block-wd-paragraph wd-custom-width\">Os switches industriais passam por 16 procedimentos de teste de n\u00edvel industrial para atender aos requisitos de EMC N\u00edvel 4.<\/p>\n\n\n\n<div id=\"wd-f287de14\" class=\"wp-block-wd-row\">\n<div id=\"wd-704493b2\" class=\"wp-block-wd-column\">\n<div id=\"wd-f4c0dfea\" class=\"wp-block-wd-infobox wd-hover-parent wd-icon-top\">\n<div id=\"wd-d72e7b07\" class=\"wp-block-wd-icon\"><svg class=\"wd-svg-icon\" xmlns=\"http:\/\/www.w3.org\/2000\/svg\" viewbox=\"0 0 448 512\" aria-hidden=\"true\" width=\"32\" height=\"100%\"><!--!Font Awesome Free 6.7.2 by @fontawesome - https:\/\/fontawesome.com License - https:\/\/fontawesome.com\/license\/free Copyright 2025 Fonticons, Inc.--><path d=\"M159.3 5.4c7.8-7.3 19.9-7.2 27.7 .1c27.6 25.9 53.5 53.8 77.7 84c11-14.4 23.5-30.1 37-42.9c7.9-7.4 20.1-7.4 28 .1c34.6 33 63.9 76.6 84.5 118c20.3 40.8 33.8 82.5 33.8 111.9C448 404.2 348.2 512 224 512C98.4 512 0 404.1 0 276.5c0-38.4 17.8-85.3 45.4-131.7C73.3 97.7 112.7 48.6 159.3 5.4zM225.7 416c25.3 0 47.7-7 68.8-21c42.1-29.4 53.4-88.2 28.1-134.4c-4.5-9-16-9.6-22.5-2l-25.2 29.3c-6.6 7.6-18.5 7.4-24.7-.5c-16.5-21-46-58.5-62.8-79.8c-6.3-8-18.3-8.1-24.7-.1c-33.8 42.5-50.8 69.3-50.8 99.4C112 375.4 162.6 416 225.7 416z\"><\/path><\/svg><\/div>\n\n\n\n<div id=\"wd-3a0bdfb4\" class=\"wp-block-wd-container wd-dir-col\">\n<h2 id=\"wd-1d5d889a\" class=\"wp-block-wd-title title\">Prote\u00e7\u00e3o da temperatura<\/h2>\n\n\n\n<p id=\"wd-31877b8b\" class=\"wp-block-wd-paragraph\">-40\u2103\uff5e85\u2103 ambiente de trabalho<\/p>\n<\/div>\n<\/div>\n\n\n\n<div id=\"wd-a8190d52\" class=\"wp-block-wd-infobox wd-hover-parent wd-icon-top\">\n<div id=\"wd-b1431808\" class=\"wp-block-wd-icon\"><svg class=\"wd-svg-icon\" xmlns=\"http:\/\/www.w3.org\/2000\/svg\" viewbox=\"0 0 512 512\" aria-hidden=\"true\" width=\"32\" height=\"100%\"><!--!Font Awesome Free 6.7.2 by @fontawesome - https:\/\/fontawesome.com License - https:\/\/fontawesome.com\/license\/free Copyright 2025 Fonticons, Inc.--><path d=\"M176 24c0-13.3-10.7-24-24-24s-24 10.7-24 24l0 40c-35.3 0-64 28.7-64 64l-40 0c-13.3 0-24 10.7-24 24s10.7 24 24 24l40 0 0 56-40 0c-13.3 0-24 10.7-24 24s10.7 24 24 24l40 0 0 56-40 0c-13.3 0-24 10.7-24 24s10.7 24 24 24l40 0c0 35.3 28.7 64 64 64l0 40c0 13.3 10.7 24 24 24s24-10.7 24-24l0-40 56 0 0 40c0 13.3 10.7 24 24 24s24-10.7 24-24l0-40 56 0 0 40c0 13.3 10.7 24 24 24s24-10.7 24-24l0-40c35.3 0 64-28.7 64-64l40 0c13.3 0 24-10.7 24-24s-10.7-24-24-24l-40 0 0-56 40 0c13.3 0 24-10.7 24-24s-10.7-24-24-24l-40 0 0-56 40 0c13.3 0 24-10.7 24-24s-10.7-24-24-24l-40 0c0-35.3-28.7-64-64-64l0-40c0-13.3-10.7-24-24-24s-24 10.7-24 24l0 40-56 0 0-40c0-13.3-10.7-24-24-24s-24 10.7-24 24l0 40-56 0 0-40zM160 128l192 0c17.7 0 32 14.3 32 32l0 192c0 17.7-14.3 32-32 32l-192 0c-17.7 0-32-14.3-32-32l0-192c0-17.7 14.3-32 32-32zm192 32l-192 0 0 192 192 0 0-192z\"><\/path><\/svg><\/div>\n\n\n\n<div id=\"wd-d49dbe14\" class=\"wp-block-wd-container wd-dir-col\">\n<h2 id=\"wd-f99ef44b\" class=\"wp-block-wd-title title\">Chips de n\u00edvel industrial<\/h2>\n\n\n\n<p id=\"wd-b71a6dbc\" class=\"wp-block-wd-paragraph\">Todas as portas t\u00eam capacidade de encaminhamento na velocidade do fio<br>Suporta a fun\u00e7\u00e3o Auto MDI\/MDIX (rolagem de porta)<\/p>\n<\/div>\n<\/div>\n\n\n\n<div id=\"wd-a8190d52\" class=\"wp-block-wd-infobox wd-hover-parent wd-icon-top\">\n<div id=\"wd-b1431808\" class=\"wp-block-wd-icon\"><svg class=\"wd-svg-icon\" xmlns=\"http:\/\/www.w3.org\/2000\/svg\" viewbox=\"0 0 512 512\" aria-hidden=\"true\" width=\"32\" height=\"100%\"><!--!Font Awesome Free 6.7.2 by @fontawesome - https:\/\/fontawesome.com License - https:\/\/fontawesome.com\/license\/free Copyright 2025 Fonticons, Inc.--><path d=\"M0 224c0 53 43 96 96 96l47.2 0L290 202.5c17.6-14.1 42.6-14 60.2 .2s22.8 38.6 12.8 58.8L333.7 320l18.3 0 64 0c53 0 96-43 96-96s-43-96-96-96c-.5 0-1.1 0-1.6 0c1.1-5.2 1.6-10.5 1.6-16c0-44.2-35.8-80-80-80c-24.3 0-46.1 10.9-60.8 28C256.5 24.3 219.1 0 176 0C114.1 0 64 50.1 64 112c0 7.1 .7 14.1 1.9 20.8C27.6 145.4 0 181.5 0 224zm330.1 3.6c-5.8-4.7-14.2-4.7-20.1-.1l-160 128c-5.3 4.2-7.4 11.4-5.1 17.8s8.3 10.7 15.1 10.7l70.1 0L177.7 488.8c-3.4 6.7-1.6 14.9 4.3 19.6s14.2 4.7 20.1 .1l160-128c5.3-4.2 7.4-11.4 5.1-17.8s-8.3-10.7-15.1-10.7l-70.1 0 52.4-104.8c3.4-6.7 1.6-14.9-4.2-19.6z\"><\/path><\/svg><\/div>\n\n\n\n<div id=\"wd-d49dbe14\" class=\"wp-block-wd-container wd-dir-col\">\n<h2 id=\"wd-f99ef44b\" class=\"wp-block-wd-title title\">EMC N\u00cdVEL 4<\/h2>\n\n\n\n<p id=\"wd-e6d0a1c5\" class=\"wp-block-wd-paragraph\">Descarga de ar de 15kv, descarga de contato de 8kv, prote\u00e7\u00e3o contra raios de porta de 6kv, prote\u00e7\u00e3o contra raios de fonte de alimenta\u00e7\u00e3o de 4kv<\/p>\n<\/div>\n<\/div>\n<\/div>\n\n\n\n<div id=\"wd-a227f409\" class=\"wp-block-wd-column\">\n<div id=\"wd-02c6e7f9\" class=\"wp-block-wd-infobox wd-hover-parent wd-icon-top\">\n<div id=\"wd-51e1b479\" class=\"wp-block-wd-icon\"><svg class=\"wd-svg-icon\" xmlns=\"http:\/\/www.w3.org\/2000\/svg\" viewbox=\"0 0 512 512\" aria-hidden=\"true\" width=\"32\" height=\"100%\"><!--!Font Awesome Free 6.7.2 by @fontawesome - https:\/\/fontawesome.com License - https:\/\/fontawesome.com\/license\/free Copyright 2025 Fonticons, Inc.--><path d=\"M256 0c4.6 0 9.2 1 13.4 2.9L457.7 82.8c22 9.3 38.4 31 38.3 57.2c-.5 99.2-41.3 280.7-213.6 363.2c-16.7 8-36.1 8-52.8 0C57.3 420.7 16.5 239.2 16 140c-.1-26.2 16.3-47.9 38.3-57.2L242.7 2.9C246.8 1 251.4 0 256 0zm0 66.8l0 378.1C394 378 431.1 230.1 432 141.4L256 66.8s0 0 0 0z\"><\/path><\/svg><\/div>\n\n\n\n<div id=\"wd-3468fdf9\" class=\"wp-block-wd-container wd-dir-col\">\n<h2 id=\"wd-eb52637c\" class=\"wp-block-wd-title title\">IP40<\/h2>\n\n\n\n<p id=\"wd-65ddfd88\" class=\"wp-block-wd-paragraph\">Adotando o n\u00edvel de prote\u00e7\u00e3o IP40 de grau industrial, opera\u00e7\u00e3o est\u00e1vel e sem preocupa\u00e7\u00f5es, segura e confi\u00e1vel<\/p>\n<\/div>\n<\/div>\n\n\n\n<div id=\"wd-a52c7b42\" class=\"wp-block-wd-infobox wd-hover-parent wd-icon-top\">\n<div id=\"wd-8e73237a\" class=\"wp-block-wd-icon\"><svg class=\"wd-svg-icon\" xmlns=\"http:\/\/www.w3.org\/2000\/svg\" viewbox=\"0 0 384 512\" aria-hidden=\"true\" width=\"32\" height=\"100%\"><!--!Font Awesome Free 6.7.2 by @fontawesome - https:\/\/fontawesome.com License - https:\/\/fontawesome.com\/license\/free Copyright 2025 Fonticons, Inc.--><path d=\"M96 0C78.3 0 64 14.3 64 32l0 96 64 0 0-96c0-17.7-14.3-32-32-32zM288 0c-17.7 0-32 14.3-32 32l0 96 64 0 0-96c0-17.7-14.3-32-32-32zM32 160c-17.7 0-32 14.3-32 32s14.3 32 32 32l0 32c0 77.4 55 142 128 156.8l0 67.2c0 17.7 14.3 32 32 32s32-14.3 32-32l0-67.2C297 398 352 333.4 352 256l0-32c17.7 0 32-14.3 32-32s-14.3-32-32-32L32 160z\"><\/path><\/svg><\/div>\n\n\n\n<div id=\"wd-f9fd6de9\" class=\"wp-block-wd-container wd-dir-col\">\n<h2 id=\"wd-8dd90a29\" class=\"wp-block-wd-title title\">Prote\u00e7\u00e3o da fonte de alimenta\u00e7\u00e3o<\/h2>\n\n\n\n<p id=\"wd-4d0e7c99\" class=\"wp-block-wd-paragraph\">Faixa de tens\u00e3o DC 9~48V, redund\u00e2ncia de fonte de alimenta\u00e7\u00e3o dupla<\/p>\n<\/div>\n<\/div>\n\n\n\n<div id=\"wd-a52c7b42\" class=\"wp-block-wd-infobox wd-hover-parent wd-icon-top\">\n<div id=\"wd-8e73237a\" class=\"wp-block-wd-icon\"><svg class=\"wd-svg-icon\" xmlns=\"http:\/\/www.w3.org\/2000\/svg\" viewbox=\"0 0 512 512\" aria-hidden=\"true\" width=\"32\" height=\"100%\"><!--!Font Awesome Free 6.7.2 by @fontawesome - https:\/\/fontawesome.com License - https:\/\/fontawesome.com\/license\/free Copyright 2025 Fonticons, Inc.--><path d=\"M0 224L0 416c0 17.7 14.3 32 32 32l64 0 0-112c0-8.8 7.2-16 16-16s16 7.2 16 16l0 112 64 0 0-112c0-8.8 7.2-16 16-16s16 7.2 16 16l0 112 64 0 0-112c0-8.8 7.2-16 16-16s16 7.2 16 16l0 112 64 0 0-112c0-8.8 7.2-16 16-16s16 7.2 16 16l0 112 64 0c17.7 0 32-14.3 32-32l0-192c0-17.7-14.3-32-32-32l-32 0 0-32c0-17.7-14.3-32-32-32l-32 0 0-32c0-17.7-14.3-32-32-32L160 64c-17.7 0-32 14.3-32 32l0 32-32 0c-17.7 0-32 14.3-32 32l0 32-32 0c-17.7 0-32 14.3-32 32z\"><\/path><\/svg><\/div>\n\n\n\n<div id=\"wd-f9fd6de9\" class=\"wp-block-wd-container wd-dir-col\">\n<h2 id=\"wd-8dd90a29\" class=\"wp-block-wd-title title\">Chave de isolamento de porta<\/h2>\n\n\n\n<p id=\"wd-4d0e7c99\" class=\"wp-block-wd-paragraph\">Oferece funcionalidade de dip switch de duas posi\u00e7\u00f5es (supress\u00e3o de tempestades e isolamento de portas vlan)<\/p>\n<\/div>\n<\/div>\n<\/div>\n<\/div>\n<\/div>\n\n\n\n<div id=\"wd-6977dbe2\" class=\"wp-block-wd-column wd-align-is-md-center\">\n<div id=\"wd-30f16bcc\" class=\"wp-block-wd-image wd-block-image\"><img loading=\"lazy\" decoding=\"async\" width=\"949\" height=\"561\" class=\"wp-image-17028\" src=\"https:\/\/www.luleey.com\/wp-content\/uploads\/2025\/01\/DIN.png\" alt=\"\" title=\"\" srcset=\"https:\/\/www.luleey.com\/wp-content\/uploads\/2025\/01\/DIN.png 949w, https:\/\/www.luleey.com\/wp-content\/uploads\/2025\/01\/DIN-800x473.png 800w, https:\/\/www.luleey.com\/wp-content\/uploads\/2025\/01\/DIN-768x454.png 768w, https:\/\/www.luleey.com\/wp-content\/uploads\/2025\/01\/DIN-18x12.png 18w, https:\/\/www.luleey.com\/wp-content\/uploads\/2025\/01\/DIN-150x89.png 150w\" sizes=\"auto, (max-width: 949px) 100vw, 949px\" \/><\/div>\n\n\n\n<div id=\"wd-ba882d70\" class=\"wp-block-wd-gallery wd-grid-g wd-caption-mask\" style=\"--wd-col-lg:2;--wd-col-md:2;--wd-col-sm:2;--wd-gap-lg:20px;--wd-gap-sm: 20px;\">\n<div id=\"wd-5464d5e4\" class=\"wp-block-wd-gallery-item wd-col\"><div class=\"wd-block-image\"><img loading=\"lazy\" decoding=\"async\" width=\"400\" height=\"400\" class=\"wp-image-17002\" src=\"https:\/\/www.luleey.com\/wp-content\/uploads\/2025\/01\/dual-power-1.jpg\" alt=\"\" title=\"\" srcset=\"https:\/\/www.luleey.com\/wp-content\/uploads\/2025\/01\/dual-power-1.jpg 400w, https:\/\/www.luleey.com\/wp-content\/uploads\/2025\/01\/dual-power-1-12x12.jpg 12w, https:\/\/www.luleey.com\/wp-content\/uploads\/2025\/01\/dual-power-1-150x150.jpg 150w\" sizes=\"auto, (max-width: 400px) 100vw, 400px\" \/><\/div><\/div>\n\n\n\n<div id=\"wd-3dca4a78\" class=\"wp-block-wd-gallery-item wd-col\"><div class=\"wd-block-image\"><img loading=\"lazy\" decoding=\"async\" width=\"400\" height=\"400\" class=\"wp-image-17001\" src=\"https:\/\/www.luleey.com\/wp-content\/uploads\/2025\/01\/ring.jpg\" alt=\"\" title=\"\" srcset=\"https:\/\/www.luleey.com\/wp-content\/uploads\/2025\/01\/ring.jpg 400w, https:\/\/www.luleey.com\/wp-content\/uploads\/2025\/01\/ring-12x12.jpg 12w, https:\/\/www.luleey.com\/wp-content\/uploads\/2025\/01\/ring-150x150.jpg 150w\" sizes=\"auto, (max-width: 400px) 100vw, 400px\" \/><\/div><\/div>\n<\/div>\n<\/div>\n<\/div>","protected":false},"excerpt":{"rendered":"<p>Porta RJ45 adapt\u00e1vel 10\/100\/1000M<br \/>\nDist\u00e2ncia m\u00e1xima de transmiss\u00e3o de 120 km para portas \u00f3pticas<br \/>\nTodas as portas t\u00eam capacidade de encaminhamento na velocidade do fio<br \/>\nSuporta a fun\u00e7\u00e3o de rolagem de porta Auto MDI\/MDIX<br \/>\nPlug and Play n\u00e3o gerenciado, sem necessidade de configura\u00e7\u00e3o<br \/>\n*Fornece fun\u00e7\u00e3o de dipswitch de dois blocos (compartilhamento padr\u00e3o e isolamento de porta vlan)<br \/>\n*EMC: descarga de ar de 15kv, descarga de contato de 8kv, prote\u00e7\u00e3o contra raios de porta de 6kv, prote\u00e7\u00e3o contra raios de energia de 4kv<br \/>\n*N\u00edvel de prote\u00e7\u00e3o IP40, padr\u00e3o de grau industrial<\/p>","protected":false},"featured_media":17054,"comment_status":"open","ping_status":"closed","template":"","meta":[],"product_brand":[],"product_cat":[240],"product_tag":[239,861],"class_list":{"0":"post-17089","1":"product","2":"type-product","3":"status-publish","4":"has-post-thumbnail","6":"product_cat-industrial-switches","7":"product_tag-industrial-ethernet-switch","8":"product_tag-ins2um1gf8gt","10":"first","11":"instock","12":"shipping-taxable","13":"purchasable","14":"product-type-variable","15":"has-default-attributes"},"_links":{"self":[{"href":"https:\/\/www.luleey.com\/pt\/wp-json\/wp\/v2\/product\/17089","targetHints":{"allow":["GET"]}}],"collection":[{"href":"https:\/\/www.luleey.com\/pt\/wp-json\/wp\/v2\/product"}],"about":[{"href":"https:\/\/www.luleey.com\/pt\/wp-json\/wp\/v2\/types\/product"}],"replies":[{"embeddable":true,"href":"https:\/\/www.luleey.com\/pt\/wp-json\/wp\/v2\/comments?post=17089"}],"wp:featuredmedia":[{"embeddable":true,"href":"https:\/\/www.luleey.com\/pt\/wp-json\/wp\/v2\/media\/17054"}],"wp:attachment":[{"href":"https:\/\/www.luleey.com\/pt\/wp-json\/wp\/v2\/media?parent=17089"}],"wp:term":[{"taxonomy":"product_brand","embeddable":true,"href":"https:\/\/www.luleey.com\/pt\/wp-json\/wp\/v2\/product_brand?post=17089"},{"taxonomy":"product_cat","embeddable":true,"href":"https:\/\/www.luleey.com\/pt\/wp-json\/wp\/v2\/product_cat?post=17089"},{"taxonomy":"product_tag","embeddable":true,"href":"https:\/\/www.luleey.com\/pt\/wp-json\/wp\/v2\/product_tag?post=17089"}],"curies":[{"name":"wp","href":"https:\/\/api.w.org\/{rel}","templated":true}]}}