{"id":17375,"date":"2025-02-08T11:46:28","date_gmt":"2025-02-08T03:46:28","guid":{"rendered":"https:\/\/www.luleey.com\/?post_type=product&#038;p=17375"},"modified":"2025-06-28T10:46:35","modified_gmt":"2025-06-28T02:46:35","slug":"rs485-rs422-rs232-fiber-media-converter-fiber-to-serial-converter-20km-bidi","status":"publish","type":"product","link":"https:\/\/www.luleey.com\/pt\/produto\/rs485-rs422-rs232-fiber-media-converter-fiber-to-serial-converter-20km-bidi\/","title":{"rendered":"Conversor de m\u00eddia de fibra RS485 RS422 RS232 Conversor de fibra para serial 20km BIDI"},"content":{"rendered":"<div class=\"title--wrap--Ms9Zv4A\" data-spm-anchor-id=\"a2g0o.detail.0.i6.69e9EDaUEDaU6L\">\n<h3>Recursos<\/h3>\n<ol>\n<li>Concha met\u00e1lica para proteger contra interfer\u00eancias externas<\/li>\n<li>V\u00e1rias aberturas para uma boa dissipa\u00e7\u00e3o de calor<\/li>\n<li>Plug and play, m\u00f3dulo tudo em um<\/li>\n<li>Chip de alta qualidade, transmiss\u00e3o est\u00e1vel<\/li>\n<li>Suporte \u00e0 porta de fibra BIDI<\/li>\n<\/ol>\n<h3>Especifica\u00e7\u00e3o<\/h3>\n<table style=\"width: 57.3132%; height: 216px;\" width=\"834\">\n<tbody>\n<tr style=\"height: 24px;\">\n<td style=\"height: 24px;\">Marca<\/td>\n<td style=\"height: 24px;\">LuLeey<\/td>\n<\/tr>\n<tr style=\"height: 24px;\">\n<td style=\"height: 24px;\">Nome do produto<\/td>\n<td style=\"height: 24px;\">Conversor de m\u00eddia RS485 RS422 RS232<\/td>\n<\/tr>\n<tr style=\"height: 24px;\">\n<td style=\"height: 24px;\" width=\"273\">Modelo<\/td>\n<td style=\"height: 24px;\" width=\"561\">\u00a0LL-MC-RS3F<\/td>\n<\/tr>\n<tr style=\"height: 24px;\">\n<td style=\"height: 24px;\">Comprimento de onda da fibra<\/td>\n<td style=\"height: 24px;\">\u00a01310nm\/1550nm<\/td>\n<\/tr>\n<tr style=\"height: 24px;\">\n<td style=\"height: 24px;\">Dist\u00e2ncia de transmiss\u00e3o da porta \u00f3ptica<\/td>\n<td style=\"height: 24px;\">\u00a0modo \u00fanico 20 km, modo m\u00faltiplo 2 km<\/td>\n<\/tr>\n<tr style=\"height: 24px;\">\n<td style=\"height: 24px;\">Temperatura de trabalho<\/td>\n<td style=\"height: 24px;\">\u00a0-25~70 graus Celsius<\/td>\n<\/tr>\n<tr style=\"height: 24px;\">\n<td style=\"height: 24px;\">Temperatura de armazenamento<\/td>\n<td style=\"height: 24px;\">\u00a0-40~80 graus Celsius<\/td>\n<\/tr>\n<tr style=\"height: 24px;\">\n<td style=\"height: 24px;\">Tamanho do produto<\/td>\n<td style=\"height: 24px;\">105 x 100 x 26 mm<\/td>\n<\/tr>\n<tr style=\"height: 24px;\">\n<td style=\"height: 24px;\">Adaptador de energia<\/td>\n<td style=\"height: 24px;\">5V2A<\/td>\n<\/tr>\n<\/tbody>\n<\/table>\n<p>&nbsp;<\/p>\n<\/div>","protected":false},"excerpt":{"rendered":"<ol>\n<li>Conversor de m\u00eddia RS485 RS422 RS232 Carca\u00e7a met\u00e1lica para proteger contra interfer\u00eancias externas<\/li>\n<li>V\u00e1rias aberturas para uma boa dissipa\u00e7\u00e3o de calor<\/li>\n<li>Plug and play, m\u00f3dulo tudo em um<\/li>\n<li>Chip de alta qualidade, transmiss\u00e3o est\u00e1vel<\/li>\n<li>Suporte \u00e0 porta de fibra BIDI<\/li>\n<\/ol>","protected":false},"featured_media":17357,"comment_status":"open","ping_status":"closed","template":"","meta":[],"product_brand":[],"product_cat":[359],"product_tag":[130,191,929,930],"class_list":{"0":"post-17375","1":"product","2":"type-product","3":"status-publish","4":"has-post-thumbnail","6":"product_cat-serial-to-fiber-media-converters","7":"product_tag-20km","8":"product_tag-bidi","9":"product_tag-rs232-media-converter","10":"product_tag-rs485-rs422-rs232-media-converter","12":"first","13":"instock","14":"featured","15":"shipping-taxable","16":"purchasable","17":"product-type-variable","18":"has-default-attributes"},"_links":{"self":[{"href":"https:\/\/www.luleey.com\/pt\/wp-json\/wp\/v2\/product\/17375","targetHints":{"allow":["GET"]}}],"collection":[{"href":"https:\/\/www.luleey.com\/pt\/wp-json\/wp\/v2\/product"}],"about":[{"href":"https:\/\/www.luleey.com\/pt\/wp-json\/wp\/v2\/types\/product"}],"replies":[{"embeddable":true,"href":"https:\/\/www.luleey.com\/pt\/wp-json\/wp\/v2\/comments?post=17375"}],"wp:featuredmedia":[{"embeddable":true,"href":"https:\/\/www.luleey.com\/pt\/wp-json\/wp\/v2\/media\/17357"}],"wp:attachment":[{"href":"https:\/\/www.luleey.com\/pt\/wp-json\/wp\/v2\/media?parent=17375"}],"wp:term":[{"taxonomy":"product_brand","embeddable":true,"href":"https:\/\/www.luleey.com\/pt\/wp-json\/wp\/v2\/product_brand?post=17375"},{"taxonomy":"product_cat","embeddable":true,"href":"https:\/\/www.luleey.com\/pt\/wp-json\/wp\/v2\/product_cat?post=17375"},{"taxonomy":"product_tag","embeddable":true,"href":"https:\/\/www.luleey.com\/pt\/wp-json\/wp\/v2\/product_tag?post=17375"}],"curies":[{"name":"wp","href":"https:\/\/api.w.org\/{rel}","templated":true}]}}