{"id":17396,"date":"2025-02-09T23:06:40","date_gmt":"2025-02-09T15:06:40","guid":{"rendered":"https:\/\/www.luleey.com\/?post_type=product&#038;p=17396"},"modified":"2025-03-20T14:14:57","modified_gmt":"2025-03-20T06:14:57","slug":"2-epon-olt-ll-epl202","status":"publish","type":"product","link":"https:\/\/www.luleey.com\/pt\/produto\/2-epon-olt-ll-epl202\/","title":{"rendered":"2 EPON OLT, LL-EPL202"},"content":{"rendered":"<div>\n<h3>Recursos<\/h3>\n<\/div>\n<ol>\n<li>Compat\u00edvel com ONU de v\u00e1rias marcas, como HUAWEI, ZTE, VSOL...<\/li>\n<li>1 porta, m\u00e1ximo de 128 ONU, 2 portas, m\u00e1ximo de 256 ONU<\/li>\n<li>Ventilador de resfriamento embutido, melhor dissipa\u00e7\u00e3o de calor com revestimento de metal<\/li>\n<li>Suporte total ao protocolo IEEE802.3ah<\/li>\n<li>Suporte \u00e0 aloca\u00e7\u00e3o din\u00e2mica de largura de banda (DBA), a granularidade m\u00ednima de ajuste \u00e9 de 1 Kbps<\/li>\n<li>Suporta largura de banda sim\u00e9trica de 1 Gbps para cima e para baixo<\/li>\n<li>Suporte \u00e0 criptografia AES-128 para cada link l\u00f3gico<\/li>\n<li>Poderosa fun\u00e7\u00e3o OAM para realizar o gerenciamento remoto, a manuten\u00e7\u00e3o e a atualiza\u00e7\u00e3o da ONU<\/li>\n<li>Suporte \u00e0 descoberta e ao registro autom\u00e1ticos da ONU (plug and play)<\/li>\n<\/ol>\n<div>\n<h3>Especifica\u00e7\u00e3o<\/h3>\n<div>\n<div align=\"start\">\n<ul>\n<li>Nome do produto:2 EPON OLT<\/li>\n<li>Marca: LuLeey<\/li>\n<li>Modelo:LL-EPL202<\/li>\n<li><strong>Comprimento de onda de trabalho:<\/strong>1310 (RX)\/1490 (TX)<\/li>\n<li><strong>Pot\u00eancia \u00f3ptica:<\/strong>+2,5~ +7dBm<\/li>\n<li><strong>Sensibilidade de recep\u00e7\u00e3o<\/strong>: -27dBm<\/li>\n<li><strong>Dist\u00e2ncia m\u00e1xima de transmiss\u00e3o<\/strong>: 20km<\/li>\n<li><strong>Taxa m\u00e1xima de divis\u00e3o \u00f3ptica<\/strong>: 1:64<\/li>\n<li><strong>Capacidade da m\u00e1quina<\/strong>Suporte a 2 sistemas PON, 256 ONUs<\/li>\n<li>Largura de banda do backplane: 38G<\/li>\n<li><strong>Tabela de endere\u00e7os MAC<\/strong>: 8K para toda a m\u00e1quina<\/li>\n<li><strong>Interface de uplink<\/strong>2 portas GE Combo independentes (multiplexa\u00e7\u00e3o e interc\u00e2mbio de porta \u00f3ptica SFP\/porta el\u00e9trica RJ45)<\/li>\n<li><strong>Interface PON<\/strong>2 interfaces SC\/PC G-EPON<\/li>\n<li><strong>Interface de gerenciamento<\/strong>: WEB, SNMP, TELNET<\/li>\n<li><strong>MTBF<\/strong>: 100.000 horas<\/li>\n<li><strong>Fonte de alimenta\u00e7\u00e3o<\/strong>: AC220V\/DC-48V (embutido)<\/li>\n<li><strong>Consumo de energia<\/strong>: 11W<\/li>\n<li><strong>Temperatura de trabalho<\/strong>: -10\uff5e55\u2103<\/li>\n<li><strong>Temperatura de armazenamento<\/strong>: -40\uff5e80\u2103<\/li>\n<li><strong>Umidade<\/strong>: 5%\uff5e90% sem condensa\u00e7\u00e3o<\/li>\n<li><strong>Tamanho da estrutura<\/strong>: 44 mm (A) \u00d7 276 mm (L) \u00d7 200 mm (P)<\/li>\n<\/ul>\n<p><strong>acordo de apoio<\/strong><\/p>\n<ul>\n<li>*Suporte a IEEE802.3, IEEE802.3u, IEEE802.3ab<\/li>\n<li>*Suporte a VLAN IEEE802.1Q<\/li>\n<li>*Suporte a QoS IEEE 802.1P<\/li>\n<li>Gerenciamento de rede: Gerenciamento de porta serial local baseado em CLI e gerenciamento remoto de GUI<\/li>\n<\/ul>\n<p><strong>outras fun\u00e7\u00f5es<\/strong><\/p>\n<ul>\n<li>*Suporte ao protocolo IGMPv1\/v2, suporte a IGMP Snooping e IGMP Proxy<\/li>\n<li>*Suporte \u00e0 configura\u00e7\u00e3o em lote e atualiza\u00e7\u00e3o remota da ONU<\/li>\n<li>*Detec\u00e7\u00e3o de alarme em tempo real, localiza\u00e7\u00e3o precisa da falha<\/li>\n<li>*Suporte a informa\u00e7\u00f5es de alarme enviadas para a caixa de correio, suporte a alarme por SMS<\/li>\n<\/ul>\n<p>&nbsp;<\/p>\n<\/div>\n<\/div>\n<div><\/div>\n<\/div>","protected":false},"excerpt":{"rendered":"<ul>\n<li>2 PON EPON OLT, m\u00e1ximo de 256 ONU<\/li>\n<li>Marca ONU desbloqueada<\/li>\n<li>Descoberta e registro autom\u00e1ticos da ONU, plug and play<\/li>\n<\/ul>","protected":false},"featured_media":17399,"comment_status":"open","ping_status":"closed","template":"","meta":[],"product_brand":[],"product_cat":[361],"product_tag":[206],"class_list":{"0":"post-17396","1":"product","2":"type-product","3":"status-publish","4":"has-post-thumbnail","6":"product_cat-epon-olt","7":"product_tag-epon-olt","9":"first","10":"instock","11":"shipping-taxable","12":"purchasable","13":"product-type-variable","14":"has-default-attributes"},"_links":{"self":[{"href":"https:\/\/www.luleey.com\/pt\/wp-json\/wp\/v2\/product\/17396","targetHints":{"allow":["GET"]}}],"collection":[{"href":"https:\/\/www.luleey.com\/pt\/wp-json\/wp\/v2\/product"}],"about":[{"href":"https:\/\/www.luleey.com\/pt\/wp-json\/wp\/v2\/types\/product"}],"replies":[{"embeddable":true,"href":"https:\/\/www.luleey.com\/pt\/wp-json\/wp\/v2\/comments?post=17396"}],"wp:featuredmedia":[{"embeddable":true,"href":"https:\/\/www.luleey.com\/pt\/wp-json\/wp\/v2\/media\/17399"}],"wp:attachment":[{"href":"https:\/\/www.luleey.com\/pt\/wp-json\/wp\/v2\/media?parent=17396"}],"wp:term":[{"taxonomy":"product_brand","embeddable":true,"href":"https:\/\/www.luleey.com\/pt\/wp-json\/wp\/v2\/product_brand?post=17396"},{"taxonomy":"product_cat","embeddable":true,"href":"https:\/\/www.luleey.com\/pt\/wp-json\/wp\/v2\/product_cat?post=17396"},{"taxonomy":"product_tag","embeddable":true,"href":"https:\/\/www.luleey.com\/pt\/wp-json\/wp\/v2\/product_tag?post=17396"}],"curies":[{"name":"wp","href":"https:\/\/api.w.org\/{rel}","templated":true}]}}