{"id":17408,"date":"2025-02-10T23:53:45","date_gmt":"2025-02-10T15:53:45","guid":{"rendered":"https:\/\/www.luleey.com\/?post_type=product&#038;p=17408"},"modified":"2026-01-26T12:30:11","modified_gmt":"2026-01-26T04:30:11","slug":"800g-osfp-sr8-transceiver-osfp-sr8-800g","status":"publish","type":"product","link":"https:\/\/www.luleey.com\/pt\/produto\/800g-osfp-sr8-transceiver-osfp-sr8-800g\/","title":{"rendered":"Transceptor OSFP SR8 800G OSFP-SR8-800G"},"content":{"rendered":"<h3>Recursos<\/h3>\r\n<ol>\r\n<li>NVIDIA\/Mellanox MMA4Z00-NS compat\u00edvel com OSFP 800G 2xSR4<\/li>\r\n<li><span class=\"fontstyle0\">Compat\u00edvel com o inv\u00f3lucro OSFP MSA Hardware Type2<\/span><\/li>\r\n<li><span class=\"fontstyle0\">Conformidade com o CMIS 5.0<\/span><\/li>\r\n<li><span class=\"fontstyle0\">Transceptor multimodo 800G SR8<\/span><\/li>\r\n<li><span class=\"fontstyle0\">PAM4 *8 canais 800GAUI-8 C2M<\/span><\/li>\r\n<li><span class=\"fontstyle0\">Interface el\u00e9trica<\/span><\/li>\r\n<li><span class=\"fontstyle0\">Matriz VCSEL de 850nm com 8 canais<\/span><\/li>\r\n<li><span class=\"fontstyle0\">Conjunto de fotodetectores PIN de 8 canais<\/span><\/li>\r\n<li><span class=\"fontstyle0\">Alcance de at\u00e9 50 m em OM4\/OM5 e 30 m em OM3 com FEC<\/span><\/li>\r\n<li><span class=\"fontstyle0\">Portas \u00f3pticas duplas de MPO-12\/APC<\/span><\/li>\r\n<li><span class=\"fontstyle0\">Fonte de alimenta\u00e7\u00e3o \u00fanica de 3,3 V<\/span><\/li>\r\n<li><span class=\"fontstyle0\">Dissipa\u00e7\u00e3o de energia &lt;15W<\/span><\/li>\r\n<li><span class=\"fontstyle0\">Faixa de temperatura da caixa de 0 a 70<\/span><span class=\"fontstyle2\">\u00b0<\/span><\/li>\r\n<\/ol>\r\n<h3><span class=\"fontstyle0\">Aplicativos<\/span><\/h3>\r\n<ol>\r\n<li><span class=\"fontstyle0\">Ethernet 800GBASE-SR8<\/span><\/li>\r\n<li><span class=\"fontstyle0\">InfiniBand<\/span><\/li>\r\n<\/ol>\r\n<h3>Especifica\u00e7\u00e3o<\/h3>\r\n<table>\r\n<tbody>\r\n<tr style=\"height: 56px;\">\r\n<td style=\"height: 56px;\" width=\"287\">Marca<\/td>\r\n<td style=\"height: 56px;\" colspan=\"6\" width=\"370\">LuLeey<\/td>\r\n<\/tr>\r\n<tr style=\"height: 56px;\">\r\n<td style=\"height: 56px;\">Nome do produto<\/td>\r\n<td style=\"height: 56px;\" colspan=\"6\">Transceptor 800G OSFP SR8<\/td>\r\n<\/tr>\r\n<tr>\r\n<td>Modelo<\/td>\r\n<td colspan=\"6\">OSFP-SR8-800G<\/td>\r\n<\/tr>\r\n<tr>\r\n<td>Dist\u00e2ncia m\u00e1xima do cabo<\/td>\r\n<td colspan=\"6\">\r\n<p><span class=\"fontstyle0\">Alcance de at\u00e9 50 m em OM4\/OM5 e 30 m em OM3 com FEC<\/span><\/p>\r\n<\/td>\r\n<\/tr>\r\n<tr>\r\n<td>Conector<\/td>\r\n<td colspan=\"6\">\r\n<p><span class=\"fontstyle0\">Dupla MPO-12\/APC<\/span><\/p>\r\n<\/td>\r\n<\/tr>\r\n<tr>\r\n<td>Chip<\/td>\r\n<td colspan=\"6\">Broadcom<\/td>\r\n<\/tr>\r\n<\/tbody>\r\n<\/table>\r\n\r\n\r\n<a id=\"wd-8d694267\" class=\"wp-block-wd-button btn btn-style-default btn-color-primary btn-size-default btn-shape-rectangle\" href=\"https:\/\/www.luleey.com\/\/wp-content\/uploads\/resource\/documents\/LuLeey%20800G%20OSFP%20SR8%20Transceiver%20Datasheet%20V1.0.pdf\"><span>Folha de dados do transceptor 800G OSFP SR8 da LuLeey<\/span><\/a>\r\n\r\n\r\n\r\n<p><\/p>","protected":false},"excerpt":{"rendered":"<p><span class=\"fontstyle0\">NVIDIA\/Mellanox MMA4Z00-NS Compat\u00edvel com 800G 2xSR4 OSFP, LuLeey 800G OSFP SR8 Transceiver \u00e9 um m\u00f3dulo \u00f3ptico Octal Small Form-factor Pluggable de 800Gb\/s projetado para aplica\u00e7\u00f5es de comunica\u00e7\u00e3o \u00f3ptica OM4\/OM5 de 50m. No lado do transmissor, o m\u00f3dulo converte 8 canais de dados de entrada el\u00e9trica de 100 Gb\/s (PAM4) em 8 canais de sinais \u00f3pticos paralelos, cada um com capacidade de opera\u00e7\u00e3o de 100 Gb\/s para uma taxa de dados agregada de 800 Gb\/s. No lado do receptor, o m\u00f3dulo converte 8 canais de sinais \u00f3pticos paralelos de 100 Gb\/s cada canal para uma taxa de dados agregada de 800 Gb\/s em 8 canais de dados de sa\u00edda el\u00e9trica de 100 Gb\/s (PAM4)<\/span><\/p>","protected":false},"featured_media":17411,"comment_status":"open","ping_status":"closed","template":"","meta":[],"product_brand":[],"product_cat":[935],"product_tag":[938,939],"class_list":{"0":"post-17408","1":"product","2":"type-product","3":"status-publish","4":"has-post-thumbnail","6":"product_cat-qsfp56-qsfp112-osfp-qsfp-dd-200g-400g-800g","7":"product_tag-800g-osfp","8":"product_tag-osfp-sr8-800g","10":"first","11":"instock","12":"sale","13":"featured","14":"shipping-taxable","15":"purchasable","16":"product-type-variable","17":"has-default-attributes"},"_links":{"self":[{"href":"https:\/\/www.luleey.com\/pt\/wp-json\/wp\/v2\/product\/17408","targetHints":{"allow":["GET"]}}],"collection":[{"href":"https:\/\/www.luleey.com\/pt\/wp-json\/wp\/v2\/product"}],"about":[{"href":"https:\/\/www.luleey.com\/pt\/wp-json\/wp\/v2\/types\/product"}],"replies":[{"embeddable":true,"href":"https:\/\/www.luleey.com\/pt\/wp-json\/wp\/v2\/comments?post=17408"}],"wp:featuredmedia":[{"embeddable":true,"href":"https:\/\/www.luleey.com\/pt\/wp-json\/wp\/v2\/media\/17411"}],"wp:attachment":[{"href":"https:\/\/www.luleey.com\/pt\/wp-json\/wp\/v2\/media?parent=17408"}],"wp:term":[{"taxonomy":"product_brand","embeddable":true,"href":"https:\/\/www.luleey.com\/pt\/wp-json\/wp\/v2\/product_brand?post=17408"},{"taxonomy":"product_cat","embeddable":true,"href":"https:\/\/www.luleey.com\/pt\/wp-json\/wp\/v2\/product_cat?post=17408"},{"taxonomy":"product_tag","embeddable":true,"href":"https:\/\/www.luleey.com\/pt\/wp-json\/wp\/v2\/product_tag?post=17408"}],"curies":[{"name":"wp","href":"https:\/\/api.w.org\/{rel}","templated":true}]}}