{"id":17444,"date":"2025-02-12T14:12:41","date_gmt":"2025-02-12T06:12:41","guid":{"rendered":"https:\/\/www.luleey.com\/?post_type=product&#038;p=17444"},"modified":"2025-03-20T14:14:53","modified_gmt":"2025-03-20T06:14:53","slug":"8-port-100m-epon-onu-poe-onu","status":"publish","type":"product","link":"https:\/\/www.luleey.com\/pt\/produto\/8-port-100m-epon-onu-poe-onu\/","title":{"rendered":"8 portas 100M EPON ONU, PoE ONU"},"content":{"rendered":"<h3>Recursos<\/h3>\n<ol>\n<li>Suporta totalmente a norma IEEE802.3ah e a aloca\u00e7\u00e3o din\u00e2mica de largura de banda (DBA). Suporta a descoberta e o registro autom\u00e1ticos de ONUs (plug-and-play) sem configura\u00e7\u00e3o no local.<\/li>\n<li>As taxas de upstream e downstream s\u00e3o de at\u00e9 1,25 Gbps, e a dist\u00e2ncia de transmiss\u00e3o entre a OLT e a ONU \u00e9 de at\u00e9 20 km. As vantagens do acesso por fibra \u00f3ptica podem ser mais bem utilizadas.<\/li>\n<li>O inv\u00f3lucro de ferro tem forte dissipa\u00e7\u00e3o de calor e pode garantir que a ONU EPON 100M de 8 portas e a ONU PoE estejam em um bom ambiente de ventila\u00e7\u00e3o e dissipa\u00e7\u00e3o de calor.<br \/>\nOpera\u00e7\u00e3o ininterrupta por 24 horas, prolongando a vida \u00fatil do produto. Pode funcionar em uma temperatura baixa de -10 a 55 \u00b0C.<\/li>\n<\/ol>\n<h3>Especifica\u00e7\u00e3o<\/h3>\n<table style=\"width: 82.1855%; height: 384px;\" width=\"790\">\n<tbody>\n<tr style=\"height: 24px;\">\n<td style=\"height: 24px; width: 28.9673%;\" width=\"229\">Modelo<\/td>\n<td style=\"height: 24px; width: 70.0252%;\" width=\"561\">ONU-EP-8EF-POE<\/td>\n<\/tr>\n<tr style=\"height: 24px;\">\n<td style=\"height: 24px; width: 28.9673%;\">Marca<\/td>\n<td style=\"height: 24px; width: 70.0252%;\">LuLeey<\/td>\n<\/tr>\n<tr style=\"height: 24px;\">\n<td style=\"height: 24px; width: 28.9673%;\">Nome do produto<\/td>\n<td style=\"height: 24px; width: 70.0252%;\">8 portas 100M EPON PoE ONU<\/td>\n<\/tr>\n<tr style=\"height: 24px;\">\n<td style=\"height: 24px; width: 28.9673%;\">Fonte de alimenta\u00e7\u00e3o<\/td>\n<td style=\"height: 24px; width: 70.0252%;\">\u00a0DC48V<\/td>\n<\/tr>\n<tr style=\"height: 24px;\">\n<td style=\"width: 28.9673%; height: 24px;\">Tamanho do produto<\/td>\n<td style=\"width: 70.0252%; height: 24px;\">193 x 119 x 28 mm<\/td>\n<\/tr>\n<tr style=\"height: 24px;\">\n<td style=\"height: 24px; width: 28.9673%;\">Temperatura de trabalho<\/td>\n<td style=\"height: 24px; width: 70.0252%;\">\u00a0-10~55 graus Celsius<\/td>\n<\/tr>\n<tr style=\"height: 24px;\">\n<td style=\"height: 24px; width: 28.9673%;\">Temperatura de armazenamento<\/td>\n<td style=\"height: 24px; width: 70.0252%;\">\u00a0-40~85 graus Celsius<\/td>\n<\/tr>\n<tr style=\"height: 24px;\">\n<td style=\"height: 24px; width: 28.9673%;\">Espa\u00e7o de buffer<\/td>\n<td style=\"height: 24px; width: 70.0252%;\">1,25 MB<\/td>\n<\/tr>\n<tr style=\"height: 24px;\">\n<td style=\"height: 24px; width: 28.9673%;\">Tipo de interface PON<\/td>\n<td style=\"height: 24px; width: 70.0252%;\">\u00a0SC\/UPC<\/td>\n<\/tr>\n<tr style=\"height: 24px;\">\n<td style=\"height: 24px; width: 28.9673%;\">Comprimento de onda de trabalho<\/td>\n<td style=\"height: 24px; width: 70.0252%;\">\u00a01310TX\/1490RX<\/td>\n<\/tr>\n<tr style=\"height: 24px;\">\n<td style=\"height: 24px; width: 28.9673%;\">Sensibilidade do receptor<\/td>\n<td style=\"height: 24px; width: 70.0252%;\">-27 dBm<\/td>\n<\/tr>\n<tr style=\"height: 24px;\">\n<td style=\"height: 24px; width: 28.9673%;\">GPON\/EPON<\/td>\n<td style=\"height: 24px; width: 70.0252%;\">EPON ONU<\/td>\n<\/tr>\n<tr style=\"height: 24px;\">\n<td style=\"height: 24px; width: 28.9673%;\">Pot\u00eancia \u00f3ptica<\/td>\n<td style=\"height: 24px; width: 70.0252%;\">0 dBm a +4 dBm<\/td>\n<\/tr>\n<tr style=\"height: 24px;\">\n<td style=\"height: 24px; width: 28.9673%;\">Gerenciamento<\/td>\n<td style=\"height: 24px; width: 70.0252%;\">Gerenciamento de OLT<\/td>\n<\/tr>\n<tr style=\"height: 48px;\">\n<td style=\"height: 48px; width: 28.9673%;\">Suporte a padr\u00f5es de protocolo<\/td>\n<td style=\"height: 48px; width: 70.0252%;\">IEEE802.3, IEEE802.3U e IEEE 802.3ab<br \/>\nIGMP Snooping V2, IEEE802.1Q VLAN, IEEE802.1p QoS<\/td>\n<\/tr>\n<tr>\n<td style=\"width: 28.9673%;\">POE<\/td>\n<td style=\"width: 70.0252%;\">IEEE802.3af 15.4W, IEEE802.3at 30W,<br \/>\nIdentifica\u00e7\u00e3o autom\u00e1tica de equipamentos energizados, fornecimento autom\u00e1tico de energia e falha de energia<\/td>\n<\/tr>\n<\/tbody>\n<\/table>","protected":false},"excerpt":{"rendered":"<ol start=\"1\">\n<li><strong>ONU EPON 100M de 8 portas de alta velocidade, conformidade com ONU PoE<\/strong>: Suporta IEEE802.3ah, aloca\u00e7\u00e3o din\u00e2mica de largura de banda (DBA) e ONU PoE EPON de 8 portas 100M com alcance de 20 km, maximizando o desempenho da fibra \u00f3ptica.<\/li>\n<li><strong>Design dur\u00e1vel e eficiente<\/strong>: A carca\u00e7a de ferro garante dissipa\u00e7\u00e3o de calor superior, opera\u00e7\u00e3o 24 horas por dia, 7 dias por semana e desempenho est\u00e1vel em temperaturas de -10 \u00b0C a 55 \u00b0C.<\/li>\n<li><strong>Plug-and-Play e gerenciamento avan\u00e7ado<\/strong>: Apresenta descoberta autom\u00e1tica de ONU, gerenciamento pela Web e suporta VLAN, QoS e IGMP Snooping para facilitar a instala\u00e7\u00e3o e a otimiza\u00e7\u00e3o da rede.<\/li>\n<\/ol>","protected":false},"featured_media":17401,"comment_status":"open","ping_status":"closed","template":"","meta":[],"product_brand":[],"product_cat":[291],"product_tag":[944,292],"class_list":{"0":"post-17444","1":"product","2":"type-product","3":"status-publish","4":"has-post-thumbnail","6":"product_cat-poe-gpon-epon-onu","7":"product_tag-epon-onu","8":"product_tag-poe-onu","10":"first","11":"instock","12":"shipping-taxable","13":"purchasable","14":"product-type-variable","15":"has-default-attributes"},"_links":{"self":[{"href":"https:\/\/www.luleey.com\/pt\/wp-json\/wp\/v2\/product\/17444","targetHints":{"allow":["GET"]}}],"collection":[{"href":"https:\/\/www.luleey.com\/pt\/wp-json\/wp\/v2\/product"}],"about":[{"href":"https:\/\/www.luleey.com\/pt\/wp-json\/wp\/v2\/types\/product"}],"replies":[{"embeddable":true,"href":"https:\/\/www.luleey.com\/pt\/wp-json\/wp\/v2\/comments?post=17444"}],"wp:featuredmedia":[{"embeddable":true,"href":"https:\/\/www.luleey.com\/pt\/wp-json\/wp\/v2\/media\/17401"}],"wp:attachment":[{"href":"https:\/\/www.luleey.com\/pt\/wp-json\/wp\/v2\/media?parent=17444"}],"wp:term":[{"taxonomy":"product_brand","embeddable":true,"href":"https:\/\/www.luleey.com\/pt\/wp-json\/wp\/v2\/product_brand?post=17444"},{"taxonomy":"product_cat","embeddable":true,"href":"https:\/\/www.luleey.com\/pt\/wp-json\/wp\/v2\/product_cat?post=17444"},{"taxonomy":"product_tag","embeddable":true,"href":"https:\/\/www.luleey.com\/pt\/wp-json\/wp\/v2\/product_tag?post=17444"}],"curies":[{"name":"wp","href":"https:\/\/api.w.org\/{rel}","templated":true}]}}