{"id":17457,"date":"2025-02-16T22:49:02","date_gmt":"2025-02-16T14:49:02","guid":{"rendered":"https:\/\/www.luleey.com\/?post_type=product&#038;p=17457"},"modified":"2026-03-28T00:54:20","modified_gmt":"2026-03-27T16:54:20","slug":"1310-1550nm-t860-catv-fiber-optic-transmitter","status":"publish","type":"product","link":"https:\/\/www.luleey.com\/pt\/produto\/1310-1550nm-t860-catv-fiber-optic-transmitter\/","title":{"rendered":"Transmissor de fibra \u00f3ptica 1310\/1550nm T860 CATV"},"content":{"rendered":"<h3>Recursos<\/h3>\n<p align=\"left\">1310nm<br \/>\n1. Largura de banda operacional: plataforma de 862 MHz com pot\u00eancia de sa\u00edda \u00f3ptica de 2 a 10 MW;<br \/>\n2. Laser DFB de alto desempenho com isolamento interno para proporcionar a melhor qualidade de sinal; ;<br \/>\n3. Circuito de pr\u00e9-distor\u00e7\u00e3o avan\u00e7ado com excelente desempenho de CSO e CTB; ;<br \/>\n4. O circuito AGC est\u00e1 dispon\u00edvel para fornecer um n\u00edvel de RF de entrada constante ao laser para garantir o laser ideal;<br \/>\n5. Controle autom\u00e1tico por microprocessador da pot\u00eancia de sa\u00edda (APC) e da taxa de modula\u00e7\u00e3o (AMC);<br \/>\n6. O painel frontal de LEDs fornece os principais par\u00e2metros operacionais: pot\u00eancia de sa\u00edda \u00f3ptica, corrente operacional, n\u00edvel de RF de entrada, status da taxa de modula\u00e7\u00e3o;<br \/>\n7. Fonte de alimenta\u00e7\u00e3o de comuta\u00e7\u00e3o est\u00e1vel e de alta efici\u00eancia;<\/p>\n<p>1550nm<br \/>\n1. O m\u00f3dulo de bomba do laser de bomba local e a fibra dopada com \u00e9rbio adotam o laser de bomba \u00f3ptica importado original;<br \/>\n2. A m\u00e1quina inteira \u00e9 equipada com um circuito de controle de temperatura perfeito do laser ATC, que pode garantir o desempenho est\u00e1vel da sa\u00edda do laser e a melhor temperatura do APC;<br \/>\n3. A m\u00e1quina \u00e9 equipada com um software de monitoramento de microprocessador para monitorar o estado do laser e tem as fun\u00e7\u00f5es de exibi\u00e7\u00e3o digital, alarme de falha, etc;<br \/>\n4. Fonte de alimenta\u00e7\u00e3o comutada de alta qualidade e efici\u00eancia, com pequeno aumento de temperatura e alta confiabilidade, \u00e9 adequada para uma ampla faixa de alimenta\u00e7\u00e3o de rede de AC85 - 254v \/ 50Hz \/ 60Hz;<br \/>\n5. Se os par\u00e2metros de trabalho do laser se desviarem da faixa permitida definida pelo software, a fonte de alimenta\u00e7\u00e3o do laser ser\u00e1 automaticamente desligada;<br \/>\n6. O painel de LED frontal exibe os principais par\u00e2metros de status de opera\u00e7\u00e3o: pot\u00eancia de sa\u00edda \u00f3ptica, corrente de trabalho, n\u00edvel de RF de entrada e status da taxa de modula\u00e7\u00e3o;<\/p>\n<table style=\"border-collapse: collapse; width: 100%; height: 505px;\">\n<tbody>\n<tr style=\"height: 24px;\">\n<td style=\"width: 50%; height: 24px;\">Marca<\/td>\n<td style=\"width: 50%; height: 24px;\">LuLeey<\/td>\n<\/tr>\n<tr style=\"height: 24px;\">\n<td style=\"width: 50%; height: 24px;\">Nome do produto<\/td>\n<td style=\"width: 50%; height: 24px;\">Transmissor de fibra \u00f3ptica CATV T860<\/td>\n<\/tr>\n<tr style=\"height: 24px;\">\n<td style=\"width: 50%; height: 24px;\">Modelo<\/td>\n<td style=\"width: 50%; height: 24px;\">T860<\/td>\n<\/tr>\n<tr style=\"height: 24px;\">\n<td style=\"width: 50%; height: 25px;\">Comprimento de onda \u00f3ptica<\/td>\n<td style=\"width: 50%; height: 25px;\">1310nm\u00b120 1550nm\u00b115<\/td>\n<\/tr>\n<tr style=\"height: 24px;\">\n<td style=\"width: 50%; height: 24px;\">Sa\u00edda \u00f3ptica Pot\u00eancia \u00f3ptica<\/td>\n<td style=\"width: 50%; height: 24px;\">2~12mW<\/td>\n<\/tr>\n<tr style=\"height: 24px;\">\n<td style=\"width: 50%; height: 24px;\">CNR \u00f3ptico (dB)<\/td>\n<td style=\"width: 50%; height: 24px;\">\u226551<\/td>\n<\/tr>\n<tr style=\"height: 24px;\">\n<td style=\"width: 50%; height: 24px;\">CTB \u00f3ptico (dB)<\/td>\n<td style=\"width: 50%; height: 24px;\">\u226565<\/td>\n<\/tr>\n<tr style=\"height: 24px;\">\n<td style=\"width: 50%; height: 24px;\">CSO \u00f3ptico (dB)<\/td>\n<td style=\"width: 50%; height: 24px;\">\u226560<\/td>\n<\/tr>\n<tr style=\"height: 24px;\">\n<td style=\"width: 50%; height: 24px;\">Conector \u00f3ptico<\/td>\n<td style=\"width: 50%; height: 24px;\">SC APC \/ FC APC<\/td>\n<\/tr>\n<tr style=\"height: 24px;\">\n<td style=\"width: 50%; height: 24px;\">Largura de banda de RF (MHz)<\/td>\n<td style=\"width: 50%; height: 24px;\">45~862<\/td>\n<\/tr>\n<tr style=\"height: 24px;\">\n<td style=\"width: 50%; height: 24px;\">Imped\u00e2ncia de entrada de RF (\u03a9)<\/td>\n<td style=\"width: 50%; height: 24px;\">75<\/td>\n<\/tr>\n<tr style=\"height: 24px;\">\n<td style=\"width: 50%; height: 24px;\">Precis\u00e3o do RF AGC (dB)<\/td>\n<td style=\"width: 50%; height: 24px;\">\u00b15\/\u00b10.3<\/td>\n<\/tr>\n<tr style=\"height: 24px;\">\n<td style=\"width: 50%; height: 24px;\">Perda de retorno de entrada de RF (dB)<\/td>\n<td style=\"width: 50%; height: 24px;\">\u226516<\/td>\n<\/tr>\n<tr style=\"height: 24px;\">\n<td style=\"width: 50%; height: 24px;\">Faixa de n\u00edvel de entrada de RF (dB\u03bcV)<\/td>\n<td style=\"width: 50%; height: 24px;\">80\u00b15<\/td>\n<\/tr>\n<tr style=\"height: 24px;\">\n<td style=\"width: 50%; height: 24px;\">Faixa ajust\u00e1vel do n\u00edvel de RF (dB)<\/td>\n<td style=\"width: 50%; height: 24px;\">0~10<\/td>\n<\/tr>\n<tr style=\"height: 24px;\">\n<td style=\"width: 50%; height: 24px;\">Nivelamento em banda de RF (dB)<\/td>\n<td style=\"width: 50%; height: 24px;\">\u00b10.5<\/td>\n<\/tr>\n<tr style=\"height: 24px;\">\n<td style=\"width: 50%; height: 24px;\">N\u00edvel de RF do ponto de teste (dB\u03bcV)<\/td>\n<td style=\"width: 50%; height: 24px;\">N\u00edvel de entrada para laser -20dB\u03bcV<\/td>\n<\/tr>\n<tr style=\"height: 24px;\">\n<td style=\"width: 50%; height: 24px;\">Tens\u00e3o de entrada (V)<\/td>\n<td style=\"width: 50%; height: 24px;\">AC220V e AC60V<\/td>\n<\/tr>\n<tr style=\"height: 24px;\">\n<td style=\"width: 50%; height: 24px;\">Consumo de corrente (A)<\/td>\n<td style=\"width: 50%; height: 24px;\">0.25<\/td>\n<\/tr>\n<tr style=\"height: 24px;\">\n<td style=\"width: 50%; height: 24px;\">Temperatura operacional (\u2103)<\/td>\n<td style=\"width: 50%; height: 24px;\">0~+50<\/td>\n<\/tr>\n<tr style=\"height: 24px;\">\n<td style=\"width: 50%; height: 24px;\">Dimens\u00f5es (mm)<\/td>\n<td style=\"width: 50%; height: 24px;\">194 x 147 x 44<\/td>\n<\/tr>\n<\/tbody>\n<\/table>\n<p align=\"left\">","protected":false},"excerpt":{"rendered":"<p>Caracter\u00edsticas 1310nm 1. Largura de banda operacional: plataforma de 862 MHz com pot\u00eancia de sa\u00edda \u00f3ptica de 2 a 10 MW; 2. Laser DFB de alto desempenho com isolamento interno<\/p>","protected":false},"featured_media":17458,"comment_status":"open","ping_status":"closed","template":"","meta":[],"product_brand":[],"product_cat":[198],"product_tag":[195,946,947],"class_list":{"0":"post-17457","1":"product","2":"type-product","3":"status-publish","4":"has-post-thumbnail","6":"product_cat-catv-transmitter","7":"product_tag-catv","8":"product_tag-fiber-optic-transmitter","9":"product_tag-t860","11":"first","12":"instock","13":"featured","14":"shipping-taxable","15":"purchasable","16":"product-type-variable","17":"has-default-attributes"},"_links":{"self":[{"href":"https:\/\/www.luleey.com\/pt\/wp-json\/wp\/v2\/product\/17457","targetHints":{"allow":["GET"]}}],"collection":[{"href":"https:\/\/www.luleey.com\/pt\/wp-json\/wp\/v2\/product"}],"about":[{"href":"https:\/\/www.luleey.com\/pt\/wp-json\/wp\/v2\/types\/product"}],"replies":[{"embeddable":true,"href":"https:\/\/www.luleey.com\/pt\/wp-json\/wp\/v2\/comments?post=17457"}],"wp:featuredmedia":[{"embeddable":true,"href":"https:\/\/www.luleey.com\/pt\/wp-json\/wp\/v2\/media\/17458"}],"wp:attachment":[{"href":"https:\/\/www.luleey.com\/pt\/wp-json\/wp\/v2\/media?parent=17457"}],"wp:term":[{"taxonomy":"product_brand","embeddable":true,"href":"https:\/\/www.luleey.com\/pt\/wp-json\/wp\/v2\/product_brand?post=17457"},{"taxonomy":"product_cat","embeddable":true,"href":"https:\/\/www.luleey.com\/pt\/wp-json\/wp\/v2\/product_cat?post=17457"},{"taxonomy":"product_tag","embeddable":true,"href":"https:\/\/www.luleey.com\/pt\/wp-json\/wp\/v2\/product_tag?post=17457"}],"curies":[{"name":"wp","href":"https:\/\/api.w.org\/{rel}","templated":true}]}}