{"id":17505,"date":"2025-02-21T21:44:18","date_gmt":"2025-02-21T13:44:18","guid":{"rendered":"https:\/\/www.luleey.com\/?post_type=product&#038;p=17505"},"modified":"2025-06-28T10:45:38","modified_gmt":"2025-06-28T02:45:38","slug":"10gbase-lr-10g-sfp-transceiver-module-ll-sfp-10g-lr","status":"publish","type":"product","link":"https:\/\/www.luleey.com\/pt\/produto\/10gbase-lr-10g-sfp-transceiver-module-ll-sfp-10g-lr\/","title":{"rendered":"M\u00f3dulo transceptor 10GBase-LR 10G SFP+, LL-SFP-10G-LR"},"content":{"rendered":"<h3>Recursos<\/h3>\n<ol>\n<li><strong>Transceptor 10G SFP+ de alto desempenho<\/strong>: Suporta taxas de dados de 10 Gbps para atualiza\u00e7\u00f5es cont\u00ednuas da rede.<\/li>\n<li><strong>Compatibilidade certificada do m\u00f3dulo 10GBase-LR<\/strong>: Interoperabilidade garantida com Cisco, Juniper, HP e outros switches\/roteadores importantes.<\/li>\n<li><strong>Alcance estendido com fibra monomodo<\/strong>: Oferece transmiss\u00e3o de at\u00e9 10 km para implementa\u00e7\u00f5es em empresas ou data centers.<\/li>\n<li><strong>Design de fibra \u00f3ptica SFP+ confi\u00e1vel e de baixo consumo de energia<\/strong>: Otimizado para efici\u00eancia energ\u00e9tica e lat\u00eancia m\u00ednima.<\/li>\n<li><strong>Conector LC duplo e hot-pluggable<\/strong>: Instala\u00e7\u00e3o sem ferramentas para r\u00e1pida implementa\u00e7\u00e3o<\/li>\n<li><strong>Durabilidade e conformidade do transceptor de fibra \u00f3ptica SFP+<\/strong>: Compat\u00edvel com MSA, faixa de temperatura de n\u00edvel industrial (-0\u00b0C a 70\u00b0C) e certificado RoHS.<\/li>\n<li><strong>Monitoramento de diagn\u00f3stico<\/strong>: DDM\/DOM integrado para rastreamento de desempenho em tempo real.<\/li>\n<\/ol>\n<h3>Especifica\u00e7\u00e3o<\/h3>\n<table style=\"width: 41.473%; height: 458px;\">\n<thead>\n<tr style=\"height: 24px;\">\n<th style=\"height: 24px; width: 41.0417%;\"><strong>Par\u00e2metro<\/strong><\/th>\n<th style=\"height: 24px; width: 73.3333%;\"><strong>Detalhes<\/strong><\/th>\n<\/tr>\n<\/thead>\n<tbody>\n<tr style=\"height: 48px;\">\n<td style=\"height: 48px; width: 41.0417%;\"><strong>Nome do produto<\/strong><\/td>\n<td style=\"height: 48px; width: 73.3333%;\">M\u00f3dulo transceptor SFP+ 10GBase-LR<\/td>\n<\/tr>\n<tr style=\"height: 24px;\">\n<td style=\"height: 24px; width: 41.0417%;\"><strong>Marca<\/strong><\/td>\n<td style=\"height: 24px; width: 73.3333%;\">LuLeey<\/td>\n<\/tr>\n<tr>\n<td style=\"width: 41.0417%;\"><strong>M\u00f3dulo<\/strong><\/td>\n<td style=\"width: 73.3333%;\">LL-SFP-10G-LR<\/td>\n<\/tr>\n<tr style=\"height: 26px;\">\n<td style=\"height: 26px; width: 41.0417%;\"><strong>Origem<\/strong><\/td>\n<td style=\"height: 26px; width: 73.3333%;\">China continental<\/td>\n<\/tr>\n<tr>\n<td style=\"width: 41.0417%;\"><strong>Protocolo<\/strong><\/td>\n<td style=\"width: 73.3333%;\">IEEE.802.3ae,SFF-8472,SFP+MSA<\/td>\n<\/tr>\n<tr style=\"height: 24px;\">\n<td style=\"height: 24px; width: 41.0417%;\"><strong>Comprimento de onda<\/strong><\/td>\n<td style=\"height: 24px; width: 73.3333%;\">1310nm<\/td>\n<\/tr>\n<tr style=\"height: 24px;\">\n<td style=\"height: 24px; width: 41.0417%;\"><strong>Dist\u00e2ncia de transmiss\u00e3o<\/strong><\/td>\n<td style=\"height: 24px; width: 73.3333%;\">10 km (6,2 milhas)<\/td>\n<\/tr>\n<tr style=\"height: 24px;\">\n<td style=\"height: 24px; width: 41.0417%;\"><strong>Taxa de dados<\/strong><\/td>\n<td style=\"height: 24px; width: 73.3333%;\">10,3125 Gbps<\/td>\n<\/tr>\n<tr style=\"height: 24px;\">\n<td style=\"height: 24px; width: 41.0417%;\"><strong>Tipo de conector<\/strong><\/td>\n<td style=\"height: 24px; width: 73.3333%;\">LC duplex duplo<\/td>\n<\/tr>\n<tr style=\"height: 24px;\">\n<td style=\"height: 24px; width: 41.0417%;\"><strong>Tipo de fibra<\/strong><\/td>\n<td style=\"height: 24px; width: 73.3333%;\">Modo \u00fanico (SMF)<\/td>\n<\/tr>\n<tr style=\"height: 48px;\">\n<td style=\"height: 48px; width: 41.0417%;\"><strong>Temperatura operacional<\/strong><\/td>\n<td style=\"height: 48px; width: 73.3333%;\">0\u00b0C a 70\u00b0C (32\u00b0F a 158\u00b0F)<\/td>\n<\/tr>\n<tr style=\"height: 24px;\">\n<td style=\"height: 24px; width: 41.0417%;\"><strong>Consumo de energia<\/strong><\/td>\n<td style=\"height: 24px; width: 73.3333%;\">\u22641W<\/td>\n<\/tr>\n<tr style=\"height: 24px;\">\n<td style=\"height: 24px; width: 41.0417%;\"><strong>Compatibilidade<\/strong><\/td>\n<td style=\"height: 24px; width: 73.3333%;\">Cisco, Juniper, HP, Dell, Ubiquiti...<\/td>\n<\/tr>\n<tr style=\"height: 24px;\">\n<td style=\"height: 24px; width: 41.0417%;\"><strong>Certifica\u00e7\u00f5es<\/strong><\/td>\n<td style=\"height: 24px; width: 73.3333%;\">RoHS, CE, FCC, MSA<\/td>\n<\/tr>\n<tr style=\"height: 24px;\">\n<td style=\"height: 24px; width: 41.0417%;\"><strong>DDM\/DOM<\/strong><\/td>\n<td style=\"height: 24px; width: 73.3333%;\">Sim<\/td>\n<\/tr>\n<tr style=\"height: 24px;\">\n<td style=\"height: 24px; width: 41.0417%;\"><strong>Tipo de transmissor<\/strong><\/td>\n<td style=\"height: 24px; width: 73.3333%;\">DFB<\/td>\n<\/tr>\n<tr style=\"height: 24px;\">\n<td style=\"height: 24px; width: 41.0417%;\"><strong>Pot\u00eancia \u00f3ptica de transmiss\u00e3o<\/strong><\/td>\n<td style=\"height: 24px; width: 73.3333%;\">-5 dBm a 0,5 dBm<\/td>\n<\/tr>\n<tr style=\"height: 24px;\">\n<td style=\"height: 24px; width: 41.0417%;\"><strong>Sensibilidade do receptor<\/strong><\/td>\n<td style=\"height: 24px; width: 73.3333%;\">&lt;-13 dBm<\/td>\n<\/tr>\n<\/tbody>\n<\/table>","protected":false},"excerpt":{"rendered":"<ul>\n<li><strong>Efici\u00eancia Plug-and-Play<\/strong>: Transceptor 10G SFP+ diretamente compat\u00edvel com as principais marcas de equipamentos de rede - sem necessidade de configura\u00e7\u00e3o.<\/li>\n<li><strong>Conectividade confi\u00e1vel de longa dist\u00e2ncia<\/strong>: Oferece velocidades est\u00e1veis de 10 Gbps em 10 km, ideais para data centers e backbones corporativos.<\/li>\n<li><strong>Alternativa de economia de custos<\/strong>: Rigorosamente testado para corresponder ao desempenho do OEM por uma fra\u00e7\u00e3o do pre\u00e7o.<\/li>\n<\/ul>","protected":false},"featured_media":17514,"comment_status":"open","ping_status":"closed","template":"","meta":[],"product_brand":[],"product_cat":[321],"product_tag":[979,980,981],"class_list":{"0":"post-17505","1":"product","2":"type-product","3":"status-publish","4":"has-post-thumbnail","6":"product_cat-sfp-sfp-1g-2-5g-5g-10g","7":"product_tag-10g-sfp-transceiver","8":"product_tag-10gbase-lr-module","9":"product_tag-sfp-optical-transceiver","11":"first","12":"instock","13":"featured","14":"shipping-taxable","15":"purchasable","16":"product-type-variable","17":"has-default-attributes"},"_links":{"self":[{"href":"https:\/\/www.luleey.com\/pt\/wp-json\/wp\/v2\/product\/17505","targetHints":{"allow":["GET"]}}],"collection":[{"href":"https:\/\/www.luleey.com\/pt\/wp-json\/wp\/v2\/product"}],"about":[{"href":"https:\/\/www.luleey.com\/pt\/wp-json\/wp\/v2\/types\/product"}],"replies":[{"embeddable":true,"href":"https:\/\/www.luleey.com\/pt\/wp-json\/wp\/v2\/comments?post=17505"}],"wp:featuredmedia":[{"embeddable":true,"href":"https:\/\/www.luleey.com\/pt\/wp-json\/wp\/v2\/media\/17514"}],"wp:attachment":[{"href":"https:\/\/www.luleey.com\/pt\/wp-json\/wp\/v2\/media?parent=17505"}],"wp:term":[{"taxonomy":"product_brand","embeddable":true,"href":"https:\/\/www.luleey.com\/pt\/wp-json\/wp\/v2\/product_brand?post=17505"},{"taxonomy":"product_cat","embeddable":true,"href":"https:\/\/www.luleey.com\/pt\/wp-json\/wp\/v2\/product_cat?post=17505"},{"taxonomy":"product_tag","embeddable":true,"href":"https:\/\/www.luleey.com\/pt\/wp-json\/wp\/v2\/product_tag?post=17505"}],"curies":[{"name":"wp","href":"https:\/\/api.w.org\/{rel}","templated":true}]}}