{"id":17507,"date":"2025-02-21T21:46:04","date_gmt":"2025-02-21T13:46:04","guid":{"rendered":"https:\/\/www.luleey.com\/?post_type=product&#038;p=17507"},"modified":"2025-06-22T15:19:04","modified_gmt":"2025-06-22T07:19:04","slug":"10gbase-er-10g-sfp-transceiver-module-40km-single-mode-full-brand-compatible","status":"publish","type":"product","link":"https:\/\/www.luleey.com\/pt\/produto\/10gbase-er-10g-sfp-transceiver-module-40km-single-mode-full-brand-compatible\/","title":{"rendered":"M\u00f3dulo transceptor 10GBase-ER 10G SFP+, 40km monomodo, totalmente compat\u00edvel com a marca"},"content":{"rendered":"<h3>Recursos<\/h3>\n<ol>\n<li><strong>Transceptor 10G SFP+ de alta velocidade<\/strong>: Suporta transfer\u00eancia de dados de 10 Gbps para um desempenho de rede perfeito.<\/li>\n<li><strong>Conformidade com o padr\u00e3o 10GBase-ER<\/strong>: Alcance da fibra monomodo de 40 km para aplica\u00e7\u00f5es de longa dist\u00e2ncia.<\/li>\n<li><strong>Design compat\u00edvel com a Cisco<\/strong>: Integra\u00e7\u00e3o plug-and-play com switches e roteadores da Cisco.<\/li>\n<li><strong>Baixo consumo de energia<\/strong>: Opera\u00e7\u00e3o com efici\u00eancia energ\u00e9tica com consumo de energia \u22641,5 W.<\/li>\n<li><strong>Interoperabilidade de v\u00e1rios fornecedores<\/strong>: Testado com Juniper, HP e Dell para ampla compatibilidade.<\/li>\n<\/ol>\n<h3>Especifica\u00e7\u00e3o<\/h3>\n<table style=\"width: 40.8026%; height: 399px;\">\n<thead>\n<tr style=\"height: 24px;\">\n<th style=\"height: 24px;\"><strong>Atributo<\/strong><\/th>\n<th style=\"height: 24px;\"><strong>Detalhes<\/strong><\/th>\n<\/tr>\n<\/thead>\n<tbody>\n<tr style=\"height: 48px;\">\n<td style=\"height: 48px;\">Nome do produto<\/td>\n<td style=\"height: 48px;\">Transceptor 10GBase-ER 10G SFP+<\/td>\n<\/tr>\n<tr style=\"height: 24px;\">\n<td style=\"height: 24px;\">Marca<\/td>\n<td style=\"height: 24px;\">LuLeey<\/td>\n<\/tr>\n<tr style=\"height: 24px;\">\n<td style=\"height: 24px;\">Modelo<\/td>\n<td style=\"height: 24px;\">LL-SFP-10G-ER<\/td>\n<\/tr>\n<tr style=\"height: 24px;\">\n<td style=\"height: 24px;\">Comprimento de onda<\/td>\n<td style=\"height: 24px;\">1550nm<\/td>\n<\/tr>\n<tr style=\"height: 24px;\">\n<td style=\"height: 24px;\">Dist\u00e2ncia de transmiss\u00e3o<\/td>\n<td style=\"height: 24px;\">40 km<\/td>\n<\/tr>\n<tr style=\"height: 24px;\">\n<td style=\"height: 24px;\">Tipo de conector<\/td>\n<td style=\"height: 24px;\">LC Duplex<\/td>\n<\/tr>\n<tr style=\"height: 24px;\">\n<td style=\"height: 24px;\">Temperatura operacional<\/td>\n<td style=\"height: 24px;\">-10\u00b0C a 70\u00b0C<\/td>\n<\/tr>\n<tr style=\"height: 24px;\">\n<td style=\"height: 24px;\">Certifica\u00e7\u00e3o<\/td>\n<td style=\"height: 24px;\">FCC, RoHS, CE<\/td>\n<\/tr>\n<tr style=\"height: 24px;\">\n<td style=\"height: 24px;\">Compatibilidade<\/td>\n<td style=\"height: 24px;\">Cisco, Juniper, Dell, HP<\/td>\n<\/tr>\n<tr style=\"height: 24px;\">\n<td style=\"height: 24px;\">Origem<\/td>\n<td style=\"height: 24px;\">China continental<\/td>\n<\/tr>\n<tr style=\"height: 15px;\">\n<td style=\"height: 15px;\">Tipo de transmissor<\/td>\n<td style=\"height: 15px;\">EML<\/td>\n<\/tr>\n<tr style=\"height: 24px;\">\n<td style=\"height: 24px;\">Pot\u00eancia \u00f3ptica de transmiss\u00e3o<\/td>\n<td style=\"height: 24px;\">-2 dBm a +4 dBm<\/td>\n<\/tr>\n<tr style=\"height: 24px;\">\n<td style=\"height: 24px;\">Sensibilidade do receptor<\/td>\n<td style=\"height: 24px;\">&lt;-14 dBm<\/td>\n<\/tr>\n<tr style=\"height: 24px;\">\n<td style=\"height: 24px;\">Protocolo<\/td>\n<td style=\"height: 24px;\">IEEE.802.3ae,SFF-8472,SFP+MSA<\/td>\n<\/tr>\n<tr style=\"height: 24px;\">\n<td style=\"height: 24px;\">Consumo de energia<\/td>\n<td style=\"height: 24px;\">\u22641.5W<\/td>\n<\/tr>\n<\/tbody>\n<\/table>","protected":false},"excerpt":{"rendered":"<ul>\n<li><strong>40 km de percurso longo<\/strong>: Ideal para redes corporativas e de data center.<\/li>\n<li><strong>Pronto para a Cisco<\/strong>: Instala\u00e7\u00e3o de configura\u00e7\u00e3o zero para switches Cisco.<\/li>\n<li><strong>Custo-benef\u00edcio<\/strong>: Alto desempenho a um pre\u00e7o competitivo.<\/li>\n<\/ul>","protected":false},"featured_media":17523,"comment_status":"open","ping_status":"closed","template":"","meta":[],"product_brand":[],"product_cat":[321],"product_tag":[979,982,983],"class_list":{"0":"post-17507","1":"product","2":"type-product","3":"status-publish","4":"has-post-thumbnail","6":"product_cat-sfp-sfp-1g-2-5g-5g-10g","7":"product_tag-10g-sfp-transceiver","8":"product_tag-10gbase-er-optical-module","9":"product_tag-cisco-compatible-sfp","11":"first","12":"instock","13":"sale","14":"shipping-taxable","15":"purchasable","16":"product-type-variable","17":"has-default-attributes"},"_links":{"self":[{"href":"https:\/\/www.luleey.com\/pt\/wp-json\/wp\/v2\/product\/17507","targetHints":{"allow":["GET"]}}],"collection":[{"href":"https:\/\/www.luleey.com\/pt\/wp-json\/wp\/v2\/product"}],"about":[{"href":"https:\/\/www.luleey.com\/pt\/wp-json\/wp\/v2\/types\/product"}],"replies":[{"embeddable":true,"href":"https:\/\/www.luleey.com\/pt\/wp-json\/wp\/v2\/comments?post=17507"}],"wp:featuredmedia":[{"embeddable":true,"href":"https:\/\/www.luleey.com\/pt\/wp-json\/wp\/v2\/media\/17523"}],"wp:attachment":[{"href":"https:\/\/www.luleey.com\/pt\/wp-json\/wp\/v2\/media?parent=17507"}],"wp:term":[{"taxonomy":"product_brand","embeddable":true,"href":"https:\/\/www.luleey.com\/pt\/wp-json\/wp\/v2\/product_brand?post=17507"},{"taxonomy":"product_cat","embeddable":true,"href":"https:\/\/www.luleey.com\/pt\/wp-json\/wp\/v2\/product_cat?post=17507"},{"taxonomy":"product_tag","embeddable":true,"href":"https:\/\/www.luleey.com\/pt\/wp-json\/wp\/v2\/product_tag?post=17507"}],"curies":[{"name":"wp","href":"https:\/\/api.w.org\/{rel}","templated":true}]}}