{"id":17511,"date":"2025-02-21T21:46:49","date_gmt":"2025-02-21T13:46:49","guid":{"rendered":"https:\/\/www.luleey.com\/?post_type=product&#038;p=17511"},"modified":"2025-06-22T15:19:01","modified_gmt":"2025-06-22T07:19:01","slug":"luleey-10g-sfp-transceiver-10gbase-sr-850nm-300m","status":"publish","type":"product","link":"https:\/\/www.luleey.com\/pt\/produto\/luleey-10g-sfp-transceiver-10gbase-sr-850nm-300m\/","title":{"rendered":"LuLeey 10G SFP+ Transceptor 10GBase-SR, 850nm, 300m)"},"content":{"rendered":"<h3>Recursos<\/h3>\n<ol>\n<li><strong>Transceptor SFP+ 10G<\/strong>\u00a0com\u00a0<strong>10GBase-SR<\/strong>\u00a0para atualiza\u00e7\u00f5es cont\u00ednuas da rede 10G.<\/li>\n<li>A compatibilidade com v\u00e1rios fornecedores (Cisco, Juniper, etc.) garante uma integra\u00e7\u00e3o sem complica\u00e7\u00f5es.<\/li>\n<li><strong>M\u00f3dulo \u00f3ptico 10G<\/strong>\u00a0com durabilidade de n\u00edvel industrial e baixo consumo de energia.<\/li>\n<li>Comprimento de onda de 850 nm e alcance da fibra OM3\/OM4 de 300 m para transmiss\u00e3o de dados em alta velocidade.<\/li>\n<li>Rigorosamente testado para atender aos padr\u00f5es MSA, garantindo a confiabilidade das redes corporativas.<\/li>\n<li>Sobre <strong>Marca geral<\/strong>: Compat\u00edvel com Cisco, Ruijie, ZTE, TP-LINK, Hikvision, WLAN, Netgear, Mikrotik, ASUS, Boda, Tenda, Mercury, netLINK, UBIQUITI, Banana Pi<\/li>\n<\/ol>\n<h3>Especifica\u00e7\u00e3o<\/h3>\n<table>\n<tbody>\n<tr>\n<td><strong>Nome do produto<\/strong><\/td>\n<td>Transceptor SFP+ 10G<\/td>\n<\/tr>\n<tr>\n<td><strong>Marca<\/strong><\/td>\n<td>LuLeey<\/td>\n<\/tr>\n<tr>\n<td><strong>Modelo<\/strong><\/td>\n<td>SFP-10G-SR<\/td>\n<\/tr>\n<tr>\n<td><strong>Compatibilidade<\/strong><\/td>\n<td>Cisco, Juniper, HPE, Dell, etc.<\/td>\n<\/tr>\n<tr>\n<td><strong>Comprimento de onda<\/strong><\/td>\n<td>850nm<\/td>\n<\/tr>\n<tr>\n<td><strong>Transmiss\u00e3o<\/strong><\/td>\n<td>At\u00e9 300 m (fibra OM3\/OM4)<\/td>\n<\/tr>\n<tr>\n<td><strong>Interface<\/strong><\/td>\n<td>LC duplex<\/td>\n<\/tr>\n<tr>\n<td><strong>Temperatura<\/strong><\/td>\n<td>0\u00b0C a 70\u00b0C (em opera\u00e7\u00e3o)<\/td>\n<\/tr>\n<tr>\n<td><strong>Certifica\u00e7\u00e3o<\/strong><\/td>\n<td>MSA, RoHS, FCC<\/td>\n<\/tr>\n<tr>\n<td><strong>Origem<\/strong><\/td>\n<td>China continental<\/td>\n<\/tr>\n<\/tbody>\n<\/table>","protected":false},"excerpt":{"rendered":"<ul>\n<li><strong>Transceptor SFP+ 10G<\/strong>\u00a0com\u00a0<strong>10GBase-SR, dist\u00e2ncia m\u00e1xima de 300 metros<\/strong><\/li>\n<li><strong>Compatibilidade garantida<\/strong>: Funciona perfeitamente com as principais marcas, como Cisco e Juniper.<\/li>\n<li><strong>Desempenho confi\u00e1vel<\/strong>: Design compat\u00edvel com MSA com garantia de 3 anos.<\/li>\n<\/ul>","protected":false},"featured_media":17527,"comment_status":"open","ping_status":"closed","template":"","meta":[],"product_brand":[],"product_cat":[321],"product_tag":[988,979,987],"class_list":{"0":"post-17511","1":"product","2":"type-product","3":"status-publish","4":"has-post-thumbnail","6":"product_cat-sfp-sfp-1g-2-5g-5g-10g","7":"product_tag-10g-optical-module","8":"product_tag-10g-sfp-transceiver","9":"product_tag-10gbase-sr-sfp","11":"first","12":"instock","13":"shipping-taxable","14":"purchasable","15":"product-type-variable","16":"has-default-attributes"},"_links":{"self":[{"href":"https:\/\/www.luleey.com\/pt\/wp-json\/wp\/v2\/product\/17511","targetHints":{"allow":["GET"]}}],"collection":[{"href":"https:\/\/www.luleey.com\/pt\/wp-json\/wp\/v2\/product"}],"about":[{"href":"https:\/\/www.luleey.com\/pt\/wp-json\/wp\/v2\/types\/product"}],"replies":[{"embeddable":true,"href":"https:\/\/www.luleey.com\/pt\/wp-json\/wp\/v2\/comments?post=17511"}],"wp:featuredmedia":[{"embeddable":true,"href":"https:\/\/www.luleey.com\/pt\/wp-json\/wp\/v2\/media\/17527"}],"wp:attachment":[{"href":"https:\/\/www.luleey.com\/pt\/wp-json\/wp\/v2\/media?parent=17511"}],"wp:term":[{"taxonomy":"product_brand","embeddable":true,"href":"https:\/\/www.luleey.com\/pt\/wp-json\/wp\/v2\/product_brand?post=17511"},{"taxonomy":"product_cat","embeddable":true,"href":"https:\/\/www.luleey.com\/pt\/wp-json\/wp\/v2\/product_cat?post=17511"},{"taxonomy":"product_tag","embeddable":true,"href":"https:\/\/www.luleey.com\/pt\/wp-json\/wp\/v2\/product_tag?post=17511"}],"curies":[{"name":"wp","href":"https:\/\/api.w.org\/{rel}","templated":true}]}}