{"id":17686,"date":"2025-03-01T11:10:39","date_gmt":"2025-03-01T03:10:39","guid":{"rendered":"https:\/\/www.luleey.com\/?post_type=product&#038;p=17686"},"modified":"2025-03-20T14:14:31","modified_gmt":"2025-03-20T06:14:31","slug":"fc-apc-rack-mount-splitter-1x8-1x16-1x32-1x64-fiber-optic-splitter","status":"publish","type":"product","link":"https:\/\/www.luleey.com\/pt\/produto\/fc-apc-rack-mount-splitter-1x8-1x16-1x32-1x64-fiber-optic-splitter\/","title":{"rendered":"Divisor para montagem em rack FC APC, divisor de fibra \u00f3ptica 1\u00d78 1\u00d716 1\u00d732 1\u00d764"},"content":{"rendered":"<h3>Recursos<\/h3>\n<ol>\n<li>Divisor de alta densidade FC APC para montagem em rack - O design de rack de 1U\/2U suporta at\u00e9 2 a 64 portas para distribui\u00e7\u00e3o de fibra com efici\u00eancia de espa\u00e7o.<\/li>\n<li>Ampla compatibilidade de comprimento de onda - Funciona com 1260 nm a 1650 nm para aplica\u00e7\u00f5es GPON, XGS-PON, monitoramento de seguran\u00e7a, fibra at\u00e9 a resid\u00eancia e CATV.<\/li>\n<li><strong>Perda de inser\u00e7\u00e3o ultrabaixa<\/strong> - garante a m\u00e1xima integridade do sinal para redes de longa dist\u00e2ncia.<\/li>\n<li>Instala\u00e7\u00e3o Plug-and-Play - Conectores FC APC pr\u00e9-instalados para r\u00e1pida implementa\u00e7\u00e3o em data centers ou redes FTTH.<\/li>\n<\/ol>\n<h3>Especifica\u00e7\u00e3o<\/h3>\n<table style=\"width: 40.3273%; height: 192px;\">\n<tbody>\n<tr style=\"height: 24px;\">\n<td style=\"height: 24px; width: 51.0471%;\"><strong>Nome do produto<\/strong><\/td>\n<td style=\"height: 24px; width: 85.7094%;\">Divisor de montagem em rack FC APC<\/td>\n<\/tr>\n<tr style=\"height: 24px;\">\n<td style=\"height: 24px; width: 51.0471%;\"><strong>Marca<\/strong><\/td>\n<td style=\"height: 24px; width: 85.7094%;\">LuLeey<\/td>\n<\/tr>\n<tr style=\"height: 24px;\">\n<td style=\"height: 24px; width: 51.0471%;\"><strong>Propor\u00e7\u00e3o de divis\u00e3o<\/strong><\/td>\n<td style=\"height: 24px; width: 85.7094%;\">1\u00d72 1\u00d74 1\u00d78 1\u00d716 1\u00d732 1\u00d764<\/td>\n<\/tr>\n<tr style=\"height: 24px;\">\n<td style=\"height: 24px; width: 51.0471%;\"><strong>Faixa de comprimento de onda<\/strong><\/td>\n<td style=\"height: 24px; width: 85.7094%;\">1260nm~1650nm<\/td>\n<\/tr>\n<tr>\n<td style=\"width: 51.0471%;\"><strong>Perda de inser\u00e7\u00e3o<\/strong><\/td>\n<td style=\"width: 85.7094%;\">\u22640,3dB<\/td>\n<\/tr>\n<tr>\n<td style=\"width: 51.0471%;\"><strong>Perda de retorno<\/strong><\/td>\n<td style=\"width: 85.7094%;\">\u226550dB<\/td>\n<\/tr>\n<tr style=\"height: 24px;\">\n<td style=\"height: 24px; width: 51.0471%;\"><strong>Tipo de conector<\/strong><\/td>\n<td style=\"height: 24px; width: 85.7094%;\">FC APC (polon\u00eas angular)<\/td>\n<\/tr>\n<tr>\n<td style=\"width: 51.0471%;\">Temperatura operacional<strong><br \/>\n<\/strong><\/td>\n<td style=\"width: 85.7094%;\">-40 ~ 80\u2103<\/td>\n<\/tr>\n<tr>\n<td style=\"width: 51.0471%;\"><strong>Tamanho<\/strong><\/td>\n<td style=\"width: 85.7094%;\">430*200*43mm<\/p>\n<p>430*200*85mm(1 x 64)<\/td>\n<\/tr>\n<tr>\n<td style=\"width: 51.0471%;\">Materiais<strong><br \/>\n<\/strong><\/td>\n<td style=\"width: 85.7094%;\">Placa de a\u00e7o laminada a frio de 1,0 mm<\/td>\n<\/tr>\n<tr style=\"height: 24px;\">\n<td style=\"height: 24px; width: 51.0471%;\"><strong>Altura do rack<\/strong><\/td>\n<td style=\"height: 24px; width: 85.7094%;\">1U \/ 2U (1 x 64)<\/td>\n<\/tr>\n<tr style=\"height: 24px;\">\n<td style=\"height: 24px; width: 51.0471%;\"><strong>Origem<\/strong><\/td>\n<td style=\"height: 24px; width: 85.7094%;\">China continental<\/td>\n<\/tr>\n<\/tbody>\n<\/table>","protected":false},"excerpt":{"rendered":"<ul>\n<li><strong>Design que economiza espa\u00e7o<\/strong> - Splitter de montagem em rack FC APC Montagem em rack 1U\/2U para distribui\u00e7\u00e3o de fibra de alta densidade.<\/li>\n<li class=\"a-spacing-mini\"><span class=\"a-list-item\"><strong>Espessura da placa 1,0 mm<\/strong>- Chapa laminada a frio espessada e refor\u00e7ada, robusta e est\u00e1velRevestimento resistente \u00e0 corros\u00e3o, longa vida \u00fatil.<\/span><\/li>\n<\/ul>","protected":false},"featured_media":17671,"comment_status":"open","ping_status":"closed","template":"","meta":[],"product_brand":[],"product_cat":[366],"product_tag":[1003,1001,1002],"class_list":{"0":"post-17686","1":"product","2":"type-product","3":"status-publish","4":"has-post-thumbnail","6":"product_cat-optical-splitters-and-splitter-box","7":"product_tag-fc-apc-rack-mount-splitter","8":"product_tag-fiber-optic-splitter-1x8","9":"product_tag-high-density-fiber-splitter","11":"first","12":"instock","13":"shipping-taxable","14":"purchasable","15":"product-type-variable","16":"has-default-attributes"},"_links":{"self":[{"href":"https:\/\/www.luleey.com\/pt\/wp-json\/wp\/v2\/product\/17686","targetHints":{"allow":["GET"]}}],"collection":[{"href":"https:\/\/www.luleey.com\/pt\/wp-json\/wp\/v2\/product"}],"about":[{"href":"https:\/\/www.luleey.com\/pt\/wp-json\/wp\/v2\/types\/product"}],"replies":[{"embeddable":true,"href":"https:\/\/www.luleey.com\/pt\/wp-json\/wp\/v2\/comments?post=17686"}],"wp:featuredmedia":[{"embeddable":true,"href":"https:\/\/www.luleey.com\/pt\/wp-json\/wp\/v2\/media\/17671"}],"wp:attachment":[{"href":"https:\/\/www.luleey.com\/pt\/wp-json\/wp\/v2\/media?parent=17686"}],"wp:term":[{"taxonomy":"product_brand","embeddable":true,"href":"https:\/\/www.luleey.com\/pt\/wp-json\/wp\/v2\/product_brand?post=17686"},{"taxonomy":"product_cat","embeddable":true,"href":"https:\/\/www.luleey.com\/pt\/wp-json\/wp\/v2\/product_cat?post=17686"},{"taxonomy":"product_tag","embeddable":true,"href":"https:\/\/www.luleey.com\/pt\/wp-json\/wp\/v2\/product_tag?post=17686"}],"curies":[{"name":"wp","href":"https:\/\/api.w.org\/{rel}","templated":true}]}}