{"id":17807,"date":"2025-03-31T22:07:40","date_gmt":"2025-03-31T14:07:40","guid":{"rendered":"https:\/\/www.luleey.com\/?post_type=product&#038;p=17807"},"modified":"2025-04-09T09:09:53","modified_gmt":"2025-04-09T01:09:53","slug":"ll-xp1ge-1ge-xpon-onu-gigabit-gpon-epon-onu","status":"publish","type":"product","link":"https:\/\/www.luleey.com\/pt\/produto\/ll-xp1ge-1ge-xpon-onu-gigabit-gpon-epon-onu\/","title":{"rendered":"LL-XP1GE, ONU XPON 1GE, ONU Gigabit GPON\/EPON"},"content":{"rendered":"<h3>Recursos<\/h3>\n<ol>\n<li>Trabalhar para GPON OLT ou EPON OLT.<\/li>\n<li>Marca desbloqueada, compat\u00edvel com Huawei, ZTE, VSOL...<\/li>\n<li>Suporta os protocolos IEEE802.3\/802.3ah<\/li>\n<li>Oferece suporte \u00e0 descoberta autom\u00e1tica e ao registro<\/li>\n<li>Oferece suporte a DBA e a v\u00e1rios SLAs<\/li>\n<li>Compat\u00edvel com IEEE802.1D RSTP<\/li>\n<li>Suporta multicast IGMP SNOOPING V2<\/li>\n<li>Suporta a fun\u00e7\u00e3o VLAN<\/li>\n<li>Suporte \u00e0 sincroniza\u00e7\u00e3o autom\u00e1tica de hor\u00e1rio do cliente SNTP<\/li>\n<li>Suporte a OMCI \/ OAM<\/li>\n<li><\/li>\n<\/ol>\n<h3>Especifica\u00e7\u00e3o<\/h3>\n<table style=\"width: 58.5196%; height: 240px;\">\n<tbody>\n<tr style=\"height: 24px;\">\n<td style=\"height: 24px;\" width=\"229\">Modelo<\/td>\n<td style=\"height: 24px;\" width=\"561\">LL-XP1GE<\/td>\n<\/tr>\n<tr style=\"height: 24px;\">\n<td style=\"height: 24px;\" width=\"229\">Portos<\/td>\n<td style=\"height: 24px;\" width=\"561\">1GE + SCUPC \/SCAPC<\/td>\n<\/tr>\n<tr style=\"height: 24px;\">\n<td style=\"height: 24px;\" width=\"229\">Fonte de alimenta\u00e7\u00e3o<\/td>\n<td style=\"height: 24px;\" width=\"561\">12V CC, 0,5 A<\/td>\n<\/tr>\n<tr style=\"height: 24px;\">\n<td style=\"height: 24px;\" width=\"229\">Entrada do adaptador de energia<\/td>\n<td style=\"height: 24px;\" width=\"561\">100 - 240 V CA, 50\/60 Hz<\/td>\n<\/tr>\n<tr style=\"height: 24px;\">\n<td style=\"height: 24px;\" width=\"229\">Umidade operacional<\/td>\n<td style=\"height: 24px;\" width=\"561\">5% RH a 95% RH (sem condensa\u00e7\u00e3o)<\/td>\n<\/tr>\n<tr style=\"height: 24px;\">\n<td style=\"height: 24px;\" width=\"229\">Consumo de energia est\u00e1tica<\/td>\n<td style=\"height: 24px;\" width=\"561\">3 W<\/td>\n<\/tr>\n<tr style=\"height: 24px;\">\n<td style=\"height: 24px;\" width=\"229\">Consumo m\u00e1ximo de energia<\/td>\n<td style=\"height: 24px;\" width=\"561\">6 W<\/td>\n<\/tr>\n<tr style=\"height: 24px;\">\n<td style=\"height: 24px;\" width=\"229\">Indicadores<\/td>\n<td style=\"height: 24px;\" width=\"561\">POWER\/PON\/LOS\/LAN<\/td>\n<\/tr>\n<\/tbody>\n<\/table>","protected":false},"excerpt":{"rendered":"<p>A LL-XP1GE \u00e9 uma ONU XPON usada principalmente para redes FTTH\/FTTO, fornecendo aos usu\u00e1rios uma porta adaptativa fixa de 10\/100\/1000 Mbps e, com o gerenciamento unificado da OLT, pode realizar a solu\u00e7\u00e3o de problemas e o posicionamento remotos<\/p>","protected":false},"featured_media":17821,"comment_status":"open","ping_status":"closed","template":"","meta":[],"product_brand":[],"product_cat":[348],"product_tag":[944,230,1013,344],"class_list":{"0":"post-17807","1":"product","2":"type-product","3":"status-publish","4":"has-post-thumbnail","6":"product_cat-1000m-gpon-epon-onu","7":"product_tag-epon-onu","8":"product_tag-gpon-onu","9":"product_tag-ll-xp1ge","10":"product_tag-xpon-onu","12":"first","13":"instock","14":"featured","15":"shipping-taxable","16":"purchasable","17":"product-type-variable"},"_links":{"self":[{"href":"https:\/\/www.luleey.com\/pt\/wp-json\/wp\/v2\/product\/17807","targetHints":{"allow":["GET"]}}],"collection":[{"href":"https:\/\/www.luleey.com\/pt\/wp-json\/wp\/v2\/product"}],"about":[{"href":"https:\/\/www.luleey.com\/pt\/wp-json\/wp\/v2\/types\/product"}],"replies":[{"embeddable":true,"href":"https:\/\/www.luleey.com\/pt\/wp-json\/wp\/v2\/comments?post=17807"}],"wp:featuredmedia":[{"embeddable":true,"href":"https:\/\/www.luleey.com\/pt\/wp-json\/wp\/v2\/media\/17821"}],"wp:attachment":[{"href":"https:\/\/www.luleey.com\/pt\/wp-json\/wp\/v2\/media?parent=17807"}],"wp:term":[{"taxonomy":"product_brand","embeddable":true,"href":"https:\/\/www.luleey.com\/pt\/wp-json\/wp\/v2\/product_brand?post=17807"},{"taxonomy":"product_cat","embeddable":true,"href":"https:\/\/www.luleey.com\/pt\/wp-json\/wp\/v2\/product_cat?post=17807"},{"taxonomy":"product_tag","embeddable":true,"href":"https:\/\/www.luleey.com\/pt\/wp-json\/wp\/v2\/product_tag?post=17807"}],"curies":[{"name":"wp","href":"https:\/\/api.w.org\/{rel}","templated":true}]}}