{"id":17866,"date":"2025-04-03T23:46:18","date_gmt":"2025-04-03T15:46:18","guid":{"rendered":"https:\/\/www.luleey.com\/?post_type=product&#038;p=17866"},"modified":"2025-04-09T15:37:09","modified_gmt":"2025-04-09T07:37:09","slug":"mini-sfpmc10g10g-sfp-to-rj45-media-converter-10gbase-t-r-multi-rate-support-compatible-xgs-pon-xgpon-stick","status":"publish","type":"product","link":"https:\/\/www.luleey.com\/pt\/produto\/mini-sfpmc10g10g-sfp-to-rj45-media-converter-10gbase-t-r-multi-rate-support-compatible-xgs-pon-xgpon-stick\/","title":{"rendered":"Conversor de m\u00eddia MINI-SFPMC10G10G SFP+ para RJ45, suporte a v\u00e1rias taxas 10GBase-T\/R, stick XGS-PON\/XGPON compat\u00edvel"},"content":{"rendered":"<h3>Recursos<\/h3>\n<ol>\n<li>Kernel integrado de alta efici\u00eancia, chip Marwell 88X3310, suprime tempestades de transmiss\u00e3o, implementa controle de fluxo e verifica\u00e7\u00e3o de erros CRC;<\/li>\n<li>Fornece 1X porta \u00f3ptica de 10Gb, 1X porta RJ45<\/li>\n<li>RJ45 Adaptativo 100M\/1000M\/10G<\/li>\n<li>Suporte a half-duplex e full-duplex<\/li>\n<li>Suporte a IEEE802.3x, IEEE802.3U, EEE802.3ab, IEEE802.3ae, IEEE802.3ak<\/li>\n<li>Suporta comprimentos de onda de 850nm, 1310nm, 1550nm, dependendo do m\u00f3dulo<\/li>\n<li>Suporta os modos de transmiss\u00e3o de fibra multimodo de fibra dupla, modo \u00fanico de fibra dupla e modo \u00fanico de fibra \u00fanica, dependendo do m\u00f3dulo<\/li>\n<li>Suporte \u00e0 configura\u00e7\u00e3o da chave DIP<\/li>\n<li>C\u00f3digo de discagem de um toque Fun\u00e7\u00e3o de detec\u00e7\u00e3o de link LFP<\/li>\n<li>Fun\u00e7\u00e3o ALS de c\u00f3digo de discagem com um toque (desligamento autom\u00e1tico do laser)<\/li>\n<li>C\u00f3digo de altern\u00e2ncia de uma tecla para alternar entre o modo de passagem e o modo de armazenamento e encaminhamento.<\/li>\n<li>Bast\u00e3o XGS-PON\/XGPON compat\u00edvel, como o WAS-110\uff0c<em>LTF7225<\/em>-BH+<\/li>\n<\/ol>\n<h3>Especifica\u00e7\u00e3o<\/h3>\n<table style=\"width: 85.6301%; height: 480px;\" width=\"834\">\n<tbody>\n<tr style=\"height: 24px;\">\n<td style=\"height: 24px;\">Nome do produto<\/td>\n<td style=\"height: 24px;\">Conversor de m\u00eddia MINI 10G SFP+ para RJ45<\/td>\n<\/tr>\n<tr style=\"height: 24px;\">\n<td style=\"height: 24px;\">Marca<\/td>\n<td style=\"height: 24px;\">LuLeey<\/td>\n<\/tr>\n<tr style=\"height: 24px;\">\n<td style=\"height: 24px;\" width=\"273\">Modelo<\/td>\n<td style=\"height: 24px;\" width=\"561\">MINI-SFPMC10G<\/td>\n<\/tr>\n<tr style=\"height: 24px;\">\n<td style=\"height: 24px;\">Padr\u00e3o<\/td>\n<td style=\"height: 24px;\">1000Base-T, 2,5GBase-T, 5Gbase-T, 10Gbase-T, 10GBase-R<\/td>\n<\/tr>\n<tr style=\"height: 24px;\">\n<td style=\"height: 24px;\">Taxa RJ45<\/td>\n<td style=\"height: 24px;\">1000Base-T,2.5\/5\/10GBase-T Auto<\/td>\n<\/tr>\n<tr style=\"height: 24px;\">\n<td style=\"height: 24px;\">RJ45 Tipo de cabo<\/td>\n<td style=\"height: 24px;\">UTP-6e ou superior<\/td>\n<\/tr>\n<tr style=\"height: 24px;\">\n<td style=\"height: 24px;\">RJ45 Dist\u00e2ncia de transmiss\u00e3o<\/td>\n<td style=\"height: 24px;\">0-~100m<\/td>\n<\/tr>\n<tr style=\"height: 24px;\">\n<td style=\"height: 24px;\">Tipo de porta \u00f3ptica<\/td>\n<td style=\"height: 24px;\">SFP+<\/td>\n<\/tr>\n<tr style=\"height: 24px;\">\n<td style=\"height: 24px;\">Porta \u00f3ptica Taxa<\/td>\n<td style=\"height: 24px;\">10 Gbps<\/td>\n<\/tr>\n<tr style=\"height: 24px;\">\n<td style=\"height: 24px;\">Porta \u00f3ptica multimodo<\/td>\n<td style=\"height: 24px;\">50\/125um<\/td>\n<\/tr>\n<tr style=\"height: 24px;\">\n<td style=\"height: 24px;\">Porta \u00f3ptica de modo \u00fanico<\/td>\n<td style=\"height: 24px;\">9\/125um<\/td>\n<\/tr>\n<tr style=\"height: 24px;\">\n<td style=\"height: 24px;\">Dist\u00e2ncia de transmiss\u00e3o da porta \u00f3ptica<\/td>\n<td style=\"height: 24px;\">300m~80km<\/td>\n<\/tr>\n<tr style=\"height: 24px;\">\n<td style=\"height: 24px;\">LED<\/td>\n<td style=\"height: 24px;\">PWR, Link\/TP, SPD, FX\/Link<\/td>\n<\/tr>\n<tr style=\"height: 24px;\">\n<td style=\"height: 24px;\">Tens\u00e3o de entrada<\/td>\n<td style=\"height: 24px;\">DC12V<\/td>\n<\/tr>\n<tr style=\"height: 24px;\">\n<td style=\"height: 24px;\">Concha<\/td>\n<td style=\"height: 24px;\">casca de ferro<\/td>\n<\/tr>\n<tr style=\"height: 24px;\">\n<td style=\"height: 24px;\">Tamanho<\/td>\n<td style=\"height: 24px;\">94mm*70mm*26mm<\/td>\n<\/tr>\n<tr style=\"height: 24px;\">\n<td style=\"height: 24px;\">Peso<\/td>\n<td style=\"height: 24px;\">0,32 KG<\/td>\n<\/tr>\n<tr style=\"height: 24px;\">\n<td style=\"height: 24px;\">M\u00e9todo de instala\u00e7\u00e3o<\/td>\n<td style=\"height: 24px;\">desktop<\/td>\n<\/tr>\n<tr style=\"height: 24px;\">\n<td style=\"height: 24px;\">Temperatura operacional<\/td>\n<td style=\"height: 24px;\">-20~ 60\u00b0C (32 ~ 140\u00b0F)<\/td>\n<\/tr>\n<tr style=\"height: 24px;\">\n<td style=\"height: 24px;\">Umidade relativa do ambiente<\/td>\n<td style=\"height: 24px;\">\u00a05 ~ 90% (sem condensa\u00e7\u00e3o)<\/td>\n<\/tr>\n<tr>\n<td>Tamanho<\/td>\n<td>91*59*20,5 mm<\/td>\n<\/tr>\n<\/tbody>\n<\/table>\n<p>Instru\u00e7\u00f5es da chave DIP<\/p>\n<table style=\"border-collapse: collapse; width: 48.3395%; height: 216px;\">\n<tbody>\n<tr style=\"height: 24px;\">\n<td style=\"width: 8.17343%; height: 24px; text-align: center;\">N\u00e3o<\/td>\n<td style=\"width: 16.6605%; height: 24px; text-align: center;\">Fun\u00e7\u00e3o<\/td>\n<td style=\"width: 7.87828%; height: 24px; text-align: center;\">Status<\/td>\n<td style=\"width: 15.6273%; height: 24px; text-align: center;\">Descri\u00e7\u00e3o<\/td>\n<\/tr>\n<tr style=\"height: 24px;\">\n<td style=\"width: 8.17343%; height: 48px; text-align: center;\" rowspan=\"2\">1<\/td>\n<td style=\"width: 16.6605%; height: 48px; text-align: center;\" rowspan=\"2\">Fun\u00e7\u00e3o LFP<\/td>\n<td style=\"width: 7.87828%; height: 24px; text-align: center;\">ON<\/td>\n<td style=\"width: 15.6273%; height: 24px; text-align: center;\">Ativar<\/td>\n<\/tr>\n<tr style=\"height: 24px;\">\n<td style=\"width: 7.87828%; height: 24px; text-align: center;\">DESLIGADO<\/td>\n<td style=\"width: 15.6273%; height: 24px; text-align: center;\">Desativar<\/td>\n<\/tr>\n<tr style=\"height: 24px;\">\n<td style=\"width: 8.17343%; height: 48px; text-align: center;\" rowspan=\"2\">2<\/td>\n<td style=\"width: 16.6605%; height: 48px; text-align: center;\" rowspan=\"2\">Fun\u00e7\u00e3o ALS<\/td>\n<td style=\"width: 7.87828%; height: 24px; text-align: center;\">ON<\/td>\n<td style=\"width: 15.6273%; height: 24px; text-align: center;\">Ativar<\/td>\n<\/tr>\n<tr style=\"height: 24px;\">\n<td style=\"width: 7.87828%; height: 24px; text-align: center;\">DESLIGADO<\/td>\n<td style=\"width: 15.6273%; height: 24px; text-align: center;\">Desativar<\/td>\n<\/tr>\n<tr style=\"height: 24px;\">\n<td style=\"width: 8.17343%; height: 48px; text-align: center;\" rowspan=\"2\">3<\/td>\n<td style=\"width: 16.6605%; height: 96px; text-align: center;\" rowspan=\"4\">Modelo do conversor de m\u00eddia<\/td>\n<td style=\"width: 7.87828%; height: 24px; text-align: center;\">3:ON<\/td>\n<td style=\"width: 15.6273%; height: 48px; text-align: center;\" rowspan=\"2\">Modo de passagem<\/td>\n<\/tr>\n<tr style=\"height: 24px;\">\n<td style=\"width: 7.87828%; height: 24px; text-align: center;\">4:OFF<\/td>\n<\/tr>\n<tr style=\"height: 24px;\">\n<td style=\"width: 8.17343%; height: 48px; text-align: center;\" rowspan=\"2\">4<\/td>\n<td style=\"width: 7.87828%; height: 24px; text-align: center;\">4:ON<\/td>\n<td style=\"width: 15.6273%; height: 48px; text-align: center;\" rowspan=\"2\">Modo de correspond\u00eancia de taxa<\/td>\n<\/tr>\n<tr style=\"height: 24px;\">\n<td style=\"width: 7.87828%; height: 24px; text-align: center;\">3:OFF<\/td>\n<\/tr>\n<\/tbody>\n<\/table>","protected":false},"excerpt":{"rendered":"<ol>\n<li class=\"serp-title\">Adapta automaticamente as taxas de cobre\/fibra (100M a 10G) com simplicidade plug-and-play.<\/li>\n<li class=\"serp-title\">MINI-SFPMC10G sfp para rj45 10gb, conversor de m\u00eddia 10G Fornece uma porta \u00f3ptica de 10 Gigabit, uma porta el\u00e9trica adapt\u00e1vel de 10 Gigabit<\/li>\n<li class=\"serp-title\"><span style=\"font-size: 16px;\">A porta de cobre suporta negocia\u00e7\u00e3o autom\u00e1tica de 1000Base-T, 2,5\/5\/10GBase-T<\/span><\/li>\n<li class=\"serp-title\">Controle de fluxo IEEE802.3x com suporte a full duplex<\/li>\n<li>Suporte ao controle de fluxo de contrapress\u00e3o half-duplex<\/li>\n<li>Comprimento de onda de trabalho 850nm, 1310nm, 1550nm opcional<\/li>\n<li>Fornece v\u00e1rios modos de transmiss\u00e3o de fibra, como multimodo de fibra dupla, modo simples de fibra dupla e modo simples de fibra \u00fanica<\/li>\n<li>Baixo consumo de energia, baixo aquecimento, pode funcionar de forma est\u00e1vel por um longo tempo<\/li>\n<li>Tamanho mini<\/li>\n<li>Plug and play<\/li>\n<\/ol>","protected":false},"featured_media":17868,"comment_status":"open","ping_status":"closed","template":"","meta":[],"product_brand":[],"product_cat":[310],"product_tag":[97,993,994,1023,224,1017,840],"class_list":{"0":"post-17866","1":"product","2":"type-product","3":"status-publish","4":"has-post-thumbnail","6":"product_cat-copper-to-fiber-media-converters","7":"product_tag-10g","8":"product_tag-10g-sfp-to-rj45-converter","9":"product_tag-10gbase-t-media-converter","10":"product_tag-88x3310","11":"product_tag-fiber-converter","12":"product_tag-mini-sfpmc10g","13":"product_tag-sfp-media-converter","15":"first","16":"instock","17":"featured","18":"shipping-taxable","19":"purchasable","20":"product-type-variable","21":"has-default-attributes"},"_links":{"self":[{"href":"https:\/\/www.luleey.com\/pt\/wp-json\/wp\/v2\/product\/17866","targetHints":{"allow":["GET"]}}],"collection":[{"href":"https:\/\/www.luleey.com\/pt\/wp-json\/wp\/v2\/product"}],"about":[{"href":"https:\/\/www.luleey.com\/pt\/wp-json\/wp\/v2\/types\/product"}],"replies":[{"embeddable":true,"href":"https:\/\/www.luleey.com\/pt\/wp-json\/wp\/v2\/comments?post=17866"}],"wp:featuredmedia":[{"embeddable":true,"href":"https:\/\/www.luleey.com\/pt\/wp-json\/wp\/v2\/media\/17868"}],"wp:attachment":[{"href":"https:\/\/www.luleey.com\/pt\/wp-json\/wp\/v2\/media?parent=17866"}],"wp:term":[{"taxonomy":"product_brand","embeddable":true,"href":"https:\/\/www.luleey.com\/pt\/wp-json\/wp\/v2\/product_brand?post=17866"},{"taxonomy":"product_cat","embeddable":true,"href":"https:\/\/www.luleey.com\/pt\/wp-json\/wp\/v2\/product_cat?post=17866"},{"taxonomy":"product_tag","embeddable":true,"href":"https:\/\/www.luleey.com\/pt\/wp-json\/wp\/v2\/product_tag?post=17866"}],"curies":[{"name":"wp","href":"https:\/\/api.w.org\/{rel}","templated":true}]}}