{"id":18754,"date":"2025-08-02T22:17:48","date_gmt":"2025-08-02T14:17:48","guid":{"rendered":"https:\/\/www.luleey.com\/?post_type=product&#038;p=18754"},"modified":"2025-08-02T22:20:44","modified_gmt":"2025-08-02T14:20:44","slug":"2-pon-gpon-oltll-gpolt-xe-g02","status":"publish","type":"product","link":"https:\/\/www.luleey.com\/pt\/produto\/2-pon-gpon-oltll-gpolt-xe-g02\/","title":{"rendered":"2 PON GPON OLT,LL-GPOLT-XE-G02"},"content":{"rendered":"<h3>Recursos<\/h3>\n<ol>\n<li>2 PON GPON OLT m\u00e1x. 256 clientes<\/li>\n<li>2 * porta GPON; 2 * 10\/100\/1000M Base-T<\/li>\n<li>2*1000M Base-X SFP\/2*10GE SFP+<\/li>\n<li>Suporte ao reconhecimento autom\u00e1tico, descoberta autom\u00e1tica e autoriza\u00e7\u00e3o da ONU<\/li>\n<li>Suporte a VLAN<\/li>\n<li>Est\u00e1 em conformidade com os padr\u00f5es t\u00e9cnicos ITU-T G.984\/G.988, garantindo forte interoperabilidade.<\/li>\n<li>Oferece recursos avan\u00e7ados de switching de Camada 2\/3 e op\u00e7\u00f5es flex\u00edveis de gerenciamento.<\/li>\n<li>Oferece suporte a v\u00e1rios protocolos de redund\u00e2ncia de link, como FlexLink, STP, RSTP, MSTP, ERPS e LACP.<\/li>\n<li>Oferece suporte a protocolos de roteamento, incluindo RIP, OSPF, BGP, ISIS e IPv6.<\/li>\n<li>Fornece backup de energia redundante.<\/li>\n<li>Suporta multicast e IGMP snooping<\/li>\n<li>Suporte a DBA flex\u00edvel, controle de velocidade de tr\u00e1fego para cima e para baixo.<\/li>\n<li>Software de gerenciamento: CLI\/WEB\/SNMP\/NMS<\/li>\n<li data-spm-anchor-id=\"a2g0o.detail.1000023.i2.745aNgYHNgYHlS\">\u00a0Suporte a IGMP Snooping\/proxy e isolamento de portas<\/li>\n<\/ol>\n<div class=\"structure-row\">\n<div class=\"col-left\" data-spm-anchor-id=\"a2700.details.0.i25.78ff2908MBBelt\">\n<div class=\"structure-row\">\n<h3>Especifica\u00e7\u00e3o<\/h3>\n<\/div>\n<\/div>\n<div>\n<table width=\"788\">\n<tbody>\n<tr>\n<td width=\"197\">Modelo<\/td>\n<td width=\"591\">LL-GPOLT-XE-G02<\/td>\n<\/tr>\n<tr>\n<td>Local de produ\u00e7\u00e3o<\/td>\n<td>FEITO NA CHINA<\/td>\n<\/tr>\n<tr>\n<td rowspan=\"2\" width=\"197\">Porto<\/td>\n<td width=\"591\">2 * porta GPON; 2 * 10\/100\/1000M Base-T;<\/td>\n<\/tr>\n<tr>\n<td width=\"591\">2*1000M Base-X SFP\/2*10GE SFP+; fonte de alimenta\u00e7\u00e3o dupla opcional<\/td>\n<\/tr>\n<tr>\n<td width=\"197\">Capacidade de troca<\/td>\n<td width=\"591\">51,5 Gbps<\/td>\n<\/tr>\n<tr>\n<td width=\"197\">Taxa de encaminhamento de pacotes<\/td>\n<td width=\"591\">59,7 Mpps<\/td>\n<\/tr>\n<tr>\n<td width=\"197\">Mem\u00f3ria e armazenamento<\/td>\n<td width=\"591\">Mem\u00f3ria: 32MB; Armazenamento: 512 MB<\/td>\n<\/tr>\n<tr>\n<td width=\"197\">Porta de gerenciamento<\/td>\n<td width=\"591\">1*Porta de console; 1*Porta de gerenciamento<\/td>\n<\/tr>\n<tr>\n<td rowspan=\"6\" width=\"197\">PON<\/td>\n<td width=\"591\">Em conformidade com os padr\u00f5es ITU-T G.984\/G.988<\/td>\n<\/tr>\n<tr>\n<td width=\"591\">20 km de dist\u00e2ncia f\u00edsica diferencial, 60 km de dist\u00e2ncia l\u00f3gica<\/td>\n<\/tr>\n<tr>\n<td width=\"591\">Taxa m\u00e1xima de divis\u00e3o de 1:128<\/td>\n<\/tr>\n<tr>\n<td width=\"591\">Recursos de gerenciamento padr\u00e3o da OMCI<\/td>\n<\/tr>\n<tr>\n<td width=\"591\">Compat\u00edvel de forma flex\u00edvel com qualquer marca de ONT<\/td>\n<\/tr>\n<tr>\n<td width=\"591\">Oferece suporte a atualiza\u00e7\u00f5es de software em lote para ONUs<\/td>\n<\/tr>\n<tr>\n<td width=\"197\">Ventilador<\/td>\n<td width=\"591\">2*Ventoinhas fixas<\/td>\n<\/tr>\n<tr>\n<td rowspan=\"2\" width=\"197\">Pot\u00eancia<\/td>\n<td width=\"591\">CA: 100\uff5e240V, 47\/63Hz\uff1b<\/td>\n<\/tr>\n<tr>\n<td width=\"591\">CC: 12V<\/td>\n<\/tr>\n<tr>\n<td width=\"197\">Consumo de energia<\/td>\n<td width=\"591\">\u226430W<\/td>\n<\/tr>\n<tr>\n<td width=\"197\">Dimens\u00f5es<\/td>\n<td rowspan=\"2\" width=\"591\">265 mm*180 mm*40 mm<\/td>\n<\/tr>\n<tr>\n<td width=\"197\">(L * P * A)<\/td>\n<\/tr>\n<tr>\n<td rowspan=\"2\" width=\"197\">Temperatura ambiente<\/td>\n<td width=\"591\">Temperatura de trabalho: -10\u00b0C~55\u00b0C<\/td>\n<\/tr>\n<tr>\n<td width=\"591\">Temperatura de armazenamento: -40\u00b0C\uff5e70\u00b0C\u2103<\/td>\n<\/tr>\n<tr>\n<td rowspan=\"2\" width=\"197\">Umidade do ambiente<\/td>\n<td width=\"591\">Umidade operacional: 10%\uff5e95% (sem condensa\u00e7\u00e3o)<\/td>\n<\/tr>\n<tr>\n<td width=\"591\">Umidade de armazenamento: 10%\uff5e95% (sem condensa\u00e7\u00e3o)<\/td>\n<\/tr>\n<tr>\n<td rowspan=\"2\" width=\"197\">VLAN<\/td>\n<td width=\"591\">Suporte a 4K VLAN 802.1Q<\/td>\n<\/tr>\n<tr>\n<td width=\"591\">Oferece suporte \u00e0 funcionalidade de VLAN de marca\u00e7\u00e3o dupla, incluindo QinQ est\u00e1tico baseado em portas e QinQ flex\u00edvel<\/td>\n<\/tr>\n<tr>\n<td rowspan=\"4\" width=\"197\">MAC<\/td>\n<td width=\"591\">Suporta 16 mil entradas de tabela de endere\u00e7os MAC<\/td>\n<\/tr>\n<tr>\n<td width=\"591\">Suporta a configura\u00e7\u00e3o de endere\u00e7o MAC est\u00e1tico<\/td>\n<\/tr>\n<tr>\n<td width=\"591\">Oferece suporte \u00e0 filtragem de endere\u00e7os MAC black-hole<\/td>\n<\/tr>\n<tr>\n<td width=\"591\">Suporta limites de endere\u00e7o MAC baseados em porta<\/td>\n<\/tr>\n<tr>\n<td rowspan=\"3\" width=\"197\">Protocolo de rede em anel<\/td>\n<td width=\"591\">Suporte a STP\/RSTP\/MSTP<\/td>\n<\/tr>\n<tr>\n<td width=\"591\">Suporta comuta\u00e7\u00e3o de prote\u00e7\u00e3o de anel Ethernet ERPS<\/td>\n<\/tr>\n<tr>\n<td width=\"591\">Suporta detec\u00e7\u00e3o de loopback de porta com detec\u00e7\u00e3o de loopback<\/td>\n<\/tr>\n<tr>\n<td rowspan=\"3\" width=\"197\">Controle de portas<\/td>\n<td width=\"591\">Suporte ao controle de largura de banda bidirecional<\/td>\n<\/tr>\n<tr>\n<td width=\"591\">Suporte \u00e0 supress\u00e3o de tempestades nas portas<\/td>\n<\/tr>\n<tr>\n<td width=\"591\">Suporte ao encaminhamento de quadros ultra-longos 9K Jumbo<\/td>\n<\/tr>\n<tr>\n<td rowspan=\"3\" width=\"197\">Agrega\u00e7\u00e3o de portas<\/td>\n<td width=\"591\">Suporte \u00e0 agrega\u00e7\u00e3o de links est\u00e1ticos<\/td>\n<\/tr>\n<tr>\n<td width=\"591\">Suporte a LACP din\u00e2mico<\/td>\n<\/tr>\n<tr>\n<td width=\"591\">Cada grupo de agrega\u00e7\u00e3o suporta um m\u00e1ximo de 8 portas<\/td>\n<\/tr>\n<tr>\n<td rowspan=\"3\" width=\"197\">ACL<\/td>\n<td width=\"591\">Oferece suporte a ACLs padr\u00e3o e estendidas<\/td>\n<\/tr>\n<tr>\n<td width=\"591\">Oferece suporte a pol\u00edticas de ACL baseadas em tempo (intervalo de tempo)<\/td>\n<\/tr>\n<tr>\n<td width=\"591\">Fornece classifica\u00e7\u00e3o e defini\u00e7\u00e3o de fluxo com base nas informa\u00e7\u00f5es do cabe\u00e7alho do pacote IP, como endere\u00e7o MAC de origem\/destino, VLAN, 802.1p, ToS, DSCP, endere\u00e7o IP de origem\/destino, n\u00famero da porta L4 e tipo de protocolo<\/td>\n<\/tr>\n<tr>\n<td rowspan=\"5\" width=\"197\">Qos<\/td>\n<td width=\"591\">Suporte \u00e0 fun\u00e7\u00e3o de limita\u00e7\u00e3o da taxa de fluxo com base no fluxo de neg\u00f3cios personalizado<\/td>\n<\/tr>\n<tr>\n<td width=\"591\">Oferece suporte a fun\u00e7\u00f5es de espelhamento e redirecionamento com base em fluxos de neg\u00f3cios personalizados<\/td>\n<\/tr>\n<tr>\n<td width=\"591\">Suporte \u00e0 marca\u00e7\u00e3o de prioridade com base no fluxo de servi\u00e7o personalizado, suporte a 802.1P, prioridade DSCP<\/td>\n<\/tr>\n<tr>\n<td width=\"591\">Capacidade de observa\u00e7\u00e3o Suporte \u00e0 fun\u00e7\u00e3o de agendamento de prioridade baseada em porta<\/td>\n<\/tr>\n<tr>\n<td width=\"591\">Suporte a algoritmos de agendamento de filas, como SP\/WRR\/SP+WRR<\/td>\n<\/tr>\n<tr>\n<td rowspan=\"12\" width=\"197\">Seguran\u00e7a<\/td>\n<td width=\"591\">Suporte ao gerenciamento hier\u00e1rquico de usu\u00e1rios e \u00e0 prote\u00e7\u00e3o por senha<\/td>\n<\/tr>\n<tr>\n<td width=\"591\">Suporta autentica\u00e7\u00e3o IEEE 802.1X\/autentica\u00e7\u00e3o centralizada de endere\u00e7o MAC<\/td>\n<\/tr>\n<tr>\n<td width=\"591\">Suporte \u00e0 autentica\u00e7\u00e3o Radius e TACACS+<\/td>\n<\/tr>\n<tr>\n<td width=\"591\">Suporte ao limite de aprendizado de endere\u00e7o MAC<\/td>\n<\/tr>\n<tr>\n<td width=\"591\">Suporte \u00e0 funcionalidade de blackhole MAC<\/td>\n<\/tr>\n<tr>\n<td width=\"591\">Suporta SSH 2.0, fornecendo um canal criptografado seguro para o login do usu\u00e1rio<\/td>\n<\/tr>\n<tr>\n<td width=\"591\">Oferece suporte ao gerenciamento criptografado SNMP v3<\/td>\n<\/tr>\n<tr>\n<td width=\"591\">Oferece suporte ao isolamento de portas, com isolamento de hardware de mensagens entre portas<\/td>\n<\/tr>\n<tr>\n<td width=\"591\">Oferece suporte \u00e0 limita\u00e7\u00e3o da taxa de mensagens de difus\u00e3o<\/td>\n<\/tr>\n<tr>\n<td width=\"591\">Oferece suporte ao IP Source Guard, criando automaticamente uma tabela de vincula\u00e7\u00e3o de IP+MAC+porta+VLAN e vincula\u00e7\u00e3o manual de entradas da tabela<\/td>\n<\/tr>\n<tr>\n<td width=\"591\">Oferece suporte \u00e0 supress\u00e3o autom\u00e1tica de ataques de inunda\u00e7\u00e3o de ARP e prote\u00e7\u00e3o contra falsifica\u00e7\u00e3o de ARP<\/td>\n<\/tr>\n<tr>\n<td width=\"591\">Oferece suporte \u00e0 prote\u00e7\u00e3o contra v\u00e1rios ataques de DoS direcionados \u00e0 CPU e ataques de v\u00edrus no plano de controle<\/td>\n<\/tr>\n<tr>\n<td rowspan=\"5\" width=\"197\">Roteamento de camada 3<\/td>\n<td width=\"591\">Oferece suporte ao aprendizado e ao envelhecimento do ARP<\/td>\n<\/tr>\n<tr>\n<td width=\"591\">Oferece suporte \u00e0 cria\u00e7\u00e3o de interfaces VLAN de camada 3 e \u00e0 configura\u00e7\u00e3o de endere\u00e7os IPv4\/IPv6 est\u00e1ticos<\/td>\n<\/tr>\n<tr>\n<td width=\"591\">Suporta a configura\u00e7\u00e3o de rotas est\u00e1ticas<\/td>\n<\/tr>\n<tr>\n<td width=\"591\">Oferece suporte \u00e0s fun\u00e7\u00f5es do protocolo RIP\/OSPF<\/td>\n<\/tr>\n<tr>\n<td width=\"591\">Oferece suporte \u00e0s fun\u00e7\u00f5es do protocolo VRRP<\/td>\n<\/tr>\n<tr>\n<td rowspan=\"11\" width=\"197\">Gerenciamento do sistema<\/td>\n<td width=\"591\">Suporta configura\u00e7\u00e3o de linha de comando Console\/Telnet\/SSH 2.0<\/td>\n<\/tr>\n<tr>\n<td width=\"591\">Oferece suporte ao gerenciamento de configura\u00e7\u00e3o via navegador da Web<\/td>\n<\/tr>\n<tr>\n<td width=\"591\">Oferece suporte ao gerenciamento de upload\/download de arquivos FTP e TFTP<\/td>\n<\/tr>\n<tr>\n<td width=\"591\">Suporta SNMP v1\/v2\/v3<\/td>\n<\/tr>\n<tr>\n<td width=\"591\">Suporta RMON<\/td>\n<\/tr>\n<tr>\n<td width=\"591\">Suporta sincroniza\u00e7\u00e3o de rel\u00f3gio SNTP<\/td>\n<\/tr>\n<tr>\n<td width=\"591\">Suporta registros de opera\u00e7\u00e3o do sistema<\/td>\n<\/tr>\n<tr>\n<td width=\"591\">Oferece suporte ao LLDP (Link Layer Discovery Protocol) para descoberta de dispositivos vizinhos<\/td>\n<\/tr>\n<tr>\n<td width=\"591\">Suporta OAM (Opera\u00e7\u00f5es, Administra\u00e7\u00e3o e Manuten\u00e7\u00e3o) Ethernet 802.3ah<\/td>\n<\/tr>\n<tr>\n<td width=\"591\">Suporta a funcionalidade Syslog RFC 3164<\/td>\n<\/tr>\n<tr>\n<td width=\"591\">Suporte a Ping e Traceroute<\/td>\n<\/tr>\n<\/tbody>\n<\/table>\n<\/div>\n<\/div>","protected":false},"excerpt":{"rendered":"<ul>\n<li>LL-GPOLT-XE-G02, 2 PON GPON OLT, m\u00e1ximo de 256 clientes<\/li>\n<li>2 * porta GPON; 2 * 10\/100\/1000M Base-T<\/li>\n<li>2*1000M Base-X SFP\/2*10GE SFP+<\/li>\n<li>Suporte ao reconhecimento autom\u00e1tico, descoberta autom\u00e1tica e autoriza\u00e7\u00e3o da ONU<\/li>\n<li>Suporte a VLAN<\/li>\n<\/ul>","protected":false},"featured_media":18761,"comment_status":"open","ping_status":"closed","template":"","meta":[],"product_brand":[],"product_cat":[360],"product_tag":[1087,229,1086],"class_list":{"0":"post-18754","1":"product","2":"type-product","3":"status-publish","4":"has-post-thumbnail","6":"product_cat-gpon-olt","7":"product_tag-2-pon-gpon-olt","8":"product_tag-gpon-olt","9":"product_tag-ll-gpolt-xe-g02","11":"first","12":"instock","13":"shipping-taxable","14":"purchasable","15":"product-type-variable","16":"has-default-attributes"},"_links":{"self":[{"href":"https:\/\/www.luleey.com\/pt\/wp-json\/wp\/v2\/product\/18754","targetHints":{"allow":["GET"]}}],"collection":[{"href":"https:\/\/www.luleey.com\/pt\/wp-json\/wp\/v2\/product"}],"about":[{"href":"https:\/\/www.luleey.com\/pt\/wp-json\/wp\/v2\/types\/product"}],"replies":[{"embeddable":true,"href":"https:\/\/www.luleey.com\/pt\/wp-json\/wp\/v2\/comments?post=18754"}],"wp:featuredmedia":[{"embeddable":true,"href":"https:\/\/www.luleey.com\/pt\/wp-json\/wp\/v2\/media\/18761"}],"wp:attachment":[{"href":"https:\/\/www.luleey.com\/pt\/wp-json\/wp\/v2\/media?parent=18754"}],"wp:term":[{"taxonomy":"product_brand","embeddable":true,"href":"https:\/\/www.luleey.com\/pt\/wp-json\/wp\/v2\/product_brand?post=18754"},{"taxonomy":"product_cat","embeddable":true,"href":"https:\/\/www.luleey.com\/pt\/wp-json\/wp\/v2\/product_cat?post=18754"},{"taxonomy":"product_tag","embeddable":true,"href":"https:\/\/www.luleey.com\/pt\/wp-json\/wp\/v2\/product_tag?post=18754"}],"curies":[{"name":"wp","href":"https:\/\/api.w.org\/{rel}","templated":true}]}}