{"id":18779,"date":"2025-08-03T10:38:42","date_gmt":"2025-08-03T02:38:42","guid":{"rendered":"https:\/\/www.luleey.com\/?post_type=product&#038;p=18779"},"modified":"2026-03-26T10:24:10","modified_gmt":"2026-03-26T02:24:10","slug":"xgspon-stick-onu-sfp-transceiverxgpon-onu-ll-xs1010","status":"publish","type":"product","link":"https:\/\/www.luleey.com\/pt\/produto\/xgspon-stick-onu-sfp-transceiverxgpon-onu-ll-xs1010\/","title":{"rendered":"Transceptor XGSPON STICK ONU SFP+, XGPON ONU, LL-XS1010"},"content":{"rendered":"<p id=\"wd-d2e83ba1\" class=\"wp-block-wd-paragraph\"><\/p>\n\n\n\n<figure class=\"wp-block-table\"><table class=\"has-fixed-layout\"><tbody><tr><td>Nome do produto<\/td><td>Transceptor XGSPON STICK ONU SFP+<\/td><\/tr><tr><td>Marca<\/td><td>LuLeey<\/td><\/tr><tr><td>Modelo<\/td><td>LL-xs1010<\/td><\/tr><tr><td>Batatas fritas<\/td><td>MaxLinear PRX126<\/td><\/tr><tr><td>RAM<\/td><td>1G<\/td><\/tr><\/tbody><\/table><\/figure>\n\n\n\n<ul class=\"wp-block-list\">\n<li>M\u00f3dulo XGS-PON SFP+ Stick personalizado, compat\u00edvel com o firmware da comunidade 8311.<\/li>\n\n\n\n<li>Alto desempenho com 1 GB de RAM<\/li>\n\n\n\n<li>Amplamente utilizado em provedores de servi\u00e7os de telecomunica\u00e7\u00f5es dos EUA\/CA\/Reino Unido, como AT&amp;T, Orange Bussiness, Telus<\/li>\n\n\n\n<li>Suporte \u00e0 modifica\u00e7\u00e3o do n\u00famero de s\u00e9rie da ONT (ONT ID) \/ ID do fornecedor \/ ID do equipamento \/ ID da ONU l\u00f3gica \/ Senha l\u00f3gica \/ MAC.....<\/li>\n\n\n\n<li>Suporte \u00e0 solu\u00e7\u00e3o de rede XGS-PON\/XGPON<\/li>\n<\/ul>\n\n\n\n<p id=\"wd-b1a542b0\" class=\"wp-block-wd-paragraph\"><a href=\"https:\/\/www.luleey.com\/pt\/amazing-10g-xgs-pon-stick-xgpon-sfp-onu-ll-xs1025\/\">Como usar<\/a><\/p>\n\n\n\n<p id=\"wd-2f2af276\" class=\"wp-block-wd-paragraph\"><strong>Recursos do produto<\/strong><\/p>\n\n\n\n<ul class=\"wp-block-list\">\n<li>Transceptor de ONU XGS-PON de fibra \u00fanica<\/li>\n\n\n\n<li>Transmissor de 9,953 Gb\/s em modo burst de 1270 nm com laser DFB<\/li>\n\n\n\n<li>Receptor APD-TIA de 9,953 Gb\/s em modo cont\u00ednuo de 1577 nm<\/li>\n\n\n\n<li>Pacote SFP+ com conector de recept\u00e1culo SC UPC<\/li>\n\n\n\n<li>Monitoramento de diagn\u00f3stico digital (DDM) com calibra\u00e7\u00e3o interna<\/li>\n\n\n\n<li>Temperatura operacional da caixa de 0 a 70\u00b0C<\/li>\n\n\n\n<li>Fonte de alimenta\u00e7\u00e3o separada de +3,3 V, baixa dissipa\u00e7\u00e3o de energia<\/li>\n\n\n\n<li>Em conformidade com SFF-8431\/SFF-8472\/ GR-468<\/li>\n\n\n\n<li>Compat\u00edvel com a norma MIL-STD-883<\/li>\n\n\n\n<li>Compat\u00edvel com FCC Parte 15 Classe B\/EN55022 Classe B (CISPR 22B)\/ VCCI Classe B<\/li>\n\n\n\n<li>Padr\u00e3o de seguran\u00e7a de laser classe I compat\u00edvel com a norma IEC-60825<\/li>\n\n\n\n<li>Conformidade com RoHS-6<\/li>\n<\/ul>\n\n\n\n<p id=\"wd-13bb8fb7\" class=\"wp-block-wd-paragraph\"><strong>Recursos de software<\/strong><\/p>\n\n\n\n<ul class=\"wp-block-list\">\n<li>Compat\u00edvel com o gerenciamento de OMCI ITU-T G.988<\/li>\n\n\n\n<li>Suporte a 4K entradas MAC<\/li>\n\n\n\n<li>Suporte a IGMPv3\/MLDv2 e 512 entradas de endere\u00e7o IP multicast<\/li>\n\n\n\n<li>Suporte a recursos avan\u00e7ados de dados, como manipula\u00e7\u00e3o de tags de VLAN, classifica\u00e7\u00e3o e filtragem<\/li>\n\n\n\n<li>Suporte \u201cPlug-and-play\u201d por meio de descoberta autom\u00e1tica e configura\u00e7\u00e3o<\/li>\n\n\n\n<li>Suporte \u00e0 detec\u00e7\u00e3o de ONUs desonestas<\/li>\n\n\n\n<li>Transfer\u00eancia de dados em velocidade de fio para todos os tamanhos de pacotes<\/li>\n\n\n\n<li>Suporte a quadros Jumbo de at\u00e9 9840 bytes<\/li>\n<\/ul>\n\n\n\n<p id=\"wd-0dceb00b\" class=\"wp-block-wd-paragraph\"><strong>Descri\u00e7\u00e3o geral<\/strong><\/p>\n\n\n\n<p id=\"wd-8981c4cb\" class=\"wp-block-wd-paragraph\">O transceptor XGS-PON ONU stick \u00e9 um terminal de rede \u00f3ptica (ONT) com embalagem Small Form-factor Pluggable (SFP+). O stick XGS-PON ONU integra uma fun\u00e7\u00e3o de transceptor \u00f3ptico bidirecional (m\u00e1ximo de 10 Gbit\/s) e uma fun\u00e7\u00e3o de segunda camada. Ao ser conectado diretamente ao equipamento do local do cliente (CPE) com a porta SFP padr\u00e3o, o stick XGS-PON ONU fornece um link multiprotocolo para o CPE sem exigir uma fonte de alimenta\u00e7\u00e3o separada.<\/p>\n\n\n\n<p id=\"wd-78130583\" class=\"wp-block-wd-paragraph\">O transmissor foi projetado para fibra monomodo e opera no comprimento de onda de 1270nm. O transmissor usa um diodo de laser DFB e \u00e9 totalmente compat\u00edvel com a norma IEC-60825 e com a seguran\u00e7a ocular CDRH classe 1. Ele cont\u00e9m fun\u00e7\u00f5es APC, um circuito de compensa\u00e7\u00e3o de temperatura para garantir a conformidade com os requisitos da ITU-T G.9807 na temperatura operacional.<\/p>\n\n\n\n<p id=\"wd-dbedb9f9\" class=\"wp-block-wd-paragraph\">A se\u00e7\u00e3o do receptor usa um APD-TIA (APD com amplificador de trans-imped\u00e2ncia) hermeticamente embalado e um amplificador limitador. O APD converte a pot\u00eancia \u00f3ptica em corrente el\u00e9trica e a corrente \u00e9 transformada em tens\u00e3o pelo amplificador de transimped\u00e2ncia. Os sinais diferenciais s\u00e3o produzidos pelo amplificador limitador. O APD-TIA \u00e9 acoplado em CA ao amplificador limitador por meio de um filtro passa-baixas.<\/p>\n\n\n\n<p id=\"wd-a3a6a909\" class=\"wp-block-wd-paragraph\">O stick XGS-PON ONU suporta um sofisticado sistema de gerenciamento de ONT, incluindo alarmes, provisionamento, fun\u00e7\u00f5es DHCP e IGMP para uma solu\u00e7\u00e3o aut\u00f4noma de IPTV na ONT. Ele pode ser gerenciado a partir da OLT usando o G.988 OMCI.<\/p>\n\n\n\n<p id=\"wd-27842e82\" class=\"wp-block-wd-paragraph\"><a><strong>Diagrama de blocos<\/strong><\/a><\/p>\n\n\n\n<figure class=\"wp-block-image size-full\"><img loading=\"lazy\" decoding=\"async\" width=\"969\" height=\"348\" src=\"https:\/\/www.luleey.com\/wp-content\/uploads\/2025\/08\/image.png\" alt=\"\" class=\"wp-image-18790\" title=\"\" srcset=\"https:\/\/www.luleey.com\/wp-content\/uploads\/2025\/08\/image.png 969w, https:\/\/www.luleey.com\/wp-content\/uploads\/2025\/08\/image-800x287.png 800w, https:\/\/www.luleey.com\/wp-content\/uploads\/2025\/08\/image-768x276.png 768w, https:\/\/www.luleey.com\/wp-content\/uploads\/2025\/08\/image-18x6.png 18w, https:\/\/www.luleey.com\/wp-content\/uploads\/2025\/08\/image-150x54.png 150w\" sizes=\"auto, (max-width: 969px) 100vw, 969px\" \/><\/figure>\n\n\n\n<p id=\"wd-a3d6a69f\" class=\"wp-block-wd-paragraph\"><strong>Figura 1 Diagrama de blocos<\/strong><\/p>\n\n\n\n<p id=\"wd-9d94d40e\" class=\"wp-block-wd-paragraph\"><strong>Classifica\u00e7\u00f5es m\u00e1ximas absolutas<\/strong><\/p>\n\n\n\n<figure class=\"wp-block-table\"><table class=\"has-fixed-layout\"><tbody><tr><td><strong>Par\u00e2metro<\/strong><\/td><td><strong>S\u00edmbolo<\/strong><\/td><td><strong>M\u00ednimo<\/strong><\/td><td><strong>M\u00e1ximo<\/strong><\/td><td><strong>Unidade<\/strong><\/td><td><strong>Observa\u00e7\u00e3o<\/strong><\/td><\/tr><tr><td>Temperatura ambiente de armazenamento<\/td><td>T<sub>STG<\/sub><\/td><td>-40<\/td><td>85<\/td><td>\u00b0C<\/td><td>&nbsp;<\/td><\/tr><tr><td>Temperatura da caixa operacional<\/td><td>T<sub>c<\/sub><\/td><td>0<\/td><td>70<\/td><td>\u00b0C<\/td><td>C-Temp<\/td><\/tr><tr><td>Umidade relativa<\/td><td>RH<\/td><td>5<\/td><td>85<\/td><td>%<\/td><td>&nbsp;<\/td><\/tr><tr><td>Tens\u00e3o da fonte de alimenta\u00e7\u00e3o<\/td><td>V<sub>CC<\/sub><\/td><td>0<\/td><td>3.63<\/td><td>V<\/td><td>&nbsp;<\/td><\/tr><\/tbody><\/table><\/figure>\n\n\n\n<p id=\"wd-d9e57dee\" class=\"wp-block-wd-paragraph\"><strong>Condi\u00e7\u00f5es operacionais recomendadas<\/strong><\/p>\n\n\n\n<figure class=\"wp-block-table\"><table class=\"has-fixed-layout\"><thead><tr><td><strong>Par\u00e2metro<\/strong><\/td><td><strong>S\u00edmbolo<\/strong><\/td><td><strong>M\u00ednimo<\/strong><\/td><td><strong>T\u00edpico<\/strong><\/td><td><strong>M\u00e1ximo<\/strong><\/td><td><strong>Unidade<\/strong><\/td><td><strong>Observa\u00e7\u00e3o<\/strong><\/td><\/tr><\/thead><tbody><tr><td>Tens\u00e3o operacional<\/td><td>V<sub>CC<\/sub><\/td><td>3.14<\/td><td>3.3<\/td><td>3.46<\/td><td>V<\/td><td>&nbsp;<\/td><\/tr><tr><td>Dissipa\u00e7\u00e3o de energia<\/td><td>PD<\/td><td>&nbsp;<\/td><td>&nbsp;<\/td><td>3<\/td><td>W<\/td><td>&nbsp;<\/td><\/tr><tr><td>Temperatura da caixa operacional<\/td><td>T<sub>c<\/sub><\/td><td>0<\/td><td>&nbsp;<\/td><td>70<\/td><td>\u00b0C<\/td><td>C-Temp<\/td><\/tr><tr><td>Faixa de umidade operacional<\/td><td>OH<\/td><td>5<\/td><td>&nbsp;<\/td><td>85<\/td><td>%<\/td><td>&nbsp;<\/td><\/tr><tr><td>Taxa de bits (TX)<\/td><td>&nbsp;<\/td><td>&nbsp;<\/td><td>9.953<\/td><td>&nbsp;<\/td><td>Gbit\/s<\/td><td>&nbsp;<\/td><\/tr><tr><td>Taxa de bits (TX)<\/td><td>&nbsp;<\/td><td>&nbsp;<\/td><td>9.953<\/td><td>&nbsp;<\/td><td>Gbit\/s<\/td><td>&nbsp;<\/td><\/tr><tr><td>Dist\u00e2ncia de transmiss\u00e3o<\/td><td>&nbsp;<\/td><td>-<\/td><td>-<\/td><td>20<\/td><td>KM<\/td><td>&nbsp;<\/td><\/tr><\/tbody><\/table><\/figure>\n\n\n\n<p id=\"wd-c2b7b11b\" class=\"wp-block-wd-paragraph\"><strong>Caracter\u00edsticas \u00f3pticas<\/strong><\/p>\n\n\n\n<figure class=\"wp-block-table\"><table class=\"has-fixed-layout\"><thead><tr><td colspan=\"7\"><strong>Transmissor 10G<\/strong><strong><\/strong><\/td><\/tr><tr><td><strong>Par\u00e2metro<\/strong><\/td><td><strong>S\u00edmbolo<\/strong><\/td><td><strong>M\u00ednimo<\/strong><\/td><td><strong>T\u00edpico<\/strong><\/td><td><strong>M\u00e1ximo<\/strong><\/td><td><strong>Unidade<\/strong><\/td><td><strong>Observa\u00e7\u00e3o<\/strong><\/td><\/tr><tr><td>Faixa de comprimento de onda central<\/td><td>\u03bb<sub>C<\/sub><\/td><td>1260<\/td><td>1270<\/td><td>1280<\/td><td>nm<\/td><td>&nbsp;<\/td><\/tr><tr><td>Taxa de supress\u00e3o do modo lateral<\/td><td>SMSR<\/td><td>30<\/td><td>&nbsp;<\/td><td>&nbsp;<\/td><td>dB<\/td><td>&nbsp;<\/td><\/tr><tr><td>Largura espectral (-20dB)<\/td><td>\u2206\u03bb<\/td><td>&nbsp;<\/td><td>&nbsp;<\/td><td>1<\/td><td>nm<\/td><td>&nbsp;<\/td><\/tr><tr><td>Pot\u00eancia \u00f3ptica m\u00e9dia de lan\u00e7amento<\/td><td>P<sub>SA\u00cdDA<\/sub><\/td><td>+5<\/td><td>&nbsp;<\/td><td>+9<\/td><td>dBm<\/td><td rowspan=\"2\">1<\/td><\/tr><tr><td>Pot\u00eancia \u00f3ptica do transmissor Power-OFF<\/td><td>P<sub>DESLIGADO<\/sub><\/td><td>&nbsp;<\/td><td>&nbsp;<\/td><td>-45<\/td><td>dBm<\/td><\/tr><tr><td>Taxa de extin\u00e7\u00e3o<\/td><td>ER<\/td><td>6<\/td><td>&nbsp;<\/td><td>&nbsp;<\/td><td>dB<\/td><td>&nbsp;<\/td><\/tr><tr><td>Diagrama de forma de onda \u00f3ptica<\/td><td colspan=\"5\">Em conformidade com a norma ITU-T G.9807.1<\/td><td>&nbsp;<\/td><\/tr><tr><td colspan=\"7\"><strong>Receptor 10G<\/strong><strong><\/strong><\/td><\/tr><tr><td>Faixa de comprimento de onda central<\/td><td>&nbsp;<\/td><td>1570<\/td><td>1577<\/td><td>1580<\/td><td>nm &nbsp;<\/td><td>&nbsp;<\/td><\/tr><tr><td>Sobrecarga<\/td><td>PSAT<\/td><td>-8<\/td><td>-<\/td><td>-<\/td><td>dBm<\/td><td>&nbsp;<\/td><\/tr><tr><td>Sensibilidade (BOL Full temp)<\/td><td>Sen<\/td><td>-<\/td><td>-<\/td><td>-28.5<\/td><td>dBm<\/td><td>2<\/td><\/tr><tr><td>Taxa de erro de bit<\/td><td>&nbsp;<\/td><td colspan=\"3\">10E-3<\/td><td>&nbsp;<\/td><td>&nbsp;<\/td><\/tr><tr><td>N\u00edvel de afirma\u00e7\u00e3o de perda de sinal<\/td><td>P<sub>LOSA<\/sub><\/td><td>-45<\/td><td>-<\/td><td>-<\/td><td>dBm<\/td><td>&nbsp;<\/td><\/tr><tr><td>Perda do n\u00edvel de desasser\u00e7\u00e3o do sinal<\/td><td>P<sub>LOSD<\/sub><\/td><td>-<\/td><td>-<\/td><td>-30<\/td><td>dBm<\/td><td>&nbsp;<\/td><\/tr><tr><td>Histerese de LOS<\/td><td>&nbsp;<\/td><td>1<\/td><td>-<\/td><td>5<\/td><td>dBm<\/td><td>&nbsp;<\/td><\/tr><tr><td>Reflet\u00e2ncia do receptor<\/td><td>&nbsp;<\/td><td>-<\/td><td>-<\/td><td>-20<\/td><td>dB<\/td><td>&nbsp;<\/td><\/tr><tr><td>Isolamento (1400~1560nm)<\/td><td>&nbsp;<\/td><td>35<\/td><td>&nbsp;<\/td><td>&nbsp;<\/td><td>dB<\/td><td>&nbsp;<\/td><\/tr><tr><td>Isolation(1600~1675nm)<\/td><td>&nbsp;<\/td><td>35<\/td><td>&nbsp;<\/td><td>&nbsp;<\/td><td>dB<\/td><td>&nbsp;<\/td><\/tr><tr><td>Isolation(1575~1580nm)<\/td><td>&nbsp;<\/td><td>34.5<\/td><td>&nbsp;<\/td><td>&nbsp;<\/td><td>dB<\/td><td>&nbsp;<\/td><\/tr><\/thead><\/table><\/figure>\n\n\n\n<p id=\"wd-a106e64e\" class=\"wp-block-wd-paragraph\">Observa\u00e7\u00e3o 1: Lan\u00e7ado em fibra monomodo de 9\/125um.<\/p>\n\n\n\n<p id=\"wd-c28eb775\" class=\"wp-block-wd-paragraph\">Observa\u00e7\u00e3o 2: Medido com um padr\u00e3o de teste PRBS 2^31-1 a 9,9532 Gbps e ER=6dB, BER \u226410-3.<\/p>\n\n\n\n<p id=\"wd-ea574766\" class=\"wp-block-wd-paragraph\"><strong>Caracter\u00edsticas el\u00e9tricas<\/strong><\/p>\n\n\n\n<figure class=\"wp-block-table\"><table class=\"has-fixed-layout\"><thead><tr><td colspan=\"7\"><strong>Transmissor<\/strong><strong><\/strong><\/td><\/tr><tr><td><strong>Par\u00e2metro<\/strong><\/td><td><strong>S\u00edmbolo<\/strong><\/td><td><strong>M\u00ednimo<\/strong><\/td><td><strong>T\u00edpico<\/strong><\/td><td><strong>M\u00e1ximo<\/strong><\/td><td><strong>Unidade<\/strong><\/td><td><strong>Notas<\/strong><\/td><\/tr><tr><td>Swing diferencial de entrada de dados<\/td><td>V<sub>IN<\/sub><\/td><td>100<\/td><td>&nbsp;<\/td><td>1000<\/td><td>mV<sub>p-p<\/sub><\/td><td>&nbsp;<\/td><\/tr><tr><td>Imped\u00e2ncia diferencial de entrada<\/td><td>Z<sub>IN<\/sub><\/td><td>90<\/td><td>100<\/td><td>110<\/td><td>\u03a9<\/td><td>&nbsp;<\/td><\/tr><tr><td>Tens\u00e3o de desativa\u00e7\u00e3o do transmissor - baixa<\/td><td>V<sub>L<\/sub><\/td><td>0<\/td><td>-<\/td><td>0.8<\/td><td>V<\/td><td>&nbsp;<\/td><\/tr><tr><td>Tens\u00e3o de desativa\u00e7\u00e3o do transmissor - alta<\/td><td>V<sub>H<\/sub><\/td><td>2.0<\/td><td>-<\/td><td>V<sub>CC<\/sub><\/td><td>V<\/td><td>&nbsp;<\/td><\/tr><tr><td>Tempo de ativa\u00e7\u00e3o do burst<\/td><td>T<sub>BURST_ON<\/sub><\/td><td>-<\/td><td>-<\/td><td>512<\/td><td>ns<\/td><td>&nbsp;<\/td><\/tr><tr><td>Tempo de desligamento do burst<\/td><td>T<sub>BURST_OFF<\/sub><\/td><td>-<\/td><td>-<\/td><td>512<\/td><td>ns<\/td><td>&nbsp;<\/td><\/tr><tr><td>Tempo de afirma\u00e7\u00e3o de falha de TX<\/td><td>T<sub>FAULT_ON<\/sub><\/td><td>-<\/td><td>-<\/td><td>50<\/td><td>ms<\/td><td>&nbsp;<\/td><\/tr><tr><td>Tempo de reinicializa\u00e7\u00e3o de falha de TX<\/td><td>T<sub>FAULT_RESET<\/sub><\/td><td>10<\/td><td>-<\/td><td>-<\/td><td>n\u00f3s<\/td><td>&nbsp;<\/td><\/tr><tr><td colspan=\"7\"><strong>Receptor<\/strong><strong><\/strong><\/td><\/tr><tr><td>Varia\u00e7\u00e3o diferencial da sa\u00edda de dados<\/td><td>&nbsp;<\/td><td>900<\/td><td>1000<\/td><td>1100<\/td><td>mV<\/td><td>&nbsp;<\/td><\/tr><tr><td>Imped\u00e2ncia diferencial de sa\u00edda<\/td><td>R<sub>SA\u00cdDA<\/sub><\/td><td>90<\/td><td>100<\/td><td>110<\/td><td>\u03a9<\/td><td>&nbsp;<\/td><\/tr><tr><td>Tempo de afirma\u00e7\u00e3o de perda de sinal (LOS)<\/td><td>T<sub>LOSA<\/sub><\/td><td>&nbsp;<\/td><td>&nbsp;<\/td><td>100<\/td><td>n\u00f3s<\/td><td>&nbsp;<\/td><\/tr><tr><td>Tempo de desasser\u00e7\u00e3o de perda de sinal (LOS)<\/td><td>T<sub>LOSD<\/sub><\/td><td>&nbsp;<\/td><td>&nbsp;<\/td><td>100<\/td><td>n\u00f3s<\/td><td>&nbsp;<\/td><\/tr><tr><td>LOS baixa tens\u00e3o<\/td><td>V<sub>OL<\/sub><\/td><td>0<\/td><td>&nbsp;<\/td><td>0.4<\/td><td>V<\/td><td>&nbsp;<\/td><\/tr><tr><td>LOS alta tens\u00e3o<\/td><td>V<sub>OH<\/sub><\/td><td>2.4<\/td><td>&nbsp;<\/td><td>V<sub>CC<\/sub><\/td><td>V<\/td><td>&nbsp;<\/td><\/tr><\/thead><\/table><\/figure>\n\n\n\n<p id=\"wd-f57ce95e\" class=\"wp-block-wd-paragraph\">Nota 1: Medido com um PRBS 2<sup>23<\/sup>Padr\u00e3o de teste -1 @2,488Gbit\/s e ER=9dB, BER =10<sup>-12<\/sup>.<\/p>\n\n\n\n<p id=\"wd-d3de5b48\" class=\"wp-block-wd-paragraph\">Observa\u00e7\u00e3o 2: Uma diminui\u00e7\u00e3o na pot\u00eancia \u00f3ptica acima do n\u00edvel especificado far\u00e1 com que a sa\u00edda Los passe de um estado baixo para um estado alto;<\/p>\n\n\n\n<p id=\"wd-b37dbe3f\" class=\"wp-block-wd-paragraph\">Um aumento na pot\u00eancia \u00f3ptica abaixo do n\u00edvel especificado far\u00e1 com que a sa\u00edda Los passe de um estado alto para um estado baixo.<\/p>\n\n\n\n<p id=\"wd-3b81b342\" class=\"wp-block-wd-paragraph\">Observa\u00e7\u00e3o 3: Sa\u00edda CML, acoplada internamente a CA, garantida em toda a faixa de pot\u00eancia \u00f3ptica de entrada (-8 dBm a -28 dBm).<\/p>\n\n\n\n<p id=\"wd-697007f3\" class=\"wp-block-wd-paragraph\"><strong>Circuito de fonte de alimenta\u00e7\u00e3o recomendado para a placa do host<\/strong><\/p>\n\n\n\n<figure class=\"wp-block-image size-full\"><img loading=\"lazy\" decoding=\"async\" width=\"969\" height=\"390\" src=\"https:\/\/www.luleey.com\/wp-content\/uploads\/2025\/08\/image-1.png\" alt=\"\" class=\"wp-image-18791\" title=\"\" srcset=\"https:\/\/www.luleey.com\/wp-content\/uploads\/2025\/08\/image-1.png 969w, https:\/\/www.luleey.com\/wp-content\/uploads\/2025\/08\/image-1-800x322.png 800w, https:\/\/www.luleey.com\/wp-content\/uploads\/2025\/08\/image-1-768x309.png 768w, https:\/\/www.luleey.com\/wp-content\/uploads\/2025\/08\/image-1-18x7.png 18w, https:\/\/www.luleey.com\/wp-content\/uploads\/2025\/08\/image-1-150x60.png 150w\" sizes=\"auto, (max-width: 969px) 100vw, 969px\" \/><\/figure>\n\n\n\n<p id=\"wd-1507215d\" class=\"wp-block-wd-paragraph\"><strong>Figura 2 Circuito de fonte de alimenta\u00e7\u00e3o recomendado para a placa do host<\/strong><\/p>\n\n\n\n<p id=\"wd-646395ba\" class=\"wp-block-wd-paragraph\"><strong>Informa\u00e7\u00f5es sobre a EEPROM<\/strong><\/p>\n\n\n\n<figure class=\"wp-block-image size-full\"><img loading=\"lazy\" decoding=\"async\" width=\"633\" height=\"554\" src=\"https:\/\/www.luleey.com\/wp-content\/uploads\/2025\/08\/image-2.png\" alt=\"\" class=\"wp-image-18792\" title=\"\" srcset=\"https:\/\/www.luleey.com\/wp-content\/uploads\/2025\/08\/image-2.png 633w, https:\/\/www.luleey.com\/wp-content\/uploads\/2025\/08\/image-2-14x12.png 14w, https:\/\/www.luleey.com\/wp-content\/uploads\/2025\/08\/image-2-150x131.png 150w\" sizes=\"auto, (max-width: 633px) 100vw, 633px\" \/><\/figure>\n\n\n\n<p id=\"wd-053261ba\" class=\"wp-block-wd-paragraph\"><strong>Figura 3 Informa\u00e7\u00f5es da EEPROM<\/strong><\/p>\n\n\n\n<p id=\"wd-c0ffe8da\" class=\"wp-block-wd-paragraph\"><strong>Dimens\u00f5es mec\u00e2nicas<\/strong><\/p>\n\n\n\n<figure class=\"wp-block-image size-full\"><img loading=\"lazy\" decoding=\"async\" width=\"969\" height=\"582\" src=\"https:\/\/www.luleey.com\/wp-content\/uploads\/2025\/08\/image-3.png\" alt=\"\" class=\"wp-image-18793\" title=\"\" srcset=\"https:\/\/www.luleey.com\/wp-content\/uploads\/2025\/08\/image-3.png 969w, https:\/\/www.luleey.com\/wp-content\/uploads\/2025\/08\/image-3-800x480.png 800w, https:\/\/www.luleey.com\/wp-content\/uploads\/2025\/08\/image-3-768x461.png 768w, https:\/\/www.luleey.com\/wp-content\/uploads\/2025\/08\/image-3-18x12.png 18w, https:\/\/www.luleey.com\/wp-content\/uploads\/2025\/08\/image-3-150x90.png 150w\" sizes=\"auto, (max-width: 969px) 100vw, 969px\" \/><\/figure>\n\n\n\n<p id=\"wd-d328771d\" class=\"wp-block-wd-paragraph\"><strong>Figura 4 Esbo\u00e7o do pacote (unidade: mm)<\/strong><\/p>\n\n\n\n<p id=\"wd-20c93c6b\" class=\"wp-block-wd-paragraph\"><strong>Desenho da pinagem<\/strong><\/p>\n\n\n\n<figure class=\"wp-block-image size-full\"><img loading=\"lazy\" decoding=\"async\" width=\"699\" height=\"483\" src=\"https:\/\/www.luleey.com\/wp-content\/uploads\/2025\/08\/image-4.png\" alt=\"\" class=\"wp-image-18794\" title=\"\" srcset=\"https:\/\/www.luleey.com\/wp-content\/uploads\/2025\/08\/image-4.png 699w, https:\/\/www.luleey.com\/wp-content\/uploads\/2025\/08\/image-4-18x12.png 18w, https:\/\/www.luleey.com\/wp-content\/uploads\/2025\/08\/image-4-150x104.png 150w\" sizes=\"auto, (max-width: 699px) 100vw, 699px\" \/><\/figure>\n\n\n\n<p id=\"wd-7e068c32\" class=\"wp-block-wd-paragraph\"><strong>Figura 5 Desenho da pinagem<\/strong><\/p>\n\n\n\n<p id=\"wd-a64af055\" class=\"wp-block-wd-paragraph\"><strong>Pino Descri\u00e7\u00e3o<\/strong><\/p>\n\n\n\n<figure class=\"wp-block-table\"><table class=\"has-fixed-layout\"><thead><tr><td><strong>PIN<\/strong><\/td><td><strong>Nome<\/strong><\/td><td><strong>Descri\u00e7\u00e3o<\/strong><\/td><td><strong>Notas<\/strong><\/td><\/tr><\/thead><tbody><tr><td>1<\/td><td>VeeT<\/td><td>Terra do transmissor do m\u00f3dulo<\/td><td>&nbsp;<\/td><\/tr><tr><td>2<\/td><td>Tx-Falha\/ToD<\/td><td>Falha de tx\/hor\u00e1rio do dia<\/td><td>1<\/td><\/tr><tr><td>3<\/td><td>Tx-Disable<\/td><td>Transmitter Disable (Desativar transmissor); desliga a sa\u00edda do laser do transmissor<\/td><td>&nbsp;<\/td><\/tr><tr><td>4<\/td><td>SDA<\/td><td>SDA Linha de dados I2C (MOD-DEF2)<\/td><td>2<\/td><\/tr><tr><td>5<\/td><td>SCL<\/td><td>SCL Linha de rel\u00f3gio I2C (MOD-DEF1)<\/td><td>2<\/td><\/tr><tr><td>6<\/td><td>MOD_ABS<\/td><td>M\u00f3dulo Ausente, conectado ao VeeR ou VeeT no m\u00f3dulo<\/td><td>&nbsp;<\/td><\/tr><tr><td>7<\/td><td>SUSPIRO DE MORTE<\/td><td>Indicador de mensagem Dying Gasp<\/td><td>3<\/td><\/tr><tr><td>8<\/td><td>LOS<\/td><td>Perda de sinal<\/td><td>&nbsp;<\/td><\/tr><tr><td>9<\/td><td>VeeR\/1PPS<\/td><td>Aterramento do receptor do m\u00f3dulo\/1 pulso por segundo<\/td><td>4 1<\/td><\/tr><tr><td>10<\/td><td>VeeR<\/td><td>Terra do receptor do m\u00f3dulo<\/td><td>&nbsp;<\/td><\/tr><tr><td>11<\/td><td>VeeR<\/td><td>Terra do receptor do m\u00f3dulo<\/td><td>&nbsp;<\/td><\/tr><tr><td>12<\/td><td>RD-<\/td><td>Sa\u00edda de dados invertida recebida<\/td><td>&nbsp;<\/td><\/tr><tr><td>13<\/td><td>RD+<\/td><td>Sa\u00edda de dados recebidos<\/td><td>&nbsp;<\/td><\/tr><tr><td>14<\/td><td>VeeR<\/td><td>Terra do receptor do m\u00f3dulo<\/td><td>&nbsp; &nbsp;<\/td><\/tr><tr><td>15<\/td><td>VccR<\/td><td>Alimenta\u00e7\u00e3o de 3,3 V do receptor do m\u00f3dulo<\/td><td>&nbsp;<\/td><\/tr><tr><td>16<\/td><td>VccT<\/td><td>Fonte de 3,3 V do transmissor do m\u00f3dulo<\/td><td>&nbsp;<\/td><\/tr><tr><td>17<\/td><td>VeeT<\/td><td>Terra do transmissor do m\u00f3dulo<\/td><td>&nbsp; &nbsp;<\/td><\/tr><tr><td>18<\/td><td>TD+<\/td><td>Entrada de dados do transmissor<\/td><td>&nbsp;<\/td><\/tr><tr><td>19<\/td><td>TD-<\/td><td>Entrada de dados invertida do transmissor<\/td><td>&nbsp;<\/td><\/tr><tr><td>20<\/td><td>VeeT<\/td><td>Terra do transmissor do m\u00f3dulo<\/td><td>&nbsp;<\/td><\/tr><\/tbody><\/table><\/figure>\n\n\n\n<p id=\"wd-a9d80588\" class=\"wp-block-wd-paragraph\">Observa\u00e7\u00f5es:<\/p>\n\n\n\n<p id=\"wd-c1886324\" class=\"wp-block-wd-paragraph\">1. O modo padr\u00e3o de f\u00e1brica \u00e9 Tx Fault. Para aplicativos do tipo Small Cell, durante a ativa\u00e7\u00e3o\/provisionamento, ser\u00e1<\/p>\n\n\n\n<p id=\"wd-24d04260\" class=\"wp-block-wd-paragraph\">software configurado para ToD.<\/p>\n\n\n\n<p id=\"wd-dc990095\" class=\"wp-block-wd-paragraph\">2. Esse PIN \u00e9 um pino de sa\u00edda de coletor aberto\/dreno e deve ser puxado para cima com 4,7K-10K ohms para um Host_Vcc no<\/p>\n\n\n\n<p id=\"wd-39a46827\" class=\"wp-block-wd-paragraph\">placa de acolhimento.<\/p>\n\n\n\n<p id=\"wd-26117c1e\" class=\"wp-block-wd-paragraph\">3. O PIN7 pode suportar a fun\u00e7\u00e3o Dying Gasp. A fun\u00e7\u00e3o Dying Gasp \u00e9 gerenciada por software. Se o software desativar a fun\u00e7\u00e3o Dying<\/p>\n\n\n\n<p id=\"wd-ab8f936a\" class=\"wp-block-wd-paragraph\">fun\u00e7\u00e3o gasp, nenhuma influ\u00eancia para o m\u00f3dulo se for \u201c0\u201d ou \u201c1\u201d l\u00f3gico. Se o software ativar a fun\u00e7\u00e3o, n\u00e3o haver\u00e1 influ\u00eancia sobre o m\u00f3dulo.<\/p>\n\n\n\n<p id=\"wd-7e8206e1\" class=\"wp-block-wd-paragraph\">se for \u201c1\u201d l\u00f3gico; se for \u201c0\u201d l\u00f3gico, o m\u00f3dulo informar\u00e1 \u00e0 OLT que est\u00e1 morrendo de fome e o m\u00f3dulo repetir\u00e1 a reinicializa\u00e7\u00e3o.<\/p>\n\n\n\n<p id=\"wd-7f9b7048\" class=\"wp-block-wd-paragraph\">4. O modo padr\u00e3o de f\u00e1brica \u00e9 Veer. Para aplicativos do tipo Small Cell, durante a ativa\u00e7\u00e3o\/provisionamento, o software ser\u00e1<\/p>\n\n\n\n<p id=\"wd-72b48888\" class=\"wp-block-wd-paragraph\">configurado para 1PPS.<\/p>","protected":false},"excerpt":{"rendered":"<ul>\n<li>O transceptor XGSPON STICK ONU SFP+ suporta uma dist\u00e2ncia de transmiss\u00e3o de 20 km com SMF<\/li>\n<li>Pacote SFP com recept\u00e1culo SC APC\/UPC<\/li>\n<li>Suporte de XGPON\/XGS-PON<\/li>\n<li>XGSPON STICK Oferece suporte a protocolos sim\u00e9tricos e assim\u00e9tricos<\/li>\n<\/ul>","protected":false},"featured_media":18795,"comment_status":"open","ping_status":"closed","template":"","meta":[],"product_brand":[],"product_cat":[349],"product_tag":[513,1092,568,1006,564,342,1005],"class_list":{"0":"post-18779","1":"product","2":"type-product","3":"status-publish","4":"has-post-thumbnail","6":"product_cat-10g-epon-onu-xg-pon-xgs-pon","7":"product_tag-10g-onu","8":"product_tag-ll-xs1010","9":"product_tag-was-110","10":"product_tag-x-onu-sfpp","11":"product_tag-xgpon","12":"product_tag-xgspon-stick","13":"product_tag-xgsponst2000","15":"first","16":"instock","17":"sale","18":"featured","19":"shipping-taxable","20":"purchasable","21":"product-type-variable","22":"has-default-attributes"},"_links":{"self":[{"href":"https:\/\/www.luleey.com\/pt\/wp-json\/wp\/v2\/product\/18779","targetHints":{"allow":["GET"]}}],"collection":[{"href":"https:\/\/www.luleey.com\/pt\/wp-json\/wp\/v2\/product"}],"about":[{"href":"https:\/\/www.luleey.com\/pt\/wp-json\/wp\/v2\/types\/product"}],"replies":[{"embeddable":true,"href":"https:\/\/www.luleey.com\/pt\/wp-json\/wp\/v2\/comments?post=18779"}],"wp:featuredmedia":[{"embeddable":true,"href":"https:\/\/www.luleey.com\/pt\/wp-json\/wp\/v2\/media\/18795"}],"wp:attachment":[{"href":"https:\/\/www.luleey.com\/pt\/wp-json\/wp\/v2\/media?parent=18779"}],"wp:term":[{"taxonomy":"product_brand","embeddable":true,"href":"https:\/\/www.luleey.com\/pt\/wp-json\/wp\/v2\/product_brand?post=18779"},{"taxonomy":"product_cat","embeddable":true,"href":"https:\/\/www.luleey.com\/pt\/wp-json\/wp\/v2\/product_cat?post=18779"},{"taxonomy":"product_tag","embeddable":true,"href":"https:\/\/www.luleey.com\/pt\/wp-json\/wp\/v2\/product_tag?post=18779"}],"curies":[{"name":"wp","href":"https:\/\/api.w.org\/{rel}","templated":true}]}}