{"id":18828,"date":"2025-08-10T23:06:21","date_gmt":"2025-08-10T15:06:21","guid":{"rendered":"https:\/\/www.luleey.com\/?post_type=product&#038;p=18828"},"modified":"2025-08-10T23:06:22","modified_gmt":"2025-08-10T15:06:22","slug":"ll-xp4gw1800c-4ge-xpon-onu-wifi-dual-catv-ont-wifi-6-ax1800","status":"publish","type":"product","link":"https:\/\/www.luleey.com\/pt\/produto\/ll-xp4gw1800c-4ge-xpon-onu-wifi-dual-catv-ont-wifi-6-ax1800\/","title":{"rendered":"LL-XP4GW1800C, 4GE XPON ONU, WIFI Dual, CATV ONT, WIFI 6, AX1800"},"content":{"rendered":"<h3>Recursos<\/h3>\n<ul>\n<li>Wi-Fi de banda dupla, desempenho superior de transmiss\u00e3o sem fio 11n e 11ac<\/li>\n<li>Compat\u00edvel com OLTs 95% de terceiros (incluindo Huawei\/ZTE\/Fiberhome\/BT-PON e assim por diante)<\/li>\n<li>Suporta o modo EPON\/GPON e alterna o modo automaticamente<\/li>\n<li>Suporte a rota PPPoE\/DHCP\/IP est\u00e1tico e modo de ponte<\/li>\n<li>Suporte \u00e0 interface CATV para servi\u00e7o de v\u00eddeo, com suporte ao controle remoto pela OLT.<\/li>\n<li>Suporte \u00e0 descoberta autom\u00e1tica da ONU\/detec\u00e7\u00e3o de link\/atualiza\u00e7\u00e3o remota de software<\/li>\n<li>Suporte ao modo duplo IPv4\/IPv6<\/li>\n<li>Suporte \u00e0 fun\u00e7\u00e3o Firewall e ao recurso IGMP multicast<\/li>\n<li>Suporte \u00e0 configura\u00e7\u00e3o do IP da LAN e do servidor DHCP<\/li>\n<li>Suporte a encaminhamento de porta e detec\u00e7\u00e3o de loop<\/li>\n<li>Suporta o modo EPON\/GPON e alterna o modo automaticamente<\/li>\n<li>GPON: conformidade com o padr\u00e3o IEEE 802.3ah e itu-t g.984.x<\/li>\n<li>GPON: 8 T-CONTs, 32 portas GEM<\/li>\n<li>Integre a configura\u00e7\u00e3o e a manuten\u00e7\u00e3o remotas de OMCI (GPON)\/OAM (EPON) e TR-069<\/li>\n<li>Recursos de gateway dom\u00e9stico\/CPE de camada 3 com NAT de hardware, suporte a v\u00e1rias WANs, modo de rota\/ponte, etc.<\/li>\n<li>Comuta\u00e7\u00e3o de camada 2, suporte a VLAN 802.1Q, QOS 802.1P, controle de largura de banda, Spanning Tree, etc.<\/li>\n<li>FEC bidirecional<\/li>\n<li>Suporte a configura\u00e7\u00f5es de n\u00edvel de firewall, suporte baseado em filtragem de quadros de URL\/MAC\/IP\/endere\u00e7o<\/li>\n<li>Suporte a proxy\/ snooping IGMP v2 multicast, suporte a proxy\/ snooping MLD<\/li>\n<li>O Qos suporta agendamento de filas PQ, WRR e CAR<\/li>\n<li>Fornece uma taxa m\u00e1xima de 1775 Mbps de interface sem fio, antena externa 2T2R, suporte a v\u00e1rios tipos de interface.<\/li>\n<li>Configura\u00e7\u00f5es de SSID<\/li>\n<li>Suporte a DDSN, ALG, DMZ e UPNP<\/li>\n<li>Suporte \u00e0 interface CATV para servi\u00e7o de v\u00eddeo, suporte para desativar a funcionalidade CATV<\/li>\n<\/ul>\n<h3>Especifica\u00e7\u00e3o<\/h3>\n<table style=\"width: 53.1585%; height: 648px;\" width=\"716\">\n<tbody>\n<tr style=\"height: 24px;\">\n<td style=\"height: 24px; width: 24.5833%;\" width=\"359\">Marca<\/td>\n<td style=\"height: 24px; width: 74.4444%;\" width=\"357\">Luleey<\/td>\n<\/tr>\n<tr style=\"height: 24px;\">\n<td style=\"height: 24px; width: 24.5833%;\">Modelo<\/td>\n<td style=\"height: 24px; width: 74.4444%;\">LL-XP4GW1800C<\/td>\n<\/tr>\n<tr style=\"height: 24px;\">\n<td style=\"height: 24px; width: 24.5833%;\">Local de origem<\/td>\n<td style=\"height: 24px; width: 74.4444%;\">Fabricado na China<\/td>\n<\/tr>\n<tr style=\"height: 24px;\">\n<td style=\"height: 24px; width: 24.5833%;\">Tamanho<\/td>\n<td style=\"height: 24px; width: 74.4444%;\">260*160*50mm<\/td>\n<\/tr>\n<tr>\n<td style=\"width: 24.5833%;\">Porta ONU<\/td>\n<td style=\"width: 74.4444%;\">4GE LAN + 1CATV+2,4G &amp;5,8G WIFI6<\/td>\n<\/tr>\n<tr style=\"height: 24px;\">\n<td style=\"height: 24px; width: 24.5833%;\">Porta PON<\/td>\n<td style=\"height: 24px; width: 74.4444%;\">1* XPON (suporta GPON\/EPON)<\/td>\n<\/tr>\n<tr style=\"height: 24px;\">\n<td style=\"height: 24px; width: 24.5833%;\">Luz indicadora<\/td>\n<td style=\"height: 24px; width: 74.4444%;\">POWER\/PON\/LOS\/LAN1\/LAN2\/LAN3\/LAN4\/USB\/2.4G\/5G\/WPS\/CATV<\/td>\n<\/tr>\n<tr style=\"height: 24px;\">\n<td style=\"height: 24px; width: 24.5833%;\">Bot\u00e3o<\/td>\n<td style=\"height: 24px; width: 74.4444%;\">Alimenta\u00e7\u00e3o , Reinicializa\u00e7\u00e3o , WLAN , WPS<\/td>\n<\/tr>\n<tr style=\"height: 24px;\">\n<td style=\"height: 24px; width: 24.5833%;\">Entrada do adaptador de energia<\/td>\n<td style=\"height: 24px; width: 74.4444%;\">100V~240VAC,50Hz~60Hz<\/td>\n<\/tr>\n<tr style=\"height: 48px;\">\n<td style=\"height: 48px; width: 24.5833%;\">Requisito da fonte de alimenta\u00e7\u00e3o<\/td>\n<td style=\"height: 48px; width: 74.4444%;\">12V CC, 1,5A<\/td>\n<\/tr>\n<tr style=\"height: 24px;\">\n<td style=\"height: 24px; width: 24.5833%;\">Consumo de energia<\/td>\n<td style=\"height: 24px; width: 74.4444%;\">&lt;10w<\/td>\n<\/tr>\n<tr style=\"height: 24px;\">\n<td style=\"height: 24px; width: 24.5833%;\">Temperatura de trabalho<\/td>\n<td style=\"height: 24px; width: 74.4444%;\">-10\u00b0C~ +45\u00b0C<\/td>\n<\/tr>\n<tr style=\"height: 24px;\">\n<td style=\"height: 24px; width: 24.5833%;\">Umidade do ambiente<\/td>\n<td style=\"height: 24px; width: 74.4444%;\">5%~95% (sem condensa\u00e7\u00e3o)<\/td>\n<\/tr>\n<tr style=\"height: 24px;\">\n<td style=\"height: 24px; width: 24.5833%;\">Tipo de conector PON<\/td>\n<td style=\"height: 24px; width: 74.4444%;\">SC\/APC<\/td>\n<\/tr>\n<tr style=\"height: 24px;\">\n<td style=\"height: 24px; width: 24.5833%;\">Comprimento de onda de trabalho<\/td>\n<td style=\"height: 24px; width: 74.4444%;\">PON: 1310nm para cima, 1490nm para baixo, CATV: 1550nm<\/td>\n<\/tr>\n<tr style=\"height: 24px;\">\n<td style=\"height: 24px; width: 24.5833%;\">Valor da pot\u00eancia \u00f3ptica de TX<\/td>\n<td style=\"height: 24px; width: 74.4444%;\">0,5~4dbm<\/td>\n<\/tr>\n<tr style=\"height: 48px;\">\n<td style=\"height: 48px; width: 24.5833%;\">Sensibilidade da pot\u00eancia \u00f3ptica RX<\/td>\n<td style=\"height: 48px; width: 74.4444%;\">-28dBm<\/td>\n<\/tr>\n<tr style=\"height: 24px;\">\n<td style=\"height: 24px; width: 24.5833%;\">Dist\u00e2ncia de transmiss\u00e3o<\/td>\n<td style=\"height: 24px; width: 74.4444%;\">0~20km<\/td>\n<\/tr>\n<tr style=\"height: 48px;\">\n<td style=\"height: 48px; width: 24.5833%;\">Taxa de transmiss\u00e3o<\/td>\n<td style=\"height: 48px; width: 74.4444%;\" width=\"357\">GPON: 1,244 Gbps para cima; 2,488 Gbps para baixo<br \/>\nEPON: 1,244 Gbps para cima; 1,244 Gbps para baixo<\/td>\n<\/tr>\n<tr style=\"height: 24px;\">\n<td style=\"height: 24px; width: 24.5833%;\">Porta RJ45<\/td>\n<td style=\"height: 24px; width: 74.4444%;\">4*RJ45<\/td>\n<\/tr>\n<tr style=\"height: 24px;\">\n<td style=\"height: 24px; width: 24.5833%;\">Par\u00e2metros RJ45<\/td>\n<td style=\"height: 24px; width: 74.4444%;\">4*10\/100\/1000Mbps autoadaptativo<\/td>\n<\/tr>\n<\/tbody>\n<\/table>","protected":false},"excerpt":{"rendered":"<p>O LL-XP4GW1800C tem Gigabit RJ45 x 4<br \/>\nWiFi 6 de banda dupla 2.4G\/5G<br \/>\nCATV ONT<br \/>\nXPON ONU, comuta\u00e7\u00e3o autom\u00e1tica GPON \/EPON<\/p>","protected":false},"featured_media":18831,"comment_status":"open","ping_status":"closed","template":"","meta":[],"product_brand":[],"product_cat":[348,197,341],"product_tag":[1095,1093,1094,344],"class_list":{"0":"post-18828","1":"product","2":"type-product","3":"status-publish","4":"has-post-thumbnail","6":"product_cat-1000m-gpon-epon-onu","7":"product_cat-catv-receiver","8":"product_cat-wireless-gpon-epon-ont","9":"product_tag-catv-ont","10":"product_tag-ll-xp4gw1800c","11":"product_tag-wifi-6","12":"product_tag-xpon-onu","14":"first","15":"instock","16":"shipping-taxable","17":"purchasable","18":"product-type-variable","19":"has-default-attributes"},"_links":{"self":[{"href":"https:\/\/www.luleey.com\/pt\/wp-json\/wp\/v2\/product\/18828","targetHints":{"allow":["GET"]}}],"collection":[{"href":"https:\/\/www.luleey.com\/pt\/wp-json\/wp\/v2\/product"}],"about":[{"href":"https:\/\/www.luleey.com\/pt\/wp-json\/wp\/v2\/types\/product"}],"replies":[{"embeddable":true,"href":"https:\/\/www.luleey.com\/pt\/wp-json\/wp\/v2\/comments?post=18828"}],"wp:featuredmedia":[{"embeddable":true,"href":"https:\/\/www.luleey.com\/pt\/wp-json\/wp\/v2\/media\/18831"}],"wp:attachment":[{"href":"https:\/\/www.luleey.com\/pt\/wp-json\/wp\/v2\/media?parent=18828"}],"wp:term":[{"taxonomy":"product_brand","embeddable":true,"href":"https:\/\/www.luleey.com\/pt\/wp-json\/wp\/v2\/product_brand?post=18828"},{"taxonomy":"product_cat","embeddable":true,"href":"https:\/\/www.luleey.com\/pt\/wp-json\/wp\/v2\/product_cat?post=18828"},{"taxonomy":"product_tag","embeddable":true,"href":"https:\/\/www.luleey.com\/pt\/wp-json\/wp\/v2\/product_tag?post=18828"}],"curies":[{"name":"wp","href":"https:\/\/api.w.org\/{rel}","templated":true}]}}