{"id":19318,"date":"2025-10-06T11:31:14","date_gmt":"2025-10-06T03:31:14","guid":{"rendered":"https:\/\/www.luleey.com\/?post_type=product&#038;p=19318"},"modified":"2026-03-07T23:10:26","modified_gmt":"2026-03-07T15:10:26","slug":"g657b3-bare-fiber-optic-cables-for-uav-for-fttr-indoor","status":"publish","type":"product","link":"https:\/\/www.luleey.com\/pt\/produto\/g657b3-bare-fiber-optic-cables-for-uav-for-fttr-indoor\/","title":{"rendered":"G657B3 Cabos de fibra \u00f3ptica nua, para UAV, caixa de cabos de lan\u00e7amento OTDR de fibra \u00f3ptica de n\u00facleo nu"},"content":{"rendered":"<h3>Recursos<\/h3>\n<ol class=\"a-unordered-list a-vertical\">\n<li>Insensibilidade a dobras: O G657B3 \u00e9 mais insens\u00edvel \u00e0 flex\u00e3o do que o G.657.A2, capaz de manter um bom desempenho de transmiss\u00e3o de sinal sob condi\u00e7\u00f5es de flex\u00e3o mais extremas, com raio de 5 mm.<\/li>\n<li>Dispers\u00e3o: Semelhante ao G.657.A2, ele tem boas caracter\u00edsticas de dispers\u00e3o em 1310 nm e 1550 nm.<\/li>\n<li>Atenua\u00e7\u00e3o: A atenua\u00e7\u00e3o na banda de 1550nm tamb\u00e9m \u00e9 pr\u00f3xima \u00e0 do G.652.D.<\/li>\n<li>Estrutura: O G657B3 normalmente emprega um projeto especial de n\u00facleo e revestimento para aumentar sua insensibilidade \u00e0 flex\u00e3o.<\/li>\n<li>Aplicativos<\/li>\n<\/ol>\n<ul>\n<li>1) Adequado para ambientes de instala\u00e7\u00e3o mais exigentes, como espa\u00e7os estreitos ou situa\u00e7\u00f5es que exigem curvatura frequente. \u00c9 aplic\u00e1vel em cen\u00e1rios como voos de drones, voos internacionais<\/li>\n<li>2) fia\u00e7\u00e3o de edif\u00edcios, redes dom\u00e9sticas, pequenos escrit\u00f3rios e, especialmente, em locais que exigem fia\u00e7\u00e3o altamente flex\u00edvel.<\/li>\n<\/ul>\n<h3>Especifica\u00e7\u00e3o<\/h3>\n<table style=\"width: 45.274%; height: 268px;\" width=\"598\">\n<tbody>\n<tr style=\"height: 24px;\">\n<td style=\"height: 24px;\" width=\"211\">Nome da marca<\/td>\n<td style=\"height: 24px;\" width=\"387\">LuLeey<\/td>\n<\/tr>\n<tr style=\"height: 24px;\">\n<td style=\"height: 24px;\" width=\"211\">Origem<\/td>\n<td style=\"height: 24px;\" width=\"387\">China continental<\/td>\n<\/tr>\n<tr style=\"height: 24px;\">\n<td style=\"height: 24px;\">Nome do produto<\/td>\n<td style=\"height: 24px;\" width=\"387\">G657B3 Cabos de fibra \u00f3ptica nua<\/td>\n<\/tr>\n<tr style=\"height: 24px;\">\n<td style=\"height: 24px;\">Material<\/td>\n<td style=\"height: 24px;\">G657.B3<\/td>\n<\/tr>\n<tr style=\"height: 24px;\">\n<td style=\"height: 24px;\">Cor<\/td>\n<td style=\"height: 24px;\">incolor<\/td>\n<\/tr>\n<tr style=\"height: 24px;\">\n<td style=\"height: 24px;\">Dimens\u00f5es do produto<\/td>\n<td style=\"height: 24px;\">0,25 mm<\/td>\n<\/tr>\n<tr style=\"height: 24px;\">\n<td style=\"height: 24px;\">Conector<\/td>\n<td style=\"height: 24px;\">SC\/APC SC\/UPC FC\/APC LC\/UPC LC\/APC sem cabe\u00e7a...<\/td>\n<\/tr>\n<tr style=\"height: 24px;\">\n<td style=\"height: 24px;\">Comprimento do cabo<\/td>\n<td style=\"height: 24px;\">50 km<\/td>\n<\/tr>\n<tr style=\"height: 28px;\">\n<td style=\"height: 28px;\">Perda de inser\u00e7\u00e3o<\/td>\n<td style=\"height: 28px;\">\u2264 0,3dB<\/td>\n<\/tr>\n<tr style=\"height: 24px;\">\n<td style=\"height: 24px;\">Temperatura de trabalho<\/td>\n<td style=\"height: 24px;\">-40~70\u2103<\/td>\n<\/tr>\n<tr style=\"height: 24px;\">\n<td style=\"height: 24px;\">Raio de curvatura m\u00ednimo<\/td>\n<td style=\"height: 24px;\">15<\/td>\n<\/tr>\n<\/tbody>\n<\/table>\n<h3><\/h3>","protected":false},"excerpt":{"rendered":"<ul>\n<li>Fibra G657B3, boa flexibilidade.<\/li>\n<li>Cabos de fibra \u00f3ptica nus, usados para UAV<\/li>\n<li>O cabo de fibra \u00f3ptica interno \u00e9 mais r\u00e1pido do que o cabo de rede, tem baixa perda e suporta dist\u00e2ncias ultralongas.<\/li>\n<\/ul>","protected":false},"featured_media":15837,"comment_status":"open","ping_status":"closed","template":"","meta":[],"product_brand":[],"product_cat":[364],"product_tag":[186,1110,655,1098],"class_list":{"0":"post-19318","1":"product","2":"type-product","3":"status-publish","4":"has-post-thumbnail","6":"product_cat-optic-cables-and-fiber-pigtails","7":"product_tag-bare-fiber","8":"product_tag-g657b3","9":"product_tag-otdr-launch-cable-box","10":"product_tag-uav","12":"first","13":"instock","14":"shipping-taxable","15":"purchasable","16":"product-type-variable","17":"has-default-attributes"},"_links":{"self":[{"href":"https:\/\/www.luleey.com\/pt\/wp-json\/wp\/v2\/product\/19318","targetHints":{"allow":["GET"]}}],"collection":[{"href":"https:\/\/www.luleey.com\/pt\/wp-json\/wp\/v2\/product"}],"about":[{"href":"https:\/\/www.luleey.com\/pt\/wp-json\/wp\/v2\/types\/product"}],"replies":[{"embeddable":true,"href":"https:\/\/www.luleey.com\/pt\/wp-json\/wp\/v2\/comments?post=19318"}],"wp:featuredmedia":[{"embeddable":true,"href":"https:\/\/www.luleey.com\/pt\/wp-json\/wp\/v2\/media\/15837"}],"wp:attachment":[{"href":"https:\/\/www.luleey.com\/pt\/wp-json\/wp\/v2\/media?parent=19318"}],"wp:term":[{"taxonomy":"product_brand","embeddable":true,"href":"https:\/\/www.luleey.com\/pt\/wp-json\/wp\/v2\/product_brand?post=19318"},{"taxonomy":"product_cat","embeddable":true,"href":"https:\/\/www.luleey.com\/pt\/wp-json\/wp\/v2\/product_cat?post=19318"},{"taxonomy":"product_tag","embeddable":true,"href":"https:\/\/www.luleey.com\/pt\/wp-json\/wp\/v2\/product_tag?post=19318"}],"curies":[{"name":"wp","href":"https:\/\/api.w.org\/{rel}","templated":true}]}}