{"id":19942,"date":"2026-01-26T11:40:02","date_gmt":"2026-01-26T03:40:02","guid":{"rendered":"https:\/\/www.luleey.com\/?post_type=product&#038;p=19942"},"modified":"2026-01-30T14:06:46","modified_gmt":"2026-01-30T06:06:46","slug":"lcs250-cleansticks-for-cleaning-2-5mm-apertures-ideal-for-fibre-optic-connectors-sc-fc-st","status":"publish","type":"product","link":"https:\/\/www.luleey.com\/pt\/produto\/lcs250-cleansticks-for-cleaning-2-5mm-apertures-ideal-for-fibre-optic-connectors-sc-fc-st\/","title":{"rendered":"LCS250 CLEANSTICKS Para limpeza de aberturas de 2,5 mm Ideal para conectores de fibra \u00f3ptica SC\/FC\/ST"},"content":{"rendered":"<h4 data-spm-anchor-id=\"a2g0o.detail.1000023.i0.525da32aC35IUk\">Recursos<\/h4>\n<ol>\n<li class=\"a-spacing-mini\">As ferramentas de limpeza de fibra usam um pano de limpeza de microfibra ultra-limpo com tratamento sem poeira, ideal para limpeza a seco com excelente desempenho de limpeza<\/li>\n<li class=\"a-spacing-mini\">Adequado para limpar o lado interno de v\u00e1rios adaptadores de fibra \u00f3ptica e as faces finais das ponteiras do adaptador<\/li>\n<li class=\"a-spacing-mini\">O tecido n\u00e3o solta nenhuma fibra quando usado<\/li>\n<li class=\"a-spacing-mini\">Ecologicamente correto, leve, seguro e compacto<\/li>\n<li class=\"a-spacing-mini\">Uma al\u00e7a estendida \u00e9 mais adequada para ambientes de trabalho estreitos<\/li>\n<li>para adaptador como VFL, medidor de pot\u00eancia de fibra \u00f3ptica, OTDR, fonte de luz \u00f3ptica, portas de 2,5 mm<\/li>\n<\/ol>\n<div class=\"a-column a-span6\">\n<h3>Especifica\u00e7\u00e3o<\/h3>\n<table style=\"width: 57.3067%; height: 143px;\">\n<tbody>\n<tr style=\"height: 24px;\">\n<td style=\"height: 24px; width: 28.7791%;\">Marca<\/td>\n<td style=\"height: 24px; width: 156.977%;\">LuLeey<\/td>\n<\/tr>\n<tr style=\"height: 24px;\">\n<td style=\"height: 24px; width: 28.7791%;\">Nome do produto<\/td>\n<td style=\"height: 24px; width: 156.977%;\">LCS250 CLEANSTICKS<\/td>\n<\/tr>\n<tr style=\"height: 24px;\">\n<td style=\"height: 24px; width: 28.7791%;\">Tamanho<\/td>\n<td style=\"height: 24px; width: 156.977%;\">2,50 mm<\/td>\n<\/tr>\n<tr style=\"height: 24px;\">\n<td style=\"height: 24px; width: 28.7791%;\">Porto<\/td>\n<td style=\"height: 24px; width: 156.977%;\">Conectores de fibra \u00f3ptica SC\/ST\/FC<\/td>\n<\/tr>\n<tr style=\"height: 23px;\">\n<td style=\"height: 23px; width: 28.7791%;\">Ambiente Temperatura de opera\u00e7\u00e3o<\/td>\n<td style=\"height: 23px; width: 156.977%;\">\u00a0-20\u00b0C a 60\u00b0C<\/td>\n<\/tr>\n<tr style=\"height: 24px;\">\n<td style=\"width: 28.7791%; height: 24px;\">Umidade<\/td>\n<td style=\"width: 156.977%; height: 24px;\">20% a 80%R.H.<\/td>\n<\/tr>\n<tr>\n<td style=\"width: 28.7791%;\">Uso<\/td>\n<td style=\"width: 156.977%;\">Uma utiliza\u00e7\u00e3o por tubo<\/td>\n<\/tr>\n<\/tbody>\n<\/table>\n<\/div>","protected":false},"excerpt":{"rendered":"<ul>\n<li>LIMPEZA para SC\/ST\/FC<\/li>\n<li>Leve e seguro de usar. Compacto e descart\u00e1vel.<\/li>\n<li>Sem cola, sem adesivo, sem res\u00edduos de fibra.<\/li>\n<li>A microfibra ultramacia proporciona alto desempenho de limpeza e excelente remo\u00e7\u00e3o de sujeira.<\/li>\n<li>Limpa facilmente as faces da extremidade do ferrolho dentro de conectores de fibra plug\u00e1veis e v\u00e1rios adaptadores.<\/li>\n<\/ul>","protected":false},"featured_media":19967,"comment_status":"open","ping_status":"closed","template":"","meta":[],"product_brand":[],"product_cat":[354],"product_tag":[1138,1135,222,1139],"class_list":{"0":"post-19942","1":"product","2":"type-product","3":"status-publish","4":"has-post-thumbnail","6":"product_cat-fiber-optic-cleaners","7":"product_tag-2-5mm","8":"product_tag-cleansticks","9":"product_tag-fiber-cleaning","10":"product_tag-lcs250","12":"first","13":"instock","14":"shipping-taxable","15":"purchasable","16":"product-type-variable","17":"has-default-attributes"},"_links":{"self":[{"href":"https:\/\/www.luleey.com\/pt\/wp-json\/wp\/v2\/product\/19942","targetHints":{"allow":["GET"]}}],"collection":[{"href":"https:\/\/www.luleey.com\/pt\/wp-json\/wp\/v2\/product"}],"about":[{"href":"https:\/\/www.luleey.com\/pt\/wp-json\/wp\/v2\/types\/product"}],"replies":[{"embeddable":true,"href":"https:\/\/www.luleey.com\/pt\/wp-json\/wp\/v2\/comments?post=19942"}],"wp:featuredmedia":[{"embeddable":true,"href":"https:\/\/www.luleey.com\/pt\/wp-json\/wp\/v2\/media\/19967"}],"wp:attachment":[{"href":"https:\/\/www.luleey.com\/pt\/wp-json\/wp\/v2\/media?parent=19942"}],"wp:term":[{"taxonomy":"product_brand","embeddable":true,"href":"https:\/\/www.luleey.com\/pt\/wp-json\/wp\/v2\/product_brand?post=19942"},{"taxonomy":"product_cat","embeddable":true,"href":"https:\/\/www.luleey.com\/pt\/wp-json\/wp\/v2\/product_cat?post=19942"},{"taxonomy":"product_tag","embeddable":true,"href":"https:\/\/www.luleey.com\/pt\/wp-json\/wp\/v2\/product_tag?post=19942"}],"curies":[{"name":"wp","href":"https:\/\/api.w.org\/{rel}","templated":true}]}}