{"id":12976,"date":"2024-07-19T00:59:33","date_gmt":"2024-07-18T16:59:33","guid":{"rendered":"https:\/\/www.luleey.com\/?post_type=product&#038;p=12976"},"modified":"2025-02-20T22:25:17","modified_gmt":"2025-02-20T14:25:17","slug":"plc-splitter-1x2-sc-apc-upc","status":"publish","type":"product","link":"https:\/\/www.luleey.com\/ru\/product\/plc-splitter-1x2-sc-apc-upc\/","title":{"rendered":"PLC Splitter 1\u00d72 SC APC \/ UPC"},"content":{"rendered":"<p><span style=\"font-size: 1.5em; font-weight: bold;\">\u0422\u0435\u0445\u043d\u0438\u0447\u0435\u0441\u043a\u0438\u0435 \u0445\u0430\u0440\u0430\u043a\u0442\u0435\u0440\u0438\u0441\u0442\u0438\u043a\u0438<\/span><\/p>\n<div class=\"MachTrans__textWrap__1NtxT\">\n<div class=\"MachTrans__textWrap__1NtxT\">\n<table style=\"width: 100%; height: 636px;\" width=\"834\">\n<tbody>\n<tr style=\"height: 53px;\">\n<td style=\"height: 53px;\" width=\"273\">\u041c\u043e\u0434\u0435\u043b\u044c<\/td>\n<td style=\"height: 53px;\" width=\"561\">1\u00d72-0.9MM-SC APC PLC Splitter<\/td>\n<\/tr>\n<tr style=\"height: 53px;\">\n<td style=\"height: 53px;\">\u0422\u0438\u043f \u0441\u043f\u043b\u0438\u0442\u0442\u0435\u0440\u0430<\/td>\n<td style=\"height: 53px;\">\u0420\u0430\u0437\u0432\u0435\u0442\u0432\u0438\u0442\u0435\u043b\u044c \u041f\u041b\u041a<\/td>\n<\/tr>\n<tr style=\"height: 53px;\">\n<td style=\"height: 53px;\">\u0418\u0441\u043f\u043e\u043b\u044c\u0437\u0443\u0439\u0442\u0435 \u0434\u043b\u044f<\/td>\n<td style=\"height: 53px;\">\u0432\u043e\u043b\u043e\u043a\u043e\u043d\u043d\u043e-\u043e\u043f\u0442\u0438\u0447\u0435\u0441\u043a\u0438\u0439<\/td>\n<\/tr>\n<tr style=\"height: 53px;\">\n<td style=\"height: 53px;\">\u0421\u0435\u0442\u044c<\/td>\n<td style=\"height: 53px;\">\u0411\u0435\u0441\u043f\u0440\u043e\u0432\u043e\u0434\u043d\u0430\u044f \u0441\u0435\u0442\u044c, Wi-Fi, 4g<\/td>\n<\/tr>\n<tr style=\"height: 53px;\">\n<td style=\"height: 53px;\">\u0420\u0430\u0431\u043e\u0447\u0430\u044f \u0434\u043b\u0438\u043d\u0430 \u0432\u043e\u043b\u043d\u044b (\u043d\u043c)<\/td>\n<td style=\"height: 53px;\">1260~1650<\/td>\n<\/tr>\n<tr style=\"height: 53px;\">\n<td style=\"height: 53px;\">\u0422\u0438\u043f \u0432\u043e\u043b\u043e\u043a\u043d\u0430<\/td>\n<td style=\"height: 53px;\">SMF-28e \u0438\u043b\u0438 \u0443\u043a\u0430\u0437\u0430\u043d\u043d\u044b\u0439 \u0437\u0430\u043a\u0430\u0437\u0447\u0438\u043a\u043e\u043c<\/td>\n<\/tr>\n<tr style=\"height: 53px;\">\n<td style=\"height: 53px;\">OEM<\/td>\n<td style=\"height: 53px;\">\u041f\u0440\u0438\u0435\u043c\u043b\u0435\u043c\u044b\u0439<\/td>\n<\/tr>\n<tr style=\"height: 53px;\">\n<td style=\"height: 53px;\">\u041c\u0430\u0440\u043a\u0430 \u043c\u0438\u043a\u0440\u043e\u0441\u0445\u0435\u043c\u044b \u0441\u043f\u043b\u0438\u0442\u0442\u0435\u0440\u0430<\/td>\n<td style=\"height: 53px;\">PPI<\/td>\n<\/tr>\n<tr style=\"height: 53px;\">\n<td style=\"height: 53px;\">\u041f\u0430\u043a\u0435\u0442<\/td>\n<td style=\"height: 53px;\">\u041a\u043e\u0440\u043e\u0431\u043a\u0430 \u0438\u043b\u0438 \u043f\u0430\u043a\u0435\u0442<\/td>\n<\/tr>\n<tr style=\"height: 53px;\">\n<td style=\"height: 53px;\">\u0422\u0438\u043f \u0440\u0430\u0437\u044a\u0435\u043c\u0430<\/td>\n<td style=\"height: 53px;\">SC APC \/SC UPC<\/td>\n<\/tr>\n<tr style=\"height: 53px;\">\n<td style=\"height: 53px;\">\u041f\u0440\u0438\u043b\u043e\u0436\u0435\u043d\u0438\u0435<\/td>\n<td style=\"height: 53px;\">\u0422\u0435\u043b\u0435\u043a\u043e\u043c\u043c\u0443\u043d\u0438\u043a\u0430\u0446\u0438\u0438<\/td>\n<\/tr>\n<tr style=\"height: 53px;\">\n<td style=\"height: 53px;\">\u041a\u043e\u044d\u0444\u0444\u0438\u0446\u0438\u0435\u043d\u0442 \u0440\u0430\u0437\u0434\u0435\u043b\u0435\u043d\u0438\u044f<\/td>\n<td style=\"height: 53px;\">1\u00d74 <strong>1\u00d72<\/strong> 1\u00d78 1\u00d716 1\u00d732<\/td>\n<\/tr>\n<\/tbody>\n<\/table>\n<\/div>\n<div class=\"MachTrans__text__duH8w\">\n<table style=\"width: 100%;\" border=\"0\" cellspacing=\"0\" cellpadding=\"0\">\n<tbody>\n<tr>\n<td style=\"width: 99.883%;\" colspan=\"14\"><span data-spm-anchor-id=\"a2g0o.detail.1000023.i1.71976ad1iBaGbp\">11xN (\u0441 \u0440\u0430\u0437\u044a\u0435\u043c\u043e\u043c)<\/span><\/td>\n<\/tr>\n<tr>\n<td style=\"width: 21.6058%;\" colspan=\"2\">\n<p data-spm-anchor-id=\"a2g0o.detail.1000023.i0.71976ad1iBaGbp\">(\u041a\u043e\u043b\u0438\u0447\u0435\u0441\u0442\u0432\u043e \u043a\u0430\u043d\u0430\u043b\u043e\u0432)<\/p>\n<\/td>\n<td style=\"width: 5.9176%;\"><strong>1\u00d72<\/strong><\/td>\n<td style=\"width: 5.9176%;\">1\u00d74<\/td>\n<td style=\"width: 6.29213%;\">1\u00d78<\/td>\n<td style=\"width: 6.59176%;\">1\u00d716<\/td>\n<td style=\"width: 7.19101%;\">1\u00d732<\/td>\n<td style=\"width: 6.81648%;\">1\u00d764<\/td>\n<td style=\"width: 6.14232%;\">2\u00d72<\/td>\n<td style=\"width: 6.14232%;\">2\u00d74<\/td>\n<td style=\"width: 6.36704%;\">2\u00d78<\/td>\n<td style=\"width: 6.81648%;\">2\u00d716<\/td>\n<td style=\"width: 7.0412%;\">2\u00d732<\/td>\n<td style=\"width: 7.0412%;\">2\u00d764<\/td>\n<\/tr>\n<tr>\n<td style=\"width: 21.6058%;\" colspan=\"2\">(\u0414\u043b\u0438\u043d\u0430 \u0440\u0430\u0431\u043e\u0447\u0435\u0439 \u0432\u043e\u043b\u043d\u044b)<\/td>\n<td style=\"width: 71.236%;\" colspan=\"11\">1260 - 1650<\/td>\n<td style=\"width: 7.0412%;\"><\/td>\n<\/tr>\n<tr>\n<td style=\"width: 21.6058%;\" colspan=\"2\">\u0423\u0440\u043e\u0432\u0435\u043d\u044c P \u0412\u043d\u043e\u0441\u0438\u043c\u044b\u0435 \u043f\u043e\u0442\u0435\u0440\u0438<\/td>\n<td style=\"width: 5.9176%;\">4<\/td>\n<td style=\"width: 5.9176%;\">7.4<\/td>\n<td style=\"width: 6.29213%;\">10.5<\/td>\n<td style=\"width: 6.59176%;\">13.7<\/td>\n<td style=\"width: 7.19101%;\">17<\/td>\n<td style=\"width: 6.81648%;\">20.3<\/td>\n<td style=\"width: 6.14232%;\">4.4<\/td>\n<td style=\"width: 6.14232%;\">7.6<\/td>\n<td style=\"width: 6.36704%;\">10.8<\/td>\n<td style=\"width: 6.81648%;\">14.1<\/td>\n<td style=\"width: 7.0412%;\">17.4<\/td>\n<td style=\"width: 7.0412%;\">20.7<\/td>\n<\/tr>\n<tr>\n<td style=\"width: 21.6058%;\" colspan=\"2\">\u0423\u0440\u043e\u0432\u0435\u043d\u044c S \u0412\u043d\u043e\u0441\u0438\u043c\u044b\u0435 \u043f\u043e\u0442\u0435\u0440\u0438<\/td>\n<td style=\"width: 5.9176%;\">4.2<\/td>\n<td style=\"width: 5.9176%;\">7.6<\/td>\n<td style=\"width: 6.29213%;\">10.7<\/td>\n<td style=\"width: 6.59176%;\">14<\/td>\n<td style=\"width: 7.19101%;\">17.3<\/td>\n<td style=\"width: 6.81648%;\">20.7<\/td>\n<td style=\"width: 6.14232%;\">4.6<\/td>\n<td style=\"width: 6.14232%;\">7.9<\/td>\n<td style=\"width: 6.36704%;\">11.2<\/td>\n<td style=\"width: 6.81648%;\">15<\/td>\n<td style=\"width: 7.0412%;\">18.1<\/td>\n<td style=\"width: 7.0412%;\">21.7<\/td>\n<\/tr>\n<tr>\n<td style=\"width: 21.6058%;\" colspan=\"2\">(\u0420\u0430\u0432\u043d\u043e\u043c\u0435\u0440\u043d\u043e\u0441\u0442\u044c)<\/td>\n<td style=\"width: 5.9176%;\">0.4<\/td>\n<td style=\"width: 5.9176%;\">0.6<\/td>\n<td style=\"width: 6.29213%;\">0.8<\/td>\n<td style=\"width: 6.59176%;\">1<\/td>\n<td style=\"width: 7.19101%;\">1.2<\/td>\n<td style=\"width: 6.81648%;\">1.6<\/td>\n<td style=\"width: 6.14232%;\">0.8<\/td>\n<td style=\"width: 6.14232%;\">1<\/td>\n<td style=\"width: 6.36704%;\">1.2<\/td>\n<td style=\"width: 6.81648%;\">1.5<\/td>\n<td style=\"width: 7.0412%;\">1.8<\/td>\n<td style=\"width: 7.0412%;\">2<\/td>\n<\/tr>\n<tr>\n<td style=\"width: 21.6058%;\" colspan=\"2\">(PDL)<\/td>\n<td style=\"width: 5.9176%;\">0.2<\/td>\n<td style=\"width: 5.9176%;\" data-spm-anchor-id=\"a2g0o.detail.1000023.i2.33868oAq8oAqiX\">0.3<\/td>\n<td style=\"width: 6.29213%;\">0.3<\/td>\n<td style=\"width: 6.59176%;\">0.3<\/td>\n<td style=\"width: 7.19101%;\">0.3<\/td>\n<td style=\"width: 6.81648%;\">0.5<\/td>\n<td style=\"width: 6.14232%;\">0.3<\/td>\n<td style=\"width: 6.14232%;\">0.3<\/td>\n<td style=\"width: 6.36704%;\">0.3<\/td>\n<td style=\"width: 6.81648%;\">0.3<\/td>\n<td style=\"width: 7.0412%;\">0.3<\/td>\n<td style=\"width: 7.0412%;\">0.5<\/td>\n<\/tr>\n<tr>\n<td style=\"width: 21.6058%;\" colspan=\"2\">(\u0412\u043e\u0437\u0432\u0440\u0430\u0442\u043d\u044b\u0435 \u043f\u043e\u0442\u0435\u0440\u0438)<\/td>\n<td style=\"width: 78.2772%;\" colspan=\"12\">\u0431\u043e\u043b\u0435\u0435 55<\/td>\n<\/tr>\n<tr>\n<td style=\"width: 21.6058%;\" colspan=\"2\">(\u041d\u0430\u043f\u0440\u0430\u0432\u043b\u0435\u043d\u043d\u043e\u0441\u0442\u044c)<\/td>\n<td style=\"width: 78.2772%;\" colspan=\"12\">\u0431\u043e\u043b\u0435\u0435 55<\/td>\n<\/tr>\n<tr>\n<td style=\"width: 21.6058%;\" colspan=\"2\">(\u0422\u0438\u043f \u0432\u043e\u043b\u043e\u043a\u043d\u0430)<\/td>\n<td style=\"width: 78.2772%;\" colspan=\"12\">\u041c\u0421\u042d G657A<\/td>\n<\/tr>\n<tr>\n<td style=\"width: 21.6058%;\" colspan=\"2\">(\u0420\u0430\u0431\u043e\u0447\u0430\u044f \u0442\u0435\u043c\u043f\u0435\u0440\u0430\u0442\u0443\u0440\u0430)<\/td>\n<td style=\"width: 78.2772%;\" colspan=\"12\">\u043e\u0442 -40 \u0434\u043e 85\u2103<\/td>\n<\/tr>\n<tr>\n<td style=\"width: 21.6058%;\" colspan=\"2\">(\u0414\u043b\u0438\u043d\u0430 \u043a\u043e\u0441\u0438\u0447\u043a\u0438)<\/td>\n<td style=\"width: 78.2772%;\" colspan=\"12\">1 \u043c (\u043f\u043e \u0443\u043c\u043e\u043b\u0447\u0430\u043d\u0438\u044e) \u0438\u043b\u0438 \u043f\u043e \u0438\u043d\u0434\u0438\u0432\u0438\u0434\u0443\u0430\u043b\u044c\u043d\u043e\u043c\u0443 \u0437\u0430\u043a\u0430\u0437\u0443<\/td>\n<\/tr>\n<\/tbody>\n<\/table>\n<p>&nbsp;<\/p>\n<\/div>\n<\/div>","protected":false},"excerpt":{"rendered":"<p>\u0424\u0443\u043d\u043a\u0446\u0438\u044f PLC (\u043f\u0430\u0441\u0441\u0438\u0432\u043d\u043e\u0433\u043e \u043e\u043f\u0442\u0438\u0447\u0435\u0441\u043a\u043e\u0433\u043e \u0441\u043f\u043b\u0438\u0442\u0442\u0435\u0440\u0430) \u0432 \u043e\u043f\u0442\u0438\u0447\u0435\u0441\u043a\u043e\u0439 \u0441\u0435\u0442\u0438 \u0437\u0430\u043a\u043b\u044e\u0447\u0430\u0435\u0442\u0441\u044f \u0432 \u0440\u0430\u0437\u0434\u0435\u043b\u0435\u043d\u0438\u0438 \u043e\u043f\u0442\u0438\u0447\u0435\u0441\u043a\u043e\u0433\u043e \u0441\u0438\u0433\u043d\u0430\u043b\u0430 \u0441 \u043e\u0434\u043d\u043e\u0433\u043e \u0432\u0445\u043e\u0434\u043d\u043e\u0433\u043e \u043f\u043e\u0440\u0442\u0430 \u043d\u0430 \u043d\u0435\u0441\u043a\u043e\u043b\u044c\u043a\u043e \u0432\u044b\u0445\u043e\u0434\u043d\u044b\u0445 \u043f\u043e\u0440\u0442\u043e\u0432. PLC-\u0441\u043f\u043b\u0438\u0442\u0442\u0435\u0440 \u044f\u0432\u043b\u044f\u0435\u0442\u0441\u044f \u043a\u043b\u044e\u0447\u0435\u0432\u044b\u043c \u043f\u0430\u0441\u0441\u0438\u0432\u043d\u044b\u043c \u043e\u043f\u0442\u0438\u0447\u0435\u0441\u043a\u0438\u043c \u043a\u043e\u043c\u043f\u043e\u043d\u0435\u043d\u0442\u043e\u043c, \u043a\u043e\u0442\u043e\u0440\u044b\u0439 \u043e\u0431\u0435\u0441\u043f\u0435\u0447\u0438\u0432\u0430\u0435\u0442 \u044d\u0444\u0444\u0435\u043a\u0442\u0438\u0432\u043d\u043e\u0435 \u0440\u0430\u0441\u043f\u0440\u0435\u0434\u0435\u043b\u0435\u043d\u0438\u0435 \u0438 \u043c\u0430\u0440\u0448\u0440\u0443\u0442\u0438\u0437\u0430\u0446\u0438\u044e \u043e\u043f\u0442\u0438\u0447\u0435\u0441\u043a\u0438\u0445 \u0441\u0438\u0433\u043d\u0430\u043b\u043e\u0432 \u0432 \u0432\u043e\u043b\u043e\u043a\u043e\u043d\u043d\u043e-\u043e\u043f\u0442\u0438\u0447\u0435\u0441\u043a\u0438\u0445 \u0441\u0435\u0442\u044f\u0445 \u0441\u0432\u044f\u0437\u0438, \u043f\u043e\u0434\u0434\u0435\u0440\u0436\u0438\u0432\u0430\u044f \u043f\u0440\u0435\u0434\u043e\u0441\u0442\u0430\u0432\u043b\u0435\u043d\u0438\u0435 \u0443\u0441\u043b\u0443\u0433 \u043d\u0435\u0441\u043a\u043e\u043b\u044c\u043a\u0438\u043c \u043f\u043e\u043b\u044c\u0437\u043e\u0432\u0430\u0442\u0435\u043b\u044f\u043c \u0447\u0435\u0440\u0435\u0437 \u043e\u0431\u0449\u0443\u044e \u0438\u043d\u0444\u0440\u0430\u0441\u0442\u0440\u0443\u043a\u0442\u0443\u0440\u0443.<\/p>","protected":false},"featured_media":12990,"comment_status":"open","ping_status":"closed","template":"","meta":[],"product_brand":[],"product_cat":[366],"product_tag":[118,306,308,326],"class_list":{"0":"post-12976","1":"product","2":"type-product","3":"status-publish","4":"has-post-thumbnail","6":"product_cat-optical-splitters-and-splitter-box","7":"product_tag-1x2","8":"product_tag-sc-apc","9":"product_tag-sc-upc","10":"product_tag-splitter","12":"first","13":"instock","14":"shipping-taxable","15":"purchasable","16":"product-type-variable"},"_links":{"self":[{"href":"https:\/\/www.luleey.com\/ru\/wp-json\/wp\/v2\/product\/12976","targetHints":{"allow":["GET"]}}],"collection":[{"href":"https:\/\/www.luleey.com\/ru\/wp-json\/wp\/v2\/product"}],"about":[{"href":"https:\/\/www.luleey.com\/ru\/wp-json\/wp\/v2\/types\/product"}],"replies":[{"embeddable":true,"href":"https:\/\/www.luleey.com\/ru\/wp-json\/wp\/v2\/comments?post=12976"}],"wp:featuredmedia":[{"embeddable":true,"href":"https:\/\/www.luleey.com\/ru\/wp-json\/wp\/v2\/media\/12990"}],"wp:attachment":[{"href":"https:\/\/www.luleey.com\/ru\/wp-json\/wp\/v2\/media?parent=12976"}],"wp:term":[{"taxonomy":"product_brand","embeddable":true,"href":"https:\/\/www.luleey.com\/ru\/wp-json\/wp\/v2\/product_brand?post=12976"},{"taxonomy":"product_cat","embeddable":true,"href":"https:\/\/www.luleey.com\/ru\/wp-json\/wp\/v2\/product_cat?post=12976"},{"taxonomy":"product_tag","embeddable":true,"href":"https:\/\/www.luleey.com\/ru\/wp-json\/wp\/v2\/product_tag?post=12976"}],"curies":[{"name":"wp","href":"https:\/\/api.w.org\/{rel}","templated":true}]}}