{"id":17679,"date":"2025-03-01T11:00:44","date_gmt":"2025-03-01T03:00:44","guid":{"rendered":"https:\/\/www.luleey.com\/?post_type=product&#038;p=17679"},"modified":"2025-03-20T14:14:33","modified_gmt":"2025-03-20T06:14:33","slug":"sc-apc-rack-mount-splitter-1x8-1x16-1x32-1x64-fiber-optic-splitter","status":"publish","type":"product","link":"https:\/\/www.luleey.com\/ru\/product\/sc-apc-rack-mount-splitter-1x8-1x16-1x32-1x64-fiber-optic-splitter\/","title":{"rendered":"\u0421\u043f\u043b\u0438\u0442\u0442\u0435\u0440 \u0434\u043b\u044f \u043c\u043e\u043d\u0442\u0430\u0436\u0430 \u0432 \u0441\u0442\u043e\u0439\u043a\u0443 SC APC, 1\u00d78 1\u00d716 1\u00d732 1\u00d764 \u0432\u043e\u043b\u043e\u043a\u043e\u043d\u043d\u043e-\u043e\u043f\u0442\u0438\u0447\u0435\u0441\u043a\u0438\u0439 \u0441\u043f\u043b\u0438\u0442\u0442\u0435\u0440"},"content":{"rendered":"<h3>\u0425\u0430\u0440\u0430\u043a\u0442\u0435\u0440\u0438\u0441\u0442\u0438\u043a\u0438<\/h3>\n<ol>\n<li>\u0421\u043f\u043b\u0438\u0442\u0442\u0435\u0440 \u0432\u044b\u0441\u043e\u043a\u043e\u0439 \u043f\u043b\u043e\u0442\u043d\u043e\u0441\u0442\u0438 SC APC \u0434\u043b\u044f \u043c\u043e\u043d\u0442\u0430\u0436\u0430 \u0432 \u0441\u0442\u043e\u0439\u043a\u0443 - \u043a\u043e\u043d\u0441\u0442\u0440\u0443\u043a\u0446\u0438\u044f \u0441\u0442\u043e\u0439\u043a\u0438 1U \/2U \u043f\u043e\u0434\u0434\u0435\u0440\u0436\u0438\u0432\u0430\u0435\u0442 \u0434\u043e 2-64 \u043f\u043e\u0440\u0442\u043e\u0432 \u0434\u043b\u044f \u044d\u0444\u0444\u0435\u043a\u0442\u0438\u0432\u043d\u043e\u0433\u043e \u0440\u0430\u0441\u043f\u0440\u0435\u0434\u0435\u043b\u0435\u043d\u0438\u044f \u043e\u043f\u0442\u043e\u0432\u043e\u043b\u043e\u043a\u043d\u0430.<\/li>\n<li>\u0421\u043e\u0432\u043c\u0435\u0441\u0442\u0438\u043c\u043e\u0441\u0442\u044c \u0441 \u0448\u0438\u0440\u043e\u043a\u043e\u0439 \u0434\u043b\u0438\u043d\u043e\u0439 \u0432\u043e\u043b\u043d\u044b - \u0440\u0430\u0431\u043e\u0442\u0430\u0435\u0442 \u0441 1260 \u043d\u043c ~ 1650 \u043d\u043c \u0434\u043b\u044f GPON, XGS-PON, \u043c\u043e\u043d\u0438\u0442\u043e\u0440\u0438\u043d\u0433\u0430 \u0431\u0435\u0437\u043e\u043f\u0430\u0441\u043d\u043e\u0441\u0442\u0438, \u043e\u043f\u0442\u043e\u0432\u043e\u043b\u043e\u043a\u043d\u0430 \u0434\u043e \u0434\u043e\u043c\u0430 \u0438 \u043f\u0440\u0438\u043b\u043e\u0436\u0435\u043d\u0438\u0439 CATV.<\/li>\n<li><strong>\u0421\u0432\u0435\u0440\u0445\u043d\u0438\u0437\u043a\u0438\u0435 \u0432\u043d\u043e\u0441\u0438\u043c\u044b\u0435 \u043f\u043e\u0442\u0435\u0440\u0438<\/strong> - \u043e\u0431\u0435\u0441\u043f\u0435\u0447\u0438\u0432\u0430\u0435\u0442 \u043c\u0430\u043a\u0441\u0438\u043c\u0430\u043b\u044c\u043d\u0443\u044e \u0446\u0435\u043b\u043e\u0441\u0442\u043d\u043e\u0441\u0442\u044c \u0441\u0438\u0433\u043d\u0430\u043b\u0430 \u0432 \u0441\u0435\u0442\u044f\u0445 \u0431\u043e\u043b\u044c\u0448\u043e\u0439 \u043f\u0440\u043e\u0442\u044f\u0436\u0435\u043d\u043d\u043e\u0441\u0442\u0438.<\/li>\n<li>\u0423\u0441\u0442\u0430\u043d\u043e\u0432\u043a\u0430 Plug-and-Play - \u043f\u0440\u0435\u0434\u0443\u0441\u0442\u0430\u043d\u043e\u0432\u043b\u0435\u043d\u043d\u044b\u0435 \u0440\u0430\u0437\u044a\u0435\u043c\u044b SC APC \u0434\u043b\u044f \u0431\u044b\u0441\u0442\u0440\u043e\u0433\u043e \u0440\u0430\u0437\u0432\u0435\u0440\u0442\u044b\u0432\u0430\u043d\u0438\u044f \u0432 \u0446\u0435\u043d\u0442\u0440\u0430\u0445 \u043e\u0431\u0440\u0430\u0431\u043e\u0442\u043a\u0438 \u0434\u0430\u043d\u043d\u044b\u0445 \u0438\u043b\u0438 \u0441\u0435\u0442\u044f\u0445 FTTH.<\/li>\n<\/ol>\n<h3>\u0422\u0435\u0445\u043d\u0438\u0447\u0435\u0441\u043a\u0438\u0435 \u0445\u0430\u0440\u0430\u043a\u0442\u0435\u0440\u0438\u0441\u0442\u0438\u043a\u0438<\/h3>\n<table style=\"width: 40.3273%; height: 192px;\">\n<tbody>\n<tr style=\"height: 24px;\">\n<td style=\"height: 24px; width: 51.0471%;\"><strong>\u041d\u0430\u0437\u0432\u0430\u043d\u0438\u0435 \u043f\u0440\u043e\u0434\u0443\u043a\u0442\u0430<\/strong><\/td>\n<td style=\"height: 24px; width: 85.7094%;\">\u0421\u043f\u043b\u0438\u0442\u0442\u0435\u0440 \u0434\u043b\u044f \u043c\u043e\u043d\u0442\u0430\u0436\u0430 \u0432 \u0441\u0442\u043e\u0439\u043a\u0443 SC APC<\/td>\n<\/tr>\n<tr style=\"height: 24px;\">\n<td style=\"height: 24px; width: 51.0471%;\"><strong>\u0411\u0440\u0435\u043d\u0434<\/strong><\/td>\n<td style=\"height: 24px; width: 85.7094%;\">LuLeey<\/td>\n<\/tr>\n<tr style=\"height: 24px;\">\n<td style=\"height: 24px; width: 51.0471%;\"><strong>\u041a\u043e\u044d\u0444\u0444\u0438\u0446\u0438\u0435\u043d\u0442 \u0440\u0430\u0437\u0434\u0435\u043b\u0435\u043d\u0438\u044f<\/strong><\/td>\n<td style=\"height: 24px; width: 85.7094%;\">1\u00d72 1\u00d74 1\u00d78 1\u00d716 1\u00d732 1\u00d764<\/td>\n<\/tr>\n<tr style=\"height: 24px;\">\n<td style=\"height: 24px; width: 51.0471%;\"><strong>\u041f\u043e\u0442\u0435\u0440\u0438 \u043d\u0430 \u0432\u0445\u043e\u0434\u0435<\/strong><\/td>\n<td style=\"height: 24px; width: 85.7094%;\">\u22640,9 \u0434\u0411 (\u0442\u0438\u043f\u0438\u0447\u043d\u043e)<\/td>\n<\/tr>\n<tr style=\"height: 24px;\">\n<td style=\"height: 24px; width: 51.0471%;\"><strong>\u0414\u0438\u0430\u043f\u0430\u0437\u043e\u043d \u0434\u043b\u0438\u043d \u0432\u043e\u043b\u043d<\/strong><\/td>\n<td style=\"height: 24px; width: 85.7094%;\">1260nm ~ 1650nm<\/td>\n<\/tr>\n<tr>\n<td style=\"width: 51.0471%;\"><strong>\u041f\u043e\u0442\u0435\u0440\u044f \u0432\u0441\u0442\u0430\u0432\u043a\u0438<\/strong><\/td>\n<td style=\"width: 85.7094%;\">\u22640,3 \u0434\u0411<\/td>\n<\/tr>\n<tr>\n<td style=\"width: 51.0471%;\"><strong>\u0412\u043e\u0437\u0432\u0440\u0430\u0442\u043d\u044b\u0435 \u043f\u043e\u0442\u0435\u0440\u0438<\/strong><\/td>\n<td style=\"width: 85.7094%;\">\u226550 \u0434\u0411<\/td>\n<\/tr>\n<tr style=\"height: 24px;\">\n<td style=\"height: 24px; width: 51.0471%;\"><strong>\u0422\u0438\u043f \u0440\u0430\u0437\u044a\u0435\u043c\u0430<\/strong><\/td>\n<td style=\"height: 24px; width: 85.7094%;\">SC APC (\u0443\u0433\u043b\u043e\u0432\u043e\u0439 \u043f\u043e\u043b\u044c\u0441\u043a\u0438\u0439)<\/td>\n<\/tr>\n<tr>\n<td style=\"width: 51.0471%;\">\u0420\u0430\u0431\u043e\u0447\u0430\u044f \u0442\u0435\u043c\u043f\u0435\u0440\u0430\u0442\u0443\u0440\u0430<strong><br \/>\n<\/strong><\/td>\n<td style=\"width: 85.7094%;\">-40 ~ 80\u2103<\/td>\n<\/tr>\n<tr>\n<td style=\"width: 51.0471%;\"><strong>\u0420\u0430\u0437\u043c\u0435\u0440<\/strong><\/td>\n<td style=\"width: 85.7094%;\">430*200*43 \u043c\u043c<\/p>\n<p>430*200*85 \u043c\u043c (1 x 64)<\/td>\n<\/tr>\n<tr>\n<td style=\"width: 51.0471%;\">\u041c\u0430\u0442\u0435\u0440\u0438\u0430\u043b\u044b<strong><br \/>\n<\/strong><\/td>\n<td style=\"width: 85.7094%;\">\u0425\u043e\u043b\u043e\u0434\u043d\u043e\u043a\u0430\u0442\u0430\u043d\u044b\u0439 \u0441\u0442\u0430\u043b\u044c\u043d\u043e\u0439 \u043b\u0438\u0441\u0442 \u0442\u043e\u043b\u0449\u0438\u043d\u043e\u0439 1,0 \u043c\u043c<\/td>\n<\/tr>\n<tr style=\"height: 24px;\">\n<td style=\"height: 24px; width: 51.0471%;\"><strong>\u0412\u044b\u0441\u043e\u0442\u0430 \u0441\u0442\u043e\u0439\u043a\u0438<\/strong><\/td>\n<td style=\"height: 24px; width: 85.7094%;\">1U \/ 2U (1 x 64)<\/td>\n<\/tr>\n<tr style=\"height: 24px;\">\n<td style=\"height: 24px; width: 51.0471%;\"><strong>\u041f\u0440\u043e\u0438\u0441\u0445\u043e\u0436\u0434\u0435\u043d\u0438\u0435<\/strong><\/td>\n<td style=\"height: 24px; width: 85.7094%;\">\u041c\u0430\u0442\u0435\u0440\u0438\u043a\u043e\u0432\u044b\u0439 \u041a\u0438\u0442\u0430\u0439<\/td>\n<\/tr>\n<\/tbody>\n<\/table>","protected":false},"excerpt":{"rendered":"<ul>\n<li><strong>\u041a\u043e\u043c\u043f\u0430\u043a\u0442\u043d\u044b\u0439 \u0434\u0438\u0437\u0430\u0439\u043d<\/strong>\u00a0- \u0421\u043f\u043b\u0438\u0442\u0442\u0435\u0440 SC APC Rack Mount Splitter 1U\/2U \u0434\u043b\u044f \u043c\u043e\u043d\u0442\u0430\u0436\u0430 \u0432 \u0441\u0442\u043e\u0439\u043a\u0443 \u0434\u043b\u044f \u0440\u0430\u0441\u043f\u0440\u0435\u0434\u0435\u043b\u0435\u043d\u0438\u044f \u043e\u043f\u0442\u043e\u0432\u043e\u043b\u043e\u043a\u043d\u0430 \u0432\u044b\u0441\u043e\u043a\u043e\u0439 \u043f\u043b\u043e\u0442\u043d\u043e\u0441\u0442\u0438.<\/li>\n<li class=\"a-spacing-mini\"><span class=\"a-list-item\"><strong>\u0422\u043e\u043b\u0449\u0438\u043d\u0430 \u043f\u043b\u0430\u0441\u0442\u0438\u043d\u044b 1,0 \u043c\u043c<\/strong>- \u0423\u0442\u043e\u043b\u0449\u0435\u043d\u043d\u044b\u0439 \u0438 \u0443\u0441\u0438\u043b\u0435\u043d\u043d\u044b\u0439 \u0445\u043e\u043b\u043e\u0434\u043d\u043e\u043a\u0430\u0442\u0430\u043d\u044b\u0439 \u043b\u0438\u0441\u0442, \u043f\u0440\u043e\u0447\u043d\u044b\u0439 \u0438 \u0441\u0442\u0430\u0431\u0438\u043b\u044c\u043d\u044b\u0439\u041a\u043e\u0440\u0440\u043e\u0437\u0438\u043e\u043d\u043d\u043e\u0441\u0442\u043e\u0439\u043a\u043e\u0435 \u043f\u043e\u043a\u0440\u044b\u0442\u0438\u0435, \u0434\u043e\u043b\u0433\u0438\u0439 \u0441\u0440\u043e\u043a \u0441\u043b\u0443\u0436\u0431\u044b.<\/span><\/li>\n<\/ul>","protected":false},"featured_media":17672,"comment_status":"open","ping_status":"closed","template":"","meta":[],"product_brand":[],"product_cat":[366],"product_tag":[1001,1002,1000],"class_list":{"0":"post-17679","1":"product","2":"type-product","3":"status-publish","4":"has-post-thumbnail","6":"product_cat-optical-splitters-and-splitter-box","7":"product_tag-fiber-optic-splitter-1x8","8":"product_tag-high-density-fiber-splitter","9":"product_tag-sc-apc-rack-mount-splitter","11":"first","12":"instock","13":"shipping-taxable","14":"purchasable","15":"product-type-variable","16":"has-default-attributes"},"_links":{"self":[{"href":"https:\/\/www.luleey.com\/ru\/wp-json\/wp\/v2\/product\/17679","targetHints":{"allow":["GET"]}}],"collection":[{"href":"https:\/\/www.luleey.com\/ru\/wp-json\/wp\/v2\/product"}],"about":[{"href":"https:\/\/www.luleey.com\/ru\/wp-json\/wp\/v2\/types\/product"}],"replies":[{"embeddable":true,"href":"https:\/\/www.luleey.com\/ru\/wp-json\/wp\/v2\/comments?post=17679"}],"wp:featuredmedia":[{"embeddable":true,"href":"https:\/\/www.luleey.com\/ru\/wp-json\/wp\/v2\/media\/17672"}],"wp:attachment":[{"href":"https:\/\/www.luleey.com\/ru\/wp-json\/wp\/v2\/media?parent=17679"}],"wp:term":[{"taxonomy":"product_brand","embeddable":true,"href":"https:\/\/www.luleey.com\/ru\/wp-json\/wp\/v2\/product_brand?post=17679"},{"taxonomy":"product_cat","embeddable":true,"href":"https:\/\/www.luleey.com\/ru\/wp-json\/wp\/v2\/product_cat?post=17679"},{"taxonomy":"product_tag","embeddable":true,"href":"https:\/\/www.luleey.com\/ru\/wp-json\/wp\/v2\/product_tag?post=17679"}],"curies":[{"name":"wp","href":"https:\/\/api.w.org\/{rel}","templated":true}]}}